{"id":9,"date":"2016-01-04T07:53:45","date_gmt":"2016-01-04T07:53:45","guid":{"rendered":"http:\/\/grupoimesapi.es\/?page_id=9"},"modified":"2023-10-05T07:15:07","modified_gmt":"2023-10-05T07:15:07","slug":"informacion-corporativa","status":"publish","type":"page","link":"https:\/\/www.grupoimesapi.es\/es\/quienes-somos\/informacion-corporativa\/","title":{"rendered":"Informaci\u00f3n Corporativa"},"content":{"rendered":"<div class=\"wpb-content-wrapper\"><p><\/p>\n<p>[vc_row animation=\u00bbzoomIn\u00bb margin_bottom=\u00bb32&#8243; css=\u00bb.vc_custom_1461152453831{margin-bottom: 32px !important;}\u00bb][vc_column][vc_custom_heading text=\u00bbInformaci\u00f3n Corporativa\u00bb font_container=\u00bbtag:h1|text_align:left|color:%2300247c\u00bb use_theme_fonts=\u00bbyes\u00bb][vc_separator][vc_empty_space height=\u00bb16px\u00bb][vc_custom_heading text=\u00bbImesAPI es l\u00edder en la promoci\u00f3n, desarrollo, construcci\u00f3n y gesti\u00f3n de proyectos y servicios.<\/p>\n<p>Nuestra trayectoria de \u00e9xito se basa en una cultura corporativa enfocada a satisfacer las necesidades de nuestros clientes, a trav\u00e9s de una organizaci\u00f3n eficiente y una gesti\u00f3n din\u00e1mica y emprendedora.<\/p>\n<p>Una ventaja competitiva basada en la alta calidad de nuestro equipo humano, la aplicaci\u00f3n de tecnolog\u00edas de \u00faltima generaci\u00f3n, y la constante innovaci\u00f3n en cada uno de nuestros proyectos.<\/p>\n<p>Un esfuerzo constante para aumentar la rentabilidad para nuestros accionistas al operar con los m\u00e1s altos est\u00e1ndares \u00e9ticos.\u00bb font_container=\u00bbtag:h4|text_align:left|color:%2300247c\u00bb use_theme_fonts=\u00bbyes\u00bb][vc_empty_space height=\u00bb16px\u00bb][\/vc_column][\/vc_row][vc_row animation=\u00bbzoomIn\u00bb margin_bottom=\u00bb32px\u00bb css=\u00bb.vc_custom_1461152466636{margin-bottom: 32px !important;}\u00bb][vc_column][vc_custom_heading text=\u00bbPrincipales Magnitudes\u00bb font_container=\u00bbtag:h3|text_align:left|color:%2300247c\u00bb use_theme_fonts=\u00bbyes\u00bb][vc_separator][vc_empty_space][vc_row_inner][vc_column_inner width=\u00bb1\/4&#8243;][vc_single_image image=\u00bb9641&#8243; img_size=\u00bbmedium\u00bb alignment=\u00bbcenter\u00bb css_animation=\u00bbfadeInUp\u00bb][\/vc_column_inner][vc_column_inner width=\u00bb1\/4&#8243;][vc_single_image image=\u00bb7335&#8243; img_size=\u00bbmedium\u00bb alignment=\u00bbcenter\u00bb css_animation=\u00bbfadeInUp\u00bb][\/vc_column_inner][vc_column_inner width=\u00bb1\/4&#8243;][vc_single_image image=\u00bb6791&#8243; img_size=\u00bbmedium\u00bb alignment=\u00bbcenter\u00bb css_animation=\u00bbfadeInUp\u00bb][\/vc_column_inner][vc_column_inner width=\u00bb1\/4&#8243;][vc_single_image image=\u00bb7337&#8243; img_size=\u00bbmedium\u00bb alignment=\u00bbcenter\u00bb css_animation=\u00bbfadeInUp\u00bb][\/vc_column_inner][\/vc_row_inner][vc_row_inner css=\u00bb.vc_custom_1556016292745{margin-top: 100px !important;}\u00bb][vc_column_inner width=\u00bb1\/4&#8243;][vc_single_image image=\u00bb7333&#8243; img_size=\u00bbmedium\u00bb alignment=\u00bbcenter\u00bb css_animation=\u00bbfadeInUp\u00bb][\/vc_column_inner][vc_column_inner width=\u00bb1\/4&#8243;][vc_single_image image=\u00bb6795&#8243; img_size=\u00bb\u00bb alignment=\u00bbcenter\u00bb css_animation=\u00bbfadeInUp\u00bb el_class=\u00bbimg-vertical\u00bb][\/vc_column_inner][vc_column_inner width=\u00bb1\/4&#8243;][vc_single_image image=\u00bb6796&#8243; img_size=\u00bbmedium\u00bb alignment=\u00bbcenter\u00bb css_animation=\u00bbfadeInUp\u00bb][\/vc_column_inner][vc_column_inner width=\u00bb1\/4&#8243;][vc_single_image image=\u00bb6792&#8243; img_size=\u00bbmedium\u00bb alignment=\u00bbcenter\u00bb css_animation=\u00bbfadeInUp\u00bb][\/vc_column_inner][\/vc_row_inner][vc_row_inner disable_element=\u00bbyes\u00bb][vc_column_inner width=\u00bb1\/3&#8243;][vc_custom_heading text=\u00bbEvoluci\u00f3n de la Producci\u00f3n (2018)\u00bb font_container=\u00bbtag:h4|text_align:left|color:%2300247c\u00bb use_theme_fonts=\u00bbyes\u00bb][vc_column_text]Total: 471,057\u00a0Millones \u20ac[\/vc_column_text][vc_line_chart x_values=\u00bbMillones \u20ac\u00bb values=\u00bb%5B%7B%22title%22%3A%22Nacional%22%2C%22y_values%22%3A%22422%22%2C%22color%22%3A%22blue%22%7D%2C%7B%22title%22%3A%22Internacional%22%2C%22y_values%22%3A%2249%22%2C%22color%22%3A%22green%22%7D%5D\u00bb animation=\u00bbeaseOutElastic\u00bb][\/vc_column_inner][vc_column_inner width=\u00bb1\/3&#8243;][vc_custom_heading text=\u00bbCartera (2018)\u00bb font_container=\u00bbtag:h4|text_align:left|color:%2300247c\u00bb use_theme_fonts=\u00bbyes\u00bb][vc_column_text]Total: 593,451\u00a0Millones \u20ac[\/vc_column_text][vc_line_chart x_values=\u00bbMillones \u20ac\u00bb values=\u00bb%5B%7B%22title%22%3A%22Nacional%22%2C%22y_values%22%3A%22545%22%2C%22color%22%3A%22blue%22%7D%2C%7B%22title%22%3A%22Internacional%22%2C%22y_values%22%3A%2248%22%2C%22color%22%3A%22green%22%7D%5D\u00bb animation=\u00bbeaseOutElastic\u00bb][\/vc_column_inner][vc_column_inner width=\u00bb1\/3&#8243;][vc_custom_heading text=\u00bbRecursos Humanos (2018)\u00bb font_container=\u00bbtag:h4|text_align:left|color:%2300247c\u00bb use_theme_fonts=\u00bbyes\u00bb][vc_column_text]Total: 6.014\u00a0Empleados<br \/>\n[\/vc_column_text][vc_line_chart x_values=\u00bbEmpleados\u00bb values=\u00bb%5B%7B%22title%22%3A%22Nacional%22%2C%22y_values%22%3A%225496%22%2C%22color%22%3A%22blue%22%7D%2C%7B%22title%22%3A%22Internacional%22%2C%22y_values%22%3A%22518%22%2C%22color%22%3A%22green%22%7D%5D\u00bb animation=\u00bbeaseOutElastic\u00bb][\/vc_column_inner][\/vc_row_inner][\/vc_column][\/vc_row][vc_row animation=\u00bbzoomIn\u00bb][vc_column][vc_custom_heading text=\u00bbExpansi\u00f3n Internacional\u00bb font_container=\u00bbtag:h3|text_align:left|color:%2300247c\u00bb use_theme_fonts=\u00bbyes\u00bb][vc_separator][vc_empty_space][vc_single_image image=\u00bb9640&#8243; img_size=\u00bbfull\u00bb alignment=\u00bbcenter\u00bb css=\u00bb.vc_custom_1659957173579{margin-top: 50px !important;margin-bottom: 50px !important;}\u00bb][vc_row_inner disable_element=\u00bbyes\u00bb][vc_column_inner]<div class='ult_hotspot_container ult-adjust-bottom-margin ult-hotspot-tooltip-wrapper ' style=width:1377px;>  <img class='ult_hotspot_image' src=https:\/\/www.grupoimesapi.es\/wp-content\/uploads\/2016\/01\/expansion-1.jpg alt='null'\/>     <div class='utl-hotspot-items ult-hotspot-item'><div class='ult-hotspot-item  ' style='top:-webkit-calc(19.677511415525114% - 16px);top:-moz-calc(19.677511415525114% - 16px);top:calc(19.677511415525114% - 16px);left: -webkit-calc(44.60980799683294% - 16px);left: -moz-calc(44.60980799683294% - 16px);left: calc(44.60980799683294% - 16px);' >  <div style='z-index: 39;position: relative;'>   <a data-link_style='tootip' data-mycust-id=\"hotspot-tooltip-3905\"  data-ultimate-target='#hotspot-tooltip-3905 .ult-tooltipster-content'  data-responsive-json-new='{\"font-size\":\"\",\"line-height\":\"\"}' data-tooltip-content-style=\"font-family:Open Sans;font-weight:700;width:300px;\"data-tooltip-base-style=\"background-color:#ffffff;color:#4c4c4c;border-style:solid;border-width:1px;border-radius:3px;border-color:#1e73be;text-align:center;\" data-bubble-arrow=\"true\" data-tooltipanimation=\"glow\"data-tooltip-offsety=\"16\" class='ult-tooltipstered ult-hotspot-tooltip' href='#' data-status='show'><div class=\"ult-just-icon-wrapper  \"><div class=\"align-icon\" style=\"text-align:center;\">\n<div class=\"aio-icon-img \" style=\"font-size:32px;display:inline-block;\" >\n\t<img decoding=\"async\" class=\"img-icon\" alt=\"null\" src=\"https:\/\/www.grupoimesapi.es\/wp-content\/uploads\/2016\/01\/marker.png\"\/>\n<\/div><\/div><\/div><span class='hotspot-tooltip-content'>Holanda<\/span>  <\/a> <\/div><!-- ICON WRAP --><\/div><div class='ult-hotspot-item  ' style='top:-webkit-calc(28.453196347031962% - 16px);top:-moz-calc(28.453196347031962% - 16px);top:calc(28.453196347031962% - 16px);left: -webkit-calc(40.6410827395091% - 16px);left: -moz-calc(40.6410827395091% - 16px);left: calc(40.6410827395091% - 16px);' >  <div style='z-index: 39;position: relative;'>   <a data-link_style='tootip' data-mycust-id=\"hotspot-tooltip-2457\"  data-ultimate-target='#hotspot-tooltip-2457 .ult-tooltipster-content'  data-responsive-json-new='{\"font-size\":\"\",\"line-height\":\"\"}' data-tooltip-content-style=\"font-family:Open Sans;font-weight:700;width:300px;\"data-tooltip-base-style=\"background-color:#ffffff;color:#4c4c4c;border-style:solid;border-width:1px;border-radius:3px;border-color:#1e73be;text-align:center;\" data-bubble-arrow=\"true\" data-tooltipanimation=\"glow\"data-tooltip-offsety=\"16\" class='ult-tooltipstered ult-hotspot-tooltip' href='#' data-status='show'><div class=\"ult-just-icon-wrapper  \"><div class=\"align-icon\" style=\"text-align:center;\">\n<div class=\"aio-icon-img \" style=\"font-size:32px;display:inline-block;\" >\n\t<img decoding=\"async\" class=\"img-icon\" alt=\"null\" src=\"https:\/\/www.grupoimesapi.es\/wp-content\/uploads\/2016\/01\/marker.png\"\/>\n<\/div><\/div><\/div><span class='hotspot-tooltip-content'>Portugal<\/span>  <\/a> <\/div><!-- ICON WRAP --><\/div><div class='ult-hotspot-item  ' style='top:-webkit-calc(34.574771689497716% - 16px);top:-moz-calc(34.574771689497716% - 16px);top:calc(34.574771689497716% - 16px);left: -webkit-calc(40.09674386381631% - 16px);left: -moz-calc(40.09674386381631% - 16px);left: calc(40.09674386381631% - 16px);' >  <div style='z-index: 39;position: relative;'>   <a data-link_style='tootip' data-mycust-id=\"hotspot-tooltip-8993\"  data-ultimate-target='#hotspot-tooltip-8993 .ult-tooltipster-content'  data-responsive-json-new='{\"font-size\":\"\",\"line-height\":\"\"}' data-tooltip-content-style=\"font-family:Open Sans;font-weight:700;width:300px;\"data-tooltip-base-style=\"background-color:#ffffff;color:#4c4c4c;border-style:solid;border-width:1px;border-radius:3px;border-color:#1e73be;text-align:center;\" data-bubble-arrow=\"true\" data-tooltipanimation=\"glow\"data-tooltip-offsety=\"16\" class='ult-tooltipstered ult-hotspot-tooltip' href='#' data-status='show'><div class=\"ult-just-icon-wrapper  \"><div class=\"align-icon\" style=\"text-align:center;\">\n<div class=\"aio-icon-img \" style=\"font-size:32px;display:inline-block;\" >\n\t<img decoding=\"async\" class=\"img-icon\" alt=\"null\" src=\"https:\/\/www.grupoimesapi.es\/wp-content\/uploads\/2016\/01\/marker.png\"\/>\n<\/div><\/div><\/div><span class='hotspot-tooltip-content'>Marruecos<\/span>  <\/a> <\/div><!-- ICON WRAP --><\/div><div class='ult-hotspot-item  ' style='top:-webkit-calc(53.69339802130898% - 16px);top:-moz-calc(53.69339802130898% - 16px);top:calc(53.69339802130898% - 16px);left: -webkit-calc(45.68116587490103% - 16px);left: -moz-calc(45.68116587490103% - 16px);left: calc(45.68116587490103% - 16px);' >  <div style='z-index: 39;position: relative;'>   <a data-link_style='tootip' data-mycust-id=\"hotspot-tooltip-7868\"  data-ultimate-target='#hotspot-tooltip-7868 .ult-tooltipster-content'  data-responsive-json-new='{\"font-size\":\"\",\"line-height\":\"\"}' data-tooltip-content-style=\"font-family:Open Sans;font-weight:700;width:300px;\"data-tooltip-base-style=\"background-color:#ffffff;color:#4c4c4c;border-style:solid;border-width:1px;border-radius:3px;border-color:#1e73be;text-align:center;\" data-bubble-arrow=\"true\" data-tooltipanimation=\"glow\"data-tooltip-offsety=\"16\" class='ult-tooltipstered ult-hotspot-tooltip' href='#' data-status='show'><div class=\"ult-just-icon-wrapper  \"><div class=\"align-icon\" style=\"text-align:center;\">\n<div class=\"aio-icon-img \" style=\"font-size:32px;display:inline-block;\" >\n\t<img decoding=\"async\" class=\"img-icon\" alt=\"null\" src=\"https:\/\/www.grupoimesapi.es\/wp-content\/uploads\/2016\/01\/marker.png\"\/>\n<\/div><\/div><\/div><span class='hotspot-tooltip-content'>Guinea Ecuatorial<\/span>  <\/a> <\/div><!-- ICON WRAP --><\/div><div class='ult-hotspot-item  ' style='top:-webkit-calc(27.675513698630137% - 16px);top:-moz-calc(27.675513698630137% - 16px);top:calc(27.675513698630137% - 16px);left: -webkit-calc(14.07239707046714% - 16px);left: -moz-calc(14.07239707046714% - 16px);left: calc(14.07239707046714% - 16px);' >  <div style='z-index: 39;position: relative;'>   <a data-link_style='tootip' data-mycust-id=\"hotspot-tooltip-1943\"  data-ultimate-target='#hotspot-tooltip-1943 .ult-tooltipster-content'  data-responsive-json-new='{\"font-size\":\"\",\"line-height\":\"\"}' data-tooltip-content-style=\"font-family:Open Sans;font-weight:700;width:300px;\"data-tooltip-base-style=\"background-color:#ffffff;color:#4c4c4c;border-style:solid;border-width:1px;border-radius:3px;border-color:#1e73be;text-align:center;\" data-bubble-arrow=\"true\" data-tooltipanimation=\"glow\"data-tooltip-offsety=\"16\" class='ult-tooltipstered ult-hotspot-tooltip' href='#' data-status='show'><div class=\"ult-just-icon-wrapper  \"><div class=\"align-icon\" style=\"text-align:center;\">\n<div class=\"aio-icon-img \" style=\"font-size:32px;display:inline-block;\" >\n\t<img decoding=\"async\" class=\"img-icon\" alt=\"null\" src=\"https:\/\/www.grupoimesapi.es\/wp-content\/uploads\/2016\/01\/marker.png\"\/>\n<\/div><\/div><\/div><span class='hotspot-tooltip-content'>Estados Unidos<\/span>  <\/a> <\/div><!-- ICON WRAP --><\/div><div class='ult-hotspot-item  ' style='top:-webkit-calc(63.139745053272456% - 16px);top:-moz-calc(63.139745053272456% - 16px);top:calc(63.139745053272456% - 16px);left: -webkit-calc(26.82600950118765% - 16px);left: -moz-calc(26.82600950118765% - 16px);left: calc(26.82600950118765% - 16px);' >  <div style='z-index: 39;position: relative;'>   <a data-link_style='tootip' data-mycust-id=\"hotspot-tooltip-5253\"  data-ultimate-target='#hotspot-tooltip-5253 .ult-tooltipster-content'  data-responsive-json-new='{\"font-size\":\"\",\"line-height\":\"\"}' data-tooltip-content-style=\"font-family:Open Sans;font-weight:700;width:300px;\"data-tooltip-base-style=\"background-color:#ffffff;color:#4c4c4c;border-style:solid;border-width:1px;border-radius:3px;border-color:#1e73be;text-align:center;\" data-bubble-arrow=\"true\" data-tooltipanimation=\"glow\"data-tooltip-offsety=\"16\" class='ult-tooltipstered ult-hotspot-tooltip' href='#' data-status='show'><div class=\"ult-just-icon-wrapper  \"><div class=\"align-icon\" style=\"text-align:center;\">\n<div class=\"aio-icon-img \" style=\"font-size:32px;display:inline-block;\" >\n\t<img decoding=\"async\" class=\"img-icon\" alt=\"null\" src=\"https:\/\/www.grupoimesapi.es\/wp-content\/uploads\/2016\/01\/marker.png\"\/>\n<\/div><\/div><\/div><span class='hotspot-tooltip-content'>Brasil<\/span>  <\/a> <\/div><!-- ICON WRAP --><\/div><div class='ult-hotspot-item  ' style='top:-webkit-calc(66.76655251141553% - 16px);top:-moz-calc(66.76655251141553% - 16px);top:calc(66.76655251141553% - 16px);left: -webkit-calc(23.09110253365004% - 16px);left: -moz-calc(23.09110253365004% - 16px);left: calc(23.09110253365004% - 16px);' >  <div style='z-index: 39;position: relative;'>   <a data-link_style='tootip' data-mycust-id=\"hotspot-tooltip-4766\"  data-ultimate-target='#hotspot-tooltip-4766 .ult-tooltipster-content'  data-responsive-json-new='{\"font-size\":\"\",\"line-height\":\"\"}' data-tooltip-content-style=\"font-family:Open Sans;font-weight:700;width:300px;\"data-tooltip-base-style=\"background-color:#ffffff;color:#4c4c4c;border-style:solid;border-width:1px;border-radius:3px;border-color:#1e73be;text-align:center;\" data-bubble-arrow=\"true\" data-tooltipanimation=\"glow\"data-tooltip-offsety=\"16\" class='ult-tooltipstered ult-hotspot-tooltip' href='#' data-status='show'><div class=\"ult-just-icon-wrapper  \"><div class=\"align-icon\" style=\"text-align:center;\">\n<div class=\"aio-icon-img \" style=\"font-size:32px;display:inline-block;\" >\n\t<img decoding=\"async\" class=\"img-icon\" alt=\"null\" src=\"https:\/\/www.grupoimesapi.es\/wp-content\/uploads\/2016\/01\/marker.png\"\/>\n<\/div><\/div><\/div><span class='hotspot-tooltip-content'>Bolivia<\/span>  <\/a> <\/div><!-- ICON WRAP --><\/div><div class='ult-hotspot-item  ' style='top:-webkit-calc(62.93521689497717% - 16px);top:-moz-calc(62.93521689497717% - 16px);top:calc(62.93521689497717% - 16px);left: -webkit-calc(19.62589073634204% - 16px);left: -moz-calc(19.62589073634204% - 16px);left: calc(19.62589073634204% - 16px);' >  <div style='z-index: 39;position: relative;'>   <a data-link_style='tootip' data-mycust-id=\"hotspot-tooltip-3273\"  data-ultimate-target='#hotspot-tooltip-3273 .ult-tooltipster-content'  data-responsive-json-new='{\"font-size\":\"\",\"line-height\":\"\"}' data-tooltip-content-style=\"font-family:Open Sans;font-weight:700;width:300px;\"data-tooltip-base-style=\"background-color:#ffffff;color:#4c4c4c;border-style:solid;border-width:1px;border-radius:3px;border-color:#1e73be;text-align:center;\" data-bubble-arrow=\"true\" data-tooltipanimation=\"glow\"data-tooltip-offsety=\"16\" class='ult-tooltipstered ult-hotspot-tooltip' href='#' data-status='show'><div class=\"ult-just-icon-wrapper  \"><div class=\"align-icon\" style=\"text-align:center;\">\n<div class=\"aio-icon-img \" style=\"font-size:32px;display:inline-block;\" >\n\t<img decoding=\"async\" class=\"img-icon\" alt=\"null\" src=\"https:\/\/www.grupoimesapi.es\/wp-content\/uploads\/2016\/01\/marker.png\"\/>\n<\/div><\/div><\/div><span class='hotspot-tooltip-content'>Per\u00fa<\/span>  <\/a> <\/div><!-- ICON WRAP --><\/div><div class='ult-hotspot-item  ' style='top:-webkit-calc(51.05831430745814% - 16px);top:-moz-calc(51.05831430745814% - 16px);top:calc(51.05831430745814% - 16px);left: -webkit-calc(19.520734362628662% - 16px);left: -moz-calc(19.520734362628662% - 16px);left: calc(19.520734362628662% - 16px);' >  <div style='z-index: 39;position: relative;'>   <a data-link_style='tootip' data-mycust-id=\"hotspot-tooltip-1514\"  data-ultimate-target='#hotspot-tooltip-1514 .ult-tooltipster-content'  data-responsive-json-new='{\"font-size\":\"\",\"line-height\":\"\"}' data-tooltip-content-style=\"font-family:Open Sans;font-weight:700;width:300px;\"data-tooltip-base-style=\"background-color:#ffffff;color:#4c4c4c;border-style:solid;border-width:1px;border-radius:3px;border-color:#1e73be;text-align:center;\" data-bubble-arrow=\"true\" data-tooltipanimation=\"glow\"data-tooltip-offsety=\"16\" class='ult-tooltipstered ult-hotspot-tooltip' href='#' data-status='show'><div class=\"ult-just-icon-wrapper  \"><div class=\"align-icon\" style=\"text-align:center;\">\n<div class=\"aio-icon-img \" style=\"font-size:32px;display:inline-block;\" >\n\t<img decoding=\"async\" class=\"img-icon\" alt=\"null\" src=\"https:\/\/www.grupoimesapi.es\/wp-content\/uploads\/2016\/01\/marker.png\"\/>\n<\/div><\/div><\/div><span class='hotspot-tooltip-content'>Colombia<\/span>  <\/a> <\/div><!-- ICON WRAP --><\/div><div class='ult-hotspot-item  ' style='top:-webkit-calc(49.05108447488584% - 16px);top:-moz-calc(49.05108447488584% - 16px);top:calc(49.05108447488584% - 16px);left: -webkit-calc(21.721595407759303% - 16px);left: -moz-calc(21.721595407759303% - 16px);left: calc(21.721595407759303% - 16px);' >  <div style='z-index: 39;position: relative;'>   <a data-link_style='tootip' data-mycust-id=\"hotspot-tooltip-6159\"  data-ultimate-target='#hotspot-tooltip-6159 .ult-tooltipster-content'  data-responsive-json-new='{\"font-size\":\"\",\"line-height\":\"\"}' data-tooltip-content-style=\"font-family:Open Sans;font-weight:700;width:300px;\"data-tooltip-base-style=\"background-color:#ffffff;color:#4c4c4c;border-style:solid;border-width:1px;border-radius:3px;border-color:#1e73be;text-align:center;\" data-bubble-arrow=\"true\" data-tooltipanimation=\"glow\"data-tooltip-offsety=\"16\" class='ult-tooltipstered ult-hotspot-tooltip' href='#' data-status='show'><div class=\"ult-just-icon-wrapper  \"><div class=\"align-icon\" style=\"text-align:center;\">\n<div class=\"aio-icon-img \" style=\"font-size:32px;display:inline-block;\" >\n\t<img decoding=\"async\" class=\"img-icon\" alt=\"null\" src=\"https:\/\/www.grupoimesapi.es\/wp-content\/uploads\/2016\/01\/marker.png\"\/>\n<\/div><\/div><\/div><span class='hotspot-tooltip-content'>Venezuela<\/span>  <\/a> <\/div><!-- ICON WRAP --><\/div><div class='ult-hotspot-item  ' style='top:-webkit-calc(39.6951103500761% - 16px);top:-moz-calc(39.6951103500761% - 16px);top:calc(39.6951103500761% - 16px);left: -webkit-calc(11.90370150435471% - 16px);left: -moz-calc(11.90370150435471% - 16px);left: calc(11.90370150435471% - 16px);' >  <div style='z-index: 39;position: relative;'>   <a data-link_style='tootip' data-mycust-id=\"hotspot-tooltip-9188\"  data-ultimate-target='#hotspot-tooltip-9188 .ult-tooltipster-content'  data-responsive-json-new='{\"font-size\":\"\",\"line-height\":\"\"}' data-tooltip-content-style=\"font-family:Open Sans;font-weight:700;width:300px;\"data-tooltip-base-style=\"background-color:#ffffff;color:#4c4c4c;border-style:solid;border-width:1px;border-radius:3px;border-color:#1e73be;text-align:center;\" data-bubble-arrow=\"true\" data-tooltipanimation=\"glow\"data-tooltip-offsety=\"16\" class='ult-tooltipstered ult-hotspot-tooltip' href='#' data-status='show'><div class=\"ult-just-icon-wrapper  \"><div class=\"align-icon\" style=\"text-align:center;\">\n<div class=\"aio-icon-img \" style=\"font-size:32px;display:inline-block;\" >\n\t<img decoding=\"async\" class=\"img-icon\" alt=\"null\" src=\"https:\/\/www.grupoimesapi.es\/wp-content\/uploads\/2016\/01\/marker.png\"\/>\n<\/div><\/div><\/div><span class='hotspot-tooltip-content'>Mexico<\/span>  <\/a> <\/div><!-- ICON WRAP --><\/div><div class='ult-hotspot-item  ' style='top:-webkit-calc(9.950532724505328% - 16px);top:-moz-calc(9.950532724505328% - 16px);top:calc(9.950532724505328% - 16px);left: -webkit-calc(8.419932699920823% - 16px);left: -moz-calc(8.419932699920823% - 16px);left: calc(8.419932699920823% - 16px);' >  <div style='z-index: 39;position: relative;'>   <a data-link_style='tootip' data-mycust-id=\"hotspot-tooltip-5721\"  data-ultimate-target='#hotspot-tooltip-5721 .ult-tooltipster-content'  data-responsive-json-new='{\"font-size\":\"\",\"line-height\":\"\"}' data-tooltip-content-style=\"font-family:Open Sans;font-weight:700;width:300px;\"data-tooltip-base-style=\"background-color:#ffffff;color:#4c4c4c;border-style:solid;border-width:1px;border-radius:3px;border-color:#1e73be;text-align:center;\" data-bubble-arrow=\"true\" data-tooltipanimation=\"glow\"data-tooltip-offsety=\"16\" class='ult-tooltipstered ult-hotspot-tooltip' href='#' data-status='show'><div class=\"ult-just-icon-wrapper  \"><div class=\"align-icon\" style=\"text-align:center;\">\n<div class=\"aio-icon-img \" style=\"font-size:32px;display:inline-block;\" >\n\t<img decoding=\"async\" class=\"img-icon\" alt=\"null\" src=\"https:\/\/www.grupoimesapi.es\/wp-content\/uploads\/2016\/01\/marker.png\"\/>\n<\/div><\/div><\/div><span class='hotspot-tooltip-content'>Estados Unidos (Alaska)<\/span>  <\/a> <\/div><!-- ICON WRAP --><\/div><div class='ult-hotspot-item  ' style='top:-webkit-calc(68.66057699310907% - 16px);top:-moz-calc(68.66057699310907% - 16px);top:calc(68.66057699310907% - 16px);left: -webkit-calc(24.571125335572546% - 16px);left: -moz-calc(24.571125335572546% - 16px);left: calc(24.571125335572546% - 16px);' >  <div style='z-index: 39;position: relative;'>   <a data-link_style='tootip' data-mycust-id=\"hotspot-tooltip-3303\"  data-ultimate-target='#hotspot-tooltip-3303 .ult-tooltipster-content'  data-responsive-json-new='{\"font-size\":\"\",\"line-height\":\"\"}' data-tooltip-content-style=\"font-family:Open Sans;font-weight:700;width:300px;\"data-tooltip-base-style=\"background-color:#ffffff;color:#4c4c4c;border-style:solid;border-width:1px;border-radius:3px;border-color:#1e73be;text-align:center;\" data-bubble-arrow=\"true\" data-tooltipanimation=\"glow\"data-tooltip-offsety=\"16\" class='ult-tooltipstered ult-hotspot-tooltip' href='#' data-status='show'><div class=\"ult-just-icon-wrapper  \"><div class=\"align-icon\" style=\"text-align:center;\">\n<div class=\"aio-icon-img \" style=\"font-size:32px;display:inline-block;\" >\n\t<img decoding=\"async\" class=\"img-icon\" alt=\"null\" src=\"https:\/\/www.grupoimesapi.es\/wp-content\/uploads\/2016\/01\/marker.png\"\/>\n<\/div><\/div><\/div><span class='hotspot-tooltip-content'>Paraguay<\/span>  <\/a> <\/div><!-- ICON WRAP --><\/div>\n<\/div>     <div style='color:#000;' data-image='    '><\/div><\/div>[\/vc_column_inner][\/vc_row_inner][\/vc_column][\/vc_row][vc_row animation=\u00bbzoomIn\u00bb][vc_column][vc_custom_heading text=\u00bbEstructura Organizativa\u00bb font_container=\u00bbtag:h3|text_align:left|color:%2300247c\u00bb use_theme_fonts=\u00bbyes\u00bb][vc_separator][vc_empty_space height=\u00bb16px\u00bb][vc_row_inner][vc_column_inner][vc_single_image image=\u00bb10208&#8243; img_size=\u00bbfull\u00bb alignment=\u00bbcenter\u00bb lazy_loading=\u00bbtrue\u00bb][\/vc_column_inner][\/vc_row_inner][vc_empty_space height=\u00bb16px\u00bb][\/vc_column][\/vc_row]<\/p>\n<p><\/p>\n<\/div>","protected":false},"excerpt":{"rendered":"<p>[vc_row animation=\u00bbzoomIn\u00bb margin_bottom=\u00bb32&#8243; css=\u00bb.vc_custom_1461152453831{margin-bottom: 32px !important;}\u00bb][vc_column][vc_custom_heading text=\u00bbInformaci\u00f3n Corporativa\u00bb font_container=\u00bbtag:h1|text_align:left|color:%2300247c\u00bb use_theme_fonts=\u00bbyes\u00bb][vc_separator][vc_empty_space height=\u00bb16px\u00bb][vc_custom_heading text=\u00bbImesAPI es l\u00edder en la promoci\u00f3n, desarrollo, construcci\u00f3n y gesti\u00f3n de proyectos y servicios. Nuestra trayectoria de \u00e9xito se basa en una cultura corporativa enfocada a satisfacer las necesidades de nuestros clientes, a trav\u00e9s de una organizaci\u00f3n eficiente y una gesti\u00f3n din\u00e1mica y emprendedora.&hellip;<\/p>\n","protected":false},"author":1,"featured_media":0,"parent":7,"menu_order":0,"comment_status":"closed","ping_status":"closed","template":"","meta":[],"class_list":["post-9","page","type-page","status-publish","hentry","description-off"],"_links":{"self":[{"href":"https:\/\/www.grupoimesapi.es\/es\/wp-json\/wp\/v2\/pages\/9","targetHints":{"allow":["GET"]}}],"collection":[{"href":"https:\/\/www.grupoimesapi.es\/es\/wp-json\/wp\/v2\/pages"}],"about":[{"href":"https:\/\/www.grupoimesapi.es\/es\/wp-json\/wp\/v2\/types\/page"}],"author":[{"embeddable":true,"href":"https:\/\/www.grupoimesapi.es\/es\/wp-json\/wp\/v2\/users\/1"}],"replies":[{"embeddable":true,"href":"https:\/\/www.grupoimesapi.es\/es\/wp-json\/wp\/v2\/comments?post=9"}],"version-history":[{"count":0,"href":"https:\/\/www.grupoimesapi.es\/es\/wp-json\/wp\/v2\/pages\/9\/revisions"}],"up":[{"embeddable":true,"href":"https:\/\/www.grupoimesapi.es\/es\/wp-json\/wp\/v2\/pages\/7"}],"wp:attachment":[{"href":"https:\/\/www.grupoimesapi.es\/es\/wp-json\/wp\/v2\/media?parent=9"}],"curies":[{"name":"wp","href":"https:\/\/api.w.org\/{rel}","templated":true}]}}