{"id":8286,"date":"2020-10-21T10:40:49","date_gmt":"2020-10-21T10:40:49","guid":{"rendered":"https:\/\/www.grupoimesapi.es\/?page_id=8286"},"modified":"2026-01-30T10:45:09","modified_gmt":"2026-01-30T10:45:09","slug":"politica-de-cookies","status":"publish","type":"page","link":"https:\/\/www.grupoimesapi.es\/es\/politica-de-cookies\/","title":{"rendered":"Pol\u00edtica de Cookies"},"content":{"rendered":"<div class=\"wpb-content-wrapper\"><p>[vc_row][vc_column][vc_empty_space][vc_custom_heading text=\u00bbPol\u00edtica de Cookies\u00bb font_container=\u00bbtag:h1|text_align:left|color:%2300247c\u00bb use_theme_fonts=\u00bbyes\u00bb][vc_separator][vc_column_text]<strong>Grupo Imesapi<\/strong>, titular de <a href=\"https:\/\/grupoimesapi.es\" target=\"_blank\" rel=\"noopener\">grupoimesapi.es<\/a>, utiliza cookies utiliza cookies propias y de terceros con la finalidad de analizar la navegaci\u00f3n y el tr\u00e1fico generado a efectos estad\u00edsticos, mostrarle la ubicaci\u00f3n de nuestras oficinas, as\u00ed como recabar sus datos de contacto.[\/vc_column_text][vc_custom_heading text=\u00bb\u00bfQu\u00e9 es una cookie?\u00bb font_container=\u00bbtag:h3|text_align:left\u00bb use_theme_fonts=\u00bbyes\u00bb][vc_column_text]Es un fichero que se descarga en su ordenador u otro dispositivo al acceder a determinadas p\u00e1ginas web que recogen informaci\u00f3n sobre su navegaci\u00f3n en dicho sitio web. En algunos casos las cookies resultan necesarias para facilitar la navegaci\u00f3n y permiten almacenar y recuperar informaci\u00f3n sobre los h\u00e1bitos de navegaci\u00f3n de un usuario o de su equipo, entre otras cosas y, seg\u00fan la informaci\u00f3n que contengan y de la forma en que utilice su equipo, pueden utilizarse para reconocer al usuario.[\/vc_column_text][vc_custom_heading text=\u00bbIdentificaci\u00f3n de cookies utilizadas\u00bb font_container=\u00bbtag:h3|text_align:left\u00bb use_theme_fonts=\u00bbyes\u00bb][vc_column_text]Siguiendo las directrices establecidas por la Agencia Espa\u00f1ola de Protecci\u00f3n de Datos, las cookies empleadas en esta web se clasifican de la siguiente forma:[\/vc_column_text][vc_column_text]<\/p>\n<ul>\n<li><strong>Cookies propias:<\/strong> Son aqu\u00e9llas que se env\u00edan al equipo terminal del usuario desde un equipo o dominio gestionado por el propio editor y desde el que se presta el servicio solicitado por el usuario.<\/li>\n<li><strong>Cookies de terceros<\/strong>: Son aqu\u00e9llas que se env\u00edan al equipo terminal del usuario desde un equipo o dominio que no es gestionado por el editor, sino por otra entidad que trata los datos obtenidos trav\u00e9s de las cookies.<\/li>\n<li><strong>Cookies de sesi\u00f3n<\/strong>: Recaban y almacenan datos mientras el usuario accede a una p\u00e1gina web.<\/li>\n<li><strong>Cookies persistentes:<\/strong> Almacenan los datos en el terminal de manera que pueden ser accedidos y tratados durante un periodo definido por el responsable de la cookie -de unos minutos a varios a\u00f1os.<\/li>\n<li><strong>Cookies t\u00e9cnicas<\/strong>: Permiten al usuario la navegaci\u00f3n a trav\u00e9s de una p\u00e1gina web, plataforma o aplicaci\u00f3n y la utilizaci\u00f3n de las diferentes opciones o servicios que en ella existan.<\/li>\n<li><strong>Cookies de personalizaci\u00f3n<\/strong>: Permiten al usuario acceder al servicio con algunas caracter\u00edsticas de car\u00e1cter general predefinidas en funci\u00f3n de una serie de criterios en el terminal del usuario como por ejemplo serian el idioma, el tipo de navegador a trav\u00e9s del cual accede al servicio, la configuraci\u00f3n regional desde donde accede al servicio, etc.<\/li>\n<li><strong>Cookies de an\u00e1litica<\/strong>: Sirven para medir la actividad del usuario al visitar el sitio o p\u00e1gina web y elaborar estad\u00edsticas de navegaci\u00f3n con el fin de mejorar el servicio, la informaci\u00f3n, etc.<\/li>\n<li><strong>Cookies Publicitarias<\/strong>: Sirven para gestionar la frecuencia y el contenido de la publicidad que se muestra.<\/li>\n<li><strong>Cookies de seguimiento<\/strong>: Sirven para mostrar publicidad personalizada.<\/li>\n<\/ul>\n<p>[\/vc_column_text][vc_column_text]La siguiente tabla muestra las cookies propias y de terceros de la web <strong>https:\/\/www.grupoimesapi.es<\/strong> y la finalidad para la que se utiliza cada una.[\/vc_column_text][vc_column_text el_class=\u00bbtabla\u00bb]<\/p>\n<table class=\"cookies\">\n<tbody>\n<tr class=\"cabecera\">\n<th colspan=\"3\">COOKIES PROPIAS<\/th>\n<\/tr>\n<tr class=\"subcabecera\">\n<th>COOKIE<\/th>\n<th>FINALIDAD<\/th>\n<th>TIPO<\/th>\n<\/tr>\n<tr>\n<td>devicePixelRatio<\/td>\n<td>Identifica la resoluci\u00f3n de la pantalla del dispositivo para mejorar la presentaci\u00f3n de contenidos<\/td>\n<td>T\u00e9cnica<\/td>\n<\/tr>\n<tr>\n<td>qtrans_front_language<\/td>\n<td>Configuraci\u00f3n de idioma de la web<\/td>\n<td>T\u00e9cnica<\/td>\n<\/tr>\n<tr>\n<td>wordpress_test_cookie<\/td>\n<td>Comprobar si el aviso de cookies ha sido leido o no<\/td>\n<td>T\u00e9cnica<\/td>\n<\/tr>\n<tr>\n<td>wordpress-settings-*<\/td>\n<td>Se utiliza para personalizar la vista de un usuario de WordPress de la interfaz de administraci\u00f3n, y posiblemente tambi\u00e9n la interfaz del sitio principal<\/td>\n<td>T\u00e9cnica<\/td>\n<\/tr>\n<tr class=\"cabecera\">\n<th colspan=\"3\">COOKIES DE TERCEROS<\/th>\n<\/tr>\n<tr class=\"subcabecera\">\n<th>COOKIE<\/th>\n<th>FINALIDAD<\/th>\n<th>TIPO<\/th>\n<\/tr>\n<tr>\n<td>_ga<\/td>\n<td>Cookie de Google Analytics que permite distinguir a los usuarios<\/td>\n<td>Anal\u00edtica<\/td>\n<\/tr>\n<tr>\n<td>_gid<\/td>\n<td>Cookie de Google Analytics que limita el n\u00famero de peticiones<\/td>\n<td>Anal\u00edtica<\/td>\n<\/tr>\n<tr>\n<td>_gat<\/td>\n<td>Esta cookie se asocia con Google Analytics. Se utiliza para limitar la velocidad de petici\u00f3n &#8211; la limitaci\u00f3nde la recogida de datos en los sitios de alto tr\u00e1fico.<\/td>\n<td>Performance<\/td>\n<\/tr>\n<tr>\n<td>_asc<\/td>\n<td>Las cookies de an\u00e1lisis de Alexa permiten realizar un seguimiento y enviar la informaci\u00f3n al servicio de an\u00e1lisis de Alexa.<\/td>\n<td>Anal\u00edtica<\/td>\n<\/tr>\n<tr>\n<td>1P_JAR<\/td>\n<td>Esta cookie se utiliza para limitar el n\u00famero de peticiones<\/td>\n<td>Anal\u00edtica<\/td>\n<\/tr>\n<tr>\n<td>YSC<\/td>\n<td>YouTube establece esta cookie para rastrear las vistas de videos incrustados.<\/td>\n<td>Performance<\/td>\n<\/tr>\n<tr>\n<td>VISITOR_INFO1_LIV<\/td>\n<td>Realiza el seguimiento de los videos visitados que se encuentran incrustados en la web.<\/td>\n<td>Anal\u00edtica<\/td>\n<\/tr>\n<tr class=\"cabecera\">\n<th colspan=\"3\">COOKIES DE PUBLICIDAD<\/th>\n<\/tr>\n<tr class=\"subcabecera\">\n<th>COOKIE<\/th>\n<th>FINALIDAD<\/th>\n<th>TIPO<\/th>\n<\/tr>\n<tr>\n<td>NID<\/td>\n<td>Se usa para limitar el porcentaje de solicitudes \u2013 Google<\/td>\n<td>Publicidad<\/td>\n<\/tr>\n<tr>\n<td>ANID<\/td>\n<td>Esta cookie se utiliza para manejar perfiles basados en el inter\u00e9s del usuario y as\u00ed poder mostrarles anuncios personalizados<\/td>\n<td>Publicidad<\/td>\n<\/tr>\n<tr>\n<td>DV<\/td>\n<td>Personalizaci\u00f3n de anuncios en los servicios de Google<\/td>\n<td>Publicidad<\/td>\n<\/tr>\n<tr>\n<td>PREF<\/td>\n<td>Es una cookie que almacena las preferencias de visualizaci\u00f3n y de b\u00fasqueda de los videos de Youtube<\/td>\n<td>Publicidad<\/td>\n<\/tr>\n<tr>\n<td>_auc<\/td>\n<td>Las cookies de an\u00e1lisis de Alexa permiten realizar un seguimiento y enviar la informaci\u00f3n al servicio de an\u00e1lisis Alexa.<\/td>\n<td>Publicidad<\/td>\n<\/tr>\n<tr>\n<td>GPS<\/td>\n<td>Con esta cookie Youtube lmacena datos de localici\u00f3n<\/td>\n<td>Publicidad<\/td>\n<\/tr>\n<tr>\n<td>IDE<\/td>\n<td>Este dominio es propiedad de Doubleclick (Doubleclick es el intercambio publicitario de ofertas en tiempo real de Google).<\/td>\n<td>Publicitaria<\/td>\n<\/tr>\n<\/tbody>\n<\/table>\n<p>[\/vc_column_text][vc_custom_heading text=\u00bbDesactivaci\u00f3n de cookies\u00bb font_container=\u00bbtag:h3|text_align:left\u00bb use_theme_fonts=\u00bbyes\u00bb][vc_column_text]Puede usted permitir, bloquear o eliminar las cookies instaladas en su equipo mediante la configuraci\u00f3n de las opciones del navegador instalado en su ordenador. Por favor, lea atentamente la secci\u00f3n de ayuda de su navegador para conocer m\u00e1s acerca de c\u00f3mo activar el \u201cmodo privado\u201d o desbloquear determinadas cookies.<\/p>\n<ol>\n<li style=\"list-style-type: none;\">\n<ol>\n<li>Para m\u00e1s informaci\u00f3n sobre el navegador Explorer <a href=\"http:\/\/windows.microsoft.com\/es-es\/windows-vista\/Block-or-allow-cookies\" target=\"_blank\" rel=\"noopener\">pulse aqu\u00ed<\/a>.<\/li>\n<li>Para m\u00e1s informaci\u00f3n sobre el navegador Firefox <a href=\"http:\/\/support.mozilla.org\/es\/kb\/habilitar-y-deshabilitar-cookies-que-los-sitios-we\" target=\"_blank\" rel=\"noopener\">pulse aqu\u00ed<\/a>.<\/li>\n<li>Para m\u00e1s informaci\u00f3n sobre navegador Opera <a href=\"http:\/\/help.opera.com\/Windows\/11.50\/es-ES\/cookies.html\" target=\"_blank\" rel=\"noopener\">pulse aqu\u00ed<\/a>.<\/li>\n<li>Para m\u00e1s informaci\u00f3n sobre navegador Google Chrome <a href=\"https:\/\/support.google.com\/accounts\/answer\/61416?hl=es\" target=\"_blank\" rel=\"noopener\">pulse aqu\u00ed<\/a>.<\/li>\n<li>Para m\u00e1s informaci\u00f3n sobre navegador Safari <a href=\"http:\/\/support.apple.com\/kb\/HT1677?viewlocale=es_ES\" target=\"_blank\" rel=\"noopener\">pulse aqu\u00ed<\/a>.<\/li>\n<\/ol>\n<\/li>\n<\/ol>\n<p>[\/vc_column_text][vc_custom_heading text=\u00bbDesactivaci\u00f3n o eliminaci\u00f3n de cookies pertenecientes a Google Analytics\u00bb font_container=\u00bbtag:h3|text_align:left\u00bb use_theme_fonts=\u00bbyes\u00bb][vc_column_text]Si acepta el uso de cookies pertenecientes a Google Ananlytics podr\u00e1 desinstalarlas posteriormente mediante la configuraci\u00f3n de su navegador, tal y como se ha indicado, o instalando el complemento de inhabilitaci\u00f3n de Google Analytics: <a href=\"https:\/\/tools.google.com\/dlpage\/gaoptout?hl=es\" target=\"_blank\" rel=\"noopener\">https:\/\/tools.google.com\/dlpage\/gaoptout?hl=es.<\/a>[\/vc_column_text][vc_column_text]Puede cambiar de opini\u00f3n sobre la gesti\u00f3n de las cookies regresando a su <a id=\"configure-cookies\" href=\"#\">configuraci\u00f3n<\/a>.[\/vc_column_text][\/vc_column][\/vc_row][vc_row][vc_column][vc_raw_js]JTNDc2NyaXB0JTIwdHlwZSUzRCUyMnRleHQlMkZqYXZhc2NyaXB0JTIyJTNFJTBBdmFyJTIwbG9jYXRpb25Ib3N0JTIwJTNEJTIwd2luZG93LmxvY2F0aW9uLmhvc3QlM0IlMEF2YXIlMjBob3N0UGF0aCUyMCUzRCUyMCUyMiUyMiUzQiUwQWxvY2F0aW9uSG9zdC5pbmNsdWRlcyUyOCUyMmltZXNhcGklMjIlMjklMjAlM0YlMjBob3N0UGF0aCUyMCUzRCUyMHdpbmRvdy5sb2NhdGlvbi5ob3N0JTIwJTNBJTIwaG9zdFBhdGglMjAlM0QlMjB3aW5kb3cubG9jYXRpb24uaG9zdCUyMCUyQiUyMCUyMiUyRmltZXNhcGklMjIlM0IlMEF2YXIlMjBzY3JpcHRVcmwlMjAlM0QlMjAlMjIlMkYlMkYlMjIlMjAlMkIlMjBob3N0UGF0aCUyMCUyQiUyMCUyMiUyRndwLWNvbnRlbnQlMkZ0aGVtZXMlMkZkdC10aGU3LWNoaWxkJTJGanMlMkZwb3B1cC1jb29raWVzLmpzJTIyJTNCJTBBJTBBZnVuY3Rpb24lMjBsb2FkU2NyaXB0JTI4dXJsJTJDJTIwY2FsbGJhY2slMjklN0IlMEElMEElMjAlMjAlMjAlMjB2YXIlMjBzY3JpcHQlMjAlM0QlMjBkb2N1bWVudC5jcmVhdGVFbGVtZW50JTI4JTIyc2NyaXB0JTIyJTI5JTBBJTIwJTIwJTIwJTIwc2NyaXB0LnR5cGUlMjAlM0QlMjAlMjJ0ZXh0JTJGamF2YXNjcmlwdCUyMiUzQiUwQSUwQSUyMCUyMCUyMCUyMGlmJTIwJTI4c2NyaXB0LnJlYWR5U3RhdGUlMjklN0IlMjAlMjAlMkYlMkZJRSUwQSUyMCUyMCUyMCUyMCUyMCUyMCUyMCUyMHNjcmlwdC5vbnJlYWR5c3RhdGVjaGFuZ2UlMjAlM0QlMjBmdW5jdGlvbiUyOCUyOSU3QiUwQSUyMCUyMCUyMCUyMCUyMCUyMCUyMCUyMCUyMCUyMCUyMCUyMGlmJTIwJTI4c2NyaXB0LnJlYWR5U3RhdGUlMjAlM0QlM0QlMjAlMjJsb2FkZWQlMjIlMjAlN0MlN0MlMEElMjAlMjAlMjAlMjAlMjAlMjAlMjAlMjAlMjAlMjAlMjAlMjAlMjAlMjAlMjAlMjAlMjAlMjAlMjAlMjBzY3JpcHQucmVhZHlTdGF0ZSUyMCUzRCUzRCUyMCUyMmNvbXBsZXRlJTIyJTI5JTdCJTBBJTIwJTIwJTIwJTIwJTIwJTIwJTIwJTIwJTIwJTIwJTIwJTIwJTIwJTIwJTIwJTIwc2NyaXB0Lm9ucmVhZHlzdGF0ZWNoYW5nZSUyMCUzRCUyMG51bGwlM0IlMEElMjAlMjAlMjAlMjAlMjAlMjAlMjAlMjAlMjAlMjAlMjAlMjAlMjAlMjAlMjAlMjBjYWxsYmFjayUyOCUyOSUzQiUwQSUyMCUyMCUyMCUyMCUyMCUyMCUyMCUyMCUyMCUyMCUyMCUyMCU3RCUwQSUyMCUyMCUyMCUyMCUyMCUyMCUyMCUyMCU3RCUzQiUwQSUyMCUyMCUyMCUyMCU3RCUyMGVsc2UlMjAlN0IlMjAlMjAlMkYlMkZPdGhlcnMlMEElMjAlMjAlMjAlMjAlMjAlMjAlMjAlMjBzY3JpcHQub25sb2FkJTIwJTNEJTIwZnVuY3Rpb24lMjglMjklN0IlMEElMjAlMjAlMjAlMjAlMjAlMjAlMjAlMjAlMjAlMjAlMjAlMjBjYWxsYmFjayUyOCUyOSUzQiUwQSUyMCUyMCUyMCUyMCUyMCUyMCUyMCUyMCU3RCUzQiUwQSUyMCUyMCUyMCUyMCU3RCUwQSUwQSUyMCUyMCUyMCUyMHNjcmlwdC5zcmMlMjAlM0QlMjB1cmwlM0IlMEElMjAlMjAlMjAlMjBkb2N1bWVudC5nZXRFbGVtZW50c0J5VGFnTmFtZSUyOCUyMmhlYWQlMjIlMjklNUIwJTVELmFwcGVuZENoaWxkJTI4c2NyaXB0JTI5JTNCJTBBJTdEJTBBJTBBbG9hZFNjcmlwdCUyOHNjcmlwdFVybCUyQyUyMGZ1bmN0aW9uJTI4JTI5JTdCJTBBJTIwJTIwJTIwJTIwZG9jdW1lbnQuZ2V0RWxlbWVudEJ5SWQlMjglMjJjb25maWd1cmUtY29va2llcyUyMiUyOS5vbmNsaWNrJTIwJTNEJTIwZnVuY3Rpb24lMjglMjklMjAlN0IlMEElMjAlMjAlMjAlMjAlMjAlMjAlMjAlMjBkb2N1bWVudC5nZXRFbGVtZW50QnlJZCUyOCUyMmVtZXJnZW50ZVJHUEQlMjIlMjkuc3R5bGUuZGlzcGxheSUyMCUzRCUyMCUyMmJsb2NrJTIyJTNCJTBBJTIwJTIwJTIwJTIwJTIwJTIwJTIwJTIwZG9jdW1lbnQucXVlcnlTZWxlY3RvciUyOCUyMi5wb3B1cF9wb3B1cC0tMVRYTVclMjIlMjkuc3R5bGUuZGlzcGxheSUyMCUzRCUyMCUyMmZsZXglMjIlM0IlMEElMjAlMjAlMjAlMjAlN0QlM0IlMEElN0QlMjklM0IlMEElM0MlMkZzY3JpcHQlM0U=[\/vc_raw_js][\/vc_column][\/vc_row]<\/p>\n<\/div>","protected":false},"excerpt":{"rendered":"<p>[vc_row][vc_column][vc_empty_space][vc_custom_heading text=\u00bbPol\u00edtica de Cookies\u00bb font_container=\u00bbtag:h1|text_align:left|color:%2300247c\u00bb use_theme_fonts=\u00bbyes\u00bb][vc_separator][vc_column_text]Grupo Imesapi, titular de grupoimesapi.es, utiliza cookies utiliza cookies propias y de terceros con la finalidad de analizar la navegaci\u00f3n y el tr\u00e1fico generado a efectos estad\u00edsticos, mostrarle la ubicaci\u00f3n de nuestras oficinas, as\u00ed como recabar sus datos de contacto.[\/vc_column_text][vc_custom_heading text=\u00bb\u00bfQu\u00e9 es una cookie?\u00bb font_container=\u00bbtag:h3|text_align:left\u00bb use_theme_fonts=\u00bbyes\u00bb][vc_column_text]Es un fichero que se&hellip;<\/p>\n","protected":false},"author":1,"featured_media":0,"parent":0,"menu_order":0,"comment_status":"closed","ping_status":"closed","template":"","meta":[],"class_list":["post-8286","page","type-page","status-publish","hentry","description-off"],"_links":{"self":[{"href":"https:\/\/www.grupoimesapi.es\/es\/wp-json\/wp\/v2\/pages\/8286","targetHints":{"allow":["GET"]}}],"collection":[{"href":"https:\/\/www.grupoimesapi.es\/es\/wp-json\/wp\/v2\/pages"}],"about":[{"href":"https:\/\/www.grupoimesapi.es\/es\/wp-json\/wp\/v2\/types\/page"}],"author":[{"embeddable":true,"href":"https:\/\/www.grupoimesapi.es\/es\/wp-json\/wp\/v2\/users\/1"}],"replies":[{"embeddable":true,"href":"https:\/\/www.grupoimesapi.es\/es\/wp-json\/wp\/v2\/comments?post=8286"}],"version-history":[{"count":0,"href":"https:\/\/www.grupoimesapi.es\/es\/wp-json\/wp\/v2\/pages\/8286\/revisions"}],"wp:attachment":[{"href":"https:\/\/www.grupoimesapi.es\/es\/wp-json\/wp\/v2\/media?parent=8286"}],"curies":[{"name":"wp","href":"https:\/\/api.w.org\/{rel}","templated":true}]}}