{"id":7,"date":"2016-01-04T07:53:05","date_gmt":"2016-01-04T07:53:05","guid":{"rendered":"http:\/\/grupoimesapi.es\/?page_id=7"},"modified":"2020-08-06T10:14:06","modified_gmt":"2020-08-06T10:14:06","slug":"quienes-somos","status":"publish","type":"page","link":"https:\/\/www.grupoimesapi.es\/es\/quienes-somos\/","title":{"rendered":"Quienes Somos"},"content":{"rendered":"<div class=\"wpb-content-wrapper\"><p><\/p>\n<p>[vc_row full_width=\u00bbtrue\u00bb margin_bottom=\u00bb32&#8243;][vc_column][vc_single_image image=\u00bb296&#8243; img_size=\u00bbfull\u00bb el_class=\u00bbbanner-quienes\u00bb][\/vc_column][\/vc_row][vc_row margin_bottom=\u00bb32&#8243;][vc_column][vc_custom_heading text=\u00bbQuienes Somos\u00bb font_container=\u00bbtag:h2|text_align:left|color:%2303227c\u00bb use_theme_fonts=\u00bbyes\u00bb]<div class=\"hr-thin style-line\" style=\"width: 100%;border-top-width: 1px;\"><\/div>[\/vc_column][\/vc_row][vc_row margin_bottom=\u00bb32&#8243;][vc_column][vc_column_text]<\/p>\n<p style=\"text-align: justify;\">ImesAPI es el resultado de la fusi\u00f3n de las empresas imes S.A. y Aplicaci\u00f3n de Pinturas, API, S.A. Ambas sociedades pertenecientes al Grupo ACS, se convierten en la referencia l\u00edder del sector de la conservaci\u00f3n y de la explotaci\u00f3n de todo tipo de infraestructuras tanto urbanas como interurbanas.<\/p>\n<p style=\"text-align: justify;\">Elevada especializaci\u00f3n en sus distintas \u00e1reas y vocaci\u00f3n de servicio al cliente. Sobre estos dos pilares se asientan las bases del nuevo Grupo ImesAPI.<\/p>\n<p style=\"text-align: justify;\">Una gran firma que a\u00fana diferentes sectores de negocio y que se ve respaldada: por su dilatada experiencia en el mercado, por su dinamismo en el tiempo de provisi\u00f3n de servicios, por disponer de equipos profesionales de alta especializaci\u00f3n y por su constante empe\u00f1o en apostar por las nuevas tecnolog\u00edas.<\/p>\n<p style=\"text-align: justify;\">S\u00f3lo as\u00ed se podr\u00edan explicar nuestras profundas raices: Nos avalan m\u00e1s de 75 a\u00f1os en el sector y eso nos ha permitido desarrollar nuestro trabajo con el m\u00e1s alto nivel de calidad y acometer con total garant\u00eda los proyectos m\u00e1s ambiciosos.<\/p>\n<p>[\/vc_column_text][\/vc_column][\/vc_row][vc_row][vc_column width=\u00bb1\/3&#8243;][vc_single_image image=\u00bb309&#8243; img_size=\u00bbfull\u00bb alignment=\u00bbcenter\u00bb style=\u00bbvc_box_rounded\u00bb onclick=\u00bbcustom_link\u00bb link=\u00bbhttp:\/\/grupoimesapi.es\/quienes-somos\/informacion-corporativa\/\u00bb][vc_empty_space height=\u00bb16px\u00bb][vc_custom_heading text=\u00bbInformaci\u00f3n Corporativa\u00bb font_container=\u00bbtag:h4|text_align:center|color:%2303227c\u00bb use_theme_fonts=\u00bbyes\u00bb link=\u00bburl:http%3A%2F%2Fgrupoimesapi.es%2FImesAPI%2Fquienes-somos%2Finformacion-corporativa%2F||\u00bb][vc_empty_space height=\u00bb5px\u00bb][\/vc_column][vc_column width=\u00bb1\/3&#8243;][vc_single_image image=\u00bb310&#8243; img_size=\u00bbfull\u00bb alignment=\u00bbcenter\u00bb style=\u00bbvc_box_rounded\u00bb onclick=\u00bbcustom_link\u00bb link=\u00bbhttp:\/\/grupoimesapi.es\/quienes-somos\/calidad-certificacion\/\u00bb][vc_empty_space height=\u00bb16px\u00bb][vc_custom_heading text=\u00bbCalidad &amp; Certificaci\u00f3n\u00bb font_container=\u00bbtag:h4|text_align:center|color:%2303227c\u00bb use_theme_fonts=\u00bbyes\u00bb link=\u00bburl:http%3A%2F%2Fgrupoimesapi.es%2FImesAPI%2Fquienes-somos%2Fcalidad-certificacion%2F||\u00bb][vc_empty_space height=\u00bb5px\u00bb][\/vc_column][vc_column width=\u00bb1\/3&#8243;][vc_single_image image=\u00bb311&#8243; img_size=\u00bbfull\u00bb alignment=\u00bbcenter\u00bb style=\u00bbvc_box_rounded\u00bb onclick=\u00bbcustom_link\u00bb link=\u00bbhttp:\/\/grupoimesapi.es\/quienes-somos\/recursos-humanos\/\u00bb][vc_empty_space height=\u00bb16px\u00bb][vc_custom_heading text=\u00bbRecursos Humanos\u00bb font_container=\u00bbtag:h4|text_align:center|color:%2303227c\u00bb use_theme_fonts=\u00bbyes\u00bb link=\u00bburl:http%3A%2F%2Fgrupoimesapi.es%2FImesAPI%2Fquienes-somos%2Frecursos-humanos%2F||\u00bb][vc_empty_space height=\u00bb5px\u00bb][\/vc_column][\/vc_row]<\/p>\n<p><\/p>\n<\/div>","protected":false},"excerpt":{"rendered":"<p>[vc_row full_width=\u00bbtrue\u00bb margin_bottom=\u00bb32&#8243;][vc_column][vc_single_image image=\u00bb296&#8243; img_size=\u00bbfull\u00bb el_class=\u00bbbanner-quienes\u00bb][\/vc_column][\/vc_row][vc_row margin_bottom=\u00bb32&#8243;][vc_column][vc_custom_heading text=\u00bbQuienes Somos\u00bb font_container=\u00bbtag:h2|text_align:left|color:%2303227c\u00bb use_theme_fonts=\u00bbyes\u00bb][\/vc_column][\/vc_row][vc_row margin_bottom=\u00bb32&#8243;][vc_column][vc_column_text] ImesAPI es el resultado de la fusi\u00f3n de las empresas imes S.A. y Aplicaci\u00f3n de Pinturas, API, S.A. Ambas sociedades pertenecientes al Grupo ACS, se convierten en la referencia l\u00edder del sector de la conservaci\u00f3n y de la explotaci\u00f3n de todo tipo de&hellip;<\/p>\n","protected":false},"author":1,"featured_media":0,"parent":0,"menu_order":1,"comment_status":"closed","ping_status":"closed","template":"","meta":[],"class_list":["post-7","page","type-page","status-publish","hentry","description-off"],"_links":{"self":[{"href":"https:\/\/www.grupoimesapi.es\/es\/wp-json\/wp\/v2\/pages\/7","targetHints":{"allow":["GET"]}}],"collection":[{"href":"https:\/\/www.grupoimesapi.es\/es\/wp-json\/wp\/v2\/pages"}],"about":[{"href":"https:\/\/www.grupoimesapi.es\/es\/wp-json\/wp\/v2\/types\/page"}],"author":[{"embeddable":true,"href":"https:\/\/www.grupoimesapi.es\/es\/wp-json\/wp\/v2\/users\/1"}],"replies":[{"embeddable":true,"href":"https:\/\/www.grupoimesapi.es\/es\/wp-json\/wp\/v2\/comments?post=7"}],"version-history":[{"count":0,"href":"https:\/\/www.grupoimesapi.es\/es\/wp-json\/wp\/v2\/pages\/7\/revisions"}],"wp:attachment":[{"href":"https:\/\/www.grupoimesapi.es\/es\/wp-json\/wp\/v2\/media?parent=7"}],"curies":[{"name":"wp","href":"https:\/\/api.w.org\/{rel}","templated":true}]}}