{"id":6087,"date":"2018-12-04T08:50:50","date_gmt":"2018-12-04T08:50:50","guid":{"rendered":"http:\/\/www.grupoimesapi.es\/ppp-copy\/"},"modified":"2026-03-30T13:51:40","modified_gmt":"2026-03-30T13:51:40","slug":"politicas-y-procedimientos-de-compliance","status":"publish","type":"page","link":"https:\/\/www.grupoimesapi.es\/es\/politicas-y-procedimientos-de-compliance\/","title":{"rendered":"Pol\u00edticas y Procedimientos de Compliance"},"content":{"rendered":"<div class=\"wpb-content-wrapper\"><p>[vc_row type=\u00bbvc_default\u00bb content_placement=\u00bbmiddle\u00bb el_class=\u00bbhack-sm-12&#8243;][vc_column animation=\u00bbfadeIn\u00bb][vc_row_inner css=\u00bb.vc_custom_1661332417882{padding-bottom: 0px !important;}\u00bb el_class=\u00bbnormativa\u00bb][vc_column_inner][vc_custom_heading text=\u00bbPrograma de Cumplimiento Corporativo\u00bb font_container=\u00bbtag:h4|text_align:left|color:%23003575&#8243; use_theme_fonts=\u00bbyes\u00bb css=\u00bb.vc_custom_1661332453204{padding-bottom: 35px !important;}\u00bb el_class=\u00bbcompliance-title\u00bb][vc_column_text el_class=\u00bbjustify\u00bb]<\/p>\n<p>La organizaci\u00f3n asume grandes compromisos con el cumplimiento de los m\u00e1s altos est\u00e1ndares de \u00e9tica corporativa, disponiendo de un Programa de Cumplimiento Corporativo desde el 30 de marzo de 2017, el cual se revisa peri\u00f3dicamente por asesores externos de reconocido prestigio y donde se incluyen de manera organizada las acciones implantadas para instaurar un entorno de prevenci\u00f3n, detecci\u00f3n y gesti\u00f3n anticipada de riesgos. Este Programa tiene un enfoque espec\u00edfico en la lucha contra las infracciones, tanto penales como contrarias a la libre competencia, entre otras materias, garantizando el m\u00e1s alto nivel de integridad en todas sus pr\u00e1cticas comerciales.<\/p>\n<p>La sociedad se encuentra adherida a la normativa de VINCI, que establece los principios compartidos por todos los empleados y socios de negocio cuyos valores fundamentales se definen en los siguientes 5 documentos de referencia:<\/p>\n<ul>\n<li>El C\u00f3digo de \u00c9tica y Conducta, que establece todos los principios de \u00e9tica empresarial que deben aplicarse en diferentes circunstancias y en todos los pa\u00edses en los que se opera.<\/li>\n<li>Se utiliza conjuntamente con el C\u00f3digo de Conducta Anticorrupci\u00f3n, que incluye las normas relativas a la prevenci\u00f3n de todos los actos de corrupci\u00f3n, en particular identificando los riesgos en los procesos empresariales y definiendo las conductas que deben evitarse.<\/li>\n<li>La Gu\u00eda de Derechos Humanos, que resume posibles riesgos y sus implicaciones para las empresas, y define un conjunto com\u00fan de directrices sobre c\u00f3mo tratar las cuestiones relativas a los derechos humanos.<\/li>\n<li>Estas directrices se basan en los principios de la Declaraci\u00f3n Universal de los Derechos Humanos (DUDH), en los 8 convenios fundamentales de la Organizaci\u00f3n Internacional del Trabajo (OIT) y en las L\u00edneas Directrices de la OCDE para Empresas Multinacionales.La Declaraci\u00f3n sobre las Acciones Esenciales y Fundamentales en Materia de Seguridad y Salud en el Trabajo, que refleja la voluntad com\u00fan de alcanzar el objetivo de \u00abCero Accidentes\u00bb. La declaraci\u00f3n es fruto de un di\u00e1logo social constructivo y regular. En el marco de una pol\u00edtica de mejora continua, afirma que s\u00f3lo se puede progresar con todos empleados mediante la promoci\u00f3n de la cultura de seguridad.<\/li>\n<li>Las directrices medioambientales, que proporcionan un marco dise\u00f1ado para minimizar los riesgos e impactos de las actividades sobre el entorno. Todas las empresas deben seguir estas directrices para que se puedan mejorar y adaptar las acciones y procedimientos con el fin de proteger y preservar el medio ambiente en todos los lugares donde se opera. Cada una de las filiales son responsables de garantizar que los socios de negocio realicen esfuerzos similares a lo largo de toda la vida de un proyecto.<\/li>\n<\/ul>\n<p>El Programa de Cumplimiento Corporativo se compone de los siguientes documentos:<\/p>\n<p>[\/vc_column_text][\/vc_column_inner][\/vc_row_inner][\/vc_column][\/vc_row][vc_row el_class=\u00bbnormativa\u00bb][vc_column][vc_custom_heading text=\u00bbNormativa de VINCI\u00bb font_container=\u00bbtag:h4|text_align:left|color:%23003575&#8243; use_theme_fonts=\u00bbyes\u00bb css=\u00bb.vc_custom_1661331982885{padding-bottom: 35px !important;}\u00bb el_class=\u00bbcompliance-title\u00bb][vc_raw_html el_class=\u00bbcompliance-list\u00bb]JTNDdWwlM0UlMEElMDklM0NsaSUzRSUzQ2klMjBjbGFzcyUzRCUyMkRlZmF1bHRzLWNoZWNrJTIyJTNFJTNDJTJGaSUzRSUzQ2ElMjBocmVmJTNEJTIyaHR0cHMlM0ElMkYlMkZ3d3cuaW1lc2FwaS5jb20lMkZlcyUyRmN1bXBsaW1pZW50by1jb3Jwb3JhdGl2by1tYW5pZmllc3RvJTIyJTIwdGFyZ2V0JTNEJTIyX2JsYW5rJTIyJTNFTWFuaWZpZXN0byUzQyUyRmElM0UlM0MlMkZsaSUzRSUwQSUwOSUzQ2xpJTNFJTNDaSUyMGNsYXNzJTNEJTIyRGVmYXVsdHMtY2hlY2slMjIlM0UlM0MlMkZpJTNFJTNDYSUyMGhyZWYlM0QlMjJodHRwcyUzQSUyRiUyRnd3dy5pbWVzYXBpLmNvbSUyRmVzJTJGY3VtcGxpbWllbnRvLWNvcnBvcmF0aXZvLWNvZGlnby1ldGljYS1jb21wb3J0YW1pZW50b3MlMjIlMjB0YXJnZXQlM0QlMjJfYmxhbmslMjIlM0VDJUMzJUIzZGlnbyUyMGRlJTIwJUMzJTg5dGljYSUyMHklMjBDb21wb3J0YW1pZW50b3MlM0MlMkZhJTNFJTNDJTJGbGklM0UlMEElMDklM0NsaSUzRSUzQ2klMjBjbGFzcyUzRCUyMkRlZmF1bHRzLWNoZWNrJTIyJTNFJTNDJTJGaSUzRSUzQ2ElMjBocmVmJTNEJTIyaHR0cHMlM0ElMkYlMkZ3d3cuaW1lc2FwaS5jb20lMkZlcyUyRmN1bXBsaW1pZW50by1jb3Jwb3JhdGl2by1jb2RpZ28tY29uZHVjdGEtYW50aWNvcnJ1cGNpb24lMjIlMjB0YXJnZXQlM0QlMjJfYmxhbmslMjIlM0VDJUMzJUIzZGlnbyUyMGRlJTIwQ29uZHVjdGElMjBBbnRpY29ycnVwY2klQzMlQjNuJTNDJTJGYSUzRSUzQyUyRmxpJTNFJTBBJTA5JTNDbGklM0UlM0NpJTIwY2xhc3MlM0QlMjJEZWZhdWx0cy1jaGVjayUyMiUzRSUzQyUyRmklM0UlM0NhJTIwaHJlZiUzRCUyMmh0dHBzJTNBJTJGJTJGd3d3LmltZXNhcGkuY29tJTJGZXMlMkZjdW1wbGltaWVudG8tY29ycG9yYXRpdm8tZ3VpYS1sb3MtZGVyZWNob3MtaHVtYW5vcyUyMiUyMHRhcmdldCUzRCUyMl9ibGFuayUyMiUzRUd1JUMzJUFEYSUyMGRlJTIwbG9zJTIwRGVyZWNob3MlMjBIdW1hbm9zJTNDJTJGYSUzRSUzQyUyRmxpJTNFJTBBJTA5JTNDbGklM0UlM0NpJTIwY2xhc3MlM0QlMjJEZWZhdWx0cy1jaGVjayUyMiUzRSUzQyUyRmklM0UlM0NhJTIwaHJlZiUzRCUyMmh0dHBzJTNBJTJGJTJGd3d3LmltZXNhcGkuY29tJTJGZXMlMkZjdW1wbGltaWVudG8tY29ycG9yYXRpdm8tbGluZWFzLWRpcmVjdHJpY2VzLW1lZGlvYW1iaWVudGFsZXMlMjIlMjB0YXJnZXQlM0QlMjJfYmxhbmslMjIlM0VMJUMzJUFEbmVhcyUyMERpcmVjdHJpY2VzJTIwTWVkaW9hbWJpZW50YWxlcyUzQyUyRmElM0UlM0MlMkZsaSUzRSUwQSUwOSUzQ2xpJTNFJTNDaSUyMGNsYXNzJTNEJTIyRGVmYXVsdHMtY2hlY2slMjIlM0UlM0MlMkZpJTNFR3UlQzMlQURhJTIwZGUlMjBVc3VhcmlvcyUyMGRlJTIwbG9zJTIwU2lzdGVtYXMlMjBkZSUyMEluZm9ybWFjaSVDMyVCM24lM0MlMkZsaSUzRSUwQSUwOSUzQ2xpJTNFJTNDaSUyMGNsYXNzJTNEJTIyRGVmYXVsdHMtY2hlY2slMjIlM0UlM0MlMkZpJTNFUG9sJUMzJUFEdGljYSUyMEdlbmVyYWwlMjBkZSUyMENpYmVyc2VndXJpZGFkJTNDJTJGbGklM0UlMEElMDklM0NsaSUzRSUzQ2klMjBjbGFzcyUzRCUyMkRlZmF1bHRzLWNoZWNrJTIyJTNFJTNDJTJGaSUzRSUzQ2ElMjBocmVmJTNEJTIyaHR0cHMlM0ElMkYlMkZ3d3cuaW1lc2FwaS5jb20lMkZlcyUyRmN1bXBsaW1pZW50by1jb3Jwb3JhdGl2by1tZWRpZGFzLWZ1bmRhbWVudGFsZXMtZS1pbmVsdWRpYmxlcy1tYXRlcmlhLXNhbHVkLXNlZ3VyaWRhZC10cmFiYWpvJTIyJTIwdGFyZ2V0JTNEJTIyX2JsYW5rJTIyJTNFTWVkaWRhcyUyMGZ1bmRhbWVudGFsZXMlMjBlJTIwaW5lbHVkaWJsZXMlMjBlbiUyMG1hdGVyaWElMjBkZSUyMFNhbHVkJTIweSUyMFNlZ3VyaWRhZCUyMGVuJTIwZWwlMjBUcmFiYWpvJTNDJTJGYSUzRSUzQyUyRmxpJTNFJTBBJTNDJTJGdWwlM0U=[\/vc_raw_html][\/vc_column][\/vc_row][vc_row type=\u00bbvc_default\u00bb content_placement=\u00bbmiddle\u00bb el_class=\u00bbnormativa\u00bb][vc_column animation=\u00bbfadeIn\u00bb][vc_custom_heading text=\u00bbProtocolos de COBRA, S.C.E.\u00bb font_container=\u00bbtag:h4|text_align:left|color:%23003575&#8243; use_theme_fonts=\u00bbyes\u00bb css=\u00bb.vc_custom_1661332469683{padding-bottom: 35px !important;}\u00bb el_class=\u00bbcompliance-title\u00bb][\/vc_column][\/vc_row][vc_row el_class=\u00bbnormativa\u00bb][vc_column][vc_raw_html el_class=\u00bbcompliance-list\u00bb]JTNDdWwlM0UlMEElMDklM0NsaSUzRSUzQ2klMjBjbGFzcyUzRCUyMkRlZmF1bHRzLWNoZWNrJTIyJTNFJTNDJTJGaSUzRVByb3RvY29sbyUyME1hcmNvJTNDJTJGbGklM0UlMEElMDklM0NsaSUzRSUzQ2klMjBjbGFzcyUzRCUyMkRlZmF1bHRzLWNoZWNrJTIyJTNFJTNDJTJGaSUzRVByb3RvY29sbyUyMGRlJTIwQ3VtcGxpbWllbnRvJTIwTm9ybWF0aXZvJTNDJTJGbGklM0UlMEElMDklM0NsaSUzRSUzQ2klMjBjbGFzcyUzRCUyMkRlZmF1bHRzLWNoZWNrJTIyJTNFJTNDJTJGaSUzRVByb3RvY29sbyUyMGRlJTIwQ29tdW5pY2FjaSVDMyVCM24lMjBkZSUyMEhlY2hvcyUyMFN1cHVlc3RhbWVudGUlMjBJcnJlZ3VsYXJlcyUzQyUyRmxpJTNFJTBBJTA5JTNDbGklM0UlM0NpJTIwY2xhc3MlM0QlMjJEZWZhdWx0cy1jaGVjayUyMiUzRSUzQyUyRmklM0VQcm90b2NvbG8lMjBkZSUyMEFjdGl2YWNpJUMzJUIzbiUyMGRlbCUyMFByb2NlZGltaWVudG8lMjBkZSUyMERlZmVuc2ElMjBDb3Jwb3JhdGl2YSUzQyUyRmxpJTNFJTBBJTA5JTNDbGklM0UlM0NpJTIwY2xhc3MlM0QlMjJEZWZhdWx0cy1jaGVjayUyMiUzRSUzQyUyRmklM0VQcm90b2NvbG8lMjBzb2JyZSUyMEZvcm1hY2klQzMlQjNuJTIwZGUlMjBsb3MlMjBQcm9mZXNpb25hbGVzJTIwZW4lMjBjdWVzdGlvbmVzJTIwZGUlMjBDdW1wbGltaWVudG8lMjBOb3JtYXRpdm8lM0MlMkZsaSUzRSUwQSUwOSUzQ2xpJTNFJTNDaSUyMGNsYXNzJTNEJTIyRGVmYXVsdHMtY2hlY2slMjIlM0UlM0MlMkZpJTNFRXN0YXR1dG8lMjBkZWwlMjAlQzMlOTNyZ2FubyUyMGRlJTIwQ3VtcGxpbWllbnRvJTIwTm9ybWF0aXZvJTIwLSUyMFByb3RvY29sbyUyMHNvYnJlJTIwZWwlMjBwZXJmaWwlMkMlMjBleHBlcmllbmNpYSUyMHklMjB1YmljYWNpJUMzJUIzbiUyMG9yZyVDMyVBMW5pY2ElMjBkZWwlMjAlQzMlOTNyZ2FubyUyMGRlJTIwQ3VtcGxpbWllbnRvJTIwTm9ybWF0aXZvJTJDJTIwZGVsJTIwUmVzcG9uc2FibGUlMjBkZSUyMEN1bXBsaW1pZW50byUyMENvcnBvcmF0aXZvJTIweSUyMGRlbCUyMERlbGVnYWRvJTIwZGUlMjBDdW1wbGltaWVudG8lMjBDb3Jwb3JhdGl2byUzQyUyRmxpJTNFJTBBJTA5JTNDbGklM0UlM0NpJTIwY2xhc3MlM0QlMjJEZWZhdWx0cy1jaGVjayUyMiUzRSUzQyUyRmklM0VQcm90b2NvbG8lMjBkZSUyMFBvbCVDMyVBRHRpY2FzJTIwRXNlbmNpYWxlcyUzQyUyRmxpJTNFJTBBJTA5JTNDbGklM0UlM0NpJTIwY2xhc3MlM0QlMjJEZWZhdWx0cy1jaGVjayUyMiUzRSUzQyUyRmklM0VDYXQlQzMlQTFsb2dvJTIwZGUlMjBDb25kdWN0YXMlMjBQcm9oaWJpZGFzJTIweSUyMFBhciVDMyVBMW1ldHJvcyUyMGRlJTIwQ29tcG9ydGFtaWVudG9zJTIwRXNwZXJhZG9zJTNDJTJGbGklM0UlMDklMEElMDklM0NsaSUzRSUzQ2klMjBjbGFzcyUzRCUyMkRlZmF1bHRzLWNoZWNrJTIyJTNFJTNDJTJGaSUzRSUzQ2ElMjBocmVmJTNEJTIyaHR0cHMlM0ElMkYlMkZ3d3cuaW1lc2FwaS5jb20lMkZlcyUyRmN1bXBsaW1pZW50by1jb3Jwb3JhdGl2by1jb2RpZ28tY29uZHVjdGEtc29jaW9zLW5lZ29jaW8lMjIlMjB0YXJnZXQlM0QlMjJfYmxhbmslMjIlM0VDJUMzJUIzZGlnbyUyMGRlJTIwQ29uZHVjdGElMjBwYXJhJTIwU29jaW9zJTIwZGUlMjBOZWdvY2lvJTNDJTJGYSUzRSUzQyUyRmxpJTNFJTBBJTA5JTNDbGklM0UlM0NpJTIwY2xhc3MlM0QlMjJEZWZhdWx0cy1jaGVjayUyMiUzRSUzQyUyRmklM0UlM0NhJTIwaHJlZiUzRCUyMmh0dHBzJTNBJTJGJTJGd3d3LmltZXNhcGkuY29tJTJGZXMlMkZjdW1wbGltaWVudG8tY29ycG9yYXRpdm8tcHJvdG9jb2xvLWN1bXBsaW1pZW50by1sYS1ub3JtYXRpdmEtZGVmZW5zYS1sYS1jb21wZXRlbmNpYSUyMiUyMHRhcmdldCUzRCUyMl9ibGFuayUyMiUzRVByb3RvY29sbyUyMGRlJTIwQ3VtcGxpbWllbnRvJTIwZGUlMjBsYSUyME5vcm1hdGl2YSUyMGRlJTIwRGVmZW5zYSUyMGRlJTIwbGElMjBDb21wZXRlbmNpYSUzQyUyRmElM0UlM0MlMkZsaSUzRSUwQSUwOSUzQ2xpJTNFJTNDaSUyMGNsYXNzJTNEJTIyRGVmYXVsdHMtY2hlY2slMjIlM0UlM0MlMkZpJTNFR2VzdGklQzMlQjNuJTIwZGUlMjBsYXMlMjByZWxhY2lvbmVzJTIwY29uJTIwQWRtaW5pc3RyYWNpb25lcyUyMFAlQzMlQkFibGljYXMlMjB5JTIwRnVuY2lvbmFyaW9zJTNDJTJGbGklM0UlMEElMDklM0NsaSUzRSUzQ2klMjBjbGFzcyUzRCUyMkRlZmF1bHRzLWNoZWNrJTIyJTNFJTNDJTJGaSUzRVBhZ29zJTIwZGUlMjBGYWNpbGl0YWNpJUMzJUIzbiUzQyUyRmxpJTNFJTBBJTA5JTNDbGklM0UlM0NpJTIwY2xhc3MlM0QlMjJEZWZhdWx0cy1jaGVjayUyMiUzRSUzQyUyRmklM0VQb2wlQzMlQUR0aWNhJTIwZGUlMjBzb3N0ZW5pYmlsaWRhZCUzQyUyRmxpJTNFJTBBJTNDJTJGdWwlM0U=[\/vc_raw_html][\/vc_column][\/vc_row][vc_row el_class=\u00bbnormativa\u00bb][vc_column][vc_custom_heading text=\u00bbInstrucciones de R\u00e9gimen Interior de COBRA , S.C.E.\u00bb font_container=\u00bbtag:h4|text_align:left|color:%23003575&#8243; use_theme_fonts=\u00bbyes\u00bb css=\u00bb.vc_custom_1661332477587{padding-bottom: 35px !important;}\u00bb el_class=\u00bbcompliance-title\u00bb][vc_custom_heading text=\u00bbPlan de Prevenci\u00f3n de Delitos y sus Pol\u00edticas del Grupo IMESAPI.\u00bb font_container=\u00bbtag:h4|text_align:left|color:%23003575&#8243; use_theme_fonts=\u00bbyes\u00bb css=\u00bb.vc_custom_1661332484714{padding-bottom: 35px !important;}\u00bb el_class=\u00bbcompliance-title\u00bb][vc_raw_html el_class=\u00bbcompliance-list\u00bb]JTNDdWwlM0UlMEElMDklM0NsaSUzRSUzQ2klMjBjbGFzcyUzRCUyMkRlZmF1bHRzLWNoZWNrJTIyJTNFJTNDJTJGaSUzRSUzQ2ElMjBocmVmJTNEJTIyaHR0cHMlM0ElMkYlMkZ3d3cuaW1lc2FwaS5jb20lMkZlcyUyRmN1bXBsaW1pZW50by1jb3Jwb3JhdGl2by1wb2xpdGljYS1jdW1wbGltaWVudG8tbm9ybWF0aXZvLWFudGlzb2Jvcm5vLWNvbmR1Y3Rhcy1jb250cmFyaWFzLWFsLWRlcmVjaG8tZGVmZW5zYS1sYS1jb21wZXRlbmNpYSUyMiUyMHRhcmdldCUzRCUyMl9ibGFuayUyMiUzRVBvbCVDMyVBRHRpY2ElMjBkZSUyMEN1bXBsaW1pZW50byUyME5vcm1hdGl2byUyQyUyMEFudGlzb2Jvcm5vJTIweSUyMENvbmR1Y3RhcyUyMENvbnRyYXJpYXMlMjBhbCUyMGRlcmVjaG8lMjBkZSUyMERlZmVuc2ElMjBkZSUyMGxhJTIwQ29tcGV0ZW5jaWElM0MlMkZhJTNFJTNDJTJGbGklM0UlMEElMDklM0NsaSUzRSUzQ2klMjBjbGFzcyUzRCUyMkRlZmF1bHRzLWNoZWNrJTIyJTNFJTNDJTJGaSUzRVBvbCVDMyVBRHRpY2ElMjBzb2JyZSUyMFByZXZlbmNpJUMzJUIzbiUyMGRlbCUyMEJsYW5xdWVvJTIwZGUlMjBDYXBpdGFsZXMlMjB5JTIwRmluYW5jaWFjaSVDMyVCM24lMjBkZWwlMjBUZXJyb3Jpc21vJTNDJTJGbGklM0UlMEElMDklM0NsaSUzRSUzQ2klMjBjbGFzcyUzRCUyMkRlZmF1bHRzLWNoZWNrJTIyJTNFJTNDJTJGaSUzRVBvbCVDMyVBRHRpY2ElMjBBbnRpY29ycnVwY2klQzMlQjNuJTNDJTJGbGklM0UlMEElMDklM0NsaSUzRSUzQ2klMjBjbGFzcyUzRCUyMkRlZmF1bHRzLWNoZWNrJTIyJTNFJTNDJTJGaSUzRVBvbCVDMyVBRHRpY2ElMjBzb2JyZSUyMENvcnRlcyVDMyVBRGFzJTIwUHJvZmVzaW9uYWxlcyUzQyUyRmxpJTNFJTBBJTA5JTNDbGklM0UlM0NpJTIwY2xhc3MlM0QlMjJEZWZhdWx0cy1jaGVjayUyMiUzRSUzQyUyRmklM0VQb2wlQzMlQUR0aWNhJTIwZGUlMjBQcm90ZWNjaSVDMyVCM24lMjBkZSUyMGRlcmVjaG9zJTIwZGUlMjBQcm9waWVkYWQlMjBJbmR1c3RyaWFsJTIwZSUyMEludGVsZWN0dWFsJTNDJTJGbGklM0UlMEElMDklM0NsaSUzRSUzQ2klMjBjbGFzcyUzRCUyMkRlZmF1bHRzLWNoZWNrJTIyJTNFJTNDJTJGaSUzRVBvbCVDMyVBRHRpY2ElMjBkZSUyMFByb3RlY2NpJUMzJUIzbiUyMGRlJTIwRGF0b3MlMjB5JTIwdHJhdGFtaWVudG8lMjBkZSUyMEluZm9ybWFjaSVDMyVCM24lMjBDb25maWRlbmNpYWwlMjB5JTIwU2Vuc2libGUlM0MlMkZsaSUzRSUwQSUwOSUzQ2xpJTNFJTNDaSUyMGNsYXNzJTNEJTIyRGVmYXVsdHMtY2hlY2slMjIlM0UlM0MlMkZpJTNFUG9sJUMzJUFEdGljYSUyMGRlJTIwZGlsaWdlbmNpYSUyMGRlYmlkYSUyMGVuJTIwbWF0ZXJpYSUyMGRlJTIwRGVyZWNob3MlMjBIdW1hbm9zJTNDJTJGbGklM0UlMEElMDklM0NsaSUzRSUzQ2klMjBjbGFzcyUzRCUyMkRlZmF1bHRzLWNoZWNrJTIyJTNFJTNDJTJGaSUzRVBvbCVDMyVBRHRpY2ElMjBkZSUyMHByZXZlbmNpJUMzJUIzbiUyQyUyMGRldGVjY2klQzMlQjNuJTIweSUyMGFjdHVhY2klQzMlQjNuJTIwZnJlbnRlJTIwYWwlMjBBY29zbyUyMExhYm9yYWwlM0MlMkZsaSUzRSUwQSUwOSUzQ2xpJTNFJTNDaSUyMGNsYXNzJTNEJTIyRGVmYXVsdHMtY2hlY2slMjIlM0UlM0MlMkZpJTNFUHJvdG9jb2xvJTIwcGFyYSUyMGxhJTIwcHJldmVuY2klQzMlQjNuJTJDJTIwZGV0ZWNjaSVDMyVCM24lMjB5JTIwYWN0dWFjaSVDMyVCM24lMjBhbnRlJTIwc2l0dWFjaW9uZXMlMjBkZSUyMGFjb3NvJTIwc2V4dWFsJTIweSUyMGFjb3NvJTIwcG9yJTIwcmF6JUMzJUIzbiUyMGRlJTIwc2V4byUyMGVuJTIwSU1FU0FQSSUyMFMuQS4lM0MlMkZsaSUzRSUwQSUzQyUyRnVsJTNF[\/vc_raw_html][vc_column_text]Cualquier persona que tenga conocimiento o sospecha de alguna infracci\u00f3n, acci\u00f3n ilegal, comportamiento inadecuado, etc. podr\u00e1 utilizar, adem\u00e1s del reporte al Responsable de Cumplimiento Corporativo, los siguientes medios habilitados.[\/vc_column_text][vc_column_text el_class=\u00bbcontact-data\u00bb]<\/p>\n<ul class=\"pie\">\n<li><i class=\"Defaults-check\"><\/i> Plataforma digital <a href=\"https:\/\/eur04.safelinks.protection.outlook.com\/?url=https%3A%2F%2Fcobrais.integrityline.com%2F&amp;data=05%7C01%7Crlopezsanchez%40grupocobra.com%7C064db33f8d964612702708da32710ae5%7Ccaec34b8bf954894afcf1364d9f54752%7C0%7C0%7C637877758341404172%7CUnknown%7CTWFpbGZsb3d8eyJWIjoiMC4wLjAwMDAiLCJQIjoiV2luMzIiLCJBTiI6Ik1haWwiLCJXVCI6Mn0%3D%7C3000%7C%7C%7C&amp;sdata=c%2BvuJQJgGfOC4JRNDCQzgQZkT16ng6wdz2tCIMgukd8%3D&amp;reserved=0\" target=\"_blank\" rel=\"noopener\"><strong>https:\/\/cobrais.integrityline.com<\/strong><\/a><\/li>\n<li><i class=\"Defaults-check\"><\/i>L\u00ednea telef\u00f3nica:\n<ul class=\"linea-telefonica\">\n<li><strong class=\"spain\">Espa\u00f1a: +34 910 477 636 (Ext 9756)<\/strong><\/li>\n<li><strong class=\"mexico\">M\u00e9xico: +52 5 571 002 193 (Ext 9756)<\/strong><\/li>\n<\/ul>\n<\/li>\n<li><i class=\"Defaults-check\"><\/i>Correo postal a la atenci\u00f3n del Responsable de Cumplimiento Corporativo, Calle V\u00eda de los Poblados, 9-11 Parque Empresarial Trian\u00f3n &#8211; Edificio C 28033 Madrid<\/li>\n<\/ul>\n<p>[\/vc_column_text][vc_column_text]Estos medios son tanto una v\u00eda de denuncia de cualquier incumplimiento de la legislaci\u00f3n y\/o de la normativa interna, como un medio para la resoluci\u00f3n de una consulta que se pueda plantear en el desarrollo de la actividad de la organizaci\u00f3n, asegur\u00e1ndose en todo momento la confidencialidad del asunto tratado y la ausencia de represalias por la presentaci\u00f3n de una denuncia.[\/vc_column_text][vc_separator color=\u00bbcustom\u00bb css=\u00bb.vc_custom_1557486197379{margin-bottom: 10px !important;}\u00bb accent_color=\u00bbrgba(0,53,117,0.2)\u00bb][vc_column_text el_class=\u00bbsmall\u00bb]Todas aquellas personas que de buena fe transmitan sus comunicaciones estar\u00e1n protegidas contra cualquier tipo de discriminaci\u00f3n, represalia o penalizaci\u00f3n con motivo de las mismas. Las denuncias falsas o difamatorias ser\u00e1n objeto de sanci\u00f3n disciplinaria de acuerdo con los procedimientos internos, convenios y normativa legal aplicables. Se garantizar\u00e1 la confidencialidad de la identidad del denunciante. No se divulgar\u00e1 la identidad del denunciante a terceros, ni a la persona denunciada ni a los mandos directivos, a excepci\u00f3n de que sea necesaria su divulgaci\u00f3n a las personas pertinentes implicadas en cualquier investigaci\u00f3n posterior o procedimiento judicial incoado como consecuencia de la investigaci\u00f3n llevada a cabo por el Sistema de Gesti\u00f3n de Cumplimiento Normativo. En cumplimiento de lo previsto en la normativa aplicable de Protecci\u00f3n de Datos de Car\u00e1cter Personal, se informa de que los que se recojan a trav\u00e9s del presente Canal \u00c9tico ser\u00e1n tratados por Grupo IMESAPI, con la finalidad de tramitar las correspondientes denuncias y consultas, de conformidad con lo establecido en el Programa de Cumplimiento Corporativo y la normativa interna. La base de legitimaci\u00f3n de este tratamiento es el consentimiento del interesado al remitir voluntariamente la informaci\u00f3n. Los datos se conservar\u00e1n mientras dure la investigaci\u00f3n y no se solicite su supresi\u00f3n y, en cualquier caso, en cumplimiento de los plazos legales de prescripci\u00f3n que resulten de aplicaci\u00f3n. La informaci\u00f3n recibida podr\u00e1 ser cedida a las sociedades de Grupo IMESAPI que correspondan en caso de ser necesario para el objeto de la investigaci\u00f3n. Puede consultar las sociedades de Grupo IMESAPI en cualquier registro oficial de informaci\u00f3n. Igualmente, se informa de que, en todo caso, el interesado podr\u00e1 en cualquier momento ejercitar los derechos de acceso, recti\ufb01caci\u00f3n, supresi\u00f3n, portabilidad, limitaci\u00f3n u oposici\u00f3n dirigi\u00e9ndose por escrito a la direcci\u00f3n calle V\u00eda de los Poblados, 9-11 Parque Empresarial Trian\u00f3n \u2013 Edificio C 28033 Madrid.[\/vc_column_text][\/vc_column][\/vc_row]<\/p>\n<\/div>","protected":false},"excerpt":{"rendered":"<p>[vc_row type=\u00bbvc_default\u00bb content_placement=\u00bbmiddle\u00bb el_class=\u00bbhack-sm-12&#8243;][vc_column animation=\u00bbfadeIn\u00bb][vc_row_inner css=\u00bb.vc_custom_1661332417882{padding-bottom: 0px !important;}\u00bb el_class=\u00bbnormativa\u00bb][vc_column_inner][vc_custom_heading text=\u00bbPrograma de Cumplimiento Corporativo\u00bb font_container=\u00bbtag:h4|text_align:left|color:%23003575&#8243; use_theme_fonts=\u00bbyes\u00bb css=\u00bb.vc_custom_1661332453204{padding-bottom: 35px !important;}\u00bb el_class=\u00bbcompliance-title\u00bb][vc_column_text el_class=\u00bbjustify\u00bb] La organizaci\u00f3n asume grandes compromisos con el cumplimiento de los m\u00e1s altos est\u00e1ndares de \u00e9tica corporativa, disponiendo de un Programa de Cumplimiento Corporativo desde el 30 de marzo de 2017, el cual se revisa peri\u00f3dicamente&hellip;<\/p>\n","protected":false},"author":1,"featured_media":0,"parent":0,"menu_order":5,"comment_status":"closed","ping_status":"closed","template":"","meta":[],"class_list":["post-6087","page","type-page","status-publish","hentry","description-off"],"_links":{"self":[{"href":"https:\/\/www.grupoimesapi.es\/es\/wp-json\/wp\/v2\/pages\/6087","targetHints":{"allow":["GET"]}}],"collection":[{"href":"https:\/\/www.grupoimesapi.es\/es\/wp-json\/wp\/v2\/pages"}],"about":[{"href":"https:\/\/www.grupoimesapi.es\/es\/wp-json\/wp\/v2\/types\/page"}],"author":[{"embeddable":true,"href":"https:\/\/www.grupoimesapi.es\/es\/wp-json\/wp\/v2\/users\/1"}],"replies":[{"embeddable":true,"href":"https:\/\/www.grupoimesapi.es\/es\/wp-json\/wp\/v2\/comments?post=6087"}],"version-history":[{"count":0,"href":"https:\/\/www.grupoimesapi.es\/es\/wp-json\/wp\/v2\/pages\/6087\/revisions"}],"wp:attachment":[{"href":"https:\/\/www.grupoimesapi.es\/es\/wp-json\/wp\/v2\/media?parent=6087"}],"curies":[{"name":"wp","href":"https:\/\/api.w.org\/{rel}","templated":true}]}}