{"id":608,"date":"2016-01-20T12:18:24","date_gmt":"2016-01-20T12:18:24","guid":{"rendered":"http:\/\/grupoimesapi.es\/?page_id=608"},"modified":"2026-01-23T06:44:10","modified_gmt":"2026-01-23T06:44:10","slug":"conservacion-y-medio-ambiente","status":"publish","type":"page","link":"https:\/\/www.grupoimesapi.es\/es\/areas-de-negocio\/conservacion-y-medio-ambiente\/","title":{"rendered":"Conservaci\u00f3n y Medio Ambiente"},"content":{"rendered":"<div class=\"wpb-content-wrapper\"><p><\/p>\n<p>[vc_row margin_bottom=\u00bb32px\u00bb][vc_column][vc_custom_heading text=\u00bbConservaci\u00f3n y Medio Ambiente\u00bb font_container=\u00bbtag:h1|text_align:left|color:%2300247c\u00bb use_theme_fonts=\u00bbyes\u00bb]<div class=\"hr-thin style-line\" style=\"width: 100%;border-color: #00247c;border-top-width: 1px;\"><\/div>[vc_empty_space height=\u00bb16px\u00bb][vc_column_text]<\/p>\n<p style=\"text-align: justify;\">La Divisi\u00f3n de Conservaci\u00f3n y Medio ambiente de Grupo ImesAPI unifica bajo una misma Direcci\u00f3n la ejecuci\u00f3n de diversos contratos de servicios y obras para los sectores de Carreteras, Medioambiente, Saneamiento y Edificaci\u00f3n. El nombre de la Divisi\u00f3n remarca que el principal negocio gestionado es la conservaci\u00f3n de las infraestructuras.<\/p>\n<p>[\/vc_column_text][\/vc_column][\/vc_row][vc_row margin_bottom=\u00bb32&#8243; anchor=\u00bbactividades\u00bb][vc_column][vc_custom_heading text=\u00bb\u00c1reas de Servicio\u00bb font_container=\u00bbtag:h2|text_align:left|color:%2300247c\u00bb use_theme_fonts=\u00bbyes\u00bb]<div class=\"hr-thin style-line\" style=\"width: 100%;border-top-width: 1px;\"><\/div>[vc_empty_space][vc_row_inner el_class=\u00bbcircle-icon-link\u00bb][vc_column_inner width=\u00bb1\/3&#8243;][vc_single_image image=\u00bb6834&#8243; img_size=\u00bbmedium\u00bb alignment=\u00bbcenter\u00bb onclick=\u00bbcustom_link\u00bb img_link_target=\u00bb_blank\u00bb image_hovers=\u00bbfalse\u00bb link=\u00bbhttp:\/\/grupoimesapi.es\/conservacion-medio-ambiente\/carreteras\/\u00bb][vc_custom_heading text=\u00bbCarreteras\u00bb font_container=\u00bbtag:h3|font_size:22px|text_align:center|color:%2300237d|line_height:30px\u00bb use_theme_fonts=\u00bbyes\u00bb link=\u00bburl:http%3A%2F%2Fimesapi.es%2Fconservacion-medio-ambiente%2Fcarreteras%2F||target:%20_blank|\u00bb css=\u00bb.vc_custom_1769087597386{margin-top: 12px !important;}\u00bb][\/vc_column_inner][vc_column_inner width=\u00bb1\/3&#8243;][vc_single_image image=\u00bb6837&#8243; img_size=\u00bbmedium\u00bb alignment=\u00bbcenter\u00bb onclick=\u00bbcustom_link\u00bb img_link_target=\u00bb_blank\u00bb image_hovers=\u00bbfalse\u00bb link=\u00bbhttp:\/\/grupoimesapi.es\/actividades\/rehabilitacion-espacios-urbanos\/\u00bb][vc_custom_heading text=\u00bbRehabilitaci\u00f3n de Espacios Urbanos\u00bb font_container=\u00bbtag:h3|font_size:22px|text_align:center|color:%2300237d|line_height:30px\u00bb use_theme_fonts=\u00bbyes\u00bb link=\u00bburl:http%3A%2F%2Fimesapi.es%2Fconservacion-medio-ambiente%2Frehabilitacion-espacios-urbanos%2F||target:%20_blank|\u00bb css=\u00bb.vc_custom_1769087608756{margin-top: 12px !important;}\u00bb][\/vc_column_inner][vc_column_inner width=\u00bb1\/3&#8243;][vc_single_image image=\u00bb6838&#8243; img_size=\u00bbmedium\u00bb alignment=\u00bbcenter\u00bb onclick=\u00bbcustom_link\u00bb img_link_target=\u00bb_blank\u00bb image_hovers=\u00bbfalse\u00bb link=\u00bbhttp:\/\/grupoimesapi.es\/conservacion-medio-ambiente\/abastecimiento-y-saneamiento\/\u00bb el_class=\u00bbimg-no-deform\u00bb][vc_custom_heading text=\u00bbAbastecimiento y Saneamiento\u00bb font_container=\u00bbtag:h3|font_size:22px|text_align:center|color:%2300237d|line_height:30px\u00bb use_theme_fonts=\u00bbyes\u00bb link=\u00bburl:http%3A%2F%2Fimesapi.es%2Fconservacion-medio-ambiente%2Fabastecimiento-y-saneamiento%2F||target:%20_blank|\u00bb css=\u00bb.vc_custom_1769150608885{margin-top: 12px !important;}\u00bb][\/vc_column_inner][\/vc_row_inner][vc_row_inner el_class=\u00bbcircle-icon-link\u00bb css=\u00bb.vc_custom_1556030734486{margin-top: 30px !important;}\u00bb][vc_column_inner width=\u00bb1\/2&#8243;][vc_single_image image=\u00bb6836&#8243; img_size=\u00bbmedium\u00bb alignment=\u00bbcenter\u00bb onclick=\u00bbcustom_link\u00bb img_link_target=\u00bb_blank\u00bb image_hovers=\u00bbfalse\u00bb link=\u00bbhttp:\/\/grupoimesapi.es\/actividades\/medio-ambiente\/\u00bb][vc_custom_heading text=\u00bbMedio Ambiente\u00bb font_container=\u00bbtag:h3|font_size:22px|text_align:center|color:%2300237d|line_height:30px\u00bb use_theme_fonts=\u00bbyes\u00bb link=\u00bburl:http%3A%2F%2Fimesapi.es%2Fconservacion-medio-ambiente%2Fmedio-ambiente%2F||target:%20_blank|\u00bb css=\u00bb.vc_custom_1769087638058{margin-top: 12px !important;}\u00bb][\/vc_column_inner][vc_column_inner width=\u00bb1\/2&#8243;][vc_single_image image=\u00bb6835&#8243; img_size=\u00bbmedium\u00bb alignment=\u00bbcenter\u00bb onclick=\u00bbcustom_link\u00bb img_link_target=\u00bb_blank\u00bb image_hovers=\u00bbfalse\u00bb link=\u00bbhttp:\/\/grupoimesapi.es\/conservacion-medio-ambiente\/edificacion-y-construccion\/\u00bb][vc_custom_heading text=\u00bbConstrucci\u00f3n y Edificaci\u00f3n\u00bb font_container=\u00bbtag:h3|font_size:22px|text_align:center|color:%2300237d|line_height:30px\u00bb use_theme_fonts=\u00bbyes\u00bb link=\u00bburl:http%3A%2F%2Fimesapi.es%2Fconservacion-medio-ambiente%2Fedificacion-y-construccion%2F||target:%20_blank|\u00bb css=\u00bb.vc_custom_1769087656387{margin-top: 12px !important;}\u00bb][\/vc_column_inner][\/vc_row_inner][\/vc_column][\/vc_row][vc_row margin_bottom=\u00bb32&#8243; anchor=\u00bbactividades\u00bb][vc_column][vc_row_inner disable_element=\u00bbyes\u00bb][vc_column_inner]<div class=\"ult-ih-container ult-adjust-bottom-margin  \" >\t<ul class=\"ult-ih-list \"  data-shape=\"circle\"  data-width=\"210\"  data-height=\"210\"  style=\"text-align:center; \"><li id=\"ult-ih-list-item-3751\" class=\"ult-ih-list-item\" style=\"height: 210px; width: 210px;  margin: 5px\"><a class=\"ult-ih-link\" href=\"http:\/\/imesapi.es\/actividades\/carreteras\/\" title=\"Carreteras\" target=\"_blank\" rel=\"noopener\"  ><div style=\"height: 210px; width: 210px; \" class=\"ult-ih-item ult-ih-effect6   ult-ih-scale_up \"><div class=\"ult-ih-image-block\" style=\"height: 210px; width: 210px; \">\t<div class=\"ult-ih-wrapper\" style=\"border-style: solid; border-color: rgba(255,255,255,0.2); border-width: 20px;\"><\/div>\t<img decoding=\"async\" class=\"ult-ih-image\" src=\"https:\/\/www.grupoimesapi.es\/wp-content\/uploads\/2016\/01\/carreteras_253.jpg\" alt=\"null\"><\/div><div class=\"ult-ih-info\" style=\"background-color: #03227c; \">\t<div class=\"ult-ih-info-back\">\t<div class=\"ult-ih-content\">\t\t\t<div class=\"ult-ih-heading-block\" style=\"\">\t\t\t\t<h3 class=\"ult-ih-heading ult-responsive\" style=\"font-family:&#039;Open Sans&#039;;font-weight:300;color:#ffffff;\"  data-ultimate-target='#ult-ih-list-item-3751 .ult-ih-heading'  data-responsive-json-new='{\"font-size\":\"desktop:21px;\",\"line-height\":\"desktop:23px;\"}' >Carreteras<\/h3>\t\t\t<\/div>\t\t\t<div class=\"ult-ih-divider-block\" style=\"height:1px;\">\t\t\t\t<span class=\"ult-ih-line\" style=\"border-style:none;border-color:rgba(255,255,255,0.75);width:100px;border-width:1px;\"><\/span>\t\t\t<\/div>\t\t\t<div class=\"ult-ih-description-block\" style=\"\">\t\t\t\t<div class=\"ult-ih-description ult-responsive\" style=\"font-family:&#039;Open Sans&#039;;font-weight:700;color:#ffffff;\"  data-ultimate-target='#ult-ih-list-item-3751 .ult-ih-description, #ult-ih-list-item-3751 .ult-ih-description p'  data-responsive-json-new='{\"font-size\":\"desktop:10px;\",\"line-height\":\"desktop:12px;\"}' >\t\t\t\t<\/div>\t\t\t<\/div>\t<\/div>\t<\/div><\/div><\/div><\/a><\/li><li id=\"ult-ih-list-item-4636\" class=\"ult-ih-list-item\" style=\"height: 210px; width: 210px;  margin: 5px\"><a class=\"ult-ih-link\" href=\"http:\/\/imesapi.es\/actividades\/ingenieria-vial\/\" title=\"Ingenier\u00eda Vial\" target=\"_blank\" rel=\"noopener\"  ><div style=\"height: 210px; width: 210px; \" class=\"ult-ih-item ult-ih-effect6   ult-ih-scale_up \"><div class=\"ult-ih-image-block\" style=\"height: 210px; width: 210px; \">\t<div class=\"ult-ih-wrapper\" style=\"border-style: solid; border-color: rgba(255,255,255,0.2); border-width: 20px;\"><\/div>\t<img decoding=\"async\" class=\"ult-ih-image\" src=\"https:\/\/www.grupoimesapi.es\/wp-content\/uploads\/2016\/01\/ingenieriavial_250.jpg\" alt=\"null\"><\/div><div class=\"ult-ih-info\" style=\"background-color: #03227c; \">\t<div class=\"ult-ih-info-back\">\t<div class=\"ult-ih-content\">\t\t\t<div class=\"ult-ih-heading-block\" style=\"\">\t\t\t\t<h3 class=\"ult-ih-heading ult-responsive\" style=\"font-family:&#039;Open Sans&#039;;font-weight:300;color:#ffffff;\"  data-ultimate-target='#ult-ih-list-item-4636 .ult-ih-heading'  data-responsive-json-new='{\"font-size\":\"desktop:21px;\",\"line-height\":\"desktop:23px;\"}' >Ingenier\u00eda Vial<\/h3>\t\t\t<\/div>\t\t\t<div class=\"ult-ih-divider-block\" style=\"height:1px;\">\t\t\t\t<span class=\"ult-ih-line\" style=\"border-style:none;border-color:rgba(255,255,255,0.75);width:100px;border-width:1px;\"><\/span>\t\t\t<\/div>\t\t\t<div class=\"ult-ih-description-block\" style=\"\">\t\t\t\t<div class=\"ult-ih-description ult-responsive\" style=\"font-family:&#039;Open Sans&#039;;font-weight:700;color:#ffffff;\"  data-ultimate-target='#ult-ih-list-item-4636 .ult-ih-description, #ult-ih-list-item-4636 .ult-ih-description p'  data-responsive-json-new='{\"font-size\":\"desktop:10px;\",\"line-height\":\"desktop:12px;\"}' >\t\t\t\t<\/div>\t\t\t<\/div>\t<\/div>\t<\/div><\/div><\/div><\/a><\/li><li id=\"ult-ih-list-item-5847\" class=\"ult-ih-list-item\" style=\"height: 210px; width: 210px;  margin: 5px\"><a class=\"ult-ih-link\" href=\"http:\/\/imesapi.es\/actividades\/rehabilitacion-espacios-urbanos\/\" title=\"Rehabilitaci\u00f3n de Espacios Urbanos\" target=\"_blank\" rel=\"noopener\"  ><div style=\"height: 210px; width: 210px; \" class=\"ult-ih-item ult-ih-effect6   ult-ih-scale_up \"><div class=\"ult-ih-image-block\" style=\"height: 210px; width: 210px; \">\t<div class=\"ult-ih-wrapper\" style=\"border-style: solid; border-color: rgba(255,255,255,0.2); border-width: 20px;\"><\/div>\t<img decoding=\"async\" class=\"ult-ih-image\" src=\"https:\/\/www.grupoimesapi.es\/wp-content\/uploads\/2016\/01\/rehab_espacios_urbanos_240.jpg\" alt=\"null\"><\/div><div class=\"ult-ih-info\" style=\"background-color: #03227c; \">\t<div class=\"ult-ih-info-back\">\t<div class=\"ult-ih-content\">\t\t\t<div class=\"ult-ih-heading-block\" style=\"\">\t\t\t\t<h3 class=\"ult-ih-heading ult-responsive\" style=\"font-family:&#039;Open Sans&#039;;font-weight:300;color:#ffffff;\"  data-ultimate-target='#ult-ih-list-item-5847 .ult-ih-heading'  data-responsive-json-new='{\"font-size\":\"desktop:21px;\",\"line-height\":\"desktop:23px;\"}' >Rehabilitaci\u00f3n de Espacios Urbanos<\/h3>\t\t\t<\/div>\t\t\t<div class=\"ult-ih-divider-block\" style=\"height:1px;\">\t\t\t\t<span class=\"ult-ih-line\" style=\"border-style:none;border-color:rgba(255,255,255,0.75);width:100px;border-width:1px;\"><\/span>\t\t\t<\/div>\t\t\t<div class=\"ult-ih-description-block\" style=\"\">\t\t\t\t<div class=\"ult-ih-description ult-responsive\" style=\"font-family:&#039;Open Sans&#039;;font-weight:700;color:#ffffff;\"  data-ultimate-target='#ult-ih-list-item-5847 .ult-ih-description, #ult-ih-list-item-5847 .ult-ih-description p'  data-responsive-json-new='{\"font-size\":\"desktop:9px;\",\"line-height\":\"desktop:11px;\"}' >\t\t\t\t<\/div>\t\t\t<\/div>\t<\/div>\t<\/div><\/div><\/div><\/a><\/li><li id=\"ult-ih-list-item-3012\" class=\"ult-ih-list-item\" style=\"height: 210px; width: 210px;  margin: 5px\"><a class=\"ult-ih-link\" href=\"http:\/\/imesapi.es\/actividades\/abastecimiento-y-saneamiento\/\" title=\"Saneamiento &amp; Abastecimiento\" target=\"_blank\" rel=\"noopener\"  ><div style=\"height: 210px; width: 210px; \" class=\"ult-ih-item ult-ih-effect6   ult-ih-scale_up \"><div class=\"ult-ih-image-block\" style=\"height: 210px; width: 210px; \">\t<div class=\"ult-ih-wrapper\" style=\"border-style: solid; border-color: rgba(255,255,255,0.2); border-width: 20px;\"><\/div>\t<img decoding=\"async\" class=\"ult-ih-image\" src=\"https:\/\/www.grupoimesapi.es\/wp-content\/uploads\/2016\/01\/saneamiento.jpg\" alt=\"null\"><\/div><div class=\"ult-ih-info\" style=\"background-color: #03227c; \">\t<div class=\"ult-ih-info-back\">\t<div class=\"ult-ih-content\">\t\t\t<div class=\"ult-ih-heading-block\" style=\"\">\t\t\t\t<h3 class=\"ult-ih-heading ult-responsive\" style=\"font-family:&#039;Open Sans&#039;;font-weight:300;color:#ffffff;\"  data-ultimate-target='#ult-ih-list-item-3012 .ult-ih-heading'  data-responsive-json-new='{\"font-size\":\"desktop:21px;\",\"line-height\":\"desktop:23px;\"}' >Saneamiento y Abastecimiento<\/h3>\t\t\t<\/div>\t\t\t<div class=\"ult-ih-divider-block\" style=\"height:1px;\">\t\t\t\t<span class=\"ult-ih-line\" style=\"border-style:none;border-color:rgba(255,255,255,0.75);width:100px;border-width:1px;\"><\/span>\t\t\t<\/div>\t\t\t<div class=\"ult-ih-description-block\" style=\"\">\t\t\t\t<div class=\"ult-ih-description ult-responsive\" style=\"font-family:&#039;Open Sans&#039;;font-weight:700;color:#ffffff;\"  data-ultimate-target='#ult-ih-list-item-3012 .ult-ih-description, #ult-ih-list-item-3012 .ult-ih-description p'  data-responsive-json-new='{\"font-size\":\"desktop:10px;\",\"line-height\":\"desktop:12px;\"}' >\t\t\t\t<\/div>\t\t\t<\/div>\t<\/div>\t<\/div><\/div><\/div><\/a><\/li><li id=\"ult-ih-list-item-3945\" class=\"ult-ih-list-item\" style=\"height: 210px; width: 210px;  margin: 5px\"><a class=\"ult-ih-link\" href=\"http:\/\/imesapi.es\/actividades\/medio-ambiente\/\" title=\"Medio Ambiente\" target=\"_blank\" rel=\"noopener\"  ><div style=\"height: 210px; width: 210px; \" class=\"ult-ih-item ult-ih-effect6   ult-ih-scale_up \"><div class=\"ult-ih-image-block\" style=\"height: 210px; width: 210px; \">\t<div class=\"ult-ih-wrapper\" style=\"border-style: solid; border-color: rgba(255,255,255,0.2); border-width: 20px;\"><\/div>\t<img decoding=\"async\" class=\"ult-ih-image\" src=\"https:\/\/www.grupoimesapi.es\/wp-content\/uploads\/2016\/01\/medio_ambiente_253.jpg\" alt=\"null\"><\/div><div class=\"ult-ih-info\" style=\"background-color: #03227c; \">\t<div class=\"ult-ih-info-back\">\t<div class=\"ult-ih-content\">\t\t\t<div class=\"ult-ih-heading-block\" style=\"\">\t\t\t\t<h3 class=\"ult-ih-heading ult-responsive\" style=\"font-family:&#039;Open Sans&#039;;font-weight:300;color:#ffffff;\"  data-ultimate-target='#ult-ih-list-item-3945 .ult-ih-heading'  data-responsive-json-new='{\"font-size\":\"desktop:21px;\",\"line-height\":\"desktop:23px;\"}' >Medio Ambiente<\/h3>\t\t\t<\/div>\t\t\t<div class=\"ult-ih-divider-block\" style=\"height:1px;\">\t\t\t\t<span class=\"ult-ih-line\" style=\"border-style:none;border-color:rgba(255,255,255,0.75);width:100px;border-width:1px;\"><\/span>\t\t\t<\/div>\t\t\t<div class=\"ult-ih-description-block\" style=\"\">\t\t\t\t<div class=\"ult-ih-description ult-responsive\" style=\"font-family:&#039;Open Sans&#039;;font-weight:700;color:#ffffff;\"  data-ultimate-target='#ult-ih-list-item-3945 .ult-ih-description, #ult-ih-list-item-3945 .ult-ih-description p'  data-responsive-json-new='{\"font-size\":\"desktop:10px;\",\"line-height\":\"desktop:12px;\"}' >\t\t\t\t<\/div>\t\t\t<\/div>\t<\/div>\t<\/div><\/div><\/div><\/a><\/li><li id=\"ult-ih-list-item-8529\" class=\"ult-ih-list-item\" style=\"height: 210px; width: 210px;  margin: 5px\"><a class=\"ult-ih-link\" href=\"http:\/\/imesapi.es\/conservacion-medio-ambiente\/edificacion-y-construccion\/\" title=\"Edificaci\u00f3n\" target=\"_blank\" rel=\"noopener\"  ><div style=\"height: 210px; width: 210px; \" class=\"ult-ih-item ult-ih-effect6   ult-ih-scale_up \"><div class=\"ult-ih-image-block\" style=\"height: 210px; width: 210px; \">\t<div class=\"ult-ih-wrapper\" style=\"border-style: solid; border-color: rgba(255,255,255,0.2); border-width: 20px;\"><\/div>\t<img decoding=\"async\" class=\"ult-ih-image\" src=\"https:\/\/www.grupoimesapi.es\/wp-content\/uploads\/2016\/01\/construccion_253.jpg\" alt=\"null\"><\/div><div class=\"ult-ih-info\" style=\"background-color: #03227c; \">\t<div class=\"ult-ih-info-back\">\t<div class=\"ult-ih-content\">\t\t\t<div class=\"ult-ih-heading-block\" style=\"\">\t\t\t\t<h3 class=\"ult-ih-heading ult-responsive\" style=\"font-family:&#039;Open Sans&#039;;font-weight:300;color:#ffffff;\"  data-ultimate-target='#ult-ih-list-item-8529 .ult-ih-heading'  data-responsive-json-new='{\"font-size\":\"desktop:21px;\",\"line-height\":\"desktop:23px;\"}' >Construcci\u00f3n y Edificaci\u00f3n<\/h3>\t\t\t<\/div>\t\t\t<div class=\"ult-ih-divider-block\" style=\"height:1px;\">\t\t\t\t<span class=\"ult-ih-line\" style=\"border-style:none;border-color:rgba(255,255,255,0.75);width:100px;border-width:1px;\"><\/span>\t\t\t<\/div>\t\t\t<div class=\"ult-ih-description-block\" style=\"\">\t\t\t\t<div class=\"ult-ih-description ult-responsive\" style=\"font-family:&#039;Open Sans&#039;;font-weight:700;color:#ffffff;\"  data-ultimate-target='#ult-ih-list-item-8529 .ult-ih-description, #ult-ih-list-item-8529 .ult-ih-description p'  data-responsive-json-new='{\"font-size\":\"desktop:10px;\",\"line-height\":\"desktop:12px;\"}' >\t\t\t\t<\/div>\t\t\t<\/div>\t<\/div>\t<\/div><\/div><\/div><\/a><\/li>\t<\/ul><\/div>[\/vc_column_inner][\/vc_row_inner][vc_custom_heading text=\u00bbProyectos Destacados\u00bb font_container=\u00bbtag:h2|text_align:left|color:%2300247c\u00bb use_theme_fonts=\u00bbyes\u00bb]<div class=\"hr-thin style-line\" style=\"width: 100%;border-top-width: 1px;\"><\/div>[vc_empty_space][vc_basic_grid post_type=\u00bbpost\u00bb max_items=\u00bb-1&#8243; style=\u00bbpagination\u00bb items_per_page=\u00bb3&#8243; gap=\u00bb10&#8243; orderby=\u00bbrand\u00bb arrows_design=\u00bbvc_arrow-icon-arrow_04_left\u00bb arrows_position=\u00bboutside\u00bb paging_design=\u00bbpoint_dots\u00bb paging_color=\u00bbblue\u00bb loop=\u00bbyes\u00bb autoplay=\u00bb5000&#8243; item=\u00bb1652&#8243; grid_id=\u00bbvc_gid:1769150595056-cc3f5226-a6a8-3&#8243; taxonomies=\u00bb54&#8243; paging_animation_in=\u00bbslideInRight\u00bb paging_animation_out=\u00bbslideOutLeft\u00bb el_id=\u00bbmake-link-blank\u00bb][\/vc_column][\/vc_row]<\/p>\n<p><\/p>\n<\/div>","protected":false},"excerpt":{"rendered":"<p>[vc_row margin_bottom=\u00bb32px\u00bb][vc_column][vc_custom_heading text=\u00bbConservaci\u00f3n y Medio Ambiente\u00bb font_container=\u00bbtag:h1|text_align:left|color:%2300247c\u00bb use_theme_fonts=\u00bbyes\u00bb][vc_empty_space height=\u00bb16px\u00bb][vc_column_text] La Divisi\u00f3n de Conservaci\u00f3n y Medio ambiente de Grupo ImesAPI unifica bajo una misma Direcci\u00f3n la ejecuci\u00f3n de diversos contratos de servicios y obras para los sectores de Carreteras, Medioambiente, Saneamiento y Edificaci\u00f3n. El nombre de la Divisi\u00f3n remarca que el principal negocio gestionado es la&hellip;<\/p>\n","protected":false},"author":1,"featured_media":0,"parent":11,"menu_order":3,"comment_status":"closed","ping_status":"closed","template":"","meta":[],"class_list":["post-608","page","type-page","status-publish","hentry","description-off"],"_links":{"self":[{"href":"https:\/\/www.grupoimesapi.es\/es\/wp-json\/wp\/v2\/pages\/608","targetHints":{"allow":["GET"]}}],"collection":[{"href":"https:\/\/www.grupoimesapi.es\/es\/wp-json\/wp\/v2\/pages"}],"about":[{"href":"https:\/\/www.grupoimesapi.es\/es\/wp-json\/wp\/v2\/types\/page"}],"author":[{"embeddable":true,"href":"https:\/\/www.grupoimesapi.es\/es\/wp-json\/wp\/v2\/users\/1"}],"replies":[{"embeddable":true,"href":"https:\/\/www.grupoimesapi.es\/es\/wp-json\/wp\/v2\/comments?post=608"}],"version-history":[{"count":0,"href":"https:\/\/www.grupoimesapi.es\/es\/wp-json\/wp\/v2\/pages\/608\/revisions"}],"up":[{"embeddable":true,"href":"https:\/\/www.grupoimesapi.es\/es\/wp-json\/wp\/v2\/pages\/11"}],"wp:attachment":[{"href":"https:\/\/www.grupoimesapi.es\/es\/wp-json\/wp\/v2\/media?parent=608"}],"curies":[{"name":"wp","href":"https:\/\/api.w.org\/{rel}","templated":true}]}}