{"id":606,"date":"2016-01-20T12:17:53","date_gmt":"2016-01-20T12:17:53","guid":{"rendered":"http:\/\/grupoimesapi.es\/?page_id=606"},"modified":"2018-11-21T08:30:13","modified_gmt":"2018-11-21T08:30:13","slug":"venelin","status":"publish","type":"page","link":"https:\/\/www.grupoimesapi.es\/es\/empresas\/api-movilidad\/venelin\/","title":{"rendered":"Venelin"},"content":{"rendered":"<div class=\"wpb-content-wrapper\"><p>[vc_row margin_bottom=\u00bb32&#8243;][vc_column][vc_custom_heading text=\u00bbVenelin\u00bb font_container=\u00bbtag:h1|text_align:left|color:%2300247c\u00bb use_theme_fonts=\u00bbyes\u00bb]<div class=\"hr-thin style-line\" style=\"width: 100%;border-top-width: 1px;\"><\/div>[vc_row_inner][vc_column_inner width=\u00bb1\/4&#8243;][vc_custom_heading text=\u00bbLa Empresa\u00bb font_container=\u00bbtag:h4|text_align:left|color:%2300247c\u00bb use_theme_fonts=\u00bbyes\u00bb link=\u00bburl:%23empresa||\u00bb][\/vc_column_inner][vc_column_inner width=\u00bb1\/4&#8243;][vc_custom_heading text=\u00bbServicios\u00bb font_container=\u00bbtag:h4|text_alaign:left|color:%2300247c\u00bb use_theme_fonts=\u00bbyes\u00bb link=\u00bburl:%23servicios||\u00bb][\/vc_column_inner][vc_column_inner width=\u00bb1\/4&#8243;][vc_custom_heading text=\u00bbContacto\u00bb font_container=\u00bbtag:h4|text_align:left|color:%2300247c\u00bb use_theme_fonts=\u00bbyes\u00bb link=\u00bburl:%23contacto||\u00bb][\/vc_column_inner][\/vc_row_inner][\/vc_column][\/vc_row][vc_row margin_bottom=\u00bb32&#8243; anchor=\u00bbempresa\u00bb][vc_column][vc_custom_heading text=\u00bbLa Empresa\u00bb font_container=\u00bbtag:h2|text_align:left|color:%2300247c\u00bb use_theme_fonts=\u00bbyes\u00bb]<div class=\"hr-thin style-line\" style=\"width: 100%;border-top-width: 1px;\"><\/div>[vc_column_text]<\/p>\n<p style=\"text-align: justify;\">Venelin es desde el a\u00f1o 1977, una organizaci\u00f3n de primer orden al servicio de la industria venezolana. Nuestros servicios especializados de limpieza industrial constituyen nuestra actividad siendo el pilar fundamental de nuestra estrategia la satisfacci\u00f3n de nuestros clientes ofreciendo un servicio basado en la calidad, confiabilidad y eficacia con los m\u00e1s altos est\u00e1ndares de seguridad, creando para ello procedimientos innovadores y exclusivos para las necesidades de cada cliente, empleando recursos con la mayor tecnolog\u00eda del sector y el personal mejor cualificado para su operaci\u00f3n.<\/p>\n<p>[\/vc_column_text][\/vc_column][\/vc_row][vc_row margin_bottom=\u00bb32&#8243; anchor=\u00bbservicios\u00bb][vc_column][vc_custom_heading text=\u00bbServicios\u00bb font_container=\u00bbtag:h2|text_align:left|color:%2300247c\u00bb use_theme_fonts=\u00bbyes\u00bb]<div class=\"hr-thin style-line\" style=\"width: 100%;border-top-width: 1px;\"><\/div>[vc_empty_space height=\u00bb16px\u00bb][vc_row_inner][vc_column_inner width=\u00bb1\/2&#8243;][vc_column_text]<\/p>\n<ul>\n<li style=\"text-align: justify;\">EXTRACCION DE CRUDO Y SEDIMENTOS DE TANQUES DE ALMACENAMIENTO DE COMBUSTIBLE.<\/li>\n<li style=\"text-align: justify;\">LAVADO CON AGUA A ALTAS PRESIONES DE: TECHOS, PAREDES Y PISOS, ASI COMO DESGASIFICACION DE TANQUES DE ALMACENAMIENTO DE COMBUSTIBLE.<\/li>\n<li style=\"text-align: justify;\">LIMPIEZA INTERNA Y EXTERNA DE TUBERIAS EN GENERAL.<\/li>\n<li style=\"text-align: justify;\">LIMPIEZA INTERNA DE TUBOS DE INTERCAMBIADORES DE CALOR Y SUS ACCESORIOS.<\/li>\n<li style=\"text-align: justify;\">LIMPIEZA INTERNA DE TUBOS DE ENFRIADORES DE GAS Y CRUDO.<\/li>\n<li style=\"text-align: justify;\">LIMPIEZA DE FOSAS.<\/li>\n<li style=\"text-align: justify;\">LIMPIEZA DE SEPARADORES A.P.I.<\/li>\n<li style=\"text-align: justify;\">LIMPIEZA DE TORRES DE ENFRIAMIENTO.<\/li>\n<li style=\"text-align: justify;\">EXTRACCION Y ENTAMBORADO O ENSACADO, DE CATALIZADORES, COKER Y OTROS S\u00d3LIDOS O POLVOS DE RECIPIENTES, TORRES, REACTORES, CALENTADORES, GASIFICADORES, DESALADORES Y OTROS EQUIPOS.<\/li>\n<li style=\"text-align: justify;\">EXTRACCION DE RESIDUOS Y LIMPIEZA CON AGUA A ALTA PRESION DE RECIPIENTES PARA PETROLEO, EN ESTACIONES DE FLUJO EN EL LAGO DE MARACAIBO Y TIERRA FIRME.<\/li>\n<li style=\"text-align: justify;\">EXTRACCION DE PRODUCTOS Y LIMPIEZA DE EMBALSES ABIERTOS.<\/li>\n<li style=\"text-align: justify;\">ARENADO HUMEDO DE: TANQUES, TORRES, TUBERIAS, EQUIPOS Y PIEZAS EN GENERAL.<\/li>\n<li style=\"text-align: justify;\">PRUEBAS HIDROSTATICAS.<\/li>\n<li style=\"text-align: justify;\">RECOLECCION, TRANSPORTE Y DISPOSICION FINAL DE ACEITES, Y PRODUCTOS PELIGROSOS, EN ESTRICTA OBSERVACION DE LA NORMATIVA AMBIENTAL VIGENTE (RASDA).<\/li>\n<li style=\"text-align: justify;\">EXTRACCION DE PRODUCTOS Y LIMPIEZA CON AGUA A ALTA PRESION DE: DEPURADORES, DESHIDRATADORES Y OTROS.<\/li>\n<li style=\"text-align: justify;\">LIMPIEZA GENERAL DE FILTROS KING TOOL, FILTROS DE CARBON ACTIVADO Y ELEMENTOS.<\/li>\n<\/ul>\n<p>[\/vc_column_text][\/vc_column_inner][vc_column_inner width=\u00bb1\/2&#8243;][vc_column_text]<\/p>\n<ul>\n<li style=\"text-align: justify;\">LIMPIEZA INTERNA CON TOBERAS A ALTAS PRESIONES DE CABEZALES DE TUBERIAS.<\/li>\n<li style=\"text-align: justify;\">LIMPIEZA DE REACTORES PARA ENDULZAMIENTO DE GAS EN PLANTAS COMPRESORAS.<\/li>\n<li style=\"text-align: justify;\">LIMPIEZA CON AGUA A ALTAS PRESIONES DE SUPERFICIES DE AVENIDAS, PLANTAS, PISTAS DE AEROPUERTOS, TERMINALES Y OTROS.<\/li>\n<li style=\"text-align: justify;\">LIMPIEZA DE FOSAS DE MESA DE COLADA.<\/li>\n<li style=\"text-align: justify;\">LIMPIEZA DE REDES PLUVIALES Y AGUAS NEGRAS.<\/li>\n<li style=\"text-align: justify;\">EXTRACCION DE PRODUCTOS Y LIMPIEZA DE FOSAS CON AGUAS ACEITOSAS Y LODOS.<\/li>\n<li style=\"text-align: justify;\">SUMINISTRO Y OPERACION DE MOTOBOMBA DE INYECCION DE EFLUENTES.<\/li>\n<li style=\"text-align: justify;\">EXTRACCION, TRANSPORTE DE SEDIMENTOS, RIPIOS Y LIMPIEZA CON AGUA A ALTAS PRESIONES EN TALADROS DE PERFORACION.<\/li>\n<li style=\"text-align: justify;\">LIMPIEZA QUIMICA \/ MECANICA \/ HIDRAULICA A TORRES CONTACTORAS, TORRES GENERADORAS DE PLANTAS -COMPRESORAS DE GAS, TANQUES DESASFALTENIZADORES, TANQUES TRIFASICOS, TANQUES AUSTRALIANOS.<\/li>\n<li style=\"text-align: justify;\">TRATAMIENTOS DE RESIDUOS Y CEGADO DE FOSAS (PASIVOS AMBIENTALES).<\/li>\n<li style=\"text-align: justify;\">EXTRACCION DE PRODUCTOS Y LIMPIEZA CON AGUA A ALTAS PRESIONES DE SENTINAS, TANQUES DE LASTRE Y TANQUES DE COMBUSTIBLE DE BUQUES.<\/li>\n<li style=\"text-align: justify;\">EXTRACCION DE RESIDUOS Y LIMPIEZA DE LAGUNAS.<\/li>\n<li style=\"text-align: justify;\">LIMPIEZA INTERNA Y EXTERNA DE CALDERAS.<\/li>\n<li style=\"text-align: justify;\">TRASEGADOS DE PRODUCTOS CON BOMBAS CENTRIFUGAS DE GRAN CAPACIDAD (1.600 GAL\/MIN).<\/li>\n<li style=\"text-align: justify;\">LAVADO DE LAS CESTAS DE LOS PRECALENTADORES DE AIRE REGENERATIVO DE UNIDADES DE PLANTA DE GENERACION ELECTRICA.<\/li>\n<li style=\"text-align: justify;\">REFLOTAMIENTO DE LANCHAS EN MUELLES DE EMBARQUE PDVSA CARIPITO.<\/li>\n<\/ul>\n<p>[\/vc_column_text][\/vc_column_inner][\/vc_row_inner][\/vc_column][\/vc_row][vc_row margin_bottom=\u00bb32&#8243; anchor=\u00bbcontacto\u00bb][vc_column][vc_custom_heading text=\u00bbContacto\u00bb font_container=\u00bbtag:h3|text_align:left|color:%2300247c\u00bb use_theme_fonts=\u00bbyes\u00bb]<div class=\"hr-thin style-line\" style=\"width: 100%;border-top-width: 1px;\"><\/div>[vc_row_inner][vc_column_inner width=\u00bb1\/4&#8243;][vc_single_image image=\u00bb1196&#8243; img_size=\u00bbfull\u00bb alignment=\u00bbright\u00bb][vc_empty_space][vc_custom_heading text=\u00bbVenel\u00edn<br \/>\nVenezolana de Limpiezas Industriales\u00bb font_container=\u00bbtag:h3|text_align:right|color:%2300247c\u00bb use_theme_fonts=\u00bbyes\u00bb][vc_column_text]<\/p>\n<h4 style=\"text-align: right;\">Grupo API Movilidad<\/h4>\n<p style=\"text-align: right;\">Torre Phelps, Piso 6<br \/>\nPlaza Venezuela<br \/>\nCaracas, Venezuela<\/p>\n<p>&nbsp;<\/p>\n<div class=\"views-field views-field-phone\" style=\"text-align: right;\"><span class=\"views-label views-label-phone\">Tlf: <\/span> +34\u00a0(0212) 782-9075<br \/>\n+34\u00a0(0212) 781-1135<\/div>\n<div class=\"views-field views-field-phone\" style=\"text-align: right;\">\n<div class=\"gap\" style=\"line-height: 10px; height: 10px;\"><\/div>\n<p style=\"text-align: right;\"><style type=\"text\/css\">#dt-btn-1:hover {color: #ffffff;}#dt-btn-1:hover > .text-wrap * {color: #ffffff;}<\/style><a href=\"http:\/\/www.venelin.com.ve\" class=\"btn-shortcode dt-btn-m dt-btn light-bg-btn title-btn-color custom-btn-hover-color default-btn-bg-color accent-btn-bg-hover-color fadeIn animate-element animation-builder\" target=\"_blank\" id=\"dt-btn-1\"><i class=\"fa fa-chevron-circle-right\"><\/i><span>P\u00e1gina Web<\/span><\/a><\/p>\n<\/div>\n<p>[\/vc_column_text][\/vc_column_inner][vc_column_inner width=\u00bb3\/4&#8243;][vc_gmaps link=\u00bb#E-8_JTNDaWZyYW1lJTIwc3JjJTNEJTIyaHR0cHMlM0ElMkYlMkZ3d3cuZ29vZ2xlLmNvbSUyRm1hcHMlMkZlbWJlZCUzRnBiJTNEJTIxMW0xOCUyMTFtMTIlMjExbTMlMjExZDE5NjEuNTE3OTg4Mzg4NDcwMyUyMTJkLTY2Ljg4NTE1NjQ2MTU5ODg3JTIxM2QxMC40OTc4MzAxMjU4MzA3NzYlMjEybTMlMjExZjAlMjEyZjAlMjEzZjAlMjEzbTIlMjExaTEwMjQlMjEyaTc2OCUyMTRmMTMuMSUyMTNtMyUyMTFtMiUyMTFzMHgwMDAwMDAwMDAwMDAwMDAwJTI1M0EweDk1ZGY1YjRmMjZhMmE2YzElMjEyc1RvcnJlJTJCUGhlbHBzJTIxNWUwJTIxM20yJTIxMXNlcyUyMTJzZXMlMjE0djE0NTk0MDYyMzAzMTAlMjIlMjB3aWR0aCUzRCUyMjYwMCUyMiUyMGhlaWdodCUzRCUyMjQ1MCUyMiUyMGZyYW1lYm9yZGVyJTNEJTIyMCUyMiUyMHN0eWxlJTNEJTIyYm9yZGVyJTNBMCUyMiUyMGFsbG93ZnVsbHNjcmVlbiUzRSUzQyUyRmlmcmFtZSUzRQ==\u00bb][\/vc_column_inner][\/vc_row_inner][\/vc_column][\/vc_row]<\/p>\n<\/div>","protected":false},"excerpt":{"rendered":"<p>[vc_row margin_bottom=\u00bb32&#8243;][vc_column][vc_custom_heading text=\u00bbVenelin\u00bb font_container=\u00bbtag:h1|text_align:left|color:%2300247c\u00bb use_theme_fonts=\u00bbyes\u00bb][vc_row_inner][vc_column_inner width=\u00bb1\/4&#8243;][vc_custom_heading text=\u00bbLa Empresa\u00bb font_container=\u00bbtag:h4|text_align:left|color:%2300247c\u00bb use_theme_fonts=\u00bbyes\u00bb link=\u00bburl:%23empresa||\u00bb][\/vc_column_inner][vc_column_inner width=\u00bb1\/4&#8243;][vc_custom_heading text=\u00bbServicios\u00bb font_container=\u00bbtag:h4|text_alaign:left|color:%2300247c\u00bb use_theme_fonts=\u00bbyes\u00bb link=\u00bburl:%23servicios||\u00bb][\/vc_column_inner][vc_column_inner width=\u00bb1\/4&#8243;][vc_custom_heading text=\u00bbContacto\u00bb font_container=\u00bbtag:h4|text_align:left|color:%2300247c\u00bb use_theme_fonts=\u00bbyes\u00bb link=\u00bburl:%23contacto||\u00bb][\/vc_column_inner][\/vc_row_inner][\/vc_column][\/vc_row][vc_row margin_bottom=\u00bb32&#8243; anchor=\u00bbempresa\u00bb][vc_column][vc_custom_heading text=\u00bbLa Empresa\u00bb font_container=\u00bbtag:h2|text_align:left|color:%2300247c\u00bb use_theme_fonts=\u00bbyes\u00bb][vc_column_text] Venelin es desde el a\u00f1o 1977, una organizaci\u00f3n de primer orden al servicio de la industria venezolana. Nuestros servicios especializados de limpieza industrial constituyen nuestra actividad siendo el&hellip;<\/p>\n","protected":false},"author":1,"featured_media":0,"parent":590,"menu_order":7,"comment_status":"closed","ping_status":"closed","template":"","meta":[],"class_list":["post-606","page","type-page","status-publish","hentry","description-off"],"_links":{"self":[{"href":"https:\/\/www.grupoimesapi.es\/es\/wp-json\/wp\/v2\/pages\/606","targetHints":{"allow":["GET"]}}],"collection":[{"href":"https:\/\/www.grupoimesapi.es\/es\/wp-json\/wp\/v2\/pages"}],"about":[{"href":"https:\/\/www.grupoimesapi.es\/es\/wp-json\/wp\/v2\/types\/page"}],"author":[{"embeddable":true,"href":"https:\/\/www.grupoimesapi.es\/es\/wp-json\/wp\/v2\/users\/1"}],"replies":[{"embeddable":true,"href":"https:\/\/www.grupoimesapi.es\/es\/wp-json\/wp\/v2\/comments?post=606"}],"version-history":[{"count":0,"href":"https:\/\/www.grupoimesapi.es\/es\/wp-json\/wp\/v2\/pages\/606\/revisions"}],"up":[{"embeddable":true,"href":"https:\/\/www.grupoimesapi.es\/es\/wp-json\/wp\/v2\/pages\/590"}],"wp:attachment":[{"href":"https:\/\/www.grupoimesapi.es\/es\/wp-json\/wp\/v2\/media?parent=606"}],"curies":[{"name":"wp","href":"https:\/\/api.w.org\/{rel}","templated":true}]}}