{"id":604,"date":"2016-01-20T12:17:15","date_gmt":"2016-01-20T12:17:15","guid":{"rendered":"http:\/\/grupoimesapi.es\/?page_id=604"},"modified":"2022-01-25T13:16:05","modified_gmt":"2022-01-25T13:16:05","slug":"midasco","status":"publish","type":"page","link":"https:\/\/www.grupoimesapi.es\/es\/empresas\/api-movilidad\/midasco\/","title":{"rendered":"Midasco"},"content":{"rendered":"<div class=\"wpb-content-wrapper\"><p>[vc_row margin_bottom=\u00bb32&#8243;][vc_column][vc_custom_heading text=\u00bbMidasco, LLC\u00bb font_container=\u00bbtag:h1|text_align:left|color:%2300247c\u00bb use_theme_fonts=\u00bbyes\u00bb]<div class=\"hr-thin style-line\" style=\"width: 100%;border-top-width: 1px;\"><\/div>[vc_row_inner][vc_column_inner width=\u00bb1\/4&#8243;][vc_custom_heading text=\u00bbLa Empresa\u00bb font_container=\u00bbtag:h4|text_align:left|color:%2300247c\u00bb use_theme_fonts=\u00bbyes\u00bb link=\u00bburl:%23empresa||\u00bb][\/vc_column_inner][vc_column_inner width=\u00bb1\/4&#8243;][vc_custom_heading text=\u00bbServicios\u00bb font_container=\u00bbtag:h4|text_alaign:left|color:%2300247c\u00bb use_theme_fonts=\u00bbyes\u00bb link=\u00bburl:%23servicios||\u00bb][\/vc_column_inner][vc_column_inner width=\u00bb1\/4&#8243;][vc_custom_heading text=\u00bbContacto\u00bb font_container=\u00bbtag:h4|text_align:left|color:%2300247c\u00bb use_theme_fonts=\u00bbyes\u00bb link=\u00bburl:%23contacto||\u00bb][\/vc_column_inner][\/vc_row_inner][\/vc_column][\/vc_row][vc_row margin_bottom=\u00bb32&#8243; anchor=\u00bbempresa\u00bb][vc_column][vc_custom_heading text=\u00bbLa Empresa\u00bb font_container=\u00bbtag:h2|text_align:left|color:%2300247c\u00bb use_theme_fonts=\u00bbyes\u00bb]<div class=\"hr-thin style-line\" style=\"width: 100%;border-top-width: 1px;\"><\/div>[vc_column_text]<\/p>\n<p style=\"text-align: justify;\"><span id=\"result_box\" class=\"\" lang=\"es\"><span class=\"hps\">Midasco<\/span> <span class=\"hps\">es el contratista mas importante <\/span><span class=\"hps\">especializado en<\/span> <span class=\"hps\">el mercado<\/span> <span class=\"hps\">de las infraestructuras de transporte<\/span> <span class=\"hps\">en el<\/span> <span class=\"hps\">Atl\u00e1ntico Medio<\/span> <span class=\"hps\">y el<\/span> <span class=\"hps\">sudeste de los Estados<\/span> <span class=\"hps\">Unidos<\/span>. <span class=\"hps\">Su<\/span> <span class=\"hps\">experiencia se centra en<\/span> <span class=\"hps\">la construcci\u00f3n y<\/span> <span class=\"hps\">mantenimiento de\u00a0<\/span><span class=\"hps\">autopistas y la se\u00f1alizaci\u00f3n en aeropuerto<\/span>s, iluminaci\u00f3n, <span class=\"hps\">se\u00f1ales<\/span> <span class=\"hps\">de tr\u00e1fico<\/span>, <span class=\"hps\">sistemas de transporte inteligente<\/span> <span class=\"hps\">(ITS<\/span>), sistemas <span class=\"hps\">de fibra \u00f3ptica<\/span><span class=\"\">, infraestructuras<\/span> <span class=\"hps\">de peaje<\/span>, sistemas <span class=\"hps\">el\u00e9ctricos \/<\/span> <span class=\"hps\">comunicaciones<\/span>, etc&#8230;<\/span><\/p>\n<p style=\"text-align: justify;\">Midasco fue fundada por Joe Dunn y Regina McManus como \u201cMid-Atlantic Steel Contractors\u201d en 1982 como una empresa de instalaci\u00f3n de acero de refuerzo. Operando en los primeros a\u00f1os como una empresa propiedad de mujeres (WBE), la Compa\u00f1\u00eda y personal pronto crecieron y mejor\u00f3 su capacidad para gestionar proyectos.<\/p>\n<p style=\"text-align: justify;\">La compa\u00f1\u00eda ampli\u00f3 su gama de servicios en 1989 para incluir el suministro y la instalaci\u00f3n de se\u00f1alizaci\u00f3n vial. Alrededor de este tiempo el nombre de la empresa cambi\u00f3 a Midasco, Inc para reflejar la gama m\u00e1s amplia de servicios. Tras varios a\u00f1os completando con \u00e9xito proyectos de se\u00f1alizaci\u00f3n, Midasco nuevamente se expandi\u00f3 en 1994 para incluir servicios de iluminaci\u00f3n de carretera y de nuevo en 1995 para incluir las se\u00f1ales de tr\u00e1fico. En 1998, Midasco comenz\u00f3 a realizar sistemas de transporte inteligente (ITS) de trabajo con miras a comenzar trabajos en la industria de la construcci\u00f3n de carreteras y para sacar provecho de un mercado emergente de transporte.<\/p>\n<p style=\"text-align: justify;\">A trav\u00e9s de la d\u00e9cada de 1990 y principios de 2000, Midasco trabaj\u00f3 en muchos proyectos de carreteras y se\u00f1alizaci\u00f3n de puentes en Maryland y Virginia.<\/p>\n<p style=\"text-align: justify;\">En enero de 2006, la Sociedad fue recapitalizada para permitir a los propietarios originales salir de la empresa. La compa\u00f1\u00eda se form\u00f3 como Midasco, LLC, una corporaci\u00f3n de Delaware. La recapitalizaci\u00f3n se llev\u00f3 a cabo con la ayuda de capital privado. Con esta transici\u00f3n, Midasco discontinu\u00f3 la instalaci\u00f3n de acero de refuerzo y se centr\u00f3 en la se\u00f1alizaci\u00f3n, la iluminaci\u00f3n, se\u00f1ales de tr\u00e1fico, as\u00ed como construcci\u00f3n y mantenimiento. Poco tiempo despu\u00e9s, Midasco se expandi\u00f3 m\u00e1s all\u00e1 de su presencia geogr\u00e1fica tradicional en Maryland y Virginia y abri\u00f3 oficinas en Carolina del Norte y Georgia. Adem\u00e1s, el alcance de los servicios se ampli\u00f3 para incluir las infraestructuras de peaje.<\/p>\n<p style=\"text-align: justify;\">De 2006 a 2012 Midasco continu\u00f3 trabajando en proyectos de se\u00f1alizaci\u00f3n. La empresa puso sus esfuerzos en el dise\u00f1o y la construcci\u00f3n y m\u00e9todos de entrega de asociaci\u00f3n p\u00fablica y privada y ahora son un enfoque estrat\u00e9gico de la compa\u00f1\u00eda.<\/p>\n<p style=\"text-align: justify;\">A principios de 2012 Midasco nuevamente ampli\u00f3 su gama de servicios para incluir los servicios p\u00fablicos y el ferrocarril.<\/p>\n<p>[\/vc_column_text][\/vc_column][\/vc_row][vc_row anchor=\u00bbservicios\u00bb][vc_column][vc_custom_heading text=\u00bbServicios\u00bb font_container=\u00bbtag:h2|text_align:left|color:%2300247c\u00bb use_theme_fonts=\u00bbyes\u00bb]<div class=\"hr-thin style-line\" style=\"width: 100%;border-top-width: 1px;\"><\/div>[vc_empty_space height=\u00bb16px\u00bb][\/vc_column][\/vc_row][vc_row anchor=\u00bbservicios\u00bb][vc_column][vc_row_inner][vc_column_inner width=\u00bb1\/3&#8243;][vc_single_image image=\u00bb1175&#8243; img_size=\u00bbfull\u00bb style=\u00bbvc_box_rounded\u00bb][vc_empty_space height=\u00bb5px\u00bb][vc_custom_heading text=\u00bbConstrucci\u00f3n\u00bb font_container=\u00bbtag:h4|text_align:center|color:%2300247c\u00bb use_theme_fonts=\u00bbyes\u00bb][vc_empty_space height=\u00bb5px\u00bb][\/vc_column_inner][vc_column_inner width=\u00bb1\/3&#8243;][vc_single_image image=\u00bb1178&#8243; img_size=\u00bbfull\u00bb style=\u00bbvc_box_rounded\u00bb][vc_empty_space height=\u00bb5px\u00bb][vc_custom_heading text=\u00bbSistemas de Transporte Inteligente (ITS) &amp; Peajes\u00bb font_container=\u00bbtag:h4|text_align:center|color:%2300247c\u00bb use_theme_fonts=\u00bbyes\u00bb][vc_empty_space height=\u00bb5px\u00bb][\/vc_column_inner][vc_column_inner width=\u00bb1\/3&#8243;][vc_single_image image=\u00bb1177&#8243; img_size=\u00bbfull\u00bb style=\u00bbvc_box_rounded\u00bb][vc_empty_space height=\u00bb5px\u00bb][vc_custom_heading text=\u00bbSe\u00f1alizaci\u00f3n Autopistas y Aeropuertos\u00bb font_container=\u00bbtag:h4|text_align:center|color:%2300247c\u00bb use_theme_fonts=\u00bbyes\u00bb][vc_empty_space height=\u00bb5px\u00bb][\/vc_column_inner][\/vc_row_inner][vc_row_inner][vc_column_inner width=\u00bb1\/3&#8243;][vc_single_image image=\u00bb1176&#8243; img_size=\u00bbfull\u00bb style=\u00bbvc_box_rounded\u00bb][vc_empty_space height=\u00bb5px\u00bb][vc_custom_heading text=\u00bbIluminaci\u00f3n Autopistas y Aeropuertos\u00bb font_container=\u00bbtag:h4|text_align:center|color:%2300247c\u00bb use_theme_fonts=\u00bbyes\u00bb][vc_empty_space height=\u00bb5px\u00bb][\/vc_column_inner][vc_column_inner width=\u00bb1\/3&#8243;][vc_single_image image=\u00bb1179&#8243; img_size=\u00bbfull\u00bb style=\u00bbvc_box_rounded\u00bb][vc_empty_space height=\u00bb5px\u00bb][vc_custom_heading text=\u00bbSe\u00f1alizaci\u00f3n Vial\u00bb font_container=\u00bbtag:h4|text_align:center|color:%2300247c\u00bb use_theme_fonts=\u00bbyes\u00bb][vc_empty_space height=\u00bb5px\u00bb][\/vc_column_inner][vc_column_inner width=\u00bb1\/3&#8243;][vc_single_image image=\u00bb1174&#8243; img_size=\u00bbfull\u00bb style=\u00bbvc_box_rounded\u00bb][vc_empty_space height=\u00bb5px\u00bb][vc_custom_heading text=\u00bbTrabajos Ferroviarios\u00bb font_container=\u00bbtag:h4|text_align:center|color:%2300247c\u00bb use_theme_fonts=\u00bbyes\u00bb][vc_empty_space height=\u00bb5px\u00bb][\/vc_column_inner][\/vc_row_inner][\/vc_column][\/vc_row][vc_row margin_bottom=\u00bb32&#8243; anchor=\u00bbcontacto\u00bb][vc_column][vc_custom_heading text=\u00bbContacto\u00bb font_container=\u00bbtag:h3|text_align:left|color:%2300247c\u00bb use_theme_fonts=\u00bbyes\u00bb]<div class=\"hr-thin style-line\" style=\"width: 100%;border-top-width: 1px;\"><\/div>[vc_row_inner][vc_column_inner width=\u00bb1\/4&#8243;][vc_single_image image=\u00bb1182&#8243; img_size=\u00bbfull\u00bb alignment=\u00bbright\u00bb][vc_empty_space][vc_custom_heading text=\u00bbMidasco, LLC\u00bb font_container=\u00bbtag:h3|text_align:right|color:%2300247c\u00bb use_theme_fonts=\u00bbyes\u00bb][vc_column_text]<\/p>\n<h4 style=\"text-align: right;\">Grupo API Movilidad<\/h4>\n<div class=\"views-field views-field-street\" style=\"text-align: right;\"><span class=\"field-content\">7121 Dorsey Run Road<\/span><\/div>\n<p style=\"text-align: right;\"><span class=\"views-field views-field-city\"> <span class=\"field-content\">Elkridge,<\/span> <\/span> <span class=\"views-field views-field-province\"> <span class=\"field-content\">Maryland<\/span> <\/span> <span class=\"views-field views-field-postal-code\"> <span class=\"field-content\">21075<\/span> <\/span><\/p>\n<div class=\"views-field views-field-phone\" style=\"text-align: right;\"><span class=\"views-label views-label-phone\">Tlf: <\/span> +34 <span class=\"field-content\">(410) 579-6700<\/span><\/div>\n<div class=\"views-field views-field-fax\" style=\"text-align: right;\"><span class=\"views-label views-label-fax\">Fax: <\/span> +34 <span class=\"field-content\">(410) 579-6794<\/span><\/div>\n<div class=\"gap\" style=\"line-height: 10px; height: 10px;\"><\/div>\n<p style=\"text-align: right;\"><style type=\"text\/css\">#dt-btn-1:hover {color: #ffffff;}#dt-btn-1:hover > .text-wrap * {color: #ffffff;}<\/style><a href=\"http:\/\/www.midasco.net\" class=\"btn-shortcode dt-btn-m dt-btn light-bg-btn title-btn-color custom-btn-hover-color default-btn-bg-color accent-btn-bg-hover-color fadeIn animate-element animation-builder\" target=\"_blank\" id=\"dt-btn-1\"><i class=\"fa fa-chevron-circle-right\"><\/i><span>P\u00e1gina Web<\/span><\/a><\/p>\n<p>[\/vc_column_text][\/vc_column_inner][vc_column_inner width=\u00bb3\/4&#8243;][vc_gmaps link=\u00bb#E-8_JTNDaWZyYW1lJTIwc3JjJTNEJTIyaHR0cHMlM0ElMkYlMkZ3d3cuZ29vZ2xlLmNvbSUyRm1hcHMlMkZlbWJlZCUzRnBiJTNEJTIxMW0xOCUyMTFtMTIlMjExbTMlMjExZDMwOTMuMDMzMTExNDIyNDA1JTIxMmQtNzYuNzU2Mzc5Njg0MjczNDMlMjEzZDM5LjE3Mzk2Nzk3OTUyOTAxJTIxMm0zJTIxMWYwJTIxMmYwJTIxM2YwJTIxM20yJTIxMWkxMDI0JTIxMmk3NjglMjE0ZjEzLjElMjEzbTMlMjExbTIlMjExczB4ODliN2UxNzMwMWY3NDk2MyUyNTNBMHhhOWJiYTk3NGE2Yjc3ZTA0JTIxMnM3MTIxJTJCRG9yc2V5JTJCUnVuJTJCUmQlMjUyQyUyQkVsa3JpZGdlJTI1MkMlMkJNRCUyQjIxMDc1JTI1MkMlMkJFRS4lMkJVVS4lMjE1ZTAlMjEzbTIlMjExc2VzJTIxMnNlcyUyMTR2MTQ1Nzk1ODU5MzcyNyUyMiUyMHdpZHRoJTNEJTIyNjAwJTIyJTIwaGVpZ2h0JTNEJTIyNDUwJTIyJTIwZnJhbWVib3JkZXIlM0QlMjIwJTIyJTIwc3R5bGUlM0QlMjJib3JkZXIlM0EwJTIyJTIwYWxsb3dmdWxsc2NyZWVuJTNFJTNDJTJGaWZyYW1lJTNF\u00bb][\/vc_column_inner][\/vc_row_inner][\/vc_column][\/vc_row]<\/p>\n<\/div>","protected":false},"excerpt":{"rendered":"<p>[vc_row margin_bottom=\u00bb32&#8243;][vc_column][vc_custom_heading text=\u00bbMidasco, LLC\u00bb font_container=\u00bbtag:h1|text_align:left|color:%2300247c\u00bb use_theme_fonts=\u00bbyes\u00bb][vc_row_inner][vc_column_inner width=\u00bb1\/4&#8243;][vc_custom_heading text=\u00bbLa Empresa\u00bb font_container=\u00bbtag:h4|text_align:left|color:%2300247c\u00bb use_theme_fonts=\u00bbyes\u00bb link=\u00bburl:%23empresa||\u00bb][\/vc_column_inner][vc_column_inner width=\u00bb1\/4&#8243;][vc_custom_heading text=\u00bbServicios\u00bb font_container=\u00bbtag:h4|text_alaign:left|color:%2300247c\u00bb use_theme_fonts=\u00bbyes\u00bb link=\u00bburl:%23servicios||\u00bb][\/vc_column_inner][vc_column_inner width=\u00bb1\/4&#8243;][vc_custom_heading text=\u00bbContacto\u00bb font_container=\u00bbtag:h4|text_align:left|color:%2300247c\u00bb use_theme_fonts=\u00bbyes\u00bb link=\u00bburl:%23contacto||\u00bb][\/vc_column_inner][\/vc_row_inner][\/vc_column][\/vc_row][vc_row margin_bottom=\u00bb32&#8243; anchor=\u00bbempresa\u00bb][vc_column][vc_custom_heading text=\u00bbLa Empresa\u00bb font_container=\u00bbtag:h2|text_align:left|color:%2300247c\u00bb use_theme_fonts=\u00bbyes\u00bb][vc_column_text] Midasco es el contratista mas importante especializado en el mercado de las infraestructuras de transporte en el Atl\u00e1ntico Medio y el sudeste de los Estados Unidos. Su&hellip;<\/p>\n","protected":false},"author":1,"featured_media":0,"parent":590,"menu_order":6,"comment_status":"closed","ping_status":"closed","template":"","meta":[],"class_list":["post-604","page","type-page","status-publish","hentry","description-off"],"_links":{"self":[{"href":"https:\/\/www.grupoimesapi.es\/es\/wp-json\/wp\/v2\/pages\/604","targetHints":{"allow":["GET"]}}],"collection":[{"href":"https:\/\/www.grupoimesapi.es\/es\/wp-json\/wp\/v2\/pages"}],"about":[{"href":"https:\/\/www.grupoimesapi.es\/es\/wp-json\/wp\/v2\/types\/page"}],"author":[{"embeddable":true,"href":"https:\/\/www.grupoimesapi.es\/es\/wp-json\/wp\/v2\/users\/1"}],"replies":[{"embeddable":true,"href":"https:\/\/www.grupoimesapi.es\/es\/wp-json\/wp\/v2\/comments?post=604"}],"version-history":[{"count":0,"href":"https:\/\/www.grupoimesapi.es\/es\/wp-json\/wp\/v2\/pages\/604\/revisions"}],"up":[{"embeddable":true,"href":"https:\/\/www.grupoimesapi.es\/es\/wp-json\/wp\/v2\/pages\/590"}],"wp:attachment":[{"href":"https:\/\/www.grupoimesapi.es\/es\/wp-json\/wp\/v2\/media?parent=604"}],"curies":[{"name":"wp","href":"https:\/\/api.w.org\/{rel}","templated":true}]}}