{"id":602,"date":"2016-01-20T12:16:48","date_gmt":"2016-01-20T12:16:48","guid":{"rendered":"http:\/\/grupoimesapi.es\/?page_id=602"},"modified":"2022-01-26T11:01:20","modified_gmt":"2022-01-26T11:01:20","slug":"trafiurbe","status":"publish","type":"page","link":"https:\/\/www.grupoimesapi.es\/es\/empresas\/api-movilidad\/trafiurbe\/","title":{"rendered":"Trafiurbe"},"content":{"rendered":"<div class=\"wpb-content-wrapper\"><p>[vc_row margin_bottom=\u00bb32&#8243;][vc_column][vc_custom_heading text=\u00bbTrafiurbe\u00bb font_container=\u00bbtag:h1|text_align:left|color:%2300247c\u00bb use_theme_fonts=\u00bbyes\u00bb]<div class=\"hr-thin style-line\" style=\"width: 100%;border-top-width: 1px;\"><\/div>[vc_row_inner][vc_column_inner width=\u00bb1\/4&#8243;][vc_custom_heading text=\u00bbLa Empresa\u00bb font_container=\u00bbtag:h4|text_align:left|color:%2300247c\u00bb use_theme_fonts=\u00bbyes\u00bb link=\u00bburl:%23empresa||\u00bb][\/vc_column_inner][vc_column_inner width=\u00bb1\/4&#8243;][vc_custom_heading text=\u00bbServicios\u00bb font_container=\u00bbtag:h4|text_align:left|color:%2300247c\u00bb use_theme_fonts=\u00bbyes\u00bb link=\u00bburl:%23servicios||\u00bb][\/vc_column_inner][vc_column_inner width=\u00bb1\/4&#8243;][vc_custom_heading text=\u00bbContacto\u00bb font_container=\u00bbtag:h4|text_align:left|color:%2300247c\u00bb use_theme_fonts=\u00bbyes\u00bb link=\u00bburl:%23contacto||\u00bb][\/vc_column_inner][\/vc_row_inner][\/vc_column][\/vc_row][vc_row margin_bottom=\u00bb32&#8243; anchor=\u00bbempresa\u00bb][vc_column][vc_custom_heading text=\u00bbLa Empresa\u00bb font_container=\u00bbtag:h2|text_align:left|color:%2300247c\u00bb use_theme_fonts=\u00bbyes\u00bb]<div class=\"hr-thin style-line\" style=\"width: 100%;border-top-width: 1px;\"><\/div>[vc_column_text]<\/p>\n<p style=\"text-align: justify;\"><span id=\"result_box\" class=\"\" lang=\"es\"><span title=\"Passaram cerca de 30 anos desde que a TRAFIURBE nasceu e realizou o seu primeiro trabalho de Sinaliza\u00e7\u00e3o Rodovi\u00e1ria. \">Han pasado cerca de 30 a\u00f1os desde TRAFIURBE llev\u00f3 a cabo su primera obra de se\u00f1alizaci\u00f3n vial.<\/span><\/span><\/p>\n<p style=\"text-align: justify;\"><span title=\"Muito evoluiu a ind\u00fastria associada, resultante de novas concep\u00e7\u00f5es de projecto, novos produtos e pela implementa\u00e7\u00e3o de novas regras de Controlo de Qualidade.\">Las industrias asociadas han crecido debido a los nuevos conceptos de dise\u00f1o, nuevos productos y la aplicaci\u00f3n de nuevas normas de control de calidad. <\/span><span title=\"Tudo isto contribuiu positivamente no aumento de seguran\u00e7a nas nossas estradas e para melhorar a est\u00e9tica e seguran\u00e7a nos nossos centros urbanos. \">Todo esto ha contribuido positivamente en el aumento de la seguridad en nuestras carreteras y mejorar la est\u00e9tica y la seguridad en nuestras ciudades.<\/span><\/p>\n<p style=\"text-align: justify;\"><span title=\"A Trafiurbe pode orgulhar-se de ter tido um papel importante nessa evolu\u00e7\u00e3o, nomeadamente com a introdu\u00e7\u00e3o de novos produtos no mercado nacional, tendo mesmo sido pioneira na introdu\u00e7\u00e3o de tinta de solu\u00e7\u00e3o aquosa (amiga do Ambiente) \u2013 Aeroporto da Madeira \u2013 Proposta Variante. \">Trafiurbe puede presumir de haber jugado un papel importante en esta evoluci\u00f3n, en particular con la introducci\u00f3n de nuevos productos en el mercado nacional, adem\u00e1s de haber sido pionero en la introducci\u00f3n de tinta soluble al agua.<\/span><\/p>\n<p style=\"text-align: justify;\"><span title=\"A Trafiurbe \u00e9 tamb\u00e9m membro fundador da AFESP \u2013 Associa\u00e7\u00e3o Portuguesa de Fabricantes e Empreiteiros de Sinaliza\u00e7\u00e3o e est\u00e1 presente nos seus \u00f3rg\u00e3os sociais. \">Trafiurbe es tambi\u00e9n un miembro fundador de AFESP, Asociaci\u00f3n Portuguesa de Industriales y contratistas de se\u00f1alizaci\u00f3n, y est\u00e1 presente en sus \u00f3rganos de gobierno.<\/span><\/p>\n<p style=\"text-align: justify;\"><span title=\"Em 2010 obteve a certifica\u00e7\u00e3o do seu Sistema de Gest\u00e3o de Qualidade de acordo com a norma EN ISO 9001:2008, no \u00e2mbito da Produ\u00e7\u00e3o e Montagem de Sinaliza\u00e7\u00e3o Rodovi\u00e1ria Vertical, Aplica\u00e7\u00e3o de Sinaliza\u00e7\u00e3o Rodovi\u00e1ria Horizontal e Comercializa\u00e7\u00e3o e Montagem de Equipamentos de Seguran\u00e7a Rodovi\u00e1ria. \">En 2010 obtuvo la certificaci\u00f3n de su Sistema de Gesti\u00f3n de la Calidad seg\u00fan la norma ISO 9001: 2008, en virtud de la Producci\u00f3n y la se\u00f1alizaci\u00f3n vial de montaje vertical, se\u00f1alizaci\u00f3n vial horizontal y aplicaci\u00f3n de Suministro e Instalaci\u00f3n de Equipo de Seguridad Vial.<\/span><\/p>\n<p style=\"text-align: justify;\"><span title=\"Recentemente, em 2014, foi a primeira empresa nacional a obter a Marca\u00e7\u00e3o CE para a Produ\u00e7\u00e3o de Sinaliza\u00e7\u00e3o Rodovi\u00e1ria Vertical, no \u00e2mbito da norma EN 12899-1:2007. \">Recientemente, en 2014, fue la primera empresa nacional portuguesa en obtener la marca CE para la Producci\u00f3n verticales Las se\u00f1ales de tr\u00e1fico, bajo la norma EN 12899-1: 2007.<\/span><\/p>\n<p>[\/vc_column_text][\/vc_column][\/vc_row][vc_row anchor=\u00bbproductos\u00bb][vc_column][vc_custom_heading text=\u00bbServicios\u00bb font_container=\u00bbtag:h2|text_align:left|color:%2300247c\u00bb use_theme_fonts=\u00bbyes\u00bb]<div class=\"hr-thin style-line\" style=\"width: 100%;border-top-width: 1px;\"><\/div>[vc_empty_space height=\u00bb16px\u00bb][\/vc_column][\/vc_row][vc_row anchor=\u00bbservicios\u00bb][vc_column][vc_row_inner][vc_column_inner width=\u00bb1\/2&#8243;][vc_single_image image=\u00bb1161&#8243; img_size=\u00bbfull\u00bb style=\u00bbvc_box_rounded\u00bb][vc_empty_space height=\u00bb5px\u00bb][vc_custom_heading text=\u00bbSe\u00f1alizaci\u00f3n Vertical\u00bb font_container=\u00bbtag:h4|text_align:center|color:%2300247c\u00bb use_theme_fonts=\u00bbyes\u00bb][vc_empty_space height=\u00bb5px\u00bb][\/vc_column_inner][vc_column_inner width=\u00bb1\/2&#8243;][vc_single_image image=\u00bb1162&#8243; img_size=\u00bbfull\u00bb style=\u00bbvc_box_rounded\u00bb][vc_empty_space height=\u00bb5px\u00bb][vc_custom_heading text=\u00bbSe\u00f1alizaci\u00f3n Horizontal\u00bb font_container=\u00bbtag:h4|text_align:center|color:%2300247c\u00bb use_theme_fonts=\u00bbyes\u00bb][vc_empty_space height=\u00bb5px\u00bb][\/vc_column_inner][\/vc_row_inner][vc_row_inner][vc_column_inner width=\u00bb1\/3&#8243;][vc_single_image image=\u00bb1145&#8243; img_size=\u00bbfull\u00bb style=\u00bbvc_box_rounded\u00bb][vc_empty_space height=\u00bb5px\u00bb][vc_custom_heading text=\u00bbSe\u00f1alizaci\u00f3n Aeroportuaria\u00bb font_container=\u00bbtag:h4|text_align:center|color:%2300247c\u00bb use_theme_fonts=\u00bbyes\u00bb][vc_empty_space height=\u00bb5px\u00bb][\/vc_column_inner][vc_column_inner width=\u00bb1\/3&#8243;][vc_single_image image=\u00bb1146&#8243; img_size=\u00bbfull\u00bb style=\u00bbvc_box_rounded\u00bb][vc_empty_space height=\u00bb5px\u00bb][vc_custom_heading text=\u00bbSe\u00f1alizaci\u00f3n Urbana\u00bb font_container=\u00bbtag:h4|text_align:center|color:%2300247c\u00bb use_theme_fonts=\u00bbyes\u00bb][vc_empty_space height=\u00bb5px\u00bb][\/vc_column_inner][vc_column_inner width=\u00bb1\/3&#8243;][vc_single_image image=\u00bb1151&#8243; img_size=\u00bbfull\u00bb style=\u00bbvc_box_rounded\u00bb][vc_empty_space height=\u00bb5px\u00bb][vc_custom_heading text=\u00bbQuitamiedos\u00bb font_container=\u00bbtag:h4|text_align:center|color:%2300247c\u00bb use_theme_fonts=\u00bbyes\u00bb][vc_empty_space height=\u00bb5px\u00bb][\/vc_column_inner][\/vc_row_inner][vc_row_inner][vc_column_inner width=\u00bb1\/3&#8243;][vc_single_image image=\u00bb1148&#8243; img_size=\u00bbfull\u00bb style=\u00bbvc_box_rounded\u00bb][vc_empty_space height=\u00bb5px\u00bb][vc_custom_heading text=\u00bbBarreras Ac\u00fasticas\u00bb font_container=\u00bbtag:h4|text_align:center|color:%2300247c\u00bb use_theme_fonts=\u00bbyes\u00bb][vc_empty_space height=\u00bb5px\u00bb][\/vc_column_inner][vc_column_inner width=\u00bb1\/3&#8243;][vc_single_image image=\u00bb1149&#8243; img_size=\u00bbfull\u00bb style=\u00bbvc_box_rounded\u00bb][vc_empty_space height=\u00bb5px\u00bb][vc_custom_heading text=\u00bbGu\u00edas y Balizamientos\u00bb font_container=\u00bbtag:h4|text_align:center|color:%2300247c\u00bb use_theme_fonts=\u00bbyes\u00bb][vc_empty_space height=\u00bb5px\u00bb][\/vc_column_inner][vc_column_inner width=\u00bb1\/3&#8243;][vc_single_image image=\u00bb1152&#8243; img_size=\u00bbfull\u00bb style=\u00bbvc_box_rounded\u00bb][vc_empty_space height=\u00bb5px\u00bb][vc_custom_heading text=\u00bbSe\u00f1alizaci\u00f3n Electr\u00f3nica\u00bb font_container=\u00bbtag:h4|text_align:center|color:%2300247c\u00bb use_theme_fonts=\u00bbyes\u00bb][vc_empty_space height=\u00bb5px\u00bb][\/vc_column_inner][\/vc_row_inner][vc_row_inner][vc_column_inner width=\u00bb1\/4&#8243;][vc_single_image image=\u00bb1154&#8243; img_size=\u00bbfull\u00bb style=\u00bbvc_box_rounded\u00bb][vc_empty_space height=\u00bb5px\u00bb][vc_custom_heading text=\u00bbPavimentos Especiales\u00bb font_container=\u00bbtag:h5|text_align:center|color:%2300247c\u00bb use_theme_fonts=\u00bbyes\u00bb][\/vc_column_inner][vc_column_inner width=\u00bb1\/4&#8243;][vc_single_image image=\u00bb1156&#8243; img_size=\u00bbfull\u00bb style=\u00bbvc_box_rounded\u00bb][vc_empty_space height=\u00bb5px\u00bb][vc_custom_heading text=\u00bbSistemas de Gesti\u00f3n de Parques\u00bb font_container=\u00bbtag:h5|text_align:center|color:%2300247c\u00bb use_theme_fonts=\u00bbyes\u00bb][\/vc_column_inner][vc_column_inner width=\u00bb1\/4&#8243;][vc_single_image image=\u00bb1157&#8243; img_size=\u00bbfull\u00bb style=\u00bbvc_box_rounded\u00bb][vc_empty_space height=\u00bb5px\u00bb][vc_custom_heading text=\u00bbControles de Calidad\u00bb font_container=\u00bbtag:h5|text_align:center|color:%2300247c\u00bb use_theme_fonts=\u00bbyes\u00bb][\/vc_column_inner][vc_column_inner width=\u00bb1\/4&#8243;][vc_single_image image=\u00bb1132&#8243; img_size=\u00bbfull\u00bb style=\u00bbvc_box_rounded\u00bb][vc_empty_space height=\u00bb5px\u00bb][vc_custom_heading text=\u00bbProyectos y Consultor\u00eda\u00bb font_container=\u00bbtag:h5|text_align:center|color:%2300247c\u00bb use_theme_fonts=\u00bbyes\u00bb][\/vc_column_inner][\/vc_row_inner][\/vc_column][\/vc_row][vc_row margin_bottom=\u00bb32&#8243; anchor=\u00bbcontacto\u00bb][vc_column][vc_custom_heading text=\u00bbContacto\u00bb font_container=\u00bbtag:h3|text_align:left|color:%2300247c\u00bb use_theme_fonts=\u00bbyes\u00bb]<div class=\"hr-thin style-line\" style=\"width: 100%;border-top-width: 1px;\"><\/div>[vc_row_inner][vc_column_inner width=\u00bb1\/4&#8243;][vc_single_image image=\u00bb1158&#8243; img_size=\u00bbfull\u00bb alignment=\u00bbright\u00bb][vc_empty_space][vc_custom_heading text=\u00bbTrafiurbe\u00bb font_container=\u00bbtag:h3|text_align:right|color:%2300247c\u00bb use_theme_fonts=\u00bbyes\u00bb][vc_column_text]<\/p>\n<h4 style=\"text-align: right;\">Grupo API Movilidad<\/h4>\n<p style=\"text-align: right;\">Tala\u00eddepark<br \/>\nCentro Empresarial de Tala\u00edde<br \/>\nEst. Oct\u00e1vio Pato, 175-177, Ed. A, n\u00ba4<br \/>\n2785-601 S\u00e3o Domingos de Rana (Portugal)<\/p>\n<p style=\"text-align: right;\">Tlf: +351 214 239 410<br \/>\nFax: +351 214 239 419<\/p>\n<div class=\"gap\" style=\"line-height: 10px; height: 10px;\"><\/div>\n<p style=\"text-align: right;\"><style type=\"text\/css\">#dt-btn-1:hover {color: #ffffff;}#dt-btn-1:hover > .text-wrap * {color: #ffffff;}<\/style><a href=\"http:\/\/www.trafiurbe.pt\" class=\"btn-shortcode dt-btn-m dt-btn light-bg-btn title-btn-color custom-btn-hover-color default-btn-bg-color accent-btn-bg-hover-color fadeIn animate-element animation-builder\" target=\"_blank\" id=\"dt-btn-1\"><i class=\"fa fa-chevron-circle-right\"><\/i><span>P\u00e1gina Web<\/span><\/a><\/p>\n<p>[\/vc_column_text][\/vc_column_inner][vc_column_inner width=\u00bb3\/4&#8243;][vc_gmaps link=\u00bb#E-8_JTNDaWZyYW1lJTIwc3JjJTNEJTIyaHR0cHMlM0ElMkYlMkZ3d3cuZ29vZ2xlLmNvbSUyRm1hcHMlMkZlbWJlZCUzRnBiJTNEJTIxMW0xNCUyMTFtOCUyMTFtMyUyMTFkNjIyMy45Nzc0NDYyNDg2MzIlMjEyZC05LjMxNDkzMSUyMTNkMzguNzQxMDIxJTIxM20yJTIxMWkxMDI0JTIxMmk3NjglMjE0ZjEzLjElMjEzbTMlMjExbTIlMjExczB4MCUyNTNBMHg4YTUzMDQzNzE2Y2JhMTIzJTIxMnNUcmFmaXVyYmUlMkItJTJCQ29tJTI1QzMlMjVBOXJjLiUyQkRlJTJCSW5kJTI1QzMlMjVCQXN0cmlhJTJCRSUyQk0lMjVDMyUyNUExcXVpbmFzJTJCUCUyNTJGJTJCU2luYWxpemElMjVDMyUyNUE3JTI1QzMlMjVBM28lMkJTYSUyMTVlMCUyMTNtMiUyMTFzZXMlMjEyc3B0JTIxNHYxNDU3NjkwNDE3OTA2JTIyJTIwd2lkdGglM0QlMjI2MDAlMjIlMjBoZWlnaHQlM0QlMjI0NTAlMjIlMjBmcmFtZWJvcmRlciUzRCUyMjAlMjIlMjBzdHlsZSUzRCUyMmJvcmRlciUzQTAlMjIlMjBhbGxvd2Z1bGxzY3JlZW4lM0UlM0MlMkZpZnJhbWUlM0U=\u00bb][\/vc_column_inner][\/vc_row_inner][\/vc_column][\/vc_row]<\/p>\n<\/div>","protected":false},"excerpt":{"rendered":"<p>[vc_row margin_bottom=\u00bb32&#8243;][vc_column][vc_custom_heading text=\u00bbTrafiurbe\u00bb font_container=\u00bbtag:h1|text_align:left|color:%2300247c\u00bb use_theme_fonts=\u00bbyes\u00bb][vc_row_inner][vc_column_inner width=\u00bb1\/4&#8243;][vc_custom_heading text=\u00bbLa Empresa\u00bb font_container=\u00bbtag:h4|text_align:left|color:%2300247c\u00bb use_theme_fonts=\u00bbyes\u00bb link=\u00bburl:%23empresa||\u00bb][\/vc_column_inner][vc_column_inner width=\u00bb1\/4&#8243;][vc_custom_heading text=\u00bbServicios\u00bb font_container=\u00bbtag:h4|text_align:left|color:%2300247c\u00bb use_theme_fonts=\u00bbyes\u00bb link=\u00bburl:%23servicios||\u00bb][\/vc_column_inner][vc_column_inner width=\u00bb1\/4&#8243;][vc_custom_heading text=\u00bbContacto\u00bb font_container=\u00bbtag:h4|text_align:left|color:%2300247c\u00bb use_theme_fonts=\u00bbyes\u00bb link=\u00bburl:%23contacto||\u00bb][\/vc_column_inner][\/vc_row_inner][\/vc_column][\/vc_row][vc_row margin_bottom=\u00bb32&#8243; anchor=\u00bbempresa\u00bb][vc_column][vc_custom_heading text=\u00bbLa Empresa\u00bb font_container=\u00bbtag:h2|text_align:left|color:%2300247c\u00bb use_theme_fonts=\u00bbyes\u00bb][vc_column_text] Han pasado cerca de 30 a\u00f1os desde TRAFIURBE llev\u00f3 a cabo su primera obra de se\u00f1alizaci\u00f3n vial. Las industrias asociadas han crecido debido a los nuevos conceptos de&hellip;<\/p>\n","protected":false},"author":1,"featured_media":0,"parent":590,"menu_order":5,"comment_status":"closed","ping_status":"closed","template":"","meta":[],"class_list":["post-602","page","type-page","status-publish","hentry","description-off"],"_links":{"self":[{"href":"https:\/\/www.grupoimesapi.es\/es\/wp-json\/wp\/v2\/pages\/602","targetHints":{"allow":["GET"]}}],"collection":[{"href":"https:\/\/www.grupoimesapi.es\/es\/wp-json\/wp\/v2\/pages"}],"about":[{"href":"https:\/\/www.grupoimesapi.es\/es\/wp-json\/wp\/v2\/types\/page"}],"author":[{"embeddable":true,"href":"https:\/\/www.grupoimesapi.es\/es\/wp-json\/wp\/v2\/users\/1"}],"replies":[{"embeddable":true,"href":"https:\/\/www.grupoimesapi.es\/es\/wp-json\/wp\/v2\/comments?post=602"}],"version-history":[{"count":0,"href":"https:\/\/www.grupoimesapi.es\/es\/wp-json\/wp\/v2\/pages\/602\/revisions"}],"up":[{"embeddable":true,"href":"https:\/\/www.grupoimesapi.es\/es\/wp-json\/wp\/v2\/pages\/590"}],"wp:attachment":[{"href":"https:\/\/www.grupoimesapi.es\/es\/wp-json\/wp\/v2\/media?parent=602"}],"curies":[{"name":"wp","href":"https:\/\/api.w.org\/{rel}","templated":true}]}}