{"id":600,"date":"2016-01-20T12:16:20","date_gmt":"2016-01-20T12:16:20","guid":{"rendered":"http:\/\/grupoimesapi.es\/?page_id=600"},"modified":"2022-01-25T13:14:35","modified_gmt":"2022-01-25T13:14:35","slug":"cosersa","status":"publish","type":"page","link":"https:\/\/www.grupoimesapi.es\/es\/empresas\/api-movilidad\/cosersa\/","title":{"rendered":"Cosersa"},"content":{"rendered":"<div class=\"wpb-content-wrapper\"><p>[vc_row margin_bottom=\u00bb32&#8243;][vc_column][vc_custom_heading text=\u00bbCosersa\u00bb font_container=\u00bbtag:h1|text_align:left|color:%2300247c\u00bb use_theme_fonts=\u00bbyes\u00bb]<div class=\"hr-thin style-line\" style=\"width: 100%;border-top-width: 1px;\"><\/div>[vc_row_inner][vc_column_inner width=\u00bb1\/4&#8243;][vc_custom_heading text=\u00bbLa Empresa\u00bb font_container=\u00bbtag:h4|text_align:left|color:%2300247c\u00bb use_theme_fonts=\u00bbyes\u00bb link=\u00bburl:%23empresa||\u00bb][\/vc_column_inner][vc_column_inner width=\u00bb1\/4&#8243;][vc_custom_heading text=\u00bbServicios\u00bb font_container=\u00bbtag:h4|text_align:left|color:%2300247c\u00bb use_theme_fonts=\u00bbyes\u00bb link=\u00bburl:%23servicios||\u00bb][\/vc_column_inner][vc_column_inner width=\u00bb1\/4&#8243;][vc_custom_heading text=\u00bbCertificaciones y<br \/>\nAutorizaciones\u00bb font_container=\u00bbtag:h4|text_align:left|color:%2300247c\u00bb use_theme_fonts=\u00bbyes\u00bb link=\u00bburl:%23calidad||\u00bb][\/vc_column_inner][vc_column_inner width=\u00bb1\/4&#8243;][vc_custom_heading text=\u00bbContacto\u00bb font_container=\u00bbtag:h4|text_align:left|color:%2300247c\u00bb use_theme_fonts=\u00bbyes\u00bb link=\u00bburl:%23contacto||\u00bb][\/vc_column_inner][\/vc_row_inner][\/vc_column][\/vc_row][vc_row margin_bottom=\u00bb32&#8243; anchor=\u00bbempresa\u00bb][vc_column][vc_custom_heading text=\u00bbLa Empresa\u00bb font_container=\u00bbtag:h2|text_align:left|color:%2300247c\u00bb use_theme_fonts=\u00bbyes\u00bb]<div class=\"hr-thin style-line\" style=\"width: 100%;border-top-width: 1px;\"><\/div>[vc_column_text]<\/p>\n<p style=\"text-align: justify;\">COSERSA es una empresa de servicios a nivel nacional encuadrada en el Grupo imesAPI, siguiendo una pol\u00edtica de expansi\u00f3n y modernizaci\u00f3n, dispone de las mejores tecnolog\u00edas y equipos, aplicados al campo del saneamiento.<\/p>\n<p style=\"text-align: justify;\">Debido al profundo conocimiento de los problemas existentes en el saneamiento, COSERSA ofrece soluciones con el convencimiento de que nuestros sistemas de trabajo son de garant\u00eda t\u00e9cnica y econ\u00f3micamente rentables.<\/p>\n<p style=\"text-align: justify;\">Entre nuestros clientes contamos con Administraciones P\u00fablicas, empresas constructoras, administradores de fincas e industrias en general, a quienes se les ofrece una amplia gama de servicios que cubren sus necesidades.<\/p>\n<p style=\"text-align: justify;\">Al frente de COSERSA existe un importante Grupo humano, cuya vocaci\u00f3n de servicio es fiel exponente de nuestra filosof\u00eda empresarial; motivo por el cual se mantiene una atenci\u00f3n personal y continua a nuestros clientes, lo que permite tener un total control del proceso de ejecuci\u00f3n de las obras.<\/p>\n<ul class=\"lista\">\n<li style=\"text-align: justify;\">Inspecci\u00f3n y rehabilitaci\u00f3n de tuber\u00edas con circuito cerrado de televisi\u00f3n.<\/li>\n<li style=\"text-align: justify;\">Rehabilitaci\u00f3n de canalizaciones sin apertura de zanjas.<\/li>\n<li style=\"text-align: justify;\">Pruebas de estanqueidad.<\/li>\n<li style=\"text-align: justify;\">Limpiezas industriales y de alcantarillado.<\/li>\n<li style=\"text-align: justify;\">Gesti\u00f3n, transporte y gesti\u00f3n de residuos peligrosos y residuos no peligrosos.<\/li>\n<\/ul>\n<p>[\/vc_column_text][\/vc_column][\/vc_row][vc_row anchor=\u00bbproductos\u00bb][vc_column][vc_custom_heading text=\u00bbServicios\u00bb font_container=\u00bbtag:h2|text_align:left|color:%2300247c\u00bb use_theme_fonts=\u00bbyes\u00bb]<div class=\"hr-thin style-line\" style=\"width: 100%;border-top-width: 1px;\"><\/div>[vc_empty_space height=\u00bb16px\u00bb][\/vc_column][\/vc_row][vc_row anchor=\u00bbservicios\u00bb][vc_column][vc_row_inner][vc_column_inner width=\u00bb1\/2&#8243;][vc_single_image image=\u00bb1126&#8243; img_size=\u00bbfull\u00bb style=\u00bbvc_box_rounded\u00bb][vc_empty_space height=\u00bb5px\u00bb][vc_custom_heading text=\u00bbInspecci\u00f3n y Rehabilitaci\u00f3n de Canalizaciones\u00bb font_container=\u00bbtag:h5|text_align:center|color:%2300247c\u00bb use_theme_fonts=\u00bbyes\u00bb][\/vc_column_inner][vc_column_inner width=\u00bb1\/2&#8243;][vc_single_image image=\u00bb1131&#8243; img_size=\u00bbfull\u00bb style=\u00bbvc_box_rounded\u00bb][vc_empty_space height=\u00bb5px\u00bb][vc_custom_heading text=\u00bbLimpiezas Industriales\u00bb font_container=\u00bbtag:h5|text_align:center|color:%2300247c\u00bb use_theme_fonts=\u00bbyes\u00bb][\/vc_column_inner][\/vc_row_inner][vc_row_inner][vc_column_inner width=\u00bb1\/3&#8243;][vc_single_image image=\u00bb1128&#8243; img_size=\u00bbfull\u00bb style=\u00bbvc_box_rounded\u00bb][vc_empty_space height=\u00bb5px\u00bb][vc_custom_heading text=\u00bbObras de Pocer\u00eda\u00bb font_container=\u00bbtag:h4|text_align:center|color:%2300247c\u00bb use_theme_fonts=\u00bbyes\u00bb][\/vc_column_inner][vc_column_inner width=\u00bb1\/3&#8243;][vc_single_image image=\u00bb1130&#8243; img_size=\u00bbfull\u00bb style=\u00bbvc_box_rounded\u00bb][vc_empty_space height=\u00bb5px\u00bb][vc_custom_heading text=\u00bbGesti\u00f3n de Residuos\u00bb font_container=\u00bbtag:h5|text_align:center|color:%2300247c\u00bb use_theme_fonts=\u00bbyes\u00bb][\/vc_column_inner][vc_column_inner width=\u00bb1\/3&#8243;][vc_single_image image=\u00bb1132&#8243; img_size=\u00bbfull\u00bb style=\u00bbvc_box_rounded\u00bb][vc_empty_space height=\u00bb5px\u00bb][vc_custom_heading text=\u00bbConsultor\u00eda T\u00e9cnica y Medioambiental\u00bb font_container=\u00bbtag:h4|text_align:center|color:%2300247c\u00bb use_theme_fonts=\u00bbyes\u00bb][\/vc_column_inner][\/vc_row_inner][\/vc_column][\/vc_row][vc_row margin_bottom=\u00bb32&#8243; anchor=\u00bbcalidad\u00bb][vc_column][vc_custom_heading text=\u00bbCertificaciones de Calidad\u00bb font_container=\u00bbtag:h3|text_align:left|color:%2300247c\u00bb use_theme_fonts=\u00bbyes\u00bb]<div class=\"hr-thin style-line\" style=\"width: 100%;border-top-width: 1px;\"><\/div>[vc_row_inner][vc_column_inner][vc_column_text]<\/p>\n<p style=\"text-align: justify;\">COSERSA ha implantado y certificado un \u00abSistema de Gesti\u00f3n Integrado de Calidad, Medio ambiente y Prevenci\u00f3n\u00bb, seg\u00fan las normas UNE-EN ISO 9001:2000 y UNE-EN ISO 14001:2004.<\/p>\n<p style=\"text-align: justify;\">En su compromiso por el respeto al medio ambiente, COSERSA persigue la transparencia en su gesti\u00f3n ambiental, para lo que ha elaborado una \u00abDeclaraci\u00f3n Medioambiental 2007\u00bb.<\/p>\n<p style=\"text-align: justify;\">Tanto el \u00abSistema de Gesti\u00f3n Integrado de Calidad, Medio ambiente y Prevenci\u00f3n\u00bb como la \u00abDeclaraci\u00f3n Ambiental 2007\u00bb han sido certificadas y verificadas, respectivamente, en 2007.<\/p>\n<p style=\"text-align: justify;\">Asimismo, COSERSA ha sido inscrita en el Registro de Organizaciones Adheridas al Sistema Comunitario de Gesti\u00f3n y tiene asignado el n\u00famero ES-MD-000244.<\/p>\n<p style=\"text-align: justify;\">COSERSA es una empresa autorizada para la retirada de amianto: N\u00ba RERA: 28\/00094.<\/p>\n<h4 style=\"text-align: justify;\">Autorizaciones<\/h4>\n<p style=\"text-align: justify;\">N\u00famero de Autorizaci\u00f3n para la Gesti\u00f3n de Residuos Peligrosos en la Comunidad de Madrid: A-80\/933179\/MD\/21\/05090.<\/p>\n<p style=\"text-align: justify;\">Inscripci\u00f3n en el Registro de Gestores de Residuos No Peligrosos con el n\u00famero: RGN\/MD\/06201.<\/p>\n<p style=\"text-align: justify;\">Inscripci\u00f3n en el Registro de Gestores de Residuos No Peligrosos con el n\u00famero: RGN\/MD\/09297.<\/p>\n<p style=\"text-align: justify;\">N\u00famero de Inscripci\u00f3n en el Registro de Transportistas de la Comunidad de Madrid (residuos peligrosos y residuos no peligrosos) TR\/MD\/119.<\/p>\n<p style=\"text-align: justify;\">N\u00famero de Autorizaci\u00f3n para la Gesti\u00f3n de Residuos Peligrosos consistentes en la Recogida y Transporte de Residuos producidos por peque\u00f1os productores por la Junta de Comunidades de Castilla La Mancha: CM\/RPP152.<\/p>\n<p style=\"text-align: justify;\">Autorizaci\u00f3n para recogida y transporte de residuos no peligrosos en la Junta de Comunidades de Castilla La Mancha n\u00famero 08\/CLM\/RNP\/TR\/145.<\/p>\n<p>[\/vc_column_text][vc_empty_space][vc_single_image image=\u00bb1134&#8243; img_size=\u00bbfull\u00bb][\/vc_column_inner][\/vc_row_inner][\/vc_column][\/vc_row][vc_row margin_bottom=\u00bb32&#8243; anchor=\u00bbcontacto\u00bb][vc_column][vc_custom_heading text=\u00bbContacto\u00bb font_container=\u00bbtag:h3|text_align:left|color:%2300247c\u00bb use_theme_fonts=\u00bbyes\u00bb]<div class=\"hr-thin style-line\" style=\"width: 100%;border-top-width: 1px;\"><\/div>[vc_row_inner][vc_column_inner width=\u00bb1\/4&#8243;][vc_single_image image=\u00bb1135&#8243; img_size=\u00bbfull\u00bb][vc_empty_space][vc_custom_heading text=\u00bbContratas y Servicios S.A.\u00bb font_container=\u00bbtag:h3|text_align:right|color:%2300247c\u00bb use_theme_fonts=\u00bbyes\u00bb][vc_column_text]<\/p>\n<h4 style=\"text-align: right;\">Grupo API Movilidad<\/h4>\n<p style=\"text-align: right;\" align=\"center\">C\/. Bronce, 23<br \/>\n28500 Arganda del Rey (Madrid)<\/p>\n<p style=\"text-align: right;\" align=\"center\">Tel.: 902 877 744<br \/>\nFax: 91 872 90 86<\/p>\n<div class=\"gap\" style=\"line-height: 10px; height: 10px;\"><\/div>\n<p style=\"text-align: right;\"><style type=\"text\/css\">#dt-btn-1:hover {color: #ffffff;}#dt-btn-1:hover > .text-wrap * {color: #ffffff;}<\/style><a href=\"https:\/\/www.coser-sa.com\/\" class=\"btn-shortcode dt-btn-m dt-btn light-bg-btn title-btn-color custom-btn-hover-color default-btn-bg-color accent-btn-bg-hover-color fadeIn animate-element animation-builder\" target=\"_blank\" id=\"dt-btn-1\"><i class=\"fa fa-chevron-circle-right\"><\/i><span>P\u00e1gina Web<\/span><\/a><\/p>\n<p>[\/vc_column_text][\/vc_column_inner][vc_column_inner width=\u00bb3\/4&#8243;][vc_gmaps link=\u00bb#E-8_JTNDaWZyYW1lJTIwc3JjJTNEJTIyaHR0cHMlM0ElMkYlMkZ3d3cuZ29vZ2xlLmNvbSUyRm1hcHMlMkZlbWJlZCUzRnBiJTNEJTIxMW0xOCUyMTFtMTIlMjExbTMlMjExZDMwNDIuNzIxMjQ3NzQ1ODU1NiUyMTJkLTMuNDc1NDg4ODg0NjA3NTEwNyUyMTNkNDAuMzA0MTQ3ODc5Mzc4NDIlMjEybTMlMjExZjAlMjEyZjAlMjEzZjAlMjEzbTIlMjExaTEwMjQlMjEyaTc2OCUyMTRmMTMuMSUyMTNtMyUyMTFtMiUyMTFzMHhkNDIzZWZmOGRlZGM0YmYlMjUzQTB4YWU1NzFmODU1OGNkZGNkOSUyMTJzQ29udHJhdGFzJTJCeSUyQlNlcnZpY2lvcyUyQkNvc2Vyc2ElMjE1ZTAlMjEzbTIlMjExc2VzJTIxMnNlcyUyMTR2MTU0Mjc5MDE2MzU0MyUyMiUyMHdpZHRoJTNEJTIyNjQwJTIyJTIwaGVpZ2h0JTNEJTIyNDgwJTIyJTIwZnJhbWVib3JkZXIlM0QlMjIwJTIyJTIwc3R5bGUlM0QlMjJib3JkZXIlM0EwJTIyJTIwYWxsb3dmdWxsc2NyZWVuJTNFJTNDJTJGaWZyYW1lJTNF\u00bb][\/vc_column_inner][\/vc_row_inner][\/vc_column][\/vc_row]<\/p>\n<\/div>","protected":false},"excerpt":{"rendered":"<p>[vc_row margin_bottom=\u00bb32&#8243;][vc_column][vc_custom_heading text=\u00bbCosersa\u00bb font_container=\u00bbtag:h1|text_align:left|color:%2300247c\u00bb use_theme_fonts=\u00bbyes\u00bb][vc_row_inner][vc_column_inner width=\u00bb1\/4&#8243;][vc_custom_heading text=\u00bbLa Empresa\u00bb font_container=\u00bbtag:h4|text_align:left|color:%2300247c\u00bb use_theme_fonts=\u00bbyes\u00bb link=\u00bburl:%23empresa||\u00bb][\/vc_column_inner][vc_column_inner width=\u00bb1\/4&#8243;][vc_custom_heading text=\u00bbServicios\u00bb font_container=\u00bbtag:h4|text_align:left|color:%2300247c\u00bb use_theme_fonts=\u00bbyes\u00bb link=\u00bburl:%23servicios||\u00bb][\/vc_column_inner][vc_column_inner width=\u00bb1\/4&#8243;][vc_custom_heading text=\u00bbCertificaciones y Autorizaciones\u00bb font_container=\u00bbtag:h4|text_align:left|color:%2300247c\u00bb use_theme_fonts=\u00bbyes\u00bb link=\u00bburl:%23calidad||\u00bb][\/vc_column_inner][vc_column_inner width=\u00bb1\/4&#8243;][vc_custom_heading text=\u00bbContacto\u00bb font_container=\u00bbtag:h4|text_align:left|color:%2300247c\u00bb use_theme_fonts=\u00bbyes\u00bb link=\u00bburl:%23contacto||\u00bb][\/vc_column_inner][\/vc_row_inner][\/vc_column][\/vc_row][vc_row margin_bottom=\u00bb32&#8243; anchor=\u00bbempresa\u00bb][vc_column][vc_custom_heading text=\u00bbLa Empresa\u00bb font_container=\u00bbtag:h2|text_align:left|color:%2300247c\u00bb use_theme_fonts=\u00bbyes\u00bb][vc_column_text] COSERSA es una empresa de servicios a nivel nacional encuadrada en el Grupo imesAPI, siguiendo una pol\u00edtica de expansi\u00f3n y modernizaci\u00f3n,&hellip;<\/p>\n","protected":false},"author":1,"featured_media":0,"parent":590,"menu_order":4,"comment_status":"closed","ping_status":"closed","template":"","meta":[],"class_list":["post-600","page","type-page","status-publish","hentry","description-off"],"_links":{"self":[{"href":"https:\/\/www.grupoimesapi.es\/es\/wp-json\/wp\/v2\/pages\/600","targetHints":{"allow":["GET"]}}],"collection":[{"href":"https:\/\/www.grupoimesapi.es\/es\/wp-json\/wp\/v2\/pages"}],"about":[{"href":"https:\/\/www.grupoimesapi.es\/es\/wp-json\/wp\/v2\/types\/page"}],"author":[{"embeddable":true,"href":"https:\/\/www.grupoimesapi.es\/es\/wp-json\/wp\/v2\/users\/1"}],"replies":[{"embeddable":true,"href":"https:\/\/www.grupoimesapi.es\/es\/wp-json\/wp\/v2\/comments?post=600"}],"version-history":[{"count":0,"href":"https:\/\/www.grupoimesapi.es\/es\/wp-json\/wp\/v2\/pages\/600\/revisions"}],"up":[{"embeddable":true,"href":"https:\/\/www.grupoimesapi.es\/es\/wp-json\/wp\/v2\/pages\/590"}],"wp:attachment":[{"href":"https:\/\/www.grupoimesapi.es\/es\/wp-json\/wp\/v2\/media?parent=600"}],"curies":[{"name":"wp","href":"https:\/\/api.w.org\/{rel}","templated":true}]}}