{"id":592,"date":"2016-01-20T12:14:15","date_gmt":"2016-01-20T12:14:15","guid":{"rendered":"http:\/\/grupoimesapi.es\/?page_id=592"},"modified":"2020-10-29T11:56:23","modified_gmt":"2020-10-29T11:56:23","slug":"api-fabricacion","status":"publish","type":"page","link":"https:\/\/www.grupoimesapi.es\/es\/empresas\/api-movilidad\/api-fabricacion\/","title":{"rendered":"API Fabricaci\u00f3n"},"content":{"rendered":"<div class=\"wpb-content-wrapper\"><p>[vc_row margin_bottom=\u00bb32&#8243;][vc_column][vc_custom_heading text=\u00bbAPI Fabricaci\u00f3n\u00bb font_container=\u00bbtag:h1|text_align:left|color:%2300247c\u00bb use_theme_fonts=\u00bbyes\u00bb]<div class=\"hr-thin style-line\" style=\"width: 100%;border-top-width: 1px;\"><\/div>[vc_row_inner][vc_column_inner width=\u00bb1\/4&#8243;][vc_custom_heading text=\u00bbLa Empresa\u00bb font_container=\u00bbtag:h4|text_align:left|color:%2300247c\u00bb use_theme_fonts=\u00bbyes\u00bb link=\u00bburl:%23empresa||\u00bb][\/vc_column_inner][vc_column_inner width=\u00bb1\/4&#8243;][vc_custom_heading text=\u00bbProductos\u00bb font_container=\u00bbtag:h4|text_align:left|color:%2300247c\u00bb use_theme_fonts=\u00bbyes\u00bb link=\u00bburl:%23productos||\u00bb][\/vc_column_inner][vc_column_inner width=\u00bb1\/4&#8243;][vc_custom_heading text=\u00bbCalidad Y<br \/>\nMedio Ambiente\u00bb font_container=\u00bbtag:h4|text_align:left|color:%2300247c\u00bb use_theme_fonts=\u00bbyes\u00bb link=\u00bburl:%23calidad||\u00bb][\/vc_column_inner][vc_column_inner width=\u00bb1\/4&#8243;][vc_custom_heading text=\u00bbContacto\u00bb font_container=\u00bbtag:h4|text_align:left|color:%2300247c\u00bb use_theme_fonts=\u00bbyes\u00bb link=\u00bburl:%23contacto||\u00bb][\/vc_column_inner][\/vc_row_inner][\/vc_column][\/vc_row][vc_row margin_bottom=\u00bb32&#8243; anchor=\u00bbempresa\u00bb][vc_column][vc_custom_heading text=\u00bbLa Empresa\u00bb font_container=\u00bbtag:h2|text_align:left|color:%2300247c\u00bb use_theme_fonts=\u00bbyes\u00bb]<div class=\"hr-thin style-line\" style=\"width: 100%;border-top-width: 1px;\"><\/div>[vc_column_text]<\/p>\n<p style=\"text-align: justify;\">Han pasado 40 a\u00f1os desde que API realiz\u00f3 su primer trabajo de se\u00f1alizaci\u00f3n. Durante este tiempo el concepto de Seguridad Vial ha experimentado un gran desarrollo. Nuestra sociedad exige que el nivel de seguridad en nuestras carreteras sea comparable al de los pa\u00edses m\u00e1s desarrollados, y la se\u00f1alizaci\u00f3n influye de manera fundamental en dicho nivel.<\/p>\n<p style=\"text-align: justify;\">Nuestros productos en se\u00f1alizaci\u00f3n est\u00e1n de acuerdo a las nuevas normativas y en especial la 8.1\u2013 I C. El aumento de la seguridad vial en nuestros desplazamientos debe ser una prioridad para todos.<\/p>\n<p style=\"text-align: justify;\">Esperamos, con nuestra colaboraci\u00f3n, contribuir a un objetivo tan noble y necesario.<\/p>\n<p>[\/vc_column_text][vc_empty_space height=\u00bb16px\u00bb][vc_raw_html]JTNDZGl2JTIwY2xhc3MlM0QlMjJ2aWRlb0NvbnRhaW5lciUyMiUzRSUwQSUzQ2lmcmFtZSUyMHdpZHRoJTNEJTIyMTAwJTI1JTIyJTIwc3JjJTNEJTIyaHR0cHMlM0ElMkYlMkZ3d3cueW91dHViZS1ub2Nvb2tpZS5jb20lMkZlbWJlZCUyRlhoTUo2T0REdER3JTIyJTIwZnJhbWVib3JkZXIlM0QlMjIwJTIyJTIwYWxsb3clM0QlMjJhY2NlbGVyb21ldGVyJTNCJTIwY2xpcGJvYXJkLXdyaXRlJTNCJTIwZW5jcnlwdGVkLW1lZGlhJTNCJTIwZ3lyb3Njb3BlJTNCJTIwcGljdHVyZS1pbi1waWN0dXJlJTIyJTIwYWxsb3dmdWxsc2NyZWVuJTNFJTNDJTJGaWZyYW1lJTNFJTBBJTNDJTJGZGl2JTNF[\/vc_raw_html][\/vc_column][\/vc_row][vc_row anchor=\u00bbproductos\u00bb][vc_column][vc_custom_heading text=\u00bbProductos\u00bb font_container=\u00bbtag:h2|text_align:left|color:%2300247c\u00bb use_theme_fonts=\u00bbyes\u00bb]<div class=\"hr-thin style-line\" style=\"width: 100%;border-top-width: 1px;\"><\/div>[vc_empty_space height=\u00bb16px\u00bb][\/vc_column][\/vc_row][vc_row anchor=\u00bbservicios\u00bb][vc_column][vc_custom_heading text=\u00bbFabricaci\u00f3n\u00bb font_container=\u00bbtag:h3|text_align:left|color:%2300247c\u00bb use_theme_fonts=\u00bbyes\u00bb]<div class=\"hr-thin style-line\" style=\"width: 100%;border-top-width: 1px;\"><\/div>[vc_empty_space height=\u00bb16px\u00bb][vc_row_inner][vc_column_inner width=\u00bb1\/2&#8243;][vc_single_image image=\u00bb1109&#8243; img_size=\u00bbfull\u00bb style=\u00bbvc_box_rounded\u00bb][vc_empty_space height=\u00bb5px\u00bb][vc_custom_heading text=\u00bbSe\u00f1alizaci\u00f3n Vertical\u00bb font_container=\u00bbtag:h5|text_align:center|color:%2300247c\u00bb use_theme_fonts=\u00bbyes\u00bb][\/vc_column_inner][vc_column_inner width=\u00bb1\/2&#8243;][vc_single_image image=\u00bb1108&#8243; img_size=\u00bbfull\u00bb style=\u00bbvc_box_rounded\u00bb][vc_empty_space height=\u00bb5px\u00bb][vc_custom_heading text=\u00bbSe\u00f1alizaci\u00f3n Horizontal\u00bb font_container=\u00bbtag:h5|text_align:center|color:%2300247c\u00bb use_theme_fonts=\u00bbyes\u00bb][\/vc_column_inner][\/vc_row_inner][vc_row_inner][vc_column_inner width=\u00bb1\/3&#8243;][vc_single_image image=\u00bb1091&#8243; img_size=\u00bbfull\u00bb style=\u00bbvc_box_rounded\u00bb][vc_empty_space height=\u00bb5px\u00bb][vc_custom_heading text=\u00bbSe\u00f1ales de Aluminio\u00bb font_container=\u00bbtag:h4|text_align:center|color:%2300247c\u00bb use_theme_fonts=\u00bbyes\u00bb][\/vc_column_inner][vc_column_inner width=\u00bb1\/3&#8243;][vc_single_image image=\u00bb1094&#8243; img_size=\u00bbfull\u00bb style=\u00bbvc_box_rounded\u00bb][vc_empty_space height=\u00bb5px\u00bb][vc_custom_heading text=\u00bbCarteles de Lamas\u00bb font_container=\u00bbtag:h4|text_align:center|color:%2300247c\u00bb use_theme_fonts=\u00bbyes\u00bb][\/vc_column_inner][vc_column_inner width=\u00bb1\/3&#8243;][vc_single_image image=\u00bb1093&#8243; img_size=\u00bbfull\u00bb style=\u00bbvc_box_rounded\u00bb][vc_empty_space height=\u00bb5px\u00bb][vc_custom_heading text=\u00bbP\u00f3rticos y Banderolas\u00bb font_container=\u00bbtag:h5|text_align:center|color:%2300247c\u00bb use_theme_fonts=\u00bbyes\u00bb][\/vc_column_inner][\/vc_row_inner][vc_row_inner][vc_column_inner width=\u00bb1\/4&#8243;][vc_single_image image=\u00bb1095&#8243; img_size=\u00bbfull\u00bb style=\u00bbvc_box_rounded\u00bb][vc_empty_space height=\u00bb5px\u00bb][vc_custom_heading text=\u00bbSe\u00f1alizaci\u00f3n Luminosa\u00bb font_container=\u00bbtag:h5|text_align:center|color:%2300247c\u00bb use_theme_fonts=\u00bbyes\u00bb][\/vc_column_inner][vc_column_inner width=\u00bb1\/4&#8243;][vc_single_image image=\u00bb1096&#8243; img_size=\u00bbfull\u00bb style=\u00bbvc_box_rounded\u00bb][vc_empty_space height=\u00bb5px\u00bb][vc_custom_heading text=\u00bbSe\u00f1alizaci\u00f3n Tur\u00edstica\u00bb font_container=\u00bbtag:h5|text_align:center|color:%2300247c\u00bb use_theme_fonts=\u00bbyes\u00bb][\/vc_column_inner][vc_column_inner width=\u00bb1\/4&#8243;][vc_single_image image=\u00bb1097&#8243; img_size=\u00bbfull\u00bb style=\u00bbvc_box_rounded\u00bb][vc_empty_space height=\u00bb5px\u00bb][vc_custom_heading text=\u00bbEspacios Naturales\u00bb font_container=\u00bbtag:h5|text_align:center|color:%2300247c\u00bb use_theme_fonts=\u00bbyes\u00bb][\/vc_column_inner][vc_column_inner width=\u00bb1\/4&#8243;][vc_single_image image=\u00bb1098&#8243; img_size=\u00bbfull\u00bb style=\u00bbvc_box_rounded\u00bb][vc_empty_space height=\u00bb5px\u00bb][vc_custom_heading text=\u00bbPlacas Vado y Calle\u00bb font_container=\u00bbtag:h5|text_align:center|color:%2300247c\u00bb use_theme_fonts=\u00bbyes\u00bb][\/vc_column_inner][\/vc_row_inner][vc_row_inner][vc_column_inner width=\u00bb1\/4&#8243;][vc_single_image image=\u00bb1099&#8243; img_size=\u00bbfull\u00bb style=\u00bbvc_box_rounded\u00bb][vc_empty_space height=\u00bb5px\u00bb][vc_custom_heading text=\u00bbCarteles y Placas Especiales\u00bb font_container=\u00bbtag:h5|text_align:center|color:%2300247c\u00bb use_theme_fonts=\u00bbyes\u00bb][\/vc_column_inner][vc_column_inner width=\u00bb1\/4&#8243;][vc_single_image image=\u00bb1100&#8243; img_size=\u00bbfull\u00bb style=\u00bbvc_box_rounded\u00bb][vc_empty_space height=\u00bb5px\u00bb][vc_custom_heading text=\u00bbPerfiles Pol\u00edmeros\u00bb font_container=\u00bbtag:h5|text_align:center|color:%2300247c\u00bb use_theme_fonts=\u00bbyes\u00bb][\/vc_column_inner][vc_column_inner width=\u00bb1\/4&#8243;][vc_single_image image=\u00bb1101&#8243; img_size=\u00bbfull\u00bb style=\u00bbvc_box_rounded\u00bb][vc_empty_space height=\u00bb5px\u00bb][vc_custom_heading text=\u00bbHitos\u00bb font_container=\u00bbtag:h5|text_align:center|color:%2300247c\u00bb use_theme_fonts=\u00bbyes\u00bb][\/vc_column_inner][vc_column_inner width=\u00bb1\/4&#8243;][vc_single_image image=\u00bb1102&#8243; img_size=\u00bbfull\u00bb style=\u00bbvc_box_rounded\u00bb][vc_empty_space height=\u00bb5px\u00bb][vc_custom_heading text=\u00bbBalizamiento\u00bb font_container=\u00bbtag:h5|text_align:center|color:%2300247c\u00bb use_theme_fonts=\u00bbyes\u00bb][\/vc_column_inner][\/vc_row_inner][vc_row_inner][vc_column_inner width=\u00bb1\/4&#8243;][vc_single_image image=\u00bb1103&#8243; img_size=\u00bbfull\u00bb style=\u00bbvc_box_rounded\u00bb][vc_empty_space height=\u00bb5px\u00bb][vc_custom_heading text=\u00bbBarandillas\u00bb font_container=\u00bbtag:h5|text_align:center|color:%2300247c\u00bb use_theme_fonts=\u00bbyes\u00bb][\/vc_column_inner][vc_column_inner width=\u00bb1\/4&#8243;][vc_single_image image=\u00bb1104&#8243; img_size=\u00bbfull\u00bb style=\u00bbvc_box_rounded\u00bb][vc_empty_space height=\u00bb5px\u00bb][vc_custom_heading text=\u00bbMonopostes Publicitarios\u00bb font_container=\u00bbtag:h5|text_align:center|color:%2300247c\u00bb use_theme_fonts=\u00bbyes\u00bb][\/vc_column_inner][vc_column_inner width=\u00bb1\/4&#8243;][vc_single_image image=\u00bb1107&#8243; img_size=\u00bbfull\u00bb style=\u00bbvc_box_rounded\u00bb][vc_empty_space height=\u00bb5px\u00bb][vc_custom_heading text=\u00bbJuntas de Dilataci\u00f3n\u00bb font_container=\u00bbtag:h5|text_align:center|color:%2300247c\u00bb use_theme_fonts=\u00bbyes\u00bb][\/vc_column_inner][vc_column_inner width=\u00bb1\/4&#8243;][vc_single_image image=\u00bb1105&#8243; img_size=\u00bbfull\u00bb style=\u00bbvc_box_rounded\u00bb][vc_empty_space height=\u00bb5px\u00bb][vc_custom_heading text=\u00bbVarios\u00bb font_container=\u00bbtag:h5|text_align:center|color:%2300247c\u00bb use_theme_fonts=\u00bbyes\u00bb][\/vc_column_inner][\/vc_row_inner][\/vc_column][\/vc_row][vc_row margin_bottom=\u00bb32&#8243; anchor=\u00bbcalidad\u00bb][vc_column][vc_empty_space][vc_custom_heading text=\u00bbCertificaciones de Calidad\u00bb font_container=\u00bbtag:h3|text_align:left|color:%2300247c\u00bb use_theme_fonts=\u00bbyes\u00bb]<div class=\"hr-thin style-line\" style=\"width: 100%;border-top-width: 1px;\"><\/div>[vc_row_inner][vc_column_inner][vc_column_text]<\/p>\n<p style=\"text-align: justify;\">Uno de los principales compromisos de nuestra empresa, es apostar por\u00a0 un mercado de calidad y respeto al medio ambiente, por ello, siempre ha sido pionera en estos campos. As\u00ed, ya en1995 se consigui\u00f3 el primer certificado de Registro de Empresa, seg\u00fan la norma UNE-EN-ISO 9001.<\/p>\n<p style=\"text-align: justify;\">Posteriormente apostamos por el reto del Medio Ambiente, consiguiendo el Certificado de Gesti\u00f3n Ambiental seg\u00fan la norma UNE-EN-ISO 14001.<\/p>\n<p style=\"text-align: justify;\">Siguiendo en esta l\u00ednea, en la actualidad se ha conseguido tambi\u00e9n el Certificado de Gesti\u00f3n de I+D+i, seg\u00fan norma UNE 166002, as\u00ed como el marcado CE, para se\u00f1ales verticales, el cual es obligatorio ya desde el 1 de Enero de 2013, y para estructuras, p\u00f3rticos y banderolas, que ser\u00e1 obligatorio a partir del 1 de Julio de 2014.<\/p>\n<p>[\/vc_column_text][vc_empty_space][vc_single_image image=\u00bb1111&#8243; img_size=\u00bbfull\u00bb][\/vc_column_inner][\/vc_row_inner][\/vc_column][\/vc_row][vc_row margin_bottom=\u00bb32&#8243; anchor=\u00bbcontacto\u00bb][vc_column][vc_custom_heading text=\u00bbContacto\u00bb font_container=\u00bbtag:h3|text_align:left|color:%2300247c\u00bb use_theme_fonts=\u00bbyes\u00bb]<div class=\"hr-thin style-line\" style=\"width: 100%;border-top-width: 1px;\"><\/div>[vc_row_inner][vc_column_inner width=\u00bb1\/4&#8243;][vc_single_image image=\u00bb1112&#8243; img_size=\u00bbfull\u00bb][vc_empty_space][vc_custom_heading text=\u00bbAPI Fabricaci\u00f3n\u00bb font_container=\u00bbtag:h3|text_align:right|color:%2300247c\u00bb use_theme_fonts=\u00bbyes\u00bb][vc_column_text]<\/p>\n<h4 style=\"text-align: right;\">Grupo API Movilidad<\/h4>\n<p style=\"text-align: right;\">C\/ Raso de la Estrella, s\/n<br \/>\n28300 Aranjuez (Madrid)<br \/>\nTels.: (91) 809 09 92 &#8211; (91) 809 09 93<\/p>\n<p style=\"text-align: right;\"><div class=\"soc-ico\"><a title=\"Sitio web\" href=\"http:\/\/www.apifabricacion.com\" target=\"_blank\" class=\"website\"><span class=\"assistive-text\">Sitio web<\/span><\/a><\/div>\n<p>[\/vc_column_text][\/vc_column_inner][vc_column_inner width=\u00bb3\/4&#8243;][vc_gmaps link=\u00bb#E-8_JTNDaWZyYW1lJTIwc3JjJTNEJTIyaHR0cHMlM0ElMkYlMkZ3d3cuZ29vZ2xlLmNvbSUyRm1hcHMlMkZlbWJlZCUzRnBiJTNEJTIxMW0xOCUyMTFtMTIlMjExbTMlMjExZDMwNTQuODk3NjI5MDcwMjI3JTIxMmQtMy42MjQ4MjIwODQyNDg0MjIlMjEzZDQwLjAzMzA2NDk3OTQxMTU4JTIxMm0zJTIxMWYwJTIxMmYwJTIxM2YwJTIxM20yJTIxMWkxMDI0JTIxMmk3NjglMjE0ZjEzLjElMjEzbTMlMjExbTIlMjExczB4ZDQyMDQ0Y2E0YzE1Mjk1JTI1M0EweGRhMTliNjc3MzY0Y2YwYzElMjEyc0FwaSUyQkZhYnJpY2FjaSUyNUMzJTI1QjNuJTIxNWUwJTIxM20yJTIxMXNlcyUyMTJzZXMlMjE0djE0NTczNTA1NTcyNTclMjIlMjB3aWR0aCUzRCUyMjYwMCUyMiUyMGhlaWdodCUzRCUyMjQ1MCUyMiUyMGZyYW1lYm9yZGVyJTNEJTIyMCUyMiUyMHN0eWxlJTNEJTIyYm9yZGVyJTNBMCUyMiUyMGFsbG93ZnVsbHNjcmVlbiUzRSUzQyUyRmlmcmFtZSUzRQ==\u00bb][\/vc_column_inner][\/vc_row_inner][\/vc_column][\/vc_row]<\/p>\n<\/div>","protected":false},"excerpt":{"rendered":"<p>[vc_row margin_bottom=\u00bb32&#8243;][vc_column][vc_custom_heading text=\u00bbAPI Fabricaci\u00f3n\u00bb font_container=\u00bbtag:h1|text_align:left|color:%2300247c\u00bb use_theme_fonts=\u00bbyes\u00bb][vc_row_inner][vc_column_inner width=\u00bb1\/4&#8243;][vc_custom_heading text=\u00bbLa Empresa\u00bb font_container=\u00bbtag:h4|text_align:left|color:%2300247c\u00bb use_theme_fonts=\u00bbyes\u00bb link=\u00bburl:%23empresa||\u00bb][\/vc_column_inner][vc_column_inner width=\u00bb1\/4&#8243;][vc_custom_heading text=\u00bbProductos\u00bb font_container=\u00bbtag:h4|text_align:left|color:%2300247c\u00bb use_theme_fonts=\u00bbyes\u00bb link=\u00bburl:%23productos||\u00bb][\/vc_column_inner][vc_column_inner width=\u00bb1\/4&#8243;][vc_custom_heading text=\u00bbCalidad Y Medio Ambiente\u00bb font_container=\u00bbtag:h4|text_align:left|color:%2300247c\u00bb use_theme_fonts=\u00bbyes\u00bb link=\u00bburl:%23calidad||\u00bb][\/vc_column_inner][vc_column_inner width=\u00bb1\/4&#8243;][vc_custom_heading text=\u00bbContacto\u00bb font_container=\u00bbtag:h4|text_align:left|color:%2300247c\u00bb use_theme_fonts=\u00bbyes\u00bb link=\u00bburl:%23contacto||\u00bb][\/vc_column_inner][\/vc_row_inner][\/vc_column][\/vc_row][vc_row margin_bottom=\u00bb32&#8243; anchor=\u00bbempresa\u00bb][vc_column][vc_custom_heading text=\u00bbLa Empresa\u00bb font_container=\u00bbtag:h2|text_align:left|color:%2300247c\u00bb use_theme_fonts=\u00bbyes\u00bb][vc_column_text] Han pasado 40 a\u00f1os desde que API realiz\u00f3 su primer trabajo de se\u00f1alizaci\u00f3n. Durante este tiempo el concepto de&hellip;<\/p>\n","protected":false},"author":1,"featured_media":0,"parent":590,"menu_order":0,"comment_status":"closed","ping_status":"closed","template":"","meta":[],"class_list":["post-592","page","type-page","status-publish","hentry","description-off"],"_links":{"self":[{"href":"https:\/\/www.grupoimesapi.es\/es\/wp-json\/wp\/v2\/pages\/592","targetHints":{"allow":["GET"]}}],"collection":[{"href":"https:\/\/www.grupoimesapi.es\/es\/wp-json\/wp\/v2\/pages"}],"about":[{"href":"https:\/\/www.grupoimesapi.es\/es\/wp-json\/wp\/v2\/types\/page"}],"author":[{"embeddable":true,"href":"https:\/\/www.grupoimesapi.es\/es\/wp-json\/wp\/v2\/users\/1"}],"replies":[{"embeddable":true,"href":"https:\/\/www.grupoimesapi.es\/es\/wp-json\/wp\/v2\/comments?post=592"}],"version-history":[{"count":0,"href":"https:\/\/www.grupoimesapi.es\/es\/wp-json\/wp\/v2\/pages\/592\/revisions"}],"up":[{"embeddable":true,"href":"https:\/\/www.grupoimesapi.es\/es\/wp-json\/wp\/v2\/pages\/590"}],"wp:attachment":[{"href":"https:\/\/www.grupoimesapi.es\/es\/wp-json\/wp\/v2\/media?parent=592"}],"curies":[{"name":"wp","href":"https:\/\/api.w.org\/{rel}","templated":true}]}}