{"id":590,"date":"2016-01-20T12:13:51","date_gmt":"2016-01-20T12:13:51","guid":{"rendered":"http:\/\/grupoimesapi.es\/?page_id=590"},"modified":"2022-03-15T14:31:49","modified_gmt":"2022-03-15T14:31:49","slug":"api-movilidad","status":"publish","type":"page","link":"https:\/\/www.grupoimesapi.es\/es\/empresas\/api-movilidad\/","title":{"rendered":"API Movilidad"},"content":{"rendered":"<div class=\"wpb-content-wrapper\"><p>[vc_row margin_bottom=\u00bb32&#8243;][vc_column][vc_custom_heading text=\u00bbAPI Movilidad\u00bb font_container=\u00bbtag:h1|text_align:left|color:%2300247c\u00bb use_theme_fonts=\u00bbyes\u00bb]<div class=\"hr-thin style-line\" style=\"width: 100%;border-top-width: 1px;\"><\/div>[vc_row_inner][vc_column_inner width=\u00bb1\/4&#8243;][vc_custom_heading text=\u00bbLa Empresa\u00bb font_container=\u00bbtag:h4|text_align:left|color:%2300247c\u00bb use_theme_fonts=\u00bbyes\u00bb link=\u00bb||\u00bb][\/vc_column_inner][vc_column_inner width=\u00bb1\/4&#8243;][vc_custom_heading text=\u00bbServicios\u00bb font_container=\u00bbtag:h4|text_align:left|color:%2300247c\u00bb use_theme_fonts=\u00bbyes\u00bb link=\u00bburl:%23actividades||\u00bb][\/vc_column_inner][vc_column_inner width=\u00bb1\/4&#8243;][vc_custom_heading text=\u00bbContacto\u00bb font_container=\u00bbtag:h4|text_align:left|color:%2300247c\u00bb use_theme_fonts=\u00bbyes\u00bb link=\u00bburl:%23contacto||\u00bb][\/vc_column_inner][\/vc_row_inner][\/vc_column][\/vc_row][vc_row margin_bottom=\u00bb32&#8243;][vc_column][vc_custom_heading text=\u00bbLa Empresa\u00bb font_container=\u00bbtag:h2|text_align:left|color:%2300247c\u00bb use_theme_fonts=\u00bbyes\u00bb]<div class=\"hr-thin style-line\" style=\"width: 100%;border-top-width: 1px;\"><\/div>[vc_column_text]<\/p>\n<p style=\"text-align: justify;\">API Movilidad dispone de la capacidad para fabricar cualquier tipo de se\u00f1al a instalar en v\u00eda p\u00fablica, se\u00f1ales verticales de tr\u00e1fico, carteles, se\u00f1alizaci\u00f3n informativa urbana, se\u00f1alizaci\u00f3n tur\u00edstica, se\u00f1alizaci\u00f3n interior, se\u00f1alizaci\u00f3n medioambiental, placas de calle, etc. La f\u00e1brica de se\u00f1alizaci\u00f3n cuenta con m\u00e1s de 7.500 m2 de edificaciones divididas en 6 espacios para cada uno de los procesos de fabricaci\u00f3n de se\u00f1ales.<\/p>\n<p style=\"text-align: justify;\">Respecto al equipamiento de infraestructuras de obra civil, aparte de la se\u00f1alizaci\u00f3n vertical, tambi\u00e9n realiza labores de pintado de marca vial e instalaci\u00f3n de defensas, balizamiento y sistemas inteligentes de transporte (ITS), tanto para carreteras como para aeropuertos.<\/p>\n<p style=\"text-align: justify;\">La subdivisi\u00f3n \u201cindustrial\u201d, realiza labores de restauraci\u00f3n y rehabilitaci\u00f3n de puentes y fachadas de edificios. Tambi\u00e9n realiza operaciones de pintado de torres de alta tensi\u00f3n, subestaciones el\u00e9ctricas, tanques de almacenamiento de material, etc. Por \u00faltimo, rese\u00f1ar adem\u00e1s los trabajos con agua a alta presi\u00f3n, que permiten la limpieza de t\u00faneles y paramentos de hormig\u00f3n.<\/p>\n<p style=\"text-align: justify;\">La actividad de limpiezas se centra en\u00a0actuaciones de inspecci\u00f3n y rehabilitaci\u00f3n de canalizaciones, obras de poceria y limpieza de canalizaciones.<\/p>\n<p style=\"text-align: justify;\">En la actualidad el campo de actuaci\u00f3n de esta \u00e1rea sigue en plena expansi\u00f3n, abarcando todo tipo de contratos, tanto por el bien a conservar, como por la duraci\u00f3n del contrato, o por el sistema de financiaci\u00f3n que conlleve el contrato, financiaci\u00f3n p\u00fablica, mixta o privada. El \u00e1rea m\u00e1s desarrollada es el mantenimiento integral de carreteras, tanto de titularidad estatal, auton\u00f3mica o local, siendo en este momento la empresa l\u00edder del sector en nuestro pa\u00eds, con m\u00e1s de 9.000 km de carretera en conservaci\u00f3n integral, y m\u00e1s de 40 contratos en vigor en la actualidad.<\/p>\n<p>[\/vc_column_text][\/vc_column][\/vc_row][vc_row margin_bottom=\u00bb32&#8243; anchor=\u00bbactividades\u00bb][vc_column][vc_custom_heading text=\u00bbServicios\u00bb font_container=\u00bbtag:h2|text_align:left|color:%2300247c\u00bb use_theme_fonts=\u00bbyes\u00bb]<div class=\"hr-thin style-line\" style=\"width: 100%;border-top-width: 1px;\"><\/div>[vc_empty_space][vc_row_inner][vc_column_inner width=\u00bb1\/3&#8243;][vc_single_image image=\u00bb1480&#8243; img_size=\u00bbfull\u00bb alignment=\u00bbcenter\u00bb style=\u00bbvc_box_rounded\u00bb][vc_empty_space height=\u00bb16px\u00bb][vc_custom_heading text=\u00bbSe\u00f1alizaci\u00f3n, Balizamiento y Defensas\u00bb font_container=\u00bbtag:h5|text_align:left|color:%2300247c\u00bb use_theme_fonts=\u00bbyes\u00bb][vc_column_text]<\/p>\n<ul>\n<li>Se\u00f1alizaci\u00f3n Vertical<\/li>\n<li>Se\u00f1alizaci\u00f3n Horizontal<\/li>\n<li>Defensas<\/li>\n<li>Juntas de Dilataci\u00f3n<\/li>\n<li>Se\u00f1alizaci\u00f3n Medioambiental<\/li>\n<li>Se\u00f1alizaci\u00f3n Peatonal<\/li>\n<li>Balizamiento y Se\u00f1alizaci\u00f3n Luminosa<\/li>\n<li>Informes T\u00e9cnicos,\u00a0Inventarios y Consultor\u00eda<\/li>\n<\/ul>\n<p>[\/vc_column_text][vc_empty_space height=\u00bb20px\u00bb][\/vc_column_inner][vc_column_inner width=\u00bb1\/3&#8243;][vc_single_image image=\u00bb1781&#8243; img_size=\u00bbfull\u00bb alignment=\u00bbcenter\u00bb style=\u00bbvc_box_rounded\u00bb][vc_empty_space height=\u00bb16px\u00bb][vc_custom_heading text=\u00bbF\u00e1brica de Se\u00f1ales\u00bb font_container=\u00bbtag:h5|text_align:left|color:%2300247c\u00bb use_theme_fonts=\u00bbyes\u00bb][vc_column_text]<\/p>\n<ul>\n<li>Carpinter\u00eda Met\u00e1lica<\/li>\n<li>Fabricaci\u00f3n de Estructuras Met\u00e1licas<\/li>\n<li>Secci\u00f3n de Pintura<\/li>\n<li>Secci\u00f3n de Aplicaci\u00f3n<\/li>\n<li>Secci\u00f3n de Productos Electr\u00f3nicos<\/li>\n<li>Laboratorio de Control de Calidad<\/li>\n<li>Secci\u00f3n de Productos Terminados<\/li>\n<\/ul>\n<p>[\/vc_column_text][vc_empty_space height=\u00bb20px\u00bb][\/vc_column_inner][vc_column_inner width=\u00bb1\/3&#8243;][vc_single_image image=\u00bb1782&#8243; img_size=\u00bbfull\u00bb alignment=\u00bbcenter\u00bb style=\u00bbvc_box_rounded\u00bb][vc_empty_space height=\u00bb16px\u00bb][vc_custom_heading text=\u00bbRehabilitaci\u00f3n y Pintura Industrial\u00bb font_container=\u00bbtag:h5|text_align:left|color:%2300247c\u00bb use_theme_fonts=\u00bbyes\u00bb][vc_column_text]<\/p>\n<ul>\n<li>Aplicaci\u00f3n de Pinturas Industriales<\/li>\n<li>Reparaciones Integrales<\/li>\n<li>Restauraci\u00f3n y Rehabilitaci\u00f3n<\/li>\n<li>Trabajos con Agua a Alta Presi\u00f3n<\/li>\n<li>Limpiezas Industriales<\/li>\n<\/ul>\n<p>[\/vc_column_text][vc_empty_space height=\u00bb20px\u00bb][\/vc_column_inner][\/vc_row_inner][\/vc_column][\/vc_row][vc_row margin_bottom=\u00bb32&#8243; anchor=\u00bbcontacto\u00bb][vc_column][vc_custom_heading text=\u00bbContacto\u00bb font_container=\u00bbtag:h3|text_align:left|color:%2300247c\u00bb use_theme_fonts=\u00bbyes\u00bb]<div class=\"hr-thin style-line\" style=\"width: 100%;border-top-width: 1px;\"><\/div>[vc_row_inner][vc_column_inner width=\u00bb1\/4&#8243;][vc_single_image image=\u00bb685&#8243; img_size=\u00bbfull\u00bb alignment=\u00bbright\u00bb][vc_empty_space][vc_custom_heading text=\u00bbAPI Movilidad\u00bb font_container=\u00bbtag:h3|text_align:right|color:%2300247c\u00bb use_theme_fonts=\u00bbyes\u00bb][vc_column_text]<\/p>\n<p style=\"text-align: right;\">V\u00eda de los Poblados, 9 y 11<br \/>\n28033 Madrid<\/p>\n<p style=\"text-align: right;\">Telf: 91 744 39 00<br \/>\n91 598 90 60<br \/>\nFax: 91 744 39 01<br \/>\n91 598 90 65<\/p>\n<p style=\"text-align: right;\"><style type=\"text\/css\">#dt-btn-1:hover {color: #ffffff;}#dt-btn-1:hover > .text-wrap * {color: #ffffff;}<\/style><a href=\"http:\/\/www.imesapi.es\" class=\"btn-shortcode dt-btn-m dt-btn light-bg-btn title-btn-color custom-btn-hover-color default-btn-bg-color accent-btn-bg-hover-color fadeIn animate-element animation-builder\" target=\"_blank\" id=\"dt-btn-1\"><i class=\"fa fa-chevron-circle-right\"><\/i><span>P\u00e1gina Web<\/span><\/a><\/p>\n<p>[\/vc_column_text][\/vc_column_inner][vc_column_inner width=\u00bb3\/4&#8243;][vc_gmaps link=\u00bb#E-8_JTNDaWZyYW1lJTIwc3JjJTNEJTIyaHR0cHMlM0ElMkYlMkZ3d3cuZ29vZ2xlLmNvbSUyRm1hcHMlMkZlbWJlZCUzRnBiJTNEJTIxMW0xOCUyMTFtMTIlMjExbTMlMjExZDMwMzQuNDcwNjAzMDIyNzcwMyUyMTJkLTMuNjY5MjI4MTg0MjQwOTA2JTIxM2Q0MC40ODY5NzU0NzkzNTcwOSUyMTJtMyUyMTFmMCUyMTJmMCUyMTNmMCUyMTNtMiUyMTFpMTAyNCUyMTJpNzY4JTIxNGYxMy4xJTIxM20zJTIxMW0yJTIxMXMweGQ0MjI5NTIyN2JiYWJjYiUyNTNBMHg2ZGQ1YmY0YjkyZjZiYTAzJTIxMnNBdi4lMkJkZSUyQk1hbm90ZXJhcyUyNTJDJTJCMjYlMjUyQyUyQjI4MDUwJTJCTWFkcmlkJTIxNWUwJTIxM20yJTIxMXNlcyUyMTJzZXMlMjE0djE0NTk0MTY3NzQxMjklMjIlMjB3aWR0aCUzRCUyMjYwMCUyMiUyMGhlaWdodCUzRCUyMjQ1MCUyMiUyMGZyYW1lYm9yZGVyJTNEJTIyMCUyMiUyMHN0eWxlJTNEJTIyYm9yZGVyJTNBMCUyMiUyMGFsbG93ZnVsbHNjcmVlbiUzRSUzQyUyRmlmcmFtZSUzRQ==\u00bb][\/vc_column_inner][\/vc_row_inner][\/vc_column][\/vc_row]<\/p>\n<\/div>","protected":false},"excerpt":{"rendered":"<p>[vc_row margin_bottom=\u00bb32&#8243;][vc_column][vc_custom_heading text=\u00bbAPI Movilidad\u00bb font_container=\u00bbtag:h1|text_align:left|color:%2300247c\u00bb use_theme_fonts=\u00bbyes\u00bb][vc_row_inner][vc_column_inner width=\u00bb1\/4&#8243;][vc_custom_heading text=\u00bbLa Empresa\u00bb font_container=\u00bbtag:h4|text_align:left|color:%2300247c\u00bb use_theme_fonts=\u00bbyes\u00bb link=\u00bb||\u00bb][\/vc_column_inner][vc_column_inner width=\u00bb1\/4&#8243;][vc_custom_heading text=\u00bbServicios\u00bb font_container=\u00bbtag:h4|text_align:left|color:%2300247c\u00bb use_theme_fonts=\u00bbyes\u00bb link=\u00bburl:%23actividades||\u00bb][\/vc_column_inner][vc_column_inner width=\u00bb1\/4&#8243;][vc_custom_heading text=\u00bbContacto\u00bb font_container=\u00bbtag:h4|text_align:left|color:%2300247c\u00bb use_theme_fonts=\u00bbyes\u00bb link=\u00bburl:%23contacto||\u00bb][\/vc_column_inner][\/vc_row_inner][\/vc_column][\/vc_row][vc_row margin_bottom=\u00bb32&#8243;][vc_column][vc_custom_heading text=\u00bbLa Empresa\u00bb font_container=\u00bbtag:h2|text_align:left|color:%2300247c\u00bb use_theme_fonts=\u00bbyes\u00bb][vc_column_text] API Movilidad dispone de la capacidad para fabricar cualquier tipo de se\u00f1al a instalar en v\u00eda p\u00fablica, se\u00f1ales verticales de tr\u00e1fico, carteles, se\u00f1alizaci\u00f3n informativa urbana, se\u00f1alizaci\u00f3n tur\u00edstica, se\u00f1alizaci\u00f3n&hellip;<\/p>\n","protected":false},"author":1,"featured_media":0,"parent":576,"menu_order":2,"comment_status":"closed","ping_status":"closed","template":"","meta":[],"class_list":["post-590","page","type-page","status-publish","hentry","description-off"],"_links":{"self":[{"href":"https:\/\/www.grupoimesapi.es\/es\/wp-json\/wp\/v2\/pages\/590","targetHints":{"allow":["GET"]}}],"collection":[{"href":"https:\/\/www.grupoimesapi.es\/es\/wp-json\/wp\/v2\/pages"}],"about":[{"href":"https:\/\/www.grupoimesapi.es\/es\/wp-json\/wp\/v2\/types\/page"}],"author":[{"embeddable":true,"href":"https:\/\/www.grupoimesapi.es\/es\/wp-json\/wp\/v2\/users\/1"}],"replies":[{"embeddable":true,"href":"https:\/\/www.grupoimesapi.es\/es\/wp-json\/wp\/v2\/comments?post=590"}],"version-history":[{"count":0,"href":"https:\/\/www.grupoimesapi.es\/es\/wp-json\/wp\/v2\/pages\/590\/revisions"}],"up":[{"embeddable":true,"href":"https:\/\/www.grupoimesapi.es\/es\/wp-json\/wp\/v2\/pages\/576"}],"wp:attachment":[{"href":"https:\/\/www.grupoimesapi.es\/es\/wp-json\/wp\/v2\/media?parent=590"}],"curies":[{"name":"wp","href":"https:\/\/api.w.org\/{rel}","templated":true}]}}