{"id":586,"date":"2016-01-20T12:12:59","date_gmt":"2016-01-20T12:12:59","guid":{"rendered":"http:\/\/grupoimesapi.es\/?page_id=586"},"modified":"2019-08-19T11:08:01","modified_gmt":"2019-08-19T11:08:01","slug":"dinsa","status":"publish","type":"page","link":"https:\/\/www.grupoimesapi.es\/es\/empresas\/sermicro\/dinsa\/","title":{"rendered":"Dinsa"},"content":{"rendered":"<div class=\"wpb-content-wrapper\"><p>[vc_row margin_bottom=\u00bb32&#8243;][vc_column][vc_custom_heading text=\u00bbDinsa\u00bb font_container=\u00bbtag:h1|text_align:left|color:%2300247c\u00bb use_theme_fonts=\u00bbyes\u00bb]<div class=\"hr-thin style-line\" style=\"width: 100%;border-top-width: 1px;\"><\/div>[vc_row_inner][vc_column_inner width=\u00bb1\/3&#8243;][vc_custom_heading text=\u00bbLa Empresa\u00bb font_container=\u00bbtag:h4|text_align:left|color:%2300247c\u00bb use_theme_fonts=\u00bbyes\u00bb link=\u00bb||\u00bb][\/vc_column_inner][vc_column_inner width=\u00bb1\/3&#8243;][vc_custom_heading text=\u00bbProyectos\u00bb font_container=\u00bbtag:h4|text_align:left|color:%2300247c\u00bb use_theme_fonts=\u00bbyes\u00bb link=\u00bburl:%23proyectos||\u00bb][\/vc_column_inner][vc_column_inner width=\u00bb1\/3&#8243;][vc_custom_heading text=\u00bbActividades\u00bb font_container=\u00bbtag:h4|text_align:left|color:%2300247c\u00bb use_theme_fonts=\u00bbyes\u00bb link=\u00bburl:%23actividades||\u00bb][\/vc_column_inner][\/vc_row_inner][vc_row_inner][vc_column_inner width=\u00bb1\/3&#8243;][vc_custom_heading text=\u00bbSoluciones\u00bb font_container=\u00bbtag:h4|text_align:left|color:%2300247c\u00bb use_theme_fonts=\u00bbyes\u00bb link=\u00bburl:%23soluciones||\u00bb][\/vc_column_inner][vc_column_inner width=\u00bb1\/3&#8243;][vc_custom_heading text=\u00bbContacto\u00bb font_container=\u00bbtag:h4|text_align:left|color:%2300247c\u00bb use_theme_fonts=\u00bbyes\u00bb link=\u00bburl:%23contacto||\u00bb][\/vc_column_inner][\/vc_row_inner][\/vc_column][\/vc_row][vc_row margin_bottom=\u00bb32&#8243;][vc_column][vc_custom_heading text=\u00bbLa Empresa\u00bb font_container=\u00bbtag:h2|text_align:left|color:%2300247c\u00bb use_theme_fonts=\u00bbyes\u00bb]<div class=\"hr-thin style-line\" style=\"width: 100%;border-top-width: 1px;\"><\/div>[vc_column_text]<\/p>\n<p style=\"text-align: justify;\">Desde sus inicios en el a\u00f1o 1977, DINSA ha sido y es una referencia en el sector de las tecnolog\u00edas, llegando a alcanzar los primeros puestos en distribuci\u00f3n y prestaci\u00f3n de servicios en Espa\u00f1a y Portugal.<\/p>\n<p style=\"text-align: justify;\">Actualmente en DINSA seguimos ocupando un lugar destacado en la prestaci\u00f3n de servicios en distintos \u00e1mbitos tecnol\u00f3gicos, aplicando nuestra experiencia e integrando las tecnolog\u00edas m\u00e1s novedosas orientadas al concepto \u201cEficiencia\u201d.<\/p>\n<p style=\"text-align: justify;\">Nuestras delegaciones, centros log\u00edsticos y puntos de servicio, nos proporcionan la capilaridad \u00f3ptima para abordar con garant\u00edas y un alto grado de personalizaci\u00f3n, tanto proyectos locales que requieren un tratamiento de proximidad con las necesidades del cliente, como proyectos de gran envergadura que requieren una gesti\u00f3n ordenada, eficiente y comprometida.<\/p>\n<p style=\"text-align: justify;\">La esencia de DINSA la define el equipo de profesionales que integra la compa\u00f1\u00eda y que como se\u00f1a de identidad comparten:<\/p>\n<ul style=\"text-align: justify;\">\n<li>Visi\u00f3n de futuro.<\/li>\n<li>Inter\u00e9s por la evoluci\u00f3n y el uso eficiente de la tecnolog\u00eda.<\/li>\n<li>Respeto por el entorno.<\/li>\n<li>Compromiso y orientaci\u00f3n hacia el cliente.<\/li>\n<li>Lealtad en las relaciones profesionales.<\/li>\n<\/ul>\n<p>[\/vc_column_text][\/vc_column][\/vc_row][vc_row margin_bottom=\u00bb32&#8243; anchor=\u00bbproyectos\u00bb][vc_column][vc_custom_heading text=\u00bbProyectos I+D+i\u00bb font_container=\u00bbtag:h2|text_align:left|color:%2300247c\u00bb use_theme_fonts=\u00bbyes\u00bb]<div class=\"hr-thin style-line\" style=\"width: 100%;border-top-width: 1px;\"><\/div>[vc_empty_space][vc_row_inner equal_height=\u00bbyes\u00bb][vc_column_inner width=\u00bb1\/2&#8243;][vc_single_image image=\u00bb990&#8243; img_size=\u00bbfull\u00bb][vc_empty_space height=\u00bb16px\u00bb][vc_custom_heading text=\u00bbProyecto ENSMART\u00bb font_container=\u00bbtag:h3|text_align:left|color:%2300247c\u00bb use_theme_fonts=\u00bbyes\u00bb][vc_column_text el_class=\u00bbtexto_pequeno\u00bb]<\/p>\n<p style=\"text-align: justify;\">DINSA lidera junto con la Universidad de Salamanca y la Universidad de Vigo el proyecto de I+D para el dise\u00f1o y la construcci\u00f3n de un dispositivo capaz de proporcionar informaci\u00f3n detallada sobre los edificios para la elaboraci\u00f3n de auditor\u00edas energ\u00e9ticas.<\/p>\n<p style=\"text-align: justify;\">El dispositivo ser\u00e1 capaz de introducir los datos en los programas de calificaci\u00f3n energ\u00e9tica autorizados por el IDAE. La adquisici\u00f3n de datos se obtiene mediante dispositivos de geolocalizaci\u00f3n, imagen y termograf\u00edas incorporados a veh\u00edculos terrestres o a\u00e9reos. De este modo, se generan mapas tridimensionales con toda la informaci\u00f3n de la envolvente t\u00e9rmica de los edificios de manera geogr\u00e1ficamente localizada.<\/p>\n<p>[\/vc_column_text][vc_empty_space height=\u00bb25px\u00bb][\/vc_column_inner][vc_column_inner width=\u00bb1\/2&#8243;][vc_single_image image=\u00bb989&#8243; img_size=\u00bbfull\u00bb][vc_empty_space height=\u00bb16px\u00bb][vc_custom_heading text=\u00bbProyecto SIRVEAC\u00bb font_container=\u00bbtag:h3|text_align:left|color:%2300247c\u00bb use_theme_fonts=\u00bbyes\u00bb][vc_column_text el_class=\u00bbtexto_pequeno\u00bb]<\/p>\n<p style=\"text-align: justify;\">El proyecto tiene como objetivo el dise\u00f1o y construcci\u00f3n de un sistema de carga para el veh\u00edculo el\u00e9ctrico con conectores vers\u00e1tiles y sistema de pago incorporado. En el nuevo \u00e1mbito que se abre alrededor del veh\u00edculo el\u00e9ctrico, este sistema de recarga se convertir\u00e1 en un dispositivo innovador en su \u00e1mbito. DINSA lidera este proyecto financiado por el Centro de Desarrollo Tecnol\u00f3gico e Industrial.<\/p>\n<p style=\"text-align: justify;\">Los veh\u00edculos el\u00e9ctricos e h\u00edbridos recargables se est\u00e1n convirtiendo d\u00eda a d\u00eda en una realidad cada vez m\u00e1s extendida. As\u00ed, la proliferaci\u00f3n de dichos veh\u00edculos en todo el mundo va en aumento a\u00f1o tras a\u00f1o y cada vez m\u00e1s r\u00e1pidamente. Las razones del avance de esta tecnolog\u00eda son tanto t\u00e9cnicas como econ\u00f3micas y ecol\u00f3gicas.<\/p>\n<p>[\/vc_column_text][vc_empty_space height=\u00bb25px\u00bb][\/vc_column_inner][\/vc_row_inner][vc_row_inner equal_height=\u00bbyes\u00bb][vc_column_inner width=\u00bb1\/2&#8243;][vc_single_image image=\u00bb988&#8243; img_size=\u00bbfull\u00bb][vc_empty_space height=\u00bb16px\u00bb][vc_custom_heading text=\u00bbProyecto SIGVA\u00bb font_container=\u00bbtag:h3|text_align:left|color:%2300247c\u00bb use_theme_fonts=\u00bbyes\u00bb][vc_column_text el_class=\u00bbtexto_pequeno\u00bb]<\/p>\n<p style=\"text-align: justify;\">SIGVA (SISTEMA DE INFORMACION GEOGR\u00c1FICO PARA VEHICULOS AEREOS), es un sistema de georreferenciaci\u00f3n compacto y de f\u00e1cil manejo adaptable a cualquier veh\u00edculo a\u00e9reo o terrestre y que ofrezca datos georreferenciados sin necesidad de gran postprocesado.<\/p>\n<p style=\"text-align: justify;\">As\u00ed, los veh\u00edculos que porten este sistema podr\u00e1n aportar informaci\u00f3n sobre su posici\u00f3n y trayectoria, realizaci\u00f3n de mapas de\u00a0temperatura de superficie de inter\u00e9s y adquisici\u00f3n de im\u00e1genes del espectro visible, para su posterior descarga y unificaci\u00f3n.<\/p>\n<p style=\"text-align: justify;\">En los \u00faltimos tiempos han sido demostradas las enormes posibilidades de la obtenci\u00f3n de datos georreferenciados, con multitud de aplicaciones en campos tanto civiles como militares, gracias en gran parte a los avances en\u00a0precisi\u00f3n logrados a trav\u00e9s de los Sistemas de Posicionamiento Global (GPS).<\/p>\n<p style=\"text-align: justify;\">El proyecto que se presenta tiene un alcance muy importante dentro del desarrollo y evoluci\u00f3n de las tecnolog\u00edas basadas en GIS, ya que son el veh\u00edculo que permite acercarse a tecnolog\u00edas que requieren gran especializaci\u00f3n como son los sistemas de informaci\u00f3n geoespaciales y su aplicaci\u00f3n en sectores en los que hasta la fecha no se hab\u00eda planteado este tipo de tecnolog\u00edas.<\/p>\n<p>[\/vc_column_text][vc_empty_space height=\u00bb25px\u00bb][\/vc_column_inner][vc_column_inner width=\u00bb1\/2&#8243;][vc_single_image image=\u00bb987&#8243; img_size=\u00bbfull\u00bb][vc_empty_space height=\u00bb16px\u00bb][vc_custom_heading text=\u00bbProyecto ORCA\u00bb font_container=\u00bbtag:h3|text_align:left|color:%2300247c\u00bb use_theme_fonts=\u00bbyes\u00bb][vc_column_text el_class=\u00bbtexto_pequeno\u00bb]<\/p>\n<p style=\"text-align: justify;\">Consiste en un proceso de octo-rectificaci\u00f3n cartogr\u00e1fica que elimina las distorsiones geom\u00e9tricas y de escalas inherentes en las fotograf\u00edas e im\u00e1genes satelitales, producto de imperfecciones del sensor, variaciones topogr\u00e1ficas y la curvatura de Tierra. El resultado de este proceso es una imagen con la precisi\u00f3n cartogr\u00e1fica y escala invariable de un mapa\/plano, pero con el nivel de detalle de una fotograf\u00eda. Actualmente realizar este proceso conlleva un arduo trabajo empleando software de alt\u00edsimo coste de adquisici\u00f3n, que se convierte en barrera de entrada para muchos usuarios que no pueden asumirse los altos costes econ\u00f3micos de este tipo de sistemas.<\/p>\n<p style=\"text-align: justify;\">El objetivo principal del proyecto ser\u00e1 dise\u00f1ar y desarrollar un sistema de orto-rectificaci\u00f3n cartogr\u00e1fica digital para entornos urbanos (edificios, carreteras, infraestructuras), mediante el procesamiento avanzado de informaci\u00f3n heterog\u00e9nea (localizaci\u00f3n geogr\u00e1fica, sat\u00e9lite, fotograf\u00edas a\u00e9reas) obtenida a partir de sistemas multidispositivo, para georreferenciar terrenos y obtener un grado de precisi\u00f3n de m\u00e1xima exactitud, a trav\u00e9s de una plataforma web multientorno.<\/p>\n<p>[\/vc_column_text][vc_empty_space height=\u00bb25px\u00bb][\/vc_column_inner][\/vc_row_inner][vc_empty_space][\/vc_column][\/vc_row][vc_row margin_bottom=\u00bb32&#8243; anchor=\u00bbactividades\u00bb][vc_column][vc_custom_heading text=\u00bbActividades\u00bb font_container=\u00bbtag:h2|text_align:left|color:%2300247c\u00bb use_theme_fonts=\u00bbyes\u00bb]<div class=\"hr-thin style-line\" style=\"width: 100%;border-top-width: 1px;\"><\/div>[vc_empty_space][vc_custom_heading text=\u00bbTecnolog\u00eda de la Informaci\u00f3n\u00bb font_container=\u00bbtag:h4|text_align:left|color:%2300247c\u00bb use_theme_fonts=\u00bbyes\u00bb][vc_row_inner][vc_column_inner width=\u00bb1\/3&#8243;][vc_single_image image=\u00bb954&#8243; img_size=\u00bbfull\u00bb alignment=\u00bbcenter\u00bb][vc_empty_space height=\u00bb16px\u00bb][vc_custom_heading text=\u00bbExternalizaci\u00f3n del Puesto de Trabajo\u00bb font_container=\u00bbtag:h5|text_align:left|color:%2300247c\u00bb use_theme_fonts=\u00bbyes\u00bb][\/vc_column_inner][vc_column_inner width=\u00bb1\/3&#8243;][vc_single_image image=\u00bb958&#8243; img_size=\u00bbfull\u00bb alignment=\u00bbcenter\u00bb][vc_empty_space height=\u00bb16px\u00bb][vc_custom_heading text=\u00bbService Desk\/Itil\u00bb font_container=\u00bbtag:h5|text_align:left|color:%2300247c\u00bb use_theme_fonts=\u00bbyes\u00bb][\/vc_column_inner][vc_column_inner width=\u00bb1\/3&#8243;][vc_single_image image=\u00bb957&#8243; img_size=\u00bbfull\u00bb alignment=\u00bbcenter\u00bb][vc_empty_space height=\u00bb16px\u00bb][vc_custom_heading text=\u00bbSeguridad, Redes e Infraestructuras\u00bb font_container=\u00bbtag:h5|text_align:left|color:%2300247c\u00bb use_theme_fonts=\u00bbyes\u00bb][\/vc_column_inner][\/vc_row_inner][vc_row_inner][vc_column_inner width=\u00bb1\/3&#8243;][vc_single_image image=\u00bb959&#8243; img_size=\u00bbfull\u00bb alignment=\u00bbcenter\u00bb][vc_empty_space height=\u00bb16px\u00bb][vc_custom_heading text=\u00bbSoluciones en Internet\u00bb font_container=\u00bbtag:h5|text_align:left|color:%2300247c\u00bb use_theme_fonts=\u00bbyes\u00bb][\/vc_column_inner][vc_column_inner width=\u00bb1\/3&#8243;][vc_single_image image=\u00bb956&#8243; img_size=\u00bbfull\u00bb alignment=\u00bbcenter\u00bb][vc_empty_space height=\u00bb16px\u00bb][vc_custom_heading text=\u00bbGrandes Despliegues e Implantaciones\u00bb font_container=\u00bbtag:h5|text_align:left|color:%2300247c\u00bb use_theme_fonts=\u00bbyes\u00bb][\/vc_column_inner][vc_column_inner width=\u00bb1\/3&#8243;][vc_single_image image=\u00bb955&#8243; img_size=\u00bbfull\u00bb alignment=\u00bbcenter\u00bb][vc_empty_space height=\u00bb16px\u00bb][vc_custom_heading text=\u00bbServicios de Formaci\u00f3n\u00bb font_container=\u00bbtag:h5|text_align:left|color:%2300247c\u00bb use_theme_fonts=\u00bbyes\u00bb][\/vc_column_inner][\/vc_row_inner][vc_empty_space][vc_custom_heading text=\u00bbSmart Cities\u00bb font_container=\u00bbtag:h4|text_align:left|color:%2300247c\u00bb use_theme_fonts=\u00bbyes\u00bb][vc_row_inner][vc_column_inner width=\u00bb1\/3&#8243;][vc_single_image image=\u00bb968&#8243; img_size=\u00bbfull\u00bb alignment=\u00bbcenter\u00bb][vc_empty_space height=\u00bb16px\u00bb][vc_custom_heading text=\u00bbTelegesti\u00f3n Energ\u00e9tica\u00bb font_container=\u00bbtag:h5|text_align:left|color:%2300247c\u00bb use_theme_fonts=\u00bbyes\u00bb][\/vc_column_inner][vc_column_inner width=\u00bb1\/3&#8243;][vc_single_image image=\u00bb967&#8243; img_size=\u00bbfull\u00bb alignment=\u00bbcenter\u00bb][vc_empty_space height=\u00bb16px\u00bb][vc_custom_heading text=\u00bbAlumbrado P\u00fablico Inteligente\u00bb font_container=\u00bbtag:h5|text_align:left|color:%2300247c\u00bb use_theme_fonts=\u00bbyes\u00bb][\/vc_column_inner][vc_column_inner width=\u00bb1\/3&#8243;][vc_single_image image=\u00bb966&#8243; img_size=\u00bbfull\u00bb alignment=\u00bbcenter\u00bb][vc_empty_space height=\u00bb16px\u00bb][vc_custom_heading text=\u00bbGesti\u00f3n del Agua\u00bb font_container=\u00bbtag:h5|text_align:left|color:%2300247c\u00bb use_theme_fonts=\u00bbyes\u00bb][\/vc_column_inner][\/vc_row_inner][vc_row_inner][vc_column_inner width=\u00bb1\/3&#8243;][vc_single_image image=\u00bb965&#8243; img_size=\u00bbfull\u00bb alignment=\u00bbcenter\u00bb][vc_empty_space height=\u00bb16px\u00bb][vc_custom_heading text=\u00bbVideovigilancia\u00bb font_container=\u00bbtag:h5|text_align:left|color:%2300247c\u00bb use_theme_fonts=\u00bbyes\u00bb][\/vc_column_inner][vc_column_inner width=\u00bb1\/3&#8243;][vc_single_image image=\u00bb964&#8243; img_size=\u00bbfull\u00bb alignment=\u00bbcenter\u00bb][vc_empty_space height=\u00bb16px\u00bb][vc_custom_heading text=\u00bbPlanificador de Rutas\u00bb font_container=\u00bbtag:h5|text_align:left|color:%2300247c\u00bb use_theme_fonts=\u00bbyes\u00bb][\/vc_column_inner][vc_column_inner width=\u00bb1\/3&#8243;][vc_single_image image=\u00bb963&#8243; img_size=\u00bbfull\u00bb alignment=\u00bbcenter\u00bb][vc_empty_space height=\u00bb16px\u00bb][vc_custom_heading text=\u00bbRealidad Aumentada\u00bb font_container=\u00bbtag:h5|text_align:left|color:%2300247c\u00bb use_theme_fonts=\u00bbyes\u00bb][\/vc_column_inner][\/vc_row_inner][vc_row_inner][vc_column_inner width=\u00bb1\/3&#8243;][vc_single_image image=\u00bb962&#8243; img_size=\u00bbfull\u00bb alignment=\u00bbcenter\u00bb][vc_empty_space height=\u00bb16px\u00bb][vc_custom_heading text=\u00bbPaneles Informativos\u00bb font_container=\u00bbtag:h5|text_align:left|color:%2300247c\u00bb use_theme_fonts=\u00bbyes\u00bb][\/vc_column_inner][vc_column_inner width=\u00bb1\/3&#8243;][vc_single_image image=\u00bb961&#8243; img_size=\u00bbfull\u00bb alignment=\u00bbcenter\u00bb][vc_empty_space height=\u00bb16px\u00bb][vc_custom_heading text=\u00bbGesti\u00f3n de Incidencias\u00bb font_container=\u00bbtag:h5|text_align:left|color:%2300247c\u00bb use_theme_fonts=\u00bbyes\u00bb][\/vc_column_inner][vc_column_inner width=\u00bb1\/3&#8243;][vc_single_image image=\u00bb960&#8243; img_size=\u00bbfull\u00bb alignment=\u00bbcenter\u00bb][vc_empty_space height=\u00bb16px\u00bb][vc_custom_heading text=\u00bbWiFi P\u00fablico\u00bb font_container=\u00bbtag:h5|text_align:left|color:%2300247c\u00bb use_theme_fonts=\u00bbyes\u00bb][\/vc_column_inner][\/vc_row_inner][vc_empty_space][vc_custom_heading text=\u00bbTecnolog\u00eda de la Salud\u00bb font_container=\u00bbtag:h4|text_align:left|color:%2300247c\u00bb use_theme_fonts=\u00bbyes\u00bb][vc_row_inner][vc_column_inner width=\u00bb1\/3&#8243;][vc_single_image image=\u00bb970&#8243; img_size=\u00bbfull\u00bb alignment=\u00bbcenter\u00bb][vc_empty_space height=\u00bb16px\u00bb][vc_custom_heading text=\u00bbCentro de Control y Monitorizaci\u00f3n\u00bb font_container=\u00bbtag:h5|text_align:left|color:%2300247c\u00bb use_theme_fonts=\u00bbyes\u00bb][\/vc_column_inner][vc_column_inner width=\u00bb1\/3&#8243;][vc_single_image image=\u00bb971&#8243; img_size=\u00bbfull\u00bb alignment=\u00bbcenter\u00bb][vc_empty_space height=\u00bb16px\u00bb][vc_custom_heading text=\u00bbDigitalizaci\u00f3n Entorno Hospitalario\u00bb font_container=\u00bbtag:h5|text_align:left|color:%2300247c\u00bb use_theme_fonts=\u00bbyes\u00bb][\/vc_column_inner][vc_column_inner width=\u00bb1\/3&#8243;][vc_single_image image=\u00bb969&#8243; img_size=\u00bbfull\u00bb alignment=\u00bbcenter\u00bb][vc_empty_space height=\u00bb16px\u00bb][vc_custom_heading text=\u00bbExplotaci\u00f3n Sistema Multimedia\u00bb font_container=\u00bbtag:h5|text_align:left|color:%2300247c\u00bb use_theme_fonts=\u00bbyes\u00bb][\/vc_column_inner][\/vc_row_inner][\/vc_column][\/vc_row][vc_row margin_bottom=\u00bb32&#8243; anchor=\u00bbsoluciones\u00bb][vc_column][vc_custom_heading text=\u00bbSoluciones\u00bb font_container=\u00bbtag:h2|text_align:left|color:%2300247c\u00bb use_theme_fonts=\u00bbyes\u00bb]<div class=\"hr-thin style-line\" style=\"width: 100%;border-top-width: 1px;\"><\/div>[vc_empty_space][vc_custom_heading text=\u00bbComunicaci\u00f3n y Colaboraci\u00f3n\u00bb font_container=\u00bbtag:h4|text_align:left|color:%2300247c\u00bb use_theme_fonts=\u00bbyes\u00bb][vc_row_inner][vc_column_inner width=\u00bb1\/2&#8243;][vc_single_image image=\u00bb976&#8243; img_size=\u00bbfull\u00bb alignment=\u00bbcenter\u00bb][vc_empty_space height=\u00bb16px\u00bb][vc_custom_heading text=\u00bbMISS\u00bb font_container=\u00bbtag:h5|text_align:left|color:%2300247c\u00bb use_theme_fonts=\u00bbyes\u00bb][vc_column_text]<\/p>\n<p class=\"titulo_03\" style=\"text-align: justify;\">MISS es mensajer\u00eda instant\u00e1nea segura para equipos y empresas. Conecta instant\u00e1neamente con cualquiera en tu organizaci\u00f3n.<\/p>\n<p>[\/vc_column_text][\/vc_column_inner][vc_column_inner width=\u00bb1\/2&#8243;][vc_single_image image=\u00bb977&#8243; img_size=\u00bbfull\u00bb alignment=\u00bbcenter\u00bb][vc_empty_space height=\u00bb16px\u00bb][vc_custom_heading text=\u00bbGoogle Apps for Work\u00bb font_container=\u00bbtag:h5|text_align:left|color:%2300247c\u00bb use_theme_fonts=\u00bbyes\u00bb][vc_column_text]<\/p>\n<p class=\"titulo_03\" style=\"text-align: justify;\">Despliegue de Google Apps en entornos corporativos, con las aplicaciones enlazadas, y bajo control total de la empresa, sin problemas de seguridad.<\/p>\n<p>[\/vc_column_text][\/vc_column_inner][\/vc_row_inner][vc_empty_space][vc_custom_heading text=\u00bbEscritorios Virtuales\u00bb font_container=\u00bbtag:h4|text_align:left|color:%2300247c\u00bb use_theme_fonts=\u00bbyes\u00bb][vc_row_inner][vc_column_inner][vc_single_image image=\u00bb975&#8243; img_size=\u00bbfull\u00bb alignment=\u00bbcenter\u00bb][vc_empty_space height=\u00bb16px\u00bb][vc_custom_heading text=\u00bbLibreWork\u00bb font_container=\u00bbtag:h5|text_align:left|color:%2300247c\u00bb use_theme_fonts=\u00bbyes\u00bb][vc_column_text]<\/p>\n<p class=\"titulo_03\" style=\"text-align: justify;\">Librework es el nuevo e incre\u00edble servicio en la nube que moviliza tus aplicaciones. Con\u00e9ctate desde cualquier lugar y desde cualquier dispositivo.<\/p>\n<p>[\/vc_column_text][\/vc_column_inner][\/vc_row_inner][vc_empty_space][vc_custom_heading text=\u00bbITOA\u00bb font_container=\u00bbtag:h4|text_align:left|color:%2300247c\u00bb use_theme_fonts=\u00bbyes\u00bb][vc_row_inner][vc_column_inner][vc_single_image image=\u00bb974&#8243; img_size=\u00bbfull\u00bb alignment=\u00bbcenter\u00bb][vc_empty_space height=\u00bb16px\u00bb][vc_custom_heading text=\u00bbNextThink\u00bb font_container=\u00bbtag:h5|text_align:left|color:%2300247c\u00bb use_theme_fonts=\u00bbyes\u00bb][vc_column_text]<\/p>\n<p class=\"titulo_03\" style=\"text-align: justify;\">Nexthink usuario final IT Analytics ayuda a los departamentos de TI que se conectan, comunican y colaboran para lograr sus objetivos principales y para mejorar la seguridad de punto final, las operaciones de ITSM, y los proyectos de transformaci\u00f3n del lugar de trabajo.<\/p>\n<p>[\/vc_column_text][\/vc_column_inner][\/vc_row_inner][\/vc_column][\/vc_row][vc_row margin_bottom=\u00bb32&#8243; anchor=\u00bbcontacto\u00bb][vc_column][vc_custom_heading text=\u00bbContacto\u00bb font_container=\u00bbtag:h3|text_align:left|color:%2300247c\u00bb use_theme_fonts=\u00bbyes\u00bb]<div class=\"hr-thin style-line\" style=\"width: 100%;border-top-width: 1px;\"><\/div>[vc_row_inner][vc_column_inner width=\u00bb1\/4&#8243;][vc_single_image image=\u00bb978&#8243; img_size=\u00bbfull\u00bb][vc_empty_space][vc_custom_heading text=\u00bbDinsa\u00bb font_container=\u00bbtag:h3|text_align:right|color:%2300247c\u00bb use_theme_fonts=\u00bbyes\u00bb][vc_column_text]<\/p>\n<h4 style=\"text-align: right;\">Grupo SERMICRO<\/h4>\n<p style=\"text-align: right;\"><span class=\"_Xbe\">Calle Pradillo, 46, 28002 Madrid<\/span>.<br \/>\n91 806 63 00<br \/>\n<a href=\"mailto:infoweb@dinsa.es\">infoweb@dinsa.es<\/a><\/p>\n<p style=\"text-align: right;\"><div class=\"soc-ico\"><a title=\"Facebook\" href=\"https:\/\/www.facebook.com\/dinsaes\/\" target=\"_blank\" class=\"facebook\"><span class=\"assistive-text\">Facebook<\/span><\/a><a title=\"Twitter\" href=\"https:\/\/twitter.com\/dinsa_es\" target=\"_blank\" class=\"twitter\"><span class=\"assistive-text\">Twitter<\/span><\/a><a title=\"ID de Google Analytics\" href=\"\" target=\"_blank\" class=\"google\"><span class=\"assistive-text\">ID de Google Analytics<\/span><\/a><a title=\"Linkedin\" href=\"https:\/\/www.linkedin.com\/company\/dinsa-desarrollo-informatico-s-a--\" target=\"_blank\" class=\"linkedin\"><span class=\"assistive-text\">Linkedin<\/span><\/a><\/div>\n<div class=\"gap\" style=\"line-height: 10px; height: 10px;\"><\/div>\n<p style=\"text-align: right;\"><style type=\"text\/css\">#dt-btn-1:hover {color: #ffffff;}#dt-btn-1:hover > .text-wrap * {color: #ffffff;}<\/style><a href=\"http:\/\/www.dinsa.es\" class=\"btn-shortcode dt-btn-m dt-btn light-bg-btn title-btn-color custom-btn-hover-color default-btn-bg-color accent-btn-bg-hover-color fadeIn animate-element animation-builder\" target=\"_blank\" id=\"dt-btn-1\"><i class=\"fa fa-chevron-circle-right\"><\/i><span>P\u00e1gina Web<\/span><\/a><\/p>\n<p>[\/vc_column_text][\/vc_column_inner][vc_column_inner width=\u00bb3\/4&#8243;][vc_gmaps link=\u00bb#E-8_JTNDaWZyYW1lJTIwc3JjJTNEJTIyaHR0cHMlM0ElMkYlMkZ3d3cuZ29vZ2xlLmNvbSUyRm1hcHMlMkZlbWJlZCUzRnBiJTNEJTIxMW0xOCUyMTFtMTIlMjExbTMlMjExZDMwMzYuMTc3MDQ4OTQ0NjU5NCUyMTJkLTMuNjcyMDQ1Mzg0NjAzMDg1JTIxM2Q0MC40NDkyMTgxNzkzNjEzMiUyMTJtMyUyMTFmMCUyMTJmMCUyMTNmMCUyMTNtMiUyMTFpMTAyNCUyMTJpNzY4JTIxNGYxMy4xJTIxM20zJTIxMW0yJTIxMXMweDAlMjUzQTB4YTdjMzZiYjExMGExNzYzMyUyMTJzRGluc2ElMkJEZXNhcnJvbGxvJTJCSW5mb3JtYXRpY28lMjE1ZTAlMjEzbTIlMjExc2VzJTIxMnN1cyUyMTR2MTQ1NTI2OTY3OTI3MCUyMiUyMHdpZHRoJTNEJTIyNjQwJTIyJTIwaGVpZ2h0JTNEJTIyNDgwJTIyJTIwZnJhbWVib3JkZXIlM0QlMjIwJTIyJTIwc3R5bGUlM0QlMjJib3JkZXIlM0EwJTIyJTIwYWxsb3dmdWxsc2NyZWVuJTNFJTNDJTJGaWZyYW1lJTNF\u00bb][\/vc_column_inner][\/vc_row_inner][\/vc_column][\/vc_row]<\/p>\n<\/div>","protected":false},"excerpt":{"rendered":"<p>[vc_row margin_bottom=\u00bb32&#8243;][vc_column][vc_custom_heading text=\u00bbDinsa\u00bb font_container=\u00bbtag:h1|text_align:left|color:%2300247c\u00bb use_theme_fonts=\u00bbyes\u00bb][vc_row_inner][vc_column_inner width=\u00bb1\/3&#8243;][vc_custom_heading text=\u00bbLa Empresa\u00bb font_container=\u00bbtag:h4|text_align:left|color:%2300247c\u00bb use_theme_fonts=\u00bbyes\u00bb link=\u00bb||\u00bb][\/vc_column_inner][vc_column_inner width=\u00bb1\/3&#8243;][vc_custom_heading text=\u00bbProyectos\u00bb font_container=\u00bbtag:h4|text_align:left|color:%2300247c\u00bb use_theme_fonts=\u00bbyes\u00bb link=\u00bburl:%23proyectos||\u00bb][\/vc_column_inner][vc_column_inner width=\u00bb1\/3&#8243;][vc_custom_heading text=\u00bbActividades\u00bb font_container=\u00bbtag:h4|text_align:left|color:%2300247c\u00bb use_theme_fonts=\u00bbyes\u00bb link=\u00bburl:%23actividades||\u00bb][\/vc_column_inner][\/vc_row_inner][vc_row_inner][vc_column_inner width=\u00bb1\/3&#8243;][vc_custom_heading text=\u00bbSoluciones\u00bb font_container=\u00bbtag:h4|text_align:left|color:%2300247c\u00bb use_theme_fonts=\u00bbyes\u00bb link=\u00bburl:%23soluciones||\u00bb][\/vc_column_inner][vc_column_inner width=\u00bb1\/3&#8243;][vc_custom_heading text=\u00bbContacto\u00bb font_container=\u00bbtag:h4|text_align:left|color:%2300247c\u00bb use_theme_fonts=\u00bbyes\u00bb link=\u00bburl:%23contacto||\u00bb][\/vc_column_inner][\/vc_row_inner][\/vc_column][\/vc_row][vc_row margin_bottom=\u00bb32&#8243;][vc_column][vc_custom_heading text=\u00bbLa Empresa\u00bb font_container=\u00bbtag:h2|text_align:left|color:%2300247c\u00bb use_theme_fonts=\u00bbyes\u00bb][vc_column_text] Desde sus inicios en el a\u00f1o 1977, DINSA ha sido y es una referencia en el sector de las&hellip;<\/p>\n","protected":false},"author":1,"featured_media":0,"parent":582,"menu_order":1,"comment_status":"closed","ping_status":"closed","template":"","meta":[],"class_list":["post-586","page","type-page","status-publish","hentry","description-off"],"_links":{"self":[{"href":"https:\/\/www.grupoimesapi.es\/es\/wp-json\/wp\/v2\/pages\/586","targetHints":{"allow":["GET"]}}],"collection":[{"href":"https:\/\/www.grupoimesapi.es\/es\/wp-json\/wp\/v2\/pages"}],"about":[{"href":"https:\/\/www.grupoimesapi.es\/es\/wp-json\/wp\/v2\/types\/page"}],"author":[{"embeddable":true,"href":"https:\/\/www.grupoimesapi.es\/es\/wp-json\/wp\/v2\/users\/1"}],"replies":[{"embeddable":true,"href":"https:\/\/www.grupoimesapi.es\/es\/wp-json\/wp\/v2\/comments?post=586"}],"version-history":[{"count":0,"href":"https:\/\/www.grupoimesapi.es\/es\/wp-json\/wp\/v2\/pages\/586\/revisions"}],"up":[{"embeddable":true,"href":"https:\/\/www.grupoimesapi.es\/es\/wp-json\/wp\/v2\/pages\/582"}],"wp:attachment":[{"href":"https:\/\/www.grupoimesapi.es\/es\/wp-json\/wp\/v2\/media?parent=586"}],"curies":[{"name":"wp","href":"https:\/\/api.w.org\/{rel}","templated":true}]}}