{"id":584,"date":"2016-01-20T12:12:35","date_gmt":"2016-01-20T12:12:35","guid":{"rendered":"http:\/\/grupoimesapi.es\/?page_id=584"},"modified":"2022-01-24T12:59:40","modified_gmt":"2022-01-24T12:59:40","slug":"dimatica-software-development","status":"publish","type":"page","link":"https:\/\/www.grupoimesapi.es\/es\/empresas\/sermicro\/dimatica-software-development\/","title":{"rendered":"Dim\u00e1tica Software Development"},"content":{"rendered":"<div class=\"wpb-content-wrapper\"><p>[vc_row margin_bottom=\u00bb32&#8243;][vc_column][vc_custom_heading text=\u00bbDim\u00e1tica Software Development\u00bb font_container=\u00bbtag:h1|text_align:left|color:%2300247c\u00bb use_theme_fonts=\u00bbyes\u00bb]<div class=\"hr-thin style-line\" style=\"width: 100%;border-top-width: 1px;\"><\/div>[vc_row_inner][vc_column_inner width=\u00bb1\/4&#8243;][vc_custom_heading text=\u00bbLa Empresa\u00bb font_container=\u00bbtag:h4|text_align:left|color:%2300247c\u00bb use_theme_fonts=\u00bbyes\u00bb link=\u00bb||\u00bb][\/vc_column_inner][vc_column_inner width=\u00bb1\/4&#8243;][vc_custom_heading text=\u00bbServicios\u00bb font_container=\u00bbtag:h4|text_align:left|color:%2300247c\u00bb use_theme_fonts=\u00bbyes\u00bb link=\u00bburl:%23servicios||\u00bb][\/vc_column_inner][vc_column_inner width=\u00bb1\/4&#8243;][vc_custom_heading text=\u00bbProyectos\u00bb font_container=\u00bbtag:h4|text_align:left|color:%2300247c\u00bb use_theme_fonts=\u00bbyes\u00bb link=\u00bburl:%23proyectos||\u00bb][\/vc_column_inner][vc_column_inner width=\u00bb1\/4&#8243;][vc_custom_heading text=\u00bbContacto\u00bb font_container=\u00bbtag:h4|text_align:left|color:%2300247c\u00bb use_theme_fonts=\u00bbyes\u00bb link=\u00bburl:%23contacto||\u00bb][\/vc_column_inner][\/vc_row_inner][\/vc_column][\/vc_row][vc_row margin_bottom=\u00bb32&#8243;][vc_column][vc_custom_heading text=\u00bbLa Empresa\u00bb font_container=\u00bbtag:h3|text_align:left|color:%2300247c\u00bb use_theme_fonts=\u00bbyes\u00bb]<div class=\"hr-thin style-line\" style=\"width: 100%;border-top-width: 1px;\"><\/div>[vc_column_text]<\/p>\n<p style=\"text-align: justify;\">Dim\u00e1tica Software Development es la evoluci\u00f3n hacia el desarrollo de software de las actividades del Grupo Sermicro, con un sobresaliente incremento de la actividad a partir del a\u00f1o 2014.<\/p>\n<p style=\"text-align: justify;\">Dim\u00e1tica Software Development \u00a0cuenta con m\u00e1s de 100 profesionales especializados, con diferentes perfiles tecnol\u00f3gicos que nos permiten desarrollar proyectos de naturaleza multisectorial.<\/p>\n<p style=\"text-align: justify;\">Dim\u00e1tica Software Development se adapta a los entornos propios de los clientes y adem\u00e1s dispone de un entorno integrado que permite pr\u00e1cticas \u00e1giles de desarrollo y que facilita la comunicaci\u00f3n con los clientes y la gesti\u00f3n documental de toda la informaci\u00f3n t\u00e9cnica y contractual propia del proyecto. En la actualidad, \u00a0estamos ejecutando diferentes proyectos de desarrollo y mantenimiento de software tanto para empresas privadas como organismos p\u00fablicos aplicando metodolog\u00edas de trabajo bajo las pr\u00e1cticas de Scrum, CCMi ML2 y M\u00e9trica V3.<\/p>\n<p style=\"text-align: justify;\">El centro principal de desarrollo de Dim\u00e1tica Software Development est\u00e1 ubicado en Madrid y conjuntamente con Sermicro cuenta con una amplia red de oficinas que permite ofrecer cobertura de servicio en todo el territorio nacional y Portugal. Actualmente est\u00e1 llevando a cabo un ambicioso proceso de expansi\u00f3n internacional con oficinas en Brasil, Per\u00fa y Angola.<\/p>\n<p>[\/vc_column_text][\/vc_column][\/vc_row][vc_row margin_bottom=\u00bb32&#8243; anchor=\u00bbservicios\u00bb][vc_column][vc_empty_space height=\u00bb5px\u00bb][vc_custom_heading text=\u00bbServicios\u00bb font_container=\u00bbtag:h3|text_align:left|color:%2300247c\u00bb use_theme_fonts=\u00bbyes\u00bb]<div class=\"hr-thin style-line\" style=\"width: 100%;border-top-width: 1px;\"><\/div>[vc_empty_space][vc_row_inner equal_height=\u00bbyes\u00bb][vc_column_inner width=\u00bb1\/2&#8243;][vc_single_image image=\u00bb1441&#8243; img_size=\u00bbfull\u00bb alignment=\u00bbcenter\u00bb style=\u00bbvc_box_rounded\u00bb image_hovers=\u00bbfalse\u00bb][vc_empty_space height=\u00bb16px\u00bb][vc_custom_heading text=\u00bbDesarrollo de Aplicaciones Web\u00bb font_container=\u00bbtag:h4|text_align:center|color:%2300247c\u00bb use_theme_fonts=\u00bbyes\u00bb][vc_empty_space height=\u00bb25px\u00bb][\/vc_column_inner][vc_column_inner width=\u00bb1\/2&#8243;][vc_single_image image=\u00bb1439&#8243; img_size=\u00bbfull\u00bb alignment=\u00bbcenter\u00bb style=\u00bbvc_box_rounded\u00bb image_hovers=\u00bbfalse\u00bb][vc_empty_space height=\u00bb16px\u00bb][vc_custom_heading text=\u00bbDesarrollo de Aplicaciones M\u00f3viles\u00bb font_container=\u00bbtag:h4|text_align:center|color:%2300247c\u00bb use_theme_fonts=\u00bbyes\u00bb][vc_empty_space height=\u00bb25px\u00bb][\/vc_column_inner][\/vc_row_inner][vc_row_inner equal_height=\u00bbyes\u00bb][vc_column_inner width=\u00bb1\/6&#8243;][vc_single_image image=\u00bb1442&#8243; img_size=\u00bbfull\u00bb alignment=\u00bbcenter\u00bb style=\u00bbvc_box_rounded\u00bb image_hovers=\u00bbfalse\u00bb][vc_empty_space height=\u00bb16px\u00bb][vc_custom_heading text=\u00bbBussiness Intelligence\u00bb font_container=\u00bbtag:h5|text_align:center|color:%2300247c\u00bb use_theme_fonts=\u00bbyes\u00bb][\/vc_column_inner][vc_column_inner width=\u00bb1\/6&#8243;][vc_single_image image=\u00bb1443&#8243; img_size=\u00bbfull\u00bb alignment=\u00bbcenter\u00bb style=\u00bbvc_box_rounded\u00bb image_hovers=\u00bbfalse\u00bb][vc_empty_space height=\u00bb16px\u00bb][vc_custom_heading text=\u00bbDise\u00f1o Portales CMS\u00bb font_container=\u00bbtag:h5|text_align:center|color:%2300247c\u00bb use_theme_fonts=\u00bbyes\u00bb][\/vc_column_inner][vc_column_inner width=\u00bb1\/6&#8243;][vc_single_image image=\u00bb1444&#8243; img_size=\u00bbfull\u00bb alignment=\u00bbcenter\u00bb style=\u00bbvc_box_rounded\u00bb image_hovers=\u00bbfalse\u00bb][vc_empty_space height=\u00bb16px\u00bb][vc_custom_heading text=\u00bbE-Administraci\u00f3n\u00bb font_container=\u00bbtag:h5|text_align:center|color:%2300247c\u00bb use_theme_fonts=\u00bbyes\u00bb][\/vc_column_inner][vc_column_inner width=\u00bb1\/6&#8243;][vc_single_image image=\u00bb1445&#8243; img_size=\u00bbfull\u00bb alignment=\u00bbcenter\u00bb style=\u00bbvc_box_rounded\u00bb image_hovers=\u00bbfalse\u00bb][vc_empty_space height=\u00bb16px\u00bb][vc_custom_heading text=\u00bbE-Commerce\u00bb font_container=\u00bbtag:h5|text_align:center|color:%2300247c\u00bb use_theme_fonts=\u00bbyes\u00bb][\/vc_column_inner][vc_column_inner width=\u00bb1\/6&#8243;][vc_single_image image=\u00bb1446&#8243; img_size=\u00bbfull\u00bb alignment=\u00bbcenter\u00bb style=\u00bbvc_box_rounded\u00bb image_hovers=\u00bbfalse\u00bb][vc_empty_space height=\u00bb16px\u00bb][vc_custom_heading text=\u00bbGesti\u00f3n Documental\u00bb font_container=\u00bbtag:h5|text_align:center|color:%2300247c\u00bb use_theme_fonts=\u00bbyes\u00bb][\/vc_column_inner][vc_column_inner width=\u00bb1\/6&#8243;][vc_single_image image=\u00bb1447&#8243; img_size=\u00bbfull\u00bb alignment=\u00bbcenter\u00bb style=\u00bbvc_box_rounded\u00bb image_hovers=\u00bbfalse\u00bb][vc_empty_space height=\u00bb16px\u00bb][vc_custom_heading text=\u00bbHerramientas CRM\u00bb font_container=\u00bbtag:h5|text_align:center|color:%2300247c\u00bb use_theme_fonts=\u00bbyes\u00bb][\/vc_column_inner][\/vc_row_inner][vc_empty_space][vc_row_inner equal_height=\u00bbyes\u00bb][vc_column_inner width=\u00bb1\/6&#8243;][vc_single_image image=\u00bb1448&#8243; img_size=\u00bbfull\u00bb alignment=\u00bbcenter\u00bb style=\u00bbvc_box_rounded\u00bb image_hovers=\u00bbfalse\u00bb][vc_empty_space height=\u00bb16px\u00bb][vc_custom_heading text=\u00bbOutsourcing\u00bb font_container=\u00bbtag:h5|text_align:center|color:%2300247c\u00bb use_theme_fonts=\u00bbyes\u00bb][\/vc_column_inner][vc_column_inner width=\u00bb1\/6&#8243;][vc_single_image image=\u00bb1449&#8243; img_size=\u00bbfull\u00bb alignment=\u00bbcenter\u00bb style=\u00bbvc_box_rounded\u00bb image_hovers=\u00bbfalse\u00bb][vc_empty_space height=\u00bb16px\u00bb][vc_custom_heading text=\u00bbMigraci\u00f3n de Datos\u00bb font_container=\u00bbtag:h5|text_align:center|color:%2300247c\u00bb use_theme_fonts=\u00bbyes\u00bb][\/vc_column_inner][vc_column_inner width=\u00bb1\/6&#8243;][vc_single_image image=\u00bb1450&#8243; img_size=\u00bbfull\u00bb alignment=\u00bbcenter\u00bb style=\u00bbvc_box_rounded\u00bb image_hovers=\u00bbfalse\u00bb][vc_empty_space height=\u00bb16px\u00bb][vc_custom_heading text=\u00bbReporting\u00bb font_container=\u00bbtag:h5|text_align:center|color:%2300247c\u00bb use_theme_fonts=\u00bbyes\u00bb][\/vc_column_inner][vc_column_inner width=\u00bb1\/6&#8243;][vc_single_image image=\u00bb1451&#8243; img_size=\u00bbfull\u00bb alignment=\u00bbcenter\u00bb style=\u00bbvc_box_rounded\u00bb image_hovers=\u00bbfalse\u00bb][vc_empty_space height=\u00bb16px\u00bb][vc_custom_heading text=\u00bbSEO\u00bb font_container=\u00bbtag:h5|text_align:center|color:%2300247c\u00bb use_theme_fonts=\u00bbyes\u00bb][\/vc_column_inner][vc_column_inner width=\u00bb1\/6&#8243;][vc_single_image image=\u00bb1452&#8243; img_size=\u00bbfull\u00bb alignment=\u00bbcenter\u00bb style=\u00bbvc_box_rounded\u00bb image_hovers=\u00bbfalse\u00bb][vc_empty_space height=\u00bb16px\u00bb][vc_custom_heading text=\u00bbSEM\/PPC\u00bb font_container=\u00bbtag:h5|text_align:center|color:%2300247c\u00bb use_theme_fonts=\u00bbyes\u00bb][\/vc_column_inner][vc_column_inner width=\u00bb1\/6&#8243;][vc_single_image image=\u00bb1453&#8243; img_size=\u00bbfull\u00bb alignment=\u00bbcenter\u00bb style=\u00bbvc_box_rounded\u00bb image_hovers=\u00bbfalse\u00bb][vc_empty_space height=\u00bb16px\u00bb][vc_custom_heading text=\u00bbSoporte y Mantenimiento\u00bb font_container=\u00bbtag:h5|text_align:center|color:%2300247c\u00bb use_theme_fonts=\u00bbyes\u00bb][\/vc_column_inner][\/vc_row_inner][vc_empty_space][\/vc_column][\/vc_row][vc_row margin_bottom=\u00bb32&#8243; anchor=\u00bbproyectos\u00bb][vc_column][vc_custom_heading text=\u00bbProyectos\u00bb font_container=\u00bbtag:h3|text_align:left|color:%2300247c\u00bb use_theme_fonts=\u00bbyes\u00bb]<div class=\"hr-thin style-line\" style=\"width: 100%;border-top-width: 1px;\"><\/div>[vc_column_text]<\/p>\n<p style=\"text-align: justify;\">Nuestra mejor publicidad son nuestros trabajos, unidos siempre a unos resultados satisfactorios. La f\u00f3rmula de Dim\u00e1tica Software Development para abordar los distintos proyectos de forma existosa es la experiencia de nuestros trabajadores multiperfil, as\u00ed como la comunicaci\u00f3n constante con el cliente.<\/p>\n<p style=\"text-align: justify;\">En Dim\u00e1tica Software Development contamos con proyectos empresariales exitosos de todos los tama\u00f1os y en m\u00faltiples sectores, siempre innovando para solucionar los diferentes problemas que plantea el mercado y teniendo en cuenta las necesidades de cada cliente. Por ello podemos decir que Dim\u00e1tica Software Development es sin\u00f3nimo de garant\u00eda, raz\u00f3n por la cual cada vez m\u00e1s clientes cuentan con nosotros.<\/p>\n<p style=\"text-align: justify;\">Nuestras soluciones aportan tranquilidad a nuestros clientes, tanto por la personalizaci\u00f3n y optimizaci\u00f3n \u00fanica que tienen, como por el servicio de mantenimiento posterior, que garantiza la resoluci\u00f3n de cualquier problema que se pueda dar. La implicaci\u00f3n que ponemos en cada uno de nuestros productos tanto en su desarrollo como en su posterior mantenimiento es la clave de la fidelizaci\u00f3n de nuestros clientes.<\/p>\n<p>[\/vc_column_text][vc_empty_space][vc_row_inner][vc_column_inner width=\u00bb1\/3&#8243;][vc_single_image image=\u00bb1612&#8243; img_size=\u00bbfull\u00bb alignment=\u00bbcenter\u00bb onclick=\u00bblink_image\u00bb][vc_custom_heading text=\u00bbSEO | Birdlife\u00bb font_container=\u00bbtag:h5|text_align:center|color:%2300247c\u00bb use_theme_fonts=\u00bbyes\u00bb][vc_empty_space height=\u00bb5px\u00bb][\/vc_column_inner][vc_column_inner width=\u00bb1\/3&#8243;][vc_single_image image=\u00bb1613&#8243; img_size=\u00bbfull\u00bb alignment=\u00bbcenter\u00bb onclick=\u00bblink_image\u00bb][vc_custom_heading text=\u00bbSistema de Gesti\u00f3n de<br \/>\nEstaciones de Servicio REPSOL\u00bb font_container=\u00bbtag:h6|text_align:center|color:%2300247c\u00bb use_theme_fonts=\u00bbyes\u00bb][vc_empty_space height=\u00bb5px\u00bb][\/vc_column_inner][vc_column_inner width=\u00bb1\/3&#8243;][vc_single_image image=\u00bb1615&#8243; img_size=\u00bbfull\u00bb alignment=\u00bbcenter\u00bb onclick=\u00bblink_image\u00bb][vc_custom_heading text=\u00bbBiblioteca Virtual UNIR\u00bb font_container=\u00bbtag:h5|text_align:center|color:%2300247c\u00bb use_theme_fonts=\u00bbyes\u00bb][vc_empty_space height=\u00bb5px\u00bb][\/vc_column_inner][\/vc_row_inner][vc_row_inner][vc_column_inner width=\u00bb1\/3&#8243;][vc_single_image image=\u00bb1610&#8243; img_size=\u00bbfull\u00bb alignment=\u00bbcenter\u00bb onclick=\u00bblink_image\u00bb][vc_custom_heading text=\u00bbHomePaq Correos\u00bb font_container=\u00bbtag:h5|text_align:center|color:%2300247c\u00bb use_theme_fonts=\u00bbyes\u00bb][vc_empty_space height=\u00bb5px\u00bb][\/vc_column_inner][vc_column_inner width=\u00bb1\/3&#8243;][vc_single_image image=\u00bb1614&#8243; img_size=\u00bbfull\u00bb alignment=\u00bbcenter\u00bb onclick=\u00bblink_image\u00bb][vc_custom_heading text=\u00bbPortal Afiliados<br \/>\ny Beneficiarios Sodexo\u00bb font_container=\u00bbtag:h6|text_align:center|color:%2300247c\u00bb use_theme_fonts=\u00bbyes\u00bb][vc_empty_space height=\u00bb5px\u00bb][\/vc_column_inner][vc_column_inner width=\u00bb1\/3&#8243;][vc_single_image image=\u00bb1611&#8243; img_size=\u00bbfull\u00bb alignment=\u00bbcenter\u00bb onclick=\u00bblink_image\u00bb][vc_custom_heading text=\u00bbVenteDePi\u00e8ces TPVision\u00bb font_container=\u00bbtag:h5|text_align:center|color:%2300247c\u00bb use_theme_fonts=\u00bbyes\u00bb][vc_empty_space height=\u00bb5px\u00bb][\/vc_column_inner][\/vc_row_inner][\/vc_column][\/vc_row][vc_row margin_bottom=\u00bb32&#8243; anchor=\u00bbcontacto\u00bb][vc_column][vc_custom_heading text=\u00bbContacto\u00bb font_container=\u00bbtag:h3|text_align:left|color:%2300247c\u00bb use_theme_fonts=\u00bbyes\u00bb]<div class=\"hr-thin style-line\" style=\"width: 100%;border-top-width: 1px;\"><\/div>[vc_row_inner][vc_column_inner width=\u00bb1\/4&#8243;][vc_single_image image=\u00bb9246&#8243; img_size=\u00bbfull\u00bb][vc_empty_space][vc_custom_heading text=\u00bbDim\u00e1tica<br \/>\nSoftware Development\u00bb font_container=\u00bbtag:h3|text_align:right|color:%2300247c\u00bb use_theme_fonts=\u00bbyes\u00bb][vc_column_text]<\/p>\n<h4 style=\"text-align: right;\">Grupo SERMICRO<\/h4>\n<p style=\"text-align: right;\"><span class=\"_Xbe\">Calle Pradillo, 50, 28002 Madrid<\/span>.<\/p>\n<p style=\"text-align: right;\"><div class=\"soc-ico\"><a title=\"Facebook\" href=\"https:\/\/www.facebook.com\/dimaticasoftware\" target=\"_blank\" class=\"facebook\"><span class=\"assistive-text\">Facebook<\/span><\/a><a title=\"Twitter\" href=\"https:\/\/twitter.com\/DimaticaSD\" target=\"_blank\" class=\"twitter\"><span class=\"assistive-text\">Twitter<\/span><\/a><a title=\"ID de Google Analytics\" href=\"https:\/\/plus.google.com\/u\/0\/109949037743871420356\/about\" target=\"_blank\" class=\"google\"><span class=\"assistive-text\">ID de Google Analytics<\/span><\/a><a title=\"Linkedin\" href=\"https:\/\/www.linkedin.com\/company\/dim%C3%A1tica\" target=\"_blank\" class=\"linkedin\"><span class=\"assistive-text\">Linkedin<\/span><\/a><\/div>\n<div class=\"gap\" style=\"line-height: 10px; height: 10px;\"><\/div>\n<p style=\"text-align: right;\"><style type=\"text\/css\">#dt-btn-1:hover {color: #ffffff;}#dt-btn-1:hover > .text-wrap * {color: #ffffff;}<\/style><a href=\"https:\/\/www.dimaticasoftware.com\" class=\"btn-shortcode dt-btn-m dt-btn light-bg-btn title-btn-color custom-btn-hover-color default-btn-bg-color accent-btn-bg-hover-color fadeIn animate-element animation-builder\" target=\"_blank\" id=\"dt-btn-1\"><i class=\"fa fa-chevron-circle-right\"><\/i><span>P\u00e1gina Web<\/span><\/a><\/p>\n<p>[\/vc_column_text][\/vc_column_inner][vc_column_inner width=\u00bb3\/4&#8243;][vc_gmaps link=\u00bb#E-8_JTNDaWZyYW1lJTIwc3JjJTNEJTIyaHR0cHMlM0ElMkYlMkZ3d3cuZ29vZ2xlLmNvbSUyRm1hcHMlMkZkJTJGZW1iZWQlM0ZtaWQlM0R6OW8wc2cwcGJPTHcua1Npc21kM3RZcnBJJTIyJTIwd2lkdGglM0QlMjI2NDAlMjIlMjBoZWlnaHQlM0QlMjI0ODAlMjIlM0UlM0MlMkZpZnJhbWUlM0U=\u00bb][\/vc_column_inner][\/vc_row_inner][\/vc_column][\/vc_row]<\/p>\n<\/div>","protected":false},"excerpt":{"rendered":"<p>[vc_row margin_bottom=\u00bb32&#8243;][vc_column][vc_custom_heading text=\u00bbDim\u00e1tica Software Development\u00bb font_container=\u00bbtag:h1|text_align:left|color:%2300247c\u00bb use_theme_fonts=\u00bbyes\u00bb][vc_row_inner][vc_column_inner width=\u00bb1\/4&#8243;][vc_custom_heading text=\u00bbLa Empresa\u00bb font_container=\u00bbtag:h4|text_align:left|color:%2300247c\u00bb use_theme_fonts=\u00bbyes\u00bb link=\u00bb||\u00bb][\/vc_column_inner][vc_column_inner width=\u00bb1\/4&#8243;][vc_custom_heading text=\u00bbServicios\u00bb font_container=\u00bbtag:h4|text_align:left|color:%2300247c\u00bb use_theme_fonts=\u00bbyes\u00bb link=\u00bburl:%23servicios||\u00bb][\/vc_column_inner][vc_column_inner width=\u00bb1\/4&#8243;][vc_custom_heading text=\u00bbProyectos\u00bb font_container=\u00bbtag:h4|text_align:left|color:%2300247c\u00bb use_theme_fonts=\u00bbyes\u00bb link=\u00bburl:%23proyectos||\u00bb][\/vc_column_inner][vc_column_inner width=\u00bb1\/4&#8243;][vc_custom_heading text=\u00bbContacto\u00bb font_container=\u00bbtag:h4|text_align:left|color:%2300247c\u00bb use_theme_fonts=\u00bbyes\u00bb link=\u00bburl:%23contacto||\u00bb][\/vc_column_inner][\/vc_row_inner][\/vc_column][\/vc_row][vc_row margin_bottom=\u00bb32&#8243;][vc_column][vc_custom_heading text=\u00bbLa Empresa\u00bb font_container=\u00bbtag:h3|text_align:left|color:%2300247c\u00bb use_theme_fonts=\u00bbyes\u00bb][vc_column_text] Dim\u00e1tica Software Development es la evoluci\u00f3n hacia el desarrollo de software de las actividades del Grupo Sermicro, con un sobresaliente incremento de&hellip;<\/p>\n","protected":false},"author":1,"featured_media":0,"parent":582,"menu_order":0,"comment_status":"closed","ping_status":"closed","template":"","meta":[],"class_list":["post-584","page","type-page","status-publish","hentry","description-off"],"_links":{"self":[{"href":"https:\/\/www.grupoimesapi.es\/es\/wp-json\/wp\/v2\/pages\/584","targetHints":{"allow":["GET"]}}],"collection":[{"href":"https:\/\/www.grupoimesapi.es\/es\/wp-json\/wp\/v2\/pages"}],"about":[{"href":"https:\/\/www.grupoimesapi.es\/es\/wp-json\/wp\/v2\/types\/page"}],"author":[{"embeddable":true,"href":"https:\/\/www.grupoimesapi.es\/es\/wp-json\/wp\/v2\/users\/1"}],"replies":[{"embeddable":true,"href":"https:\/\/www.grupoimesapi.es\/es\/wp-json\/wp\/v2\/comments?post=584"}],"version-history":[{"count":0,"href":"https:\/\/www.grupoimesapi.es\/es\/wp-json\/wp\/v2\/pages\/584\/revisions"}],"up":[{"embeddable":true,"href":"https:\/\/www.grupoimesapi.es\/es\/wp-json\/wp\/v2\/pages\/582"}],"wp:attachment":[{"href":"https:\/\/www.grupoimesapi.es\/es\/wp-json\/wp\/v2\/media?parent=584"}],"curies":[{"name":"wp","href":"https:\/\/api.w.org\/{rel}","templated":true}]}}