{"id":578,"date":"2016-01-20T12:11:21","date_gmt":"2016-01-20T12:11:21","guid":{"rendered":"http:\/\/grupoimesapi.es\/?page_id=578"},"modified":"2024-11-20T11:56:48","modified_gmt":"2024-11-20T11:56:48","slug":"imesapi-conservacion-y-medio-ambiente","status":"publish","type":"page","link":"https:\/\/www.grupoimesapi.es\/es\/empresas\/imesapi-conservacion-y-medio-ambiente\/","title":{"rendered":"ImesAPI &#8211; Conservaci\u00f3n y Medio Ambiente"},"content":{"rendered":"<div class=\"wpb-content-wrapper\"><p>[vc_row margin_bottom=\u00bb32&#8243;][vc_column][vc_custom_heading text=\u00bbImesAPI<br \/>\nConservaci\u00f3n y Medio Ambiente\u00bb font_container=\u00bbtag:h1|text_align:left|color:%2300247c\u00bb use_theme_fonts=\u00bbyes\u00bb]<div class=\"hr-thin style-line\" style=\"width: 100%;border-top-width: 1px;\"><\/div>[vc_row_inner][vc_column_inner width=\u00bb1\/4&#8243;][vc_custom_heading text=\u00bbLa Empresa\u00bb font_container=\u00bbtag:h4|text_align:left|color:%2300247c\u00bb use_theme_fonts=\u00bbyes\u00bb link=\u00bb||\u00bb][\/vc_column_inner][vc_column_inner width=\u00bb1\/4&#8243;][vc_custom_heading text=\u00bbServicios\u00bb font_container=\u00bbtag:h4|text_align:left|color:%2300247c\u00bb use_theme_fonts=\u00bbyes\u00bb link=\u00bburl:%23actividades||\u00bb][\/vc_column_inner][vc_column_inner width=\u00bb1\/4&#8243;][vc_custom_heading text=\u00bbContacto\u00bb font_container=\u00bbtag:h4|text_align:left|color:%2300247c\u00bb use_theme_fonts=\u00bbyes\u00bb link=\u00bburl:%23contacto||\u00bb][\/vc_column_inner][\/vc_row_inner][\/vc_column][\/vc_row][vc_row margin_bottom=\u00bb32&#8243;][vc_column][vc_custom_heading text=\u00bbLa Empresa\u00bb font_container=\u00bbtag:h2|text_align:left|color:%2300247c\u00bb use_theme_fonts=\u00bbyes\u00bb]<div class=\"hr-thin style-line\" style=\"width: 100%;border-top-width: 1px;\"><\/div>[vc_column_text]<\/p>\n<div class=\"vc_row wpb_row wf-container\">\n<div class=\"wpb_column vc_column_container vc_col-sm-12\">\n<div class=\"vc_column-inner \">\n<div class=\"wpb_wrapper\">\n<div class=\"wpb_text_column wpb_content_element \">\n<div class=\"wpb_wrapper\">\n<p style=\"text-align: justify;\">La Divisi\u00f3n de Conservaci\u00f3n y Medio ambiente de Grupo ImesAPI unifica bajo una misma Direcci\u00f3n la ejecuci\u00f3n de diversos contratos de servicios y obras para los sectores de Carreteras, Medioambiente, Saneamiento y Edificaci\u00f3n. El nombre de la Divisi\u00f3n remarca que el principal negocio gestionado es la conservaci\u00f3n de las infraestructuras referidas a los anteriores sectores.<\/p>\n<p style=\"text-align: justify;\">En Carreteras, Grupo ImesAPI es una de las empresas pioneras en la ejecuci\u00f3n de contratos de conservaci\u00f3n y explotaci\u00f3n, pero su campo de actuaci\u00f3n va m\u00e1s all\u00e1, realizando tambi\u00e9n obras de rehabilitaci\u00f3n y mejora, obras de emergencia, actuaciones en medio urbano, como la conservaci\u00f3n de pavimentos y obras de revitalizaci\u00f3n de espacios urbanos, gesti\u00f3n de t\u00faneles y auditor\u00edas de seguridad vial.<\/p>\n<p style=\"text-align: justify;\">Respecto al Medio Ambiente, Grupo ImesAPI destaca por los contratos de conservaci\u00f3n de parques y jardines, las redes de riego, la ejecuci\u00f3n de obras de creaci\u00f3n de espacios verdes urbanos, la restauraci\u00f3n de cauces fluviales y los trabajos de prevenci\u00f3n de incendios forestales.<\/p>\n<p style=\"text-align: justify;\">En cuanto a Saneamiento, Grupo ImesAPI ejecuta contratos de mantenimiento de redes, aplicando las m\u00e1s modernas tecnolog\u00edas disponibles en la inspecci\u00f3n y tratamiento de conducciones y contratos de gesti\u00f3n y mantenimiento de depuradoras.<\/p>\n<p style=\"text-align: justify;\">Finalmente, en el campo de la Edificaci\u00f3n, ImesAPI realiza la construcci\u00f3n y rehabilitaci\u00f3n de edificaciones, las ampliaciones, reformas interiores y acondicionamientos para nuevos usos y el mantenimiento de la infraestructura.<\/p>\n<\/div>\n<\/div>\n<\/div>\n<\/div>\n<\/div>\n<\/div>\n<p>[\/vc_column_text][\/vc_column][\/vc_row][vc_row margin_bottom=\u00bb32&#8243; anchor=\u00bbactividades\u00bb][vc_column][vc_custom_heading text=\u00bbServicios\u00bb font_container=\u00bbtag:h2|text_align:left|color:%2300247c\u00bb use_theme_fonts=\u00bbyes\u00bb]<div class=\"hr-thin style-line\" style=\"width: 100%;border-top-width: 1px;\"><\/div>[vc_empty_space][vc_row_inner][vc_column_inner el_class=\u00bbcinco_columnas\u00bb width=\u00bb1\/3&#8243;][vc_single_image image=\u00bb1204&#8243; img_size=\u00bbfull\u00bb alignment=\u00bbcenter\u00bb style=\u00bbvc_box_rounded\u00bb][vc_empty_space height=\u00bb16px\u00bb][vc_custom_heading text=\u00bbCarreteras\u00bb font_container=\u00bbtag:h4|text_align:left|color:%2300247c\u00bb use_theme_fonts=\u00bbyes\u00bb][vc_column_text]<\/p>\n<ul>\n<li class=\"menu-item menu-item-type-post_type menu-item-object-page menu-item-693 first\">Conservaci\u00f3n y Explotaci\u00f3n<\/li>\n<li class=\"menu-item menu-item-type-post_type menu-item-object-page menu-item-694\">Instalaciones y Gesti\u00f3n de T\u00faneles<\/li>\n<li class=\"menu-item menu-item-type-post_type menu-item-object-page menu-item-695\">Seguridad Vial<\/li>\n<li class=\"menu-item menu-item-type-post_type menu-item-object-page menu-item-696\">Auditor\u00edas de Seguridad Viaria<\/li>\n<li class=\"menu-item menu-item-type-post_type menu-item-object-page menu-item-697\">Rehabilitaci\u00f3n y Mejora<\/li>\n<li class=\"menu-item menu-item-type-post_type menu-item-object-page menu-item-698\">Obras de Emergencia<\/li>\n<li class=\"menu-item menu-item-type-post_type menu-item-object-page menu-item-711\">Rehabilitaci\u00f3n de Puentes<\/li>\n<li class=\"menu-item menu-item-type-post_type menu-item-object-page menu-item-712\">Tratamiento de M\u00e1rgenes<\/li>\n<\/ul>\n<p>[\/vc_column_text][vc_empty_space height=\u00bb20px\u00bb][\/vc_column_inner][vc_column_inner el_class=\u00bbcinco_columnas\u00bb width=\u00bb1\/3&#8243;][vc_single_image image=\u00bb1205&#8243; img_size=\u00bbfull\u00bb alignment=\u00bbcenter\u00bb style=\u00bbvc_box_rounded\u00bb][vc_empty_space height=\u00bb16px\u00bb][vc_custom_heading text=\u00bbRehabilitaci\u00f3n Espacios Urbanos\u00bb font_container=\u00bbtag:h4|text_align:left|color:%2300247c\u00bb use_theme_fonts=\u00bbyes\u00bb][vc_column_text]<\/p>\n<ul>\n<li class=\"menu-item menu-item-type-post_type menu-item-object-page menu-item-739 first\">Gesti\u00f3n de Estacionamientos \u201cOn Street\u201d<\/li>\n<li class=\"menu-item menu-item-type-post_type menu-item-object-page menu-item-917\">Gesti\u00f3n y Mantenimiento de Alumbrado P\u00fablico<\/li>\n<li class=\"menu-item menu-item-type-post_type menu-item-object-page menu-item-916\">Gesti\u00f3n y Mantenimiento de Instalaciones Semaf\u00f3ricas<\/li>\n<li class=\"menu-item menu-item-type-post_type menu-item-object-page menu-item-915\">Mantenimiento de Fuentes Ornamentales y L\u00e1minas de Agua<\/li>\n<li class=\"menu-item menu-item-type-post_type menu-item-object-page menu-item-740\">Conservaci\u00f3n de Pavimentos<\/li>\n<li class=\"menu-item menu-item-type-post_type menu-item-object-page menu-item-741\">Obras de Mejora de Entornos Urbanos<\/li>\n<li class=\"menu-item menu-item-type-post_type menu-item-object-page menu-item-742\">Construcci\u00f3n de Instalaciones Deportivas<\/li>\n<li class=\"menu-item menu-item-type-post_type menu-item-object-page menu-item-743\">Mantenimiento e Instalaci\u00f3n de Mobiliario Urbano y \u00c1reas de Juegos Infantiles<\/li>\n<\/ul>\n<p>[\/vc_column_text][vc_empty_space height=\u00bb20px\u00bb][\/vc_column_inner][vc_column_inner el_class=\u00bbcinco_columnas\u00bb width=\u00bb1\/3&#8243;][vc_single_image image=\u00bb1206&#8243; img_size=\u00bbfull\u00bb alignment=\u00bbcenter\u00bb style=\u00bbvc_box_rounded\u00bb][vc_empty_space height=\u00bb16px\u00bb][vc_custom_heading text=\u00bbSaneamiento y Abastecimiento\u00bb font_container=\u00bbtag:h4|font_size:17px|text_align:left|color:%2300247c\u00bb use_theme_fonts=\u00bbyes\u00bb][vc_column_text]<\/p>\n<ul>\n<li class=\"menu-item menu-item-type-post_type menu-item-object-page menu-item-766 first\">Construcci\u00f3n de Redes<\/li>\n<li class=\"menu-item menu-item-type-post_type menu-item-object-page menu-item-767\">Mantenimiento de Redes<\/li>\n<li class=\"menu-item menu-item-type-post_type menu-item-object-page menu-item-768\">Depuradoras<\/li>\n<\/ul>\n<p>[\/vc_column_text][vc_empty_space height=\u00bb20px\u00bb][\/vc_column_inner][\/vc_row_inner][vc_row_inner][vc_column_inner el_class=\u00bbcinco_columnas\u00bb width=\u00bb1\/2&#8243;][vc_single_image image=\u00bb1207&#8243; img_size=\u00bbfull\u00bb alignment=\u00bbcenter\u00bb style=\u00bbvc_box_rounded\u00bb][vc_empty_space height=\u00bb16px\u00bb][vc_custom_heading text=\u00bbMedio Ambiente\u00bb font_container=\u00bbtag:h4|text_align:left|color:%2300247c\u00bb use_theme_fonts=\u00bbyes\u00bb][vc_column_text]<\/p>\n<ul>\n<li class=\"menu-item menu-item-type-post_type menu-item-object-page menu-item-780 first\">Construcci\u00f3n de Parques y Jardines<\/li>\n<li class=\"menu-item menu-item-type-post_type menu-item-object-page menu-item-781\">Mantenimiento de Parques y Jardines<\/li>\n<li class=\"menu-item menu-item-type-post_type menu-item-object-page menu-item-782\">Tratamientos Selv\u00edcolas y Prevenci\u00f3n de Incendios<\/li>\n<li class=\"menu-item menu-item-type-post_type menu-item-object-page menu-item-783\">Restauraci\u00f3n de Cauces<\/li>\n<li class=\"menu-item menu-item-type-post_type menu-item-object-page menu-item-784\">Redes de Riego<\/li>\n<li class=\"menu-item menu-item-type-post_type menu-item-object-page menu-item-785\">Obras Forestales<\/li>\n<\/ul>\n<p>[\/vc_column_text][vc_empty_space height=\u00bb20px\u00bb][\/vc_column_inner][vc_column_inner el_class=\u00bbcinco_columnas\u00bb width=\u00bb1\/2&#8243;][vc_single_image image=\u00bb1208&#8243; img_size=\u00bbfull\u00bb alignment=\u00bbcenter\u00bb style=\u00bbvc_box_rounded\u00bb][vc_empty_space height=\u00bb16px\u00bb][vc_custom_heading text=\u00bbEdificaci\u00f3n y Construcci\u00f3n\u00bb font_container=\u00bbtag:h4|text_align:left|color:%2300247c\u00bb use_theme_fonts=\u00bbyes\u00bb][vc_column_text]<\/p>\n<ul>\n<li class=\"menu-item menu-item-type-post_type menu-item-object-page menu-item-809 first\">Construcci\u00f3n<\/li>\n<li class=\"menu-item menu-item-type-post_type menu-item-object-page menu-item-810\">Rehabilitaci\u00f3n y Reforma<\/li>\n<li class=\"menu-item menu-item-type-post_type menu-item-object-page menu-item-811\">Mantenimiento de Edificios<\/li>\n<li class=\"menu-item menu-item-type-post_type menu-item-object-page menu-item-932\">Mantenimiento Integral de Complejos<\/li>\n<li class=\"menu-item menu-item-type-post_type menu-item-object-page menu-item-931\">Mantenimientos Industriales<\/li>\n<li class=\"menu-item menu-item-type-post_type menu-item-object-page menu-item-930\">Facility Management<\/li>\n<\/ul>\n<p>[\/vc_column_text][vc_empty_space height=\u00bb20px\u00bb][\/vc_column_inner][\/vc_row_inner][\/vc_column][\/vc_row][vc_row margin_bottom=\u00bb32&#8243; anchor=\u00bbcontacto\u00bb][vc_column][vc_custom_heading text=\u00bbContacto\u00bb font_container=\u00bbtag:h3|text_align:left|color:%2300247c\u00bb use_theme_fonts=\u00bbyes\u00bb]<div class=\"hr-thin style-line\" style=\"width: 100%;border-top-width: 1px;\"><\/div>[vc_row_inner][vc_column_inner width=\u00bb1\/4&#8243;][vc_single_image image=\u00bb7224&#8243; img_size=\u00bbfull\u00bb alignment=\u00bbright\u00bb][vc_empty_space][vc_custom_heading text=\u00bbImesAPI<br \/>\nConservaci\u00f3n y Medio Ambiente\u00bb font_container=\u00bbtag:h3|text_align:right|color:%2300247c\u00bb use_theme_fonts=\u00bbyes\u00bb][vc_column_text]<\/p>\n<p style=\"text-align: right;\">Avenida Ram\u00f3n y Cajal 107<br \/>\n28043 Madrid<\/p>\n<p style=\"text-align: right;\">Telf: 91 744 39 00<br \/>\n91 598 90 60<br \/>\nFax: 91 744 39 01<br \/>\n91 598 90 65<\/p>\n<p style=\"text-align: right;\"><style type=\"text\/css\">#dt-btn-1:hover {color: #ffffff;}#dt-btn-1:hover > .text-wrap * {color: #ffffff;}<\/style><a href=\"http:\/\/www.imesapi.es\" class=\"btn-shortcode dt-btn-m dt-btn light-bg-btn title-btn-color custom-btn-hover-color default-btn-bg-color accent-btn-bg-hover-color fadeIn animate-element animation-builder\" target=\"_blank\" id=\"dt-btn-1\"><i class=\"fa fa-chevron-circle-right\"><\/i><span>P\u00e1gina Web<\/span><\/a><\/p>\n<p>[\/vc_column_text][\/vc_column_inner][vc_column_inner width=\u00bb3\/4&#8243;][vc_gmaps link=\u00bb#E-8_JTNDaWZyYW1lJTIwc3JjJTNEJTIyaHR0cHMlM0ElMkYlMkZ3d3cuZ29vZ2xlLmNvbSUyRm1hcHMlMkZlbWJlZCUzRnBiJTNEJTIxMW0xOCUyMTFtMTIlMjExbTMlMjExZDEwNTEzLjE1OTQzMTcyMjA3OSUyMTJkLTMuNjU5Njc0NjQ1NDI5MDUlMjEzZDQwLjQ0OTUwNzY5MzQ2NjU4JTIxMm0zJTIxMWYwJTIxMmYwJTIxM2YwJTIxM20yJTIxMWkxMDI0JTIxMmk3NjglMjE0ZjEzLjElMjEzbTMlMjExbTIlMjExczB4ZDQyMmYyYWI5MTQwMDViJTI1M0EweDM1ZDFlYzQyMzQ0ODllNGMlMjEyc0F2LiUyNTIwZGUlMjUyMFJhbSUyNUMzJTI1QjNuJTI1MjB5JTI1MjBDYWphbCUyNTJDJTI1MjAxMDclMjUyQyUyNTIwQ2RhZC4lMjUyMExpbmVhbCUyNTJDJTI1MjAyODA0MyUyNTIwTWFkcmlkJTIxNWUxJTIxM20yJTIxMXNlcyUyMTJzZXMlMjE0djE3MzIxMDM2ODQyODglMjE1bTIlMjExc2VzJTIxMnNlcyUyMiUyMHdpZHRoJTNEJTIyNjAwJTIyJTIwaGVpZ2h0JTNEJTIyNDUwJTIyJTIwc3R5bGUlM0QlMjJib3JkZXIlM0EwJTNCJTIyJTIwYWxsb3dmdWxsc2NyZWVuJTNEJTIyJTIyJTIwbG9hZGluZyUzRCUyMmxhenklMjIlMjByZWZlcnJlcnBvbGljeSUzRCUyMm5vLXJlZmVycmVyLXdoZW4tZG93bmdyYWRlJTIyJTNFJTNDJTJGaWZyYW1lJTNF\u00bb][\/vc_column_inner][\/vc_row_inner][\/vc_column][\/vc_row]<\/p>\n<\/div>","protected":false},"excerpt":{"rendered":"<p>[vc_row margin_bottom=\u00bb32&#8243;][vc_column][vc_custom_heading text=\u00bbImesAPI Conservaci\u00f3n y Medio Ambiente\u00bb font_container=\u00bbtag:h1|text_align:left|color:%2300247c\u00bb use_theme_fonts=\u00bbyes\u00bb][vc_row_inner][vc_column_inner width=\u00bb1\/4&#8243;][vc_custom_heading text=\u00bbLa Empresa\u00bb font_container=\u00bbtag:h4|text_align:left|color:%2300247c\u00bb use_theme_fonts=\u00bbyes\u00bb link=\u00bb||\u00bb][\/vc_column_inner][vc_column_inner width=\u00bb1\/4&#8243;][vc_custom_heading text=\u00bbServicios\u00bb font_container=\u00bbtag:h4|text_align:left|color:%2300247c\u00bb use_theme_fonts=\u00bbyes\u00bb link=\u00bburl:%23actividades||\u00bb][\/vc_column_inner][vc_column_inner width=\u00bb1\/4&#8243;][vc_custom_heading text=\u00bbContacto\u00bb font_container=\u00bbtag:h4|text_align:left|color:%2300247c\u00bb use_theme_fonts=\u00bbyes\u00bb link=\u00bburl:%23contacto||\u00bb][\/vc_column_inner][\/vc_row_inner][\/vc_column][\/vc_row][vc_row margin_bottom=\u00bb32&#8243;][vc_column][vc_custom_heading text=\u00bbLa Empresa\u00bb font_container=\u00bbtag:h2|text_align:left|color:%2300247c\u00bb use_theme_fonts=\u00bbyes\u00bb][vc_column_text] La Divisi\u00f3n de Conservaci\u00f3n y Medio ambiente de Grupo ImesAPI unifica bajo una misma Direcci\u00f3n la ejecuci\u00f3n de diversos contratos de servicios y obras para&hellip;<\/p>\n","protected":false},"author":1,"featured_media":0,"parent":576,"menu_order":0,"comment_status":"closed","ping_status":"closed","template":"","meta":[],"class_list":["post-578","page","type-page","status-publish","hentry","description-off"],"_links":{"self":[{"href":"https:\/\/www.grupoimesapi.es\/es\/wp-json\/wp\/v2\/pages\/578","targetHints":{"allow":["GET"]}}],"collection":[{"href":"https:\/\/www.grupoimesapi.es\/es\/wp-json\/wp\/v2\/pages"}],"about":[{"href":"https:\/\/www.grupoimesapi.es\/es\/wp-json\/wp\/v2\/types\/page"}],"author":[{"embeddable":true,"href":"https:\/\/www.grupoimesapi.es\/es\/wp-json\/wp\/v2\/users\/1"}],"replies":[{"embeddable":true,"href":"https:\/\/www.grupoimesapi.es\/es\/wp-json\/wp\/v2\/comments?post=578"}],"version-history":[{"count":0,"href":"https:\/\/www.grupoimesapi.es\/es\/wp-json\/wp\/v2\/pages\/578\/revisions"}],"up":[{"embeddable":true,"href":"https:\/\/www.grupoimesapi.es\/es\/wp-json\/wp\/v2\/pages\/576"}],"wp:attachment":[{"href":"https:\/\/www.grupoimesapi.es\/es\/wp-json\/wp\/v2\/media?parent=578"}],"curies":[{"name":"wp","href":"https:\/\/api.w.org\/{rel}","templated":true}]}}