{"id":5537,"date":"2018-10-01T10:05:08","date_gmt":"2018-10-01T10:05:08","guid":{"rendered":"http:\/\/www.grupoimesapi.es\/quienes-somos\/nuestras-empresas-copy\/"},"modified":"2023-10-05T07:28:04","modified_gmt":"2023-10-05T07:28:04","slug":"nuestras-empresas","status":"publish","type":"page","link":"https:\/\/www.grupoimesapi.es\/es\/quienes-somos\/nuestras-empresas\/","title":{"rendered":"Nuestras Empresas"},"content":{"rendered":"<div class=\"wpb-content-wrapper\"><p><\/p>\n<p>[vc_row animation=\u00bbfadeIn\u00bb][vc_column][vc_custom_heading text=\u00bbNuestras Empresas\u00bb font_container=\u00bbtag:h1|text_align:center\u00bb use_theme_fonts=\u00bbyes\u00bb][vc_separator color=\u00bbcustom\u00bb accent_color=\u00bb#00247c\u00bb][vc_empty_space height=\u00bb16px\u00bb][\/vc_column][\/vc_row][vc_row type=\u00bbvc_default\u00bb animation=\u00bbfadeIn\u00bb][vc_column width=\u00bb1\/2&#8243; animation=\u00bbfadeIn\u00bb el_class=\u00bbbloque_servicios\u00bb css=\u00bb.vc_custom_1460974060443{padding-top: 0px !important;}\u00bb][vc_single_image image=\u00bb1754&#8243; img_size=\u00bbfull\u00bb alignment=\u00bbcenter\u00bb style=\u00bbvc_box_rounded\u00bb onclick=\u00bbcustom_link\u00bb link=\u00bbhttp:\/\/grupoimesapi.es\/empresas\/imesapi-conservacion-y-medio-ambiente\/\u00bb][vc_empty_space height=\u00bb15px\u00bb][vc_column_text el_class=\u00bbtexto_pequeno\u00bb]<\/p>\n<p style=\"text-align: justify;\">La Divisi\u00f3n de Conservaci\u00f3n y Medio ambiente de Grupo ImesAPI unifica bajo una misma Direcci\u00f3n la ejecuci\u00f3n de diversos contratos de servicios y obras para los sectores de Carreteras, Medioambiente, Saneamiento y Edificaci\u00f3n. El nombre de la Divisi\u00f3n remarca que el principal negocio gestionado es la conservaci\u00f3n de las infraestructuras referidas a los anteriores sectores.<\/p>\n<p>[\/vc_column_text][vc_empty_space height=\u00bb15px\u00bb][vc_single_image image=\u00bb1394&#8243; img_size=\u00bbfull\u00bb alignment=\u00bbcenter\u00bb style=\u00bbvc_box_rounded\u00bb onclick=\u00bbcustom_link\u00bb link=\u00bbhttp:\/\/grupoimesapi.es\/empresas\/api-movilidad\/\u00bb][vc_empty_space height=\u00bb15px\u00bb][vc_column_text el_class=\u00bbtexto_pequeno\u00bb]<\/p>\n<p style=\"text-align: justify;\">API movilidad S.A. se especializa en conservaci\u00f3n de carreteras, v\u00edas urbanas, pavimentos y aceras, mobiliario urbano, se\u00f1alizaci\u00f3n de ayuntamientos, tanto vertical como horizontal, y cualquier infraestructura de uso p\u00fablico que necesite una conservaci\u00f3n especializada. El \u00e1rea m\u00e1s desarrollada es el mantenimiento integral de carreteras, siendo en este momento la empresa l\u00edder del sector en nuestro pa\u00eds, con m\u00e1s de 9.000 km de carretera en conservaci\u00f3n integral, y m\u00e1s de 40 contratos en vigor.<\/p>\n<p>[\/vc_column_text][vc_text_separator title=\u00bbGrupo API Movilidad\u00bb color=\u00bbblue\u00bb el_width=\u00bb90&#8243; css=\u00bb.vc_custom_1460970631275{margin-top: 15px !important;margin-bottom: 15px !important;}\u00bb][vc_row_inner css=\u00bb.vc_custom_1461006010430{margin-top: 15px !important;}\u00bb][vc_column_inner width=\u00bb1\/2&#8243;][vc_single_image image=\u00bb1396&#8243; img_size=\u00bbfull\u00bb alignment=\u00bbcenter\u00bb style=\u00bbvc_box_rounded\u00bb onclick=\u00bbcustom_link\u00bb link=\u00bbhttp:\/\/grupoimesapi.es\/empresas\/api-movilidad\/api-fabricacion\/\u00bb][vc_empty_space height=\u00bb15px\u00bb][vc_column_text el_class=\u00bbtexto_pequeno\u00bb]<\/p>\n<p style=\"text-align: justify;\">API Fabricaci\u00f3n son especialistas en construcci\u00f3n y aplicaci\u00f3n de se\u00f1alizaci\u00f3n vial, horizontal y vertical, as\u00ed como una referencia en el sector desde hace m\u00e1s de 40 a\u00f1os.<\/p>\n<p>[\/vc_column_text][\/vc_column_inner][vc_column_inner width=\u00bb1\/2&#8243;][vc_single_image image=\u00bb1397&#8243; img_size=\u00bbfull\u00bb alignment=\u00bbcenter\u00bb style=\u00bbvc_box_rounded\u00bb onclick=\u00bbcustom_link\u00bb link=\u00bbhttp:\/\/grupoimesapi.es\/empresas\/api-movilidad\/cosersa\/\u00bb][vc_empty_space height=\u00bb15px\u00bb][vc_column_text el_class=\u00bbtexto_pequeno\u00bb]<\/p>\n<p style=\"text-align: justify;\">COSERSA es una empresa de servicios a nivel nacional, que dispone de las mejores tecnolog\u00edas y equipos aplicados al campo del saneamiento y la gesti\u00f3n de residuos.<\/p>\n<p>[\/vc_column_text][\/vc_column_inner][\/vc_row_inner][vc_row_inner css=\u00bb.vc_custom_1461006021448{margin-top: 15px !important;}\u00bb][vc_column_inner width=\u00bb1\/3&#8243;][vc_single_image image=\u00bb1400&#8243; img_size=\u00bbfull\u00bb style=\u00bbvc_box_rounded\u00bb onclick=\u00bbcustom_link\u00bb link=\u00bbhttp:\/\/grupoimesapi.es\/empresas\/api-movilidad\/trafiurbe\/\u00bb][vc_empty_space height=\u00bb15px\u00bb][vc_column_text el_class=\u00bbtexto_pequeno\u00bb]<\/p>\n<p style=\"text-align: justify;\">TRAFIURBE son Especialistas en Se\u00f1alizaci\u00f3n y Seguridad Vial en Portugal.<\/p>\n<p>[\/vc_column_text][\/vc_column_inner][vc_column_inner width=\u00bb1\/3&#8243;][vc_single_image image=\u00bb1399&#8243; img_size=\u00bbfull\u00bb style=\u00bbvc_box_rounded\u00bb onclick=\u00bbcustom_link\u00bb lazy_loading=\u00bbtrue\u00bb link=\u00bbhttp:\/\/grupoimesapi.es\/empresas\/api-movilidad\/midasco\/\u00bb][vc_empty_space height=\u00bb15px\u00bb][vc_column_text el_class=\u00bbtexto_pequeno\u00bb]<\/p>\n<p style=\"text-align: justify;\">MIDASCO LLC son L\u00edderes en Construcci\u00f3n &amp; Redes Viarias en EEUU<\/p>\n<p>[\/vc_column_text][\/vc_column_inner][vc_column_inner width=\u00bb1\/3&#8243;][vc_single_image image=\u00bb1401&#8243; img_size=\u00bbfull\u00bb style=\u00bbvc_box_rounded\u00bb onclick=\u00bbcustom_link\u00bb lazy_loading=\u00bbtrue\u00bb link=\u00bbhttp:\/\/grupoimesapi.es\/empresas\/api-movilidad\/venelin\/\u00bb][vc_empty_space height=\u00bb15px\u00bb][vc_column_text el_class=\u00bbtexto_pequeno\u00bb]<\/p>\n<p style=\"text-align: justify;\">VENEL\u00cdN, Especialistas en Limpiezas &amp; Saneamiento en Venezuela.<\/p>\n<p>[\/vc_column_text][\/vc_column_inner][\/vc_row_inner][\/vc_column][vc_column width=\u00bb1\/2&#8243; animation=\u00bbfadeIn\u00bb el_class=\u00bbbloque_servicios\u00bb css=\u00bb.vc_custom_1460974071968{padding-top: 0px !important;}\u00bb][vc_single_image image=\u00bb1755&#8243; img_size=\u00bbfull\u00bb alignment=\u00bbcenter\u00bb style=\u00bbvc_box_rounded\u00bb onclick=\u00bbcustom_link\u00bb link=\u00bbhttp:\/\/grupoimesapi.es\/empresas\/imesapi-instalaciones-y-servicios\/\u00bb][vc_empty_space height=\u00bb15px\u00bb][vc_column_text el_class=\u00bbtexto_pequeno\u00bb]<\/p>\n<p style=\"text-align: justify;\">La Divisi\u00f3n de Instalaciones y Servicios, lleva asociada al desarrollo y mantenimiento de infraestructuras e instalaciones m\u00e1s de 80 a\u00f1os. Durante este tiempo se ha especializado en la instalaci\u00f3n, conservaci\u00f3n y gesti\u00f3n de activos urbanos dispersos, como el alumbrado p\u00fablico, redes semaf\u00f3ricas y de comunicaciones, fuentes y redes de riego entre otras.<\/p>\n<p>[\/vc_column_text][vc_empty_space height=\u00bb15px\u00bb][vc_single_image image=\u00bb10210&#8243; img_size=\u00bbfull\u00bb alignment=\u00bbcenter\u00bb style=\u00bbvc_box_rounded\u00bb onclick=\u00bbcustom_link\u00bb link=\u00bbhttp:\/\/grupoimesapi.es\/empresas\/sermicro\/\u00bb][vc_empty_space height=\u00bb15px\u00bb][vc_column_text el_class=\u00bbtexto_pequeno\u00bb]<\/p>\n<p style=\"text-align: justify;\">Desde su constituci\u00f3n en el a\u00f1o 1985. Sermicro se ha consolidado como una empresa de referencia en servicios de TI y comunicaciones. En la actualidad conf\u00edan en nosotros m\u00e1s de 1.500 empresas clientes y empleamos a m\u00e1s de 2.200 profesionales. Nuestra vocaci\u00f3n es proveer servicios para que las empresas y los usuarios utilicen las TI de forma satisfactoria y eficiente. Facilitamos a los proveedores de TI el despliegue de infraestructuras y la provisi\u00f3n de sus servicios.<\/p>\n<p>[\/vc_column_text][vc_text_separator title=\u00bbGrupo SERMICRO\u00bb color=\u00bbblue\u00bb el_width=\u00bb90&#8243; css=\u00bb.vc_custom_1460970672834{margin-top: 15px !important;margin-bottom: 15px !important;}\u00bb][vc_row_inner css=\u00bb.vc_custom_1461006059916{margin-top: 15px !important;}\u00bb][vc_column_inner width=\u00bb1\/2&#8243;][vc_single_image image=\u00bb1405&#8243; img_size=\u00bbfull\u00bb alignment=\u00bbcenter\u00bb style=\u00bbvc_box_rounded\u00bb onclick=\u00bbcustom_link\u00bb lazy_loading=\u00bbtrue\u00bb link=\u00bbhttp:\/\/grupoimesapi.es\/empresas\/sermicro\/dimatica\/\u00bb][vc_empty_space height=\u00bb15px\u00bb][vc_column_text el_class=\u00bbtexto_pequeno\u00bb]<\/p>\n<p style=\"text-align: justify;\">Dim\u00e1tica Software Development se cre\u00f3 en el a\u00f1o 2014 como empresa del Grupo Sermicro para ofrecer servicios de software de alto nivel, con todas las garant\u00edas.<\/p>\n<p>[\/vc_column_text][\/vc_column_inner][vc_column_inner width=\u00bb1\/2&#8243;][vc_single_image image=\u00bb1406&#8243; img_size=\u00bbfull\u00bb alignment=\u00bbcenter\u00bb style=\u00bbvc_box_rounded\u00bb onclick=\u00bbcustom_link\u00bb lazy_loading=\u00bbtrue\u00bb link=\u00bbhttp:\/\/grupoimesapi.es\/empresas\/sermicro\/dinsa\/\u00bb][vc_empty_space height=\u00bb15px\u00bb][vc_column_text el_class=\u00bbtexto_pequeno\u00bb]<\/p>\n<p style=\"text-align: justify;\">Adem\u00e1s de la prestaci\u00f3n de los tradicionales servicios TIC, DINSA est\u00e1 especializada en soluciones de alto valor a\u00f1adido en diferentes \u00e1mbitos tecnol\u00f3gicos.<\/p>\n<p>[\/vc_column_text][\/vc_column_inner][\/vc_row_inner][vc_row_inner css=\u00bb.vc_custom_1461006070031{margin-top: 15px !important;}\u00bb][vc_column_inner][vc_single_image image=\u00bb7220&#8243; img_size=\u00bbfull\u00bb alignment=\u00bbcenter\u00bb style=\u00bbvc_box_rounded\u00bb onclick=\u00bbcustom_link\u00bb lazy_loading=\u00bbtrue\u00bb link=\u00bbhttp:\/\/grupoimesapi.es\/empresas\/sermicro\/albatros-logistic\/\u00bb][vc_empty_space height=\u00bb15px\u00bb][vc_column_text el_class=\u00bbtexto_pequeno\u00bb]<\/p>\n<p style=\"text-align: justify;\">ALBATROS LOGISTIC, S.A. est\u00e1 especializada en Log\u00edstica Integral dentro de los sectores inform\u00e1tico, electr\u00f3nico, telecomunicaciones y de productos de alto valor en general, aportando en todos ellos servicios de valor a\u00f1adido.<\/p>\n<p>[\/vc_column_text][\/vc_column_inner][\/vc_row_inner][\/vc_column][\/vc_row]<\/p>\n<p><\/p>\n<\/div>","protected":false},"excerpt":{"rendered":"<p>[vc_row animation=\u00bbfadeIn\u00bb][vc_column][vc_custom_heading text=\u00bbNuestras Empresas\u00bb font_container=\u00bbtag:h1|text_align:center\u00bb use_theme_fonts=\u00bbyes\u00bb][vc_separator color=\u00bbcustom\u00bb accent_color=\u00bb#00247c\u00bb][vc_empty_space height=\u00bb16px\u00bb][\/vc_column][\/vc_row][vc_row type=\u00bbvc_default\u00bb animation=\u00bbfadeIn\u00bb][vc_column width=\u00bb1\/2&#8243; animation=\u00bbfadeIn\u00bb el_class=\u00bbbloque_servicios\u00bb css=\u00bb.vc_custom_1460974060443{padding-top: 0px !important;}\u00bb][vc_single_image image=\u00bb1754&#8243; img_size=\u00bbfull\u00bb alignment=\u00bbcenter\u00bb style=\u00bbvc_box_rounded\u00bb onclick=\u00bbcustom_link\u00bb link=\u00bbhttp:\/\/grupoimesapi.es\/empresas\/imesapi-conservacion-y-medio-ambiente\/\u00bb][vc_empty_space height=\u00bb15px\u00bb][vc_column_text el_class=\u00bbtexto_pequeno\u00bb] La Divisi\u00f3n de Conservaci\u00f3n y Medio ambiente de Grupo ImesAPI unifica bajo una misma Direcci\u00f3n la ejecuci\u00f3n de diversos contratos de servicios y obras para los sectores de Carreteras, Medioambiente,&hellip;<\/p>\n","protected":false},"author":1,"featured_media":0,"parent":7,"menu_order":4,"comment_status":"closed","ping_status":"closed","template":"","meta":[],"class_list":["post-5537","page","type-page","status-publish","hentry","description-off"],"_links":{"self":[{"href":"https:\/\/www.grupoimesapi.es\/es\/wp-json\/wp\/v2\/pages\/5537","targetHints":{"allow":["GET"]}}],"collection":[{"href":"https:\/\/www.grupoimesapi.es\/es\/wp-json\/wp\/v2\/pages"}],"about":[{"href":"https:\/\/www.grupoimesapi.es\/es\/wp-json\/wp\/v2\/types\/page"}],"author":[{"embeddable":true,"href":"https:\/\/www.grupoimesapi.es\/es\/wp-json\/wp\/v2\/users\/1"}],"replies":[{"embeddable":true,"href":"https:\/\/www.grupoimesapi.es\/es\/wp-json\/wp\/v2\/comments?post=5537"}],"version-history":[{"count":0,"href":"https:\/\/www.grupoimesapi.es\/es\/wp-json\/wp\/v2\/pages\/5537\/revisions"}],"up":[{"embeddable":true,"href":"https:\/\/www.grupoimesapi.es\/es\/wp-json\/wp\/v2\/pages\/7"}],"wp:attachment":[{"href":"https:\/\/www.grupoimesapi.es\/es\/wp-json\/wp\/v2\/media?parent=5537"}],"curies":[{"name":"wp","href":"https:\/\/api.w.org\/{rel}","templated":true}]}}