{"id":4146,"date":"2017-05-30T15:05:23","date_gmt":"2017-05-30T15:05:23","guid":{"rendered":"http:\/\/grupoimesapi.es\/?page_id=4146"},"modified":"2022-01-26T08:06:29","modified_gmt":"2022-01-26T08:06:29","slug":"programa-de-cumplimiento-corporativo","status":"publish","type":"page","link":"https:\/\/www.grupoimesapi.es\/es\/programa-de-cumplimiento-corporativo\/","title":{"rendered":"PROGRAMA DE CUMPLIMIENTO CORPORATIVO"},"content":{"rendered":"<div class=\"wpb-content-wrapper\"><p>[vc_row][vc_column][vc_custom_heading text=\u00bbPROGRAMA DE CUMPLIMIENTO CORPORATIVO\u00bb font_container=\u00bbtag:h2|text_align:left|color:%2303227c\u00bb use_theme_fonts=\u00bbyes\u00bb]<div class=\"hr-thin style-line\" style=\"width: 100%;border-top-width: 1px;\"><\/div>[\/vc_column][\/vc_row][vc_row][vc_column][vc_column_text]Con fecha 31 de marzo de 2017, Grupo IMESAPI aprob\u00f3 un nuevo Programa de cumplimiento Corporativo. Dicho Programa tiene como objeto promover una verdadera cultura \u00e9tica empresarial y viene a reafirmar la cultura del Grupo respecto a la Ley.<\/p>\n<p>Se ha adoptado un rol activo en la lucha contra los delitos en las actividades empresariales y, es por ello, que se han adoptado las medidas t\u00e9cnicas, organizativas y de personal concretas, as\u00ed como las medidas de vigilancia y control, y el r\u00e9gimen sancionador apropiado para evitar que se produzcan cualquier tipo de infracciones o actuaciones il\u00edcitas.<\/p>\n<p>Con fecha 14 de octubre de 2021Grupo IMESAPI ha adaptado y modificado sus pol\u00edticas en materia de Defensa de la Competencia, cumpliendo as\u00ed, con las actuales exigencias recogidas en las normativas europeas ISO 37001 y UNE 19601.<\/p>\n<p>[\/vc_column_text][\/vc_column][\/vc_row][vc_row][vc_column][vc_column_text]En este contexto y, para cumplir con este objetivo, el Grupo IMESAPI ha publicado internamente los siguientes documentos:<\/p>\n<ul class=\"lista-con-pdfs-descargables\">\n<li>Protocolo de Seguridad de la Informaci\u00f3n<\/li>\n<li>Plan de Prevenci\u00f3n de Delitos de la organizaci\u00f3n con sus Pol\u00edticas anexas:<\/li>\n<li>Plan de Prevenci\u00f3n de Delitos<\/li>\n<li>C\u00f3digo de Conducta del Grupo IMESAPI<\/li>\n<li>Pol\u00edtica de Conducta Inform\u00e1tica<\/li>\n<li>Pol\u00edtica sobre Cortes\u00edas Profesionales (incluida en la Pol\u00edtica Anticorrupci\u00f3n)<\/li>\n<li>Pol\u00edtica sobre Prevenci\u00f3n del Blanqueo de Capitales y Financiaci\u00f3n del Terrorismo<\/li>\n<li>Pol\u00edtica Anticorrupci\u00f3n<\/li>\n<li>Pol\u00edtica de Protecci\u00f3n de Derechos de Propiedad Industrial e Intelectual<\/li>\n<li>Pol\u00edtica de Tratamiento de Informaci\u00f3n Confidencial<\/li>\n<li>Pol\u00edtica de Protecci\u00f3n de Datos de Car\u00e1cter Personal<\/li>\n<li>Pol\u00edtica de Protecci\u00f3n del Medio Ambiente<\/li>\n<li><a class=\"download-pdf\">Pol\u00edtica de Cumplimiento Normativo, Antisoborno y Conductas Contrarias al Derecho de Defensa de la Competencia.<\/a><\/li>\n<li>Pol\u00edtica para la prevenci\u00f3n, detecci\u00f3n y actuaci\u00f3n frente al Acoso Laboral<\/li>\n<\/ul>\n<p>[\/vc_column_text][\/vc_column][\/vc_row][vc_row][vc_column][vc_column_text]El dise\u00f1o del Programa de Cumplimiento Corporativo recoge y aplica buenas pr\u00e1cticas de prevenci\u00f3n de riesgos penales y promoci\u00f3n de un comportamiento empresarial \u00e9tico, alineadas con las exigencias del C\u00f3digo Penal.<\/p>\n<p>Cualquier persona que tenga conocimiento o sospecha fundada ante cualquier tipo de infracci\u00f3n o actuaci\u00f3n il\u00edcita debe informar del mismo a trav\u00e9s de la siguiente direcci\u00f3n de correo electr\u00f3nico:<a href=\"mailto:canaletico@grupogrupoimesapi.es\"> canaletico@grupogrupoimesapi.es<\/a> o a la direcci\u00f3n postal, Canal \u00c9tico Grupo IMESAPI,C\/V\u00eda de los Poblados, 9-11, Parque Empresarial Trian\u00f3n- Edificio C, 5\u00aaPlanta. 28033 Madrid, Espa\u00f1a, o dejando un mensaje de voz en el siguiente tel\u00e9fono 917443906.<\/p>\n<p>Este canal es tanto una v\u00eda de denuncia del incumplimiento de las normas recogidas en el C\u00f3digo de Conducta, como un medio para la resoluci\u00f3n de las dudas que pueda plantear la aplicaci\u00f3n del mismo.[\/vc_column_text][\/vc_column][\/vc_row][vc_row][vc_column][vc_column_text]<\/p>\n<p>[\/vc_column_text][\/vc_column][\/vc_row]<\/p>\n<\/div>","protected":false},"excerpt":{"rendered":"<p>[vc_row][vc_column][vc_custom_heading text=\u00bbPROGRAMA DE CUMPLIMIENTO CORPORATIVO\u00bb font_container=\u00bbtag:h2|text_align:left|color:%2303227c\u00bb use_theme_fonts=\u00bbyes\u00bb][\/vc_column][\/vc_row][vc_row][vc_column][vc_column_text]Con fecha 31 de marzo de 2017, Grupo IMESAPI aprob\u00f3 un nuevo Programa de cumplimiento Corporativo. Dicho Programa tiene como objeto promover una verdadera cultura \u00e9tica empresarial y viene a reafirmar la cultura del Grupo respecto a la Ley. Se ha adoptado un rol activo en la lucha contra&hellip;<\/p>\n","protected":false},"author":1,"featured_media":0,"parent":0,"menu_order":0,"comment_status":"closed","ping_status":"closed","template":"","meta":[],"class_list":["post-4146","page","type-page","status-publish","hentry","description-off"],"_links":{"self":[{"href":"https:\/\/www.grupoimesapi.es\/es\/wp-json\/wp\/v2\/pages\/4146","targetHints":{"allow":["GET"]}}],"collection":[{"href":"https:\/\/www.grupoimesapi.es\/es\/wp-json\/wp\/v2\/pages"}],"about":[{"href":"https:\/\/www.grupoimesapi.es\/es\/wp-json\/wp\/v2\/types\/page"}],"author":[{"embeddable":true,"href":"https:\/\/www.grupoimesapi.es\/es\/wp-json\/wp\/v2\/users\/1"}],"replies":[{"embeddable":true,"href":"https:\/\/www.grupoimesapi.es\/es\/wp-json\/wp\/v2\/comments?post=4146"}],"version-history":[{"count":0,"href":"https:\/\/www.grupoimesapi.es\/es\/wp-json\/wp\/v2\/pages\/4146\/revisions"}],"wp:attachment":[{"href":"https:\/\/www.grupoimesapi.es\/es\/wp-json\/wp\/v2\/media?parent=4146"}],"curies":[{"name":"wp","href":"https:\/\/api.w.org\/{rel}","templated":true}]}}