{"id":3206,"date":"2016-08-05T11:37:10","date_gmt":"2016-08-05T11:37:10","guid":{"rendered":"http:\/\/grupoimesapi.es\/?page_id=3206"},"modified":"2026-03-06T09:51:28","modified_gmt":"2026-03-06T09:51:28","slug":"rgpd","status":"publish","type":"page","link":"https:\/\/www.grupoimesapi.es\/es\/rgpd\/","title":{"rendered":"POL\u00cdTICA DE PRIVACIDAD Y PROTECCI\u00d3N DE DATOS"},"content":{"rendered":"<div class=\"wpb-content-wrapper\"><p>[vc_row][vc_column][vc_column_text]La Empresa, conforme a la legislaci\u00f3n vigente en materia de Protecci\u00f3n de Datos de Car\u00e1cter Personal, pone en conocimiento de los usuarios de la p\u00e1gina web (en adelante, la P\u00e1gina) la Pol\u00edtica de Privacidad y Protecci\u00f3n de Datos que aplicar\u00e1 en el tratamiento de los datos personales que el Usuario facilite voluntariamente al acceder a su web.<\/p>\n<p>El Usuario, al proporcionar a la Empresa sus datos de car\u00e1cter personal a trav\u00e9s de los formularios electr\u00f3nicos de la Web, apartado de contacto y, en su caso, a trav\u00e9s de la marcaci\u00f3n de la correspondiente casilla de aceptaci\u00f3n, consiente expresamente que la Empresa pueda tratar esos datos en los t\u00e9rminos de esta cl\u00e1usula de Pol\u00edtica de Privacidad y Protecci\u00f3n de Datos y para los fines aqu\u00ed expresados.<\/p>\n<p>La Empresa pone en conocimiento de los usuarios de la P\u00e1gina, que sus datos de car\u00e1cter personal s\u00f3lo podr\u00e1n obtenerse para su tratamiento cuando sean adecuados, pertinentes y no excesivos en relaci\u00f3n con el \u00e1mbito y las finalidades determinadas, expl\u00edcitas y leg\u00edtimas para las que se hayan obtenido. Ser\u00e1n cancelados cuando hayan dejado de ser necesarios o pertinentes para dicha finalidad o cuando lo solicite el titular en el ejercicio de su derecho de cancelaci\u00f3n.<\/p>\n<p>La Empresa manifiesta su compromiso de cumplir con la legislaci\u00f3n vigente en cada momento en materia de protecci\u00f3n de datos.<\/p>\n<p>Los datos personales facilitados ser\u00e1n tratados por la Empresa y se utilizar\u00e1n de acuerdo con la siguiente informaci\u00f3n.<\/p>\n<p>&nbsp;<\/p>\n<p><strong>\u00bfQu\u00e9 datos de car\u00e1cter personal recabamos y para qu\u00e9 los utilizamos?<\/strong><\/p>\n<p>&nbsp;<\/p>\n<ul>\n<li>Datos recabados de manera directa: por la cumplimentaci\u00f3n voluntaria del formulario de contacto, env\u00edo de su curriculum, a interacci\u00f3n en nuestras Redes sociales, suscripci\u00f3n a Newsletter, respuesta a encuestas.<\/li>\n<li>Datos recabados de manera indirecta mediante el uso de cookies: para estad\u00edsticas, para analizar el uso que se realiza de nuestra P\u00e1gina y facilitar servicios de valor a\u00f1adido como el mapa de ubicaci\u00f3n de nuestras oficinas.<\/li>\n<\/ul>\n<p>&nbsp;<\/p>\n<p>En la tabla que le mostramos a continuaci\u00f3n encontrar\u00e1 informaci\u00f3n m\u00e1s detallada sobre el tratamiento de sus datos de car\u00e1cter personal, incluy\u00e9ndose los siguientes ep\u00edgrafes:<\/p>\n<ul>\n<li>Finalidades principales: Se identifica con que finalidad necesitamos recoger sus datos, es decir, porqu\u00e9 tratamos su informaci\u00f3n.<\/li>\n<li>Legitimaci\u00f3n: Se detalla el motivo que nos habilita para poder tratar sus datos.<\/li>\n<li>Plazos de conservaci\u00f3n: Se identifica el plazo concreto de conservaci\u00f3n o los criterios que determinan dicho periodo.<\/li>\n<li>Destinatarios: Identificamos, en su caso, con qui\u00e9n compartiremos sus datos de forma leg\u00edtima.<\/li>\n<li>Derechos de los interesados: Le informamos sobre los derechos que le asisten como interesado en el tratamiento de sus datos de car\u00e1cter personal.<\/li>\n<\/ul>\n<table class=\"cookies\" style=\"width: 100%;\">\n<tbody>\n<tr class=\"cabecera\">\n<th colspan=\"2\"><strong>INFORMACI\u00d3N SOBRE PROTECCI\u00d3N DE DATOS DE CAR\u00c1CTER PERSONAL<\/strong><\/th>\n<\/tr>\n<tr class=\"subcabecera\">\n<th style=\"width: 127px;\"><strong>Responsable del Tratamiento<\/strong><\/th>\n<td style=\"width: 518px;\">Denominaci\u00f3n social: GRUPO IMESAPI, S.A.<br \/>\nNIF: B86686953<br \/>\nDirecci\u00f3n: C\/ V\u00eda de los Poblados 9-11, 28033 Madrid<br \/>\nTel\u00e9fono: +34 91 744 39 00<br \/>\nEmail: <a href=\"mailto:dpd@imesapi.es\">dpd@imesapi.es<\/a><\/td>\n<\/tr>\n<tr class=\"subcabecera\">\n<th style=\"width: 127px;\"><strong>Finalidades<\/strong><\/th>\n<td style=\"width: 518px;\"><strong>Formulario Contacto:<\/strong> atender la solicitud de informaci\u00f3n demandada a trav\u00e9s del formulario de contacto.<br \/>\n<strong>Env\u00edo y recepci\u00f3n de CV:<\/strong> gesti\u00f3n de procesos de selecci\u00f3n de personal que se encuentren habilitados o puedan habilitarse en nuestra empresa.<br \/>\n<strong>Cookies:<\/strong> mantener el login de usuario registrado, vigencia de cesta de compra, proporcionar estad\u00edsticas asociadas al uso de la P\u00e1gina, ubicaci\u00f3n de nuestras oficinas y sistemas antispam (captcha).<\/td>\n<\/tr>\n<tr class=\"subcabecera\">\n<th style=\"width: 127px;\" rowspan=\"2\"><strong>Legitimaci\u00f3n y conservaci\u00f3n<\/strong><\/th>\n<td style=\"width: 518px;\">La base para el tratamiento de los datos es el consentimiento prestado por el usuario al marcar la\/s casilla\/s de aceptaci\u00f3n.<br \/>\nLos campos del formulario de contacto marcados con un asterisco (*) tienen la consideraci\u00f3n de campos necesarios para gestionar el objeto de \u00e9ste. De no facilitarlos, no ser\u00e1 posible atender su solicitud.<br \/>\nConsulte nuestra pol\u00edtica de cookies para obtener informaci\u00f3n sobre las cookies necesarias para el funcionamiento de la web.<\/td>\n<\/tr>\n<tr class=\"subcabecera\">\n<td style=\"width: 518px;\">Los datos de contacto se conservar\u00e1n durante el tiempo necesario para atender su consulta y no se solicite su supresi\u00f3n.<br \/>\nLos datos relativos a informaci\u00f3n de curriculum se conservar\u00e1n durante un plazo m\u00e1ximo de dos a\u00f1os.<br \/>\nConsulte nuestra pol\u00edtica de cookies para identificar la vigencia de cada cookie.<\/td>\n<\/tr>\n<tr class=\"subcabecera\">\n<th style=\"width: 127px;\"><strong>Destinatarios de cesiones y transferencias internacionales <\/strong><\/th>\n<td style=\"width: 518px;\">Nuestra empresa forma parte del Grupo IMESAPI y en ocasiones puede que su curriculum se adapte a ofertas de otras empresas de nuestro mismo grupo empresarial, siendo tratados con la misma finalidad y durante el mismo periodo de tiempo se\u00f1alado anteriormente. En el caso de que exista alguna oferta que pueda adaptarse a su perfil, nos pondremos en contacto con usted para que nos autorice al env\u00edo de su curr\u00edculum a las citadas empresas.<br \/>\nResponsables de servicios de anal\u00edtica web: La P\u00e1gina tiene habilitados los servicios de Google Analytics prestados por Google LLC. La interacci\u00f3n con los usuarios por el uso de dicha herramienta implica la transferencia internacional de datos, de tipo anal\u00edtico y t\u00e9cnico en relaci\u00f3n con la P\u00e1gina. La transferencia se realiza al amparo del acuerdo EU-US Privacy Shield..<\/td>\n<\/tr>\n<tr class=\"subcabecera\">\n<th style=\"width: 127px;\" rowspan=\"3\"><strong>Derechos de los interesados<\/strong><\/th>\n<td style=\"width: 518px;\">Puede ejercitar sus derechos de acceso, rectificaci\u00f3n, supresi\u00f3n, portabilidad y la limitaci\u00f3n u oposici\u00f3n dirigi\u00e9ndose por escrito a la direcci\u00f3n indicada anteriormente.<\/td>\n<\/tr>\n<tr class=\"subcabecera\">\n<td style=\"width: 518px;\">Los interesados tienen derecho a retirar el consentimiento prestado.<\/td>\n<\/tr>\n<tr class=\"subcabecera\">\n<td style=\"width: 518px;\">Los interesados tienen derecho a reclamar ante la Autoridad de Control (Agencia Espa\u00f1ola de Protecci\u00f3n de Datos www.agpd.es).<\/td>\n<\/tr>\n<\/tbody>\n<\/table>\n<p>El usuario ser\u00e1 el \u00fanico responsable de la veracidad de los datos facilitados a la Empresa.<br \/>\nEmpresa adopta las medidas de \u00edndole t\u00e9cnica y organizativa necesarias para garantizar la seguridad de los datos de car\u00e1cter personal contenidos en los mismos y para evitar su alteraci\u00f3n, p\u00e9rdida, tratamiento o acceso no autorizado, habida cuenta del estado de la tecnolog\u00eda, la naturaleza de los datos y los riesgos a los que est\u00e1n expuestos.<br \/>\nCualquier cambio realizado en la Pol\u00edtica de Privacidad y en las pr\u00e1cticas de administraci\u00f3n de la informaci\u00f3n se reflejar\u00e1 de forma oportuna, pudiendo la Empresa agregar, modificar o eliminar dicha pol\u00edtica de privacidad cuando lo estime necesario.<br \/>\nEn ning\u00fan caso la Empresa modificar\u00e1 las pol\u00edticas ni pr\u00e1cticas para hacerlas menos eficaces en la protecci\u00f3n de los datos personales de nuestros clientes almacenados anteriormente, sin el consentimiento previo de los clientes afectados.<\/p>\n<p><b>\u00a9 2016 GRUPO IMESAPI. Reservados todos los derechos.<\/b>[\/vc_column_text][\/vc_column][\/vc_row]<\/p>\n<\/div>","protected":false},"excerpt":{"rendered":"<p>[vc_row][vc_column][vc_column_text]La Empresa, conforme a la legislaci\u00f3n vigente en materia de Protecci\u00f3n de Datos de Car\u00e1cter Personal, pone en conocimiento de los usuarios de la p\u00e1gina web (en adelante, la P\u00e1gina) la Pol\u00edtica de Privacidad y Protecci\u00f3n de Datos que aplicar\u00e1 en el tratamiento de los datos personales que el Usuario facilite voluntariamente al acceder a&hellip;<\/p>\n","protected":false},"author":1,"featured_media":0,"parent":0,"menu_order":0,"comment_status":"closed","ping_status":"closed","template":"","meta":[],"class_list":["post-3206","page","type-page","status-publish","hentry","description-off"],"_links":{"self":[{"href":"https:\/\/www.grupoimesapi.es\/es\/wp-json\/wp\/v2\/pages\/3206","targetHints":{"allow":["GET"]}}],"collection":[{"href":"https:\/\/www.grupoimesapi.es\/es\/wp-json\/wp\/v2\/pages"}],"about":[{"href":"https:\/\/www.grupoimesapi.es\/es\/wp-json\/wp\/v2\/types\/page"}],"author":[{"embeddable":true,"href":"https:\/\/www.grupoimesapi.es\/es\/wp-json\/wp\/v2\/users\/1"}],"replies":[{"embeddable":true,"href":"https:\/\/www.grupoimesapi.es\/es\/wp-json\/wp\/v2\/comments?post=3206"}],"version-history":[{"count":0,"href":"https:\/\/www.grupoimesapi.es\/es\/wp-json\/wp\/v2\/pages\/3206\/revisions"}],"wp:attachment":[{"href":"https:\/\/www.grupoimesapi.es\/es\/wp-json\/wp\/v2\/media?parent=3206"}],"curies":[{"name":"wp","href":"https:\/\/api.w.org\/{rel}","templated":true}]}}