{"id":23,"date":"2016-01-04T08:01:04","date_gmt":"2016-01-04T08:01:04","guid":{"rendered":"http:\/\/grupoimesapi.es\/?page_id=23"},"modified":"2026-01-22T13:32:00","modified_gmt":"2026-01-22T13:32:00","slug":"movilidad-industrial-limpiezas","status":"publish","type":"page","link":"https:\/\/www.grupoimesapi.es\/es\/areas-de-negocio\/movilidad-industrial-limpiezas\/","title":{"rendered":"Movilidad y Rehabilitaci\u00f3n"},"content":{"rendered":"<div class=\"wpb-content-wrapper\"><p><\/p>\n<p>[vc_row margin_bottom=\u00bb32px\u00bb css=\u00bb.vc_custom_1460455737964{margin-bottom: 32px !important;}\u00bb][vc_column][vc_custom_heading text=\u00bbMovilidad y Rehabilitaci\u00f3n\u00bb font_container=\u00bbtag:h1|text_align:left|color:%2300247c\u00bb use_theme_fonts=\u00bbyes\u00bb][vc_separator color=\u00bbcustom\u00bb accent_color=\u00bb#00247c\u00bb][vc_empty_space height=\u00bb16px\u00bb][vc_column_text]<\/p>\n<p style=\"text-align: justify;\">La Divisi\u00f3n de Movilidad y Rehabilitaci\u00f3n de IMESAPI engloba negocios muy variados y distintos entre s\u00ed. Destaca como el m\u00e1s significativo la se\u00f1alizaci\u00f3n y equipamiento de infraestructuras, con f\u00e1brica de se\u00f1ales propia. El t\u00e9rmino \u201cMovilidad\u201d en el nombre de la divisi\u00f3n ejerce de aglutinante de la mayor parte de actividades, como el estacionamiento \u201con-street\u201d, las obras de mejora y equipamiento de entornos urbanos o la rehabilitaci\u00f3n de puentes. Por otra parte, tambi\u00e9n se realizan actividades de limpieza, tanto de canalizaciones como de paramentos y rehabilitaciones de fachadas de edificios.<\/p>\n<p style=\"text-align: justify;\">En cuanto a se\u00f1alizaci\u00f3n, IMESAPI dispone de la capacidad para fabricar cualquier tipo de se\u00f1al a instalar en v\u00eda p\u00fablica, se\u00f1ales verticales de tr\u00e1fico, carteles, se\u00f1alizaci\u00f3n informativa urbana, se\u00f1alizaci\u00f3n tur\u00edstica, se\u00f1alizaci\u00f3n interior, se\u00f1alizaci\u00f3n medioambiental, placas de calle, etc. La f\u00e1brica de se\u00f1alizaci\u00f3n cuenta con m\u00e1s de 7.500 m2 de edificaciones divididas en 6 espacios para cada uno de los procesos de fabricaci\u00f3n de se\u00f1ales.<\/p>\n<p style=\"text-align: justify;\">Respecto al equipamiento de infraestructuras de obra civil, IMESAPI, aparte de la se\u00f1alizaci\u00f3n vertical, tambi\u00e9n realiza labores de pintado de marca vial e instalaci\u00f3n de defensas, balizamiento y sistemas inteligentes de transporte (ITS), tanto para carreteras como para aeropuertos.<\/p>\n<p style=\"text-align: justify;\">En cuanto a servicios para los ayuntamientos, destaca la capacidad de IMESAPI para la gesti\u00f3n de servicios de \u201cestacionamiento on-street\u201d, la realizaci\u00f3n de obras de mejora de entornos urbanos o la construcci\u00f3n de carriles bici. En esta \u00e1rea cobra especial inter\u00e9s el dise\u00f1o de planes de se\u00f1alizaci\u00f3n y movilidad para los ayuntamientos.<\/p>\n<p style=\"text-align: justify;\">La subdivisi\u00f3n \u201cRehabilitaci\u00f3n\u201d, realiza labores de restauraci\u00f3n y rehabilitaci\u00f3n de puentes y fachadas de edificios. Tambi\u00e9n realiza operaciones de pintado de torres de alta tensi\u00f3n, subestaciones el\u00e9ctricas, tanques de almacenamiento de material, etc. Por \u00faltimo, rese\u00f1ar adem\u00e1s los trabajos con agua a alta presi\u00f3n, que permiten la limpieza de t\u00faneles y paramentos de hormig\u00f3n.<\/p>\n<p style=\"text-align: justify;\">La actividad de limpiezas se presta desde la empresa COSERSA, tambi\u00e9n perteneciente al Grupo IMESAPI, la cual realiza actuaciones de inspecci\u00f3n y rehabilitaci\u00f3n de canalizaciones, obras de poceria y limpieza de canalizaciones.<\/p>\n<p>[\/vc_column_text][\/vc_column][\/vc_row][vc_row margin_bottom=\u00bb32&#8243; anchor=\u00bbactividades\u00bb][vc_column][vc_empty_space height=\u00bb16px\u00bb][vc_custom_heading text=\u00bb\u00c1reas de Servicio\u00bb font_container=\u00bbtag:h2|text_align:left|color:%2300247c\u00bb use_theme_fonts=\u00bbyes\u00bb]<div class=\"hr-thin style-line\" style=\"width: 100%;border-top-width: 1px;\"><\/div>[vc_empty_space][vc_row_inner el_class=\u00bbcircle-icon-link\u00bb][vc_column_inner width=\u00bb1\/3&#8243;][vc_single_image image=\u00bb6942&#8243; img_size=\u00bbmedium\u00bb alignment=\u00bbcenter\u00bb onclick=\u00bbcustom_link\u00bb img_link_target=\u00bb_blank\u00bb image_hovers=\u00bbfalse\u00bb link=\u00bbhttp:\/\/grupoimesapi.es\/movilidad-limpieza-industrial\/senalizacion-balizamiento-y-defensas\/\u00bb][vc_custom_heading text=\u00bbSe\u00f1alizaci\u00f3n, Balizamiento y Defensas\u00bb font_container=\u00bbtag:h3|font_size:22px|text_align:center|color:%2300237d|line_height:30px\u00bb use_theme_fonts=\u00bbyes\u00bb link=\u00bburl:http%3A%2F%2Fimesapi.es%2Fmovilidad-limpieza-industrial%2Fsenalizacion-balizamiento-y-defensas%2F||target:%20_blank|\u00bb css=\u00bb.vc_custom_1769088134779{margin-top: 12px !important;}\u00bb][\/vc_column_inner][vc_column_inner width=\u00bb1\/3&#8243;][vc_single_image image=\u00bb6943&#8243; img_size=\u00bbmedium\u00bb alignment=\u00bbcenter\u00bb onclick=\u00bbcustom_link\u00bb img_link_target=\u00bb_blank\u00bb image_hovers=\u00bbfalse\u00bb link=\u00bbhttp:\/\/grupoimesapi.es\/movilidad-limpieza-industrial\/fabrica-de-senales\/\u00bb][vc_custom_heading text=\u00bbF\u00e1brica de Se\u00f1ales\u00bb font_container=\u00bbtag:h3|font_size:22px|text_align:center|color:%2300237d|line_height:30px\u00bb use_theme_fonts=\u00bbyes\u00bb link=\u00bburl:http%3A%2F%2Fimesapi.es%2Fmovilidad-limpieza-industrial%2Ffabrica-de-senales%2F||target:%20_blank|\u00bb css=\u00bb.vc_custom_1769088145378{margin-top: 12px !important;}\u00bb][\/vc_column_inner][vc_column_inner width=\u00bb1\/3&#8243;][vc_single_image image=\u00bb6941&#8243; img_size=\u00bbmedium\u00bb alignment=\u00bbcenter\u00bb onclick=\u00bbcustom_link\u00bb img_link_target=\u00bb_blank\u00bb image_hovers=\u00bbfalse\u00bb link=\u00bbhttp:\/\/grupoimesapi.es\/movilidad-limpieza-industrial\/gestion-de-estacionamiento-on-street\/\u00bb el_class=\u00bbimg-no-deform\u00bb][vc_custom_heading text=\u00bbGesti\u00f3n de Estacionamientos \u00abOn-Street\u00ab\u00bb font_container=\u00bbtag:h3|font_size:22px|text_align:center|color:%2300237d|line_height:30px\u00bb use_theme_fonts=\u00bbyes\u00bb link=\u00bburl:http%3A%2F%2Fimesapi.es%2Fmovilidad-limpieza-industrial%2Fgestion-de-estacionamiento-on-street%2F||target:%20_blank|\u00bb css=\u00bb.vc_custom_1769088155169{margin-top: 12px !important;}\u00bb][\/vc_column_inner][\/vc_row_inner][vc_row_inner el_class=\u00bbcircle-icon-link\u00bb][vc_column_inner width=\u00bb1\/3&#8243;][vc_single_image image=\u00bb6979&#8243; img_size=\u00bbmedium\u00bb alignment=\u00bbcenter\u00bb onclick=\u00bbcustom_link\u00bb img_link_target=\u00bb_blank\u00bb image_hovers=\u00bbfalse\u00bb link=\u00bbhttp:\/\/grupoimesapi.es\/movilidad-limpieza-industrial\/rehabilitacion-y-pintura-industrial\/\u00bb][vc_custom_heading text=\u00bbRehabilitaci\u00f3n y Pintura Industrial\u00bb font_container=\u00bbtag:h3|font_size:22px|text_align:center|color:%2300237d|line_height:30px\u00bb use_theme_fonts=\u00bbyes\u00bb link=\u00bburl:http%3A%2F%2Fimesapi.es%2Fmovilidad-limpieza-industrial%2Frehabilitacion-y-pintura-industrial%2F||target:%20_blank|\u00bb css=\u00bb.vc_custom_1769088213833{margin-top: 12px !important;}\u00bb][\/vc_column_inner][vc_column_inner width=\u00bb1\/3&#8243;][vc_single_image image=\u00bb6940&#8243; img_size=\u00bbmedium\u00bb alignment=\u00bbcenter\u00bb onclick=\u00bbcustom_link\u00bb img_link_target=\u00bb_blank\u00bb image_hovers=\u00bbfalse\u00bb link=\u00bbhttp:\/\/grupoimesapi.es\/movilidad-limpieza-industrial\/limpiezas-industriales\/\u00bb el_class=\u00bbimg-no-deform\u00bb][vc_custom_heading text=\u00bbLimpiezas Industriales\u00bb font_container=\u00bbtag:h3|font_size:22px|text_align:center|color:%2300237d|line_height:30px\u00bb use_theme_fonts=\u00bbyes\u00bb link=\u00bburl:http%3A%2F%2Fimesapi.es%2Fmovilidad-limpieza-industrial%2Flimpiezas-industriales%2F||target:%20_blank|\u00bb css=\u00bb.vc_custom_1769088203266{margin-top: 12px !important;}\u00bb][\/vc_column_inner][vc_column_inner width=\u00bb1\/3&#8243;][vc_single_image image=\u00bb6944&#8243; img_size=\u00bbmedium\u00bb alignment=\u00bbcenter\u00bb onclick=\u00bbcustom_link\u00bb img_link_target=\u00bb_blank\u00bb image_hovers=\u00bbfalse\u00bb link=\u00bbhttp:\/\/grupoimesapi.es\/conservacion-medio-ambiente\/abastecimiento-y-saneamiento\/\u00bb el_class=\u00bbimg-no-deform\u00bb][vc_custom_heading text=\u00bbLimpieza de Redes\u00bb font_container=\u00bbtag:h3|font_size:22px|text_align:center|color:%2300237d|line_height:30px\u00bb use_theme_fonts=\u00bbyes\u00bb link=\u00bburl:http%3A%2F%2Fimesapi.es%2Fconservacion-medio-ambiente%2Fabastecimiento-y-saneamiento%2F||target:%20_blank|\u00bb css=\u00bb.vc_custom_1769088194865{margin-top: 12px !important;}\u00bb][\/vc_column_inner][\/vc_row_inner][vc_row_inner disable_element=\u00bbyes\u00bb][vc_column_inner]<div class=\"ult-ih-container ult-adjust-bottom-margin  \" >\t<ul class=\"ult-ih-list \"  data-shape=\"circle\"  data-width=\"215\"  data-height=\"215\"  style=\"text-align:center; \"><li id=\"ult-ih-list-item-8065\" class=\"ult-ih-list-item\" style=\"height: 215px; width: 215px;  margin: 5px\"><a class=\"ult-ih-link\" href=\"http:\/\/imesapi.es\/actividades\/senalizacion-balizamiento-y-defensas\/\" title=\"Se\u00f1alizaci\u00f3n, Balizamiento y Defensas\" target=\"_blank\" rel=\"noopener\"  ><div style=\"height: 215px; width: 215px; \" class=\"ult-ih-item ult-ih-effect6   ult-ih-scale_up \"><div class=\"ult-ih-image-block\" style=\"height: 215px; width: 215px; \">\t<div class=\"ult-ih-wrapper\" style=\"border-style: solid; border-color: rgba(255,255,255,0.2); border-width: 20px;\"><\/div>\t<img decoding=\"async\" class=\"ult-ih-image\" src=\"https:\/\/www.grupoimesapi.es\/wp-content\/uploads\/2016\/01\/senales-1.jpg\" alt=\"null\"><\/div><div class=\"ult-ih-info\" style=\"background-color: #03227c; \">\t<div class=\"ult-ih-info-back\">\t<div class=\"ult-ih-content\">\t\t\t<div class=\"ult-ih-heading-block\" style=\"\">\t\t\t\t<h3 class=\"ult-ih-heading ult-responsive\" style=\"font-family:&#039;Open Sans&#039;;font-weight:300;color:#ffffff;\"  data-ultimate-target='#ult-ih-list-item-8065 .ult-ih-heading'  data-responsive-json-new='{\"font-size\":\"desktop:21px;\",\"line-height\":\"desktop:23px;\"}' >Se\u00f1alizaci\u00f3n, Balizamiento y Defensas<\/h3>\t\t\t<\/div>\t\t\t<div class=\"ult-ih-divider-block\" style=\"height:1px;\">\t\t\t\t<span class=\"ult-ih-line\" style=\"border-style:none;border-color:rgba(255,255,255,0.75);width:100px;border-width:1px;\"><\/span>\t\t\t<\/div>\t\t\t<div class=\"ult-ih-description-block\" style=\"\">\t\t\t\t<div class=\"ult-ih-description ult-responsive\" style=\"font-family:&#039;Open Sans&#039;;font-weight:700;color:#ffffff;\"  data-ultimate-target='#ult-ih-list-item-8065 .ult-ih-description, #ult-ih-list-item-8065 .ult-ih-description p'  data-responsive-json-new='{\"font-size\":\"desktop:10px;\",\"line-height\":\"desktop:12px;\"}' >\t\t\t\t<\/div>\t\t\t<\/div>\t<\/div>\t<\/div><\/div><\/div><\/a><\/li><li id=\"ult-ih-list-item-9441\" class=\"ult-ih-list-item\" style=\"height: 215px; width: 215px;  margin: 5px\"><a class=\"ult-ih-link\" href=\"http:\/\/imesapi.es\/actividades\/fabrica-de-senales\/\" title=\"F\u00e1brica de Se\u00f1ales\" target=\"_blank\" rel=\"noopener\"  ><div style=\"height: 215px; width: 215px; \" class=\"ult-ih-item ult-ih-effect6   ult-ih-scale_up \"><div class=\"ult-ih-image-block\" style=\"height: 215px; width: 215px; \">\t<div class=\"ult-ih-wrapper\" style=\"border-style: solid; border-color: rgba(255,255,255,0.2); border-width: 20px;\"><\/div>\t<img decoding=\"async\" class=\"ult-ih-image\" src=\"https:\/\/www.grupoimesapi.es\/wp-content\/uploads\/2016\/01\/fabrica_253.jpg\" alt=\"null\"><\/div><div class=\"ult-ih-info\" style=\"background-color: #03227c; \">\t<div class=\"ult-ih-info-back\">\t<div class=\"ult-ih-content\">\t\t\t<div class=\"ult-ih-heading-block\" style=\"\">\t\t\t\t<h3 class=\"ult-ih-heading ult-responsive\" style=\"font-family:&#039;Open Sans&#039;;font-weight:300;color:#ffffff;\"  data-ultimate-target='#ult-ih-list-item-9441 .ult-ih-heading'  data-responsive-json-new='{\"font-size\":\"desktop:21px;\",\"line-height\":\"desktop:23px;\"}' >F\u00e1brica de Se\u00f1ales<\/h3>\t\t\t<\/div>\t\t\t<div class=\"ult-ih-divider-block\" style=\"height:1px;\">\t\t\t\t<span class=\"ult-ih-line\" style=\"border-style:none;border-color:rgba(255,255,255,0.75);width:100px;border-width:1px;\"><\/span>\t\t\t<\/div>\t\t\t<div class=\"ult-ih-description-block\" style=\"\">\t\t\t\t<div class=\"ult-ih-description ult-responsive\" style=\"font-family:&#039;Open Sans&#039;;font-weight:700;color:#ffffff;\"  data-ultimate-target='#ult-ih-list-item-9441 .ult-ih-description, #ult-ih-list-item-9441 .ult-ih-description p'  data-responsive-json-new='{\"font-size\":\"desktop:10px;\",\"line-height\":\"desktop:12px;\"}' >\t\t\t\t<\/div>\t\t\t<\/div>\t<\/div>\t<\/div><\/div><\/div><\/a><\/li><li id=\"ult-ih-list-item-1017\" class=\"ult-ih-list-item\" style=\"height: 215px; width: 215px;  margin: 5px\"><a class=\"ult-ih-link\" href=\"http:\/\/www.imesapi.es\/actividades\/gestion-de-estacionamiento-on-street\/\" title=\"Gesti\u00f3n de Estacionamientos &quot;On-Street&quot;\" target=\"_blank\" rel=\"noopener\"  ><div style=\"height: 215px; width: 215px; \" class=\"ult-ih-item ult-ih-effect6   ult-ih-scale_up \"><div class=\"ult-ih-image-block\" style=\"height: 215px; width: 215px; \">\t<div class=\"ult-ih-wrapper\" style=\"border-style: solid; border-color: rgba(255,255,255,0.2); border-width: 20px;\"><\/div>\t<img decoding=\"async\" class=\"ult-ih-image\" src=\"https:\/\/www.grupoimesapi.es\/wp-content\/uploads\/2016\/01\/parquimetros.jpg\" alt=\"parquimetros\"><\/div><div class=\"ult-ih-info\" style=\"background-color: #03227c; \">\t<div class=\"ult-ih-info-back\">\t<div class=\"ult-ih-content\">\t\t\t<div class=\"ult-ih-heading-block\" style=\"\">\t\t\t\t<h3 class=\"ult-ih-heading ult-responsive\" style=\"font-family:&#039;Open Sans&#039;;font-weight:300;color:#ffffff;\"  data-ultimate-target='#ult-ih-list-item-1017 .ult-ih-heading'  data-responsive-json-new='{\"font-size\":\"desktop:21px;\",\"line-height\":\"desktop:23px;\"}' >Gesti\u00f3n de Estacionamientos ``On-Street``<\/h3>\t\t\t<\/div>\t\t\t<div class=\"ult-ih-divider-block\" style=\"height:1px;\">\t\t\t\t<span class=\"ult-ih-line\" style=\"border-style:none;border-color:rgba(255,255,255,0.75);width:100px;border-width:1px;\"><\/span>\t\t\t<\/div>\t\t\t<div class=\"ult-ih-description-block\" style=\"\">\t\t\t\t<div class=\"ult-ih-description ult-responsive\" style=\"font-family:&#039;Open Sans&#039;;font-weight:700;color:#ffffff;\"  data-ultimate-target='#ult-ih-list-item-1017 .ult-ih-description, #ult-ih-list-item-1017 .ult-ih-description p'  data-responsive-json-new='{\"font-size\":\"desktop:10px;\",\"line-height\":\"desktop:12px;\"}' >\t\t\t\t<\/div>\t\t\t<\/div>\t<\/div>\t<\/div><\/div><\/div><\/a><\/li><li id=\"ult-ih-list-item-4458\" class=\"ult-ih-list-item\" style=\"height: 215px; width: 215px;  margin: 5px\"><a class=\"ult-ih-link\" href=\"http:\/\/imesapi.es\/actividades\/rehabilitacion-y-pintura-industrial\/\" title=\"Edificaci\u00f3n\" target=\"_blank\" rel=\"noopener\"  ><div style=\"height: 215px; width: 215px; \" class=\"ult-ih-item ult-ih-effect6   ult-ih-scale_up \"><div class=\"ult-ih-image-block\" style=\"height: 215px; width: 215px; \">\t<div class=\"ult-ih-wrapper\" style=\"border-style: solid; border-color: rgba(255,255,255,0.2); border-width: 20px;\"><\/div>\t<img decoding=\"async\" class=\"ult-ih-image\" src=\"https:\/\/www.grupoimesapi.es\/wp-content\/uploads\/2016\/01\/industrial_400.jpg\" alt=\"null\"><\/div><div class=\"ult-ih-info\" style=\"background-color: #03227c; \">\t<div class=\"ult-ih-info-back\">\t<div class=\"ult-ih-content\">\t\t\t<div class=\"ult-ih-heading-block\" style=\"\">\t\t\t\t<h3 class=\"ult-ih-heading ult-responsive\" style=\"font-family:&#039;Open Sans&#039;;font-weight:300;color:#ffffff;\"  data-ultimate-target='#ult-ih-list-item-4458 .ult-ih-heading'  data-responsive-json-new='{\"font-size\":\"desktop:21px;\",\"line-height\":\"desktop:23px;\"}' >Rehabilitaci\u00f3n y Pintura Industrial<\/h3>\t\t\t<\/div>\t\t\t<div class=\"ult-ih-divider-block\" style=\"height:1px;\">\t\t\t\t<span class=\"ult-ih-line\" style=\"border-style:none;border-color:rgba(255,255,255,0.75);width:100px;border-width:1px;\"><\/span>\t\t\t<\/div>\t\t\t<div class=\"ult-ih-description-block\" style=\"\">\t\t\t\t<div class=\"ult-ih-description ult-responsive\" style=\"font-family:&#039;Open Sans&#039;;font-weight:700;color:#ffffff;\"  data-ultimate-target='#ult-ih-list-item-4458 .ult-ih-description, #ult-ih-list-item-4458 .ult-ih-description p'  data-responsive-json-new='{\"font-size\":\"desktop:10px;\",\"line-height\":\"desktop:12px;\"}' >\t\t\t\t<\/div>\t\t\t<\/div>\t<\/div>\t<\/div><\/div><\/div><\/a><\/li><li id=\"ult-ih-list-item-3528\" class=\"ult-ih-list-item\" style=\"height: 215px; width: 215px;  margin: 5px\"><a class=\"ult-ih-link\" href=\"http:\/\/imesapi.es\/actividades\/limpiezas-industriales\/\" title=\"Limpiezas Industriales\" target=\"_blank\" rel=\"noopener\"  ><div style=\"height: 215px; width: 215px; \" class=\"ult-ih-item ult-ih-effect6   ult-ih-scale_up \"><div class=\"ult-ih-image-block\" style=\"height: 215px; width: 215px; \">\t<div class=\"ult-ih-wrapper\" style=\"border-style: solid; border-color: rgba(255,255,255,0.2); border-width: 20px;\"><\/div>\t<img decoding=\"async\" class=\"ult-ih-image\" src=\"https:\/\/www.grupoimesapi.es\/wp-content\/uploads\/2016\/01\/limpiezas_industriales.jpg\" alt=\"null\"><\/div><div class=\"ult-ih-info\" style=\"background-color: #03227c; \">\t<div class=\"ult-ih-info-back\">\t<div class=\"ult-ih-content\">\t\t\t<div class=\"ult-ih-heading-block\" style=\"\">\t\t\t\t<h3 class=\"ult-ih-heading ult-responsive\" style=\"font-family:&#039;Open Sans&#039;;font-weight:300;color:#ffffff;\"  data-ultimate-target='#ult-ih-list-item-3528 .ult-ih-heading'  data-responsive-json-new='{\"font-size\":\"desktop:21px;\",\"line-height\":\"desktop:23px;\"}' >Limpiezas Industriales<\/h3>\t\t\t<\/div>\t\t\t<div class=\"ult-ih-divider-block\" style=\"height:1px;\">\t\t\t\t<span class=\"ult-ih-line\" style=\"border-style:none;border-color:rgba(255,255,255,0.75);width:100px;border-width:1px;\"><\/span>\t\t\t<\/div>\t\t\t<div class=\"ult-ih-description-block\" style=\"\">\t\t\t\t<div class=\"ult-ih-description ult-responsive\" style=\"font-family:&#039;Open Sans&#039;;font-weight:700;color:#ffffff;\"  data-ultimate-target='#ult-ih-list-item-3528 .ult-ih-description, #ult-ih-list-item-3528 .ult-ih-description p'  data-responsive-json-new='{\"font-size\":\"desktop:10px;\",\"line-height\":\"desktop:12px;\"}' >\t\t\t\t<\/div>\t\t\t<\/div>\t<\/div>\t<\/div><\/div><\/div><\/a><\/li><li id=\"ult-ih-list-item-5998\" class=\"ult-ih-list-item\" style=\"height: 215px; width: 215px;  margin: 5px\"><a class=\"ult-ih-link\" href=\"http:\/\/imesapi.es\/actividades\/abastecimiento-y-saneamiento\/\" title=\"Saneamiento y Abastecimiento\" target=\"_blank\" rel=\"noopener\"  ><div style=\"height: 215px; width: 215px; \" class=\"ult-ih-item ult-ih-effect6   ult-ih-scale_up \"><div class=\"ult-ih-image-block\" style=\"height: 215px; width: 215px; \">\t<div class=\"ult-ih-wrapper\" style=\"border-style: solid; border-color: rgba(255,255,255,0.2); border-width: 20px;\"><\/div>\t<img decoding=\"async\" class=\"ult-ih-image\" src=\"https:\/\/www.grupoimesapi.es\/wp-content\/uploads\/2016\/01\/limpieza_redes_400.jpg\" alt=\"null\"><\/div><div class=\"ult-ih-info\" style=\"background-color: #03227c; \">\t<div class=\"ult-ih-info-back\">\t<div class=\"ult-ih-content\">\t\t\t<div class=\"ult-ih-heading-block\" style=\"\">\t\t\t\t<h3 class=\"ult-ih-heading ult-responsive\" style=\"font-family:&#039;Open Sans&#039;;font-weight:300;color:#ffffff;\"  data-ultimate-target='#ult-ih-list-item-5998 .ult-ih-heading'  data-responsive-json-new='{\"font-size\":\"desktop:21px;\",\"line-height\":\"desktop:23px;\"}' >Limpieza de Redes<\/h3>\t\t\t<\/div>\t\t\t<div class=\"ult-ih-divider-block\" style=\"height:1px;\">\t\t\t\t<span class=\"ult-ih-line\" style=\"border-style:none;border-color:rgba(255,255,255,0.75);width:100px;border-width:1px;\"><\/span>\t\t\t<\/div>\t\t\t<div class=\"ult-ih-description-block\" style=\"\">\t\t\t\t<div class=\"ult-ih-description ult-responsive\" style=\"font-family:&#039;Open Sans&#039;;font-weight:700;color:#ffffff;\"  data-ultimate-target='#ult-ih-list-item-5998 .ult-ih-description, #ult-ih-list-item-5998 .ult-ih-description p'  data-responsive-json-new='{\"font-size\":\"desktop:10px;\",\"line-height\":\"desktop:12px;\"}' >\t\t\t\t<\/div>\t\t\t<\/div>\t<\/div>\t<\/div><\/div><\/div><\/a><\/li>\t<\/ul><\/div>[\/vc_column_inner][\/vc_row_inner][\/vc_column][\/vc_row][vc_row margin_bottom=\u00bb32&#8243; anchor=\u00bbactividades\u00bb][vc_column][vc_custom_heading text=\u00bbProyectos Destacados\u00bb font_container=\u00bbtag:h2|text_align:left|color:%2300247c\u00bb use_theme_fonts=\u00bbyes\u00bb]<div class=\"hr-thin style-line\" style=\"width: 100%;border-top-width: 1px;\"><\/div>[vc_empty_space][vc_basic_grid post_type=\u00bbpost\u00bb max_items=\u00bb-1&#8243; style=\u00bbpagination\u00bb items_per_page=\u00bb3&#8243; gap=\u00bb10&#8243; orderby=\u00bbrand\u00bb arrows_design=\u00bbvc_arrow-icon-arrow_04_left\u00bb arrows_position=\u00bboutside\u00bb paging_design=\u00bbpoint_dots\u00bb paging_color=\u00bbblue\u00bb loop=\u00bbyes\u00bb autoplay=\u00bb5000&#8243; item=\u00bb1652&#8243; grid_id=\u00bbvc_gid:1769088094511-0dd9fc37-301c-1&#8243; taxonomies=\u00bb56&#8243; paging_animation_in=\u00bbslideInRight\u00bb paging_animation_out=\u00bbslideOutLeft\u00bb el_id=\u00bbmake-link-blank\u00bb][\/vc_column][\/vc_row]<\/p>\n<p><\/p>\n<\/div>","protected":false},"excerpt":{"rendered":"<p>[vc_row margin_bottom=\u00bb32px\u00bb css=\u00bb.vc_custom_1460455737964{margin-bottom: 32px !important;}\u00bb][vc_column][vc_custom_heading text=\u00bbMovilidad y Rehabilitaci\u00f3n\u00bb font_container=\u00bbtag:h1|text_align:left|color:%2300247c\u00bb use_theme_fonts=\u00bbyes\u00bb][vc_separator color=\u00bbcustom\u00bb accent_color=\u00bb#00247c\u00bb][vc_empty_space height=\u00bb16px\u00bb][vc_column_text] La Divisi\u00f3n de Movilidad y Rehabilitaci\u00f3n de IMESAPI engloba negocios muy variados y distintos entre s\u00ed. Destaca como el m\u00e1s significativo la se\u00f1alizaci\u00f3n y equipamiento de infraestructuras, con f\u00e1brica de se\u00f1ales propia. El t\u00e9rmino \u201cMovilidad\u201d en el nombre de la divisi\u00f3n ejerce&hellip;<\/p>\n","protected":false},"author":1,"featured_media":0,"parent":11,"menu_order":1,"comment_status":"closed","ping_status":"closed","template":"","meta":[],"class_list":["post-23","page","type-page","status-publish","hentry","description-off"],"_links":{"self":[{"href":"https:\/\/www.grupoimesapi.es\/es\/wp-json\/wp\/v2\/pages\/23","targetHints":{"allow":["GET"]}}],"collection":[{"href":"https:\/\/www.grupoimesapi.es\/es\/wp-json\/wp\/v2\/pages"}],"about":[{"href":"https:\/\/www.grupoimesapi.es\/es\/wp-json\/wp\/v2\/types\/page"}],"author":[{"embeddable":true,"href":"https:\/\/www.grupoimesapi.es\/es\/wp-json\/wp\/v2\/users\/1"}],"replies":[{"embeddable":true,"href":"https:\/\/www.grupoimesapi.es\/es\/wp-json\/wp\/v2\/comments?post=23"}],"version-history":[{"count":0,"href":"https:\/\/www.grupoimesapi.es\/es\/wp-json\/wp\/v2\/pages\/23\/revisions"}],"up":[{"embeddable":true,"href":"https:\/\/www.grupoimesapi.es\/es\/wp-json\/wp\/v2\/pages\/11"}],"wp:attachment":[{"href":"https:\/\/www.grupoimesapi.es\/es\/wp-json\/wp\/v2\/media?parent=23"}],"curies":[{"name":"wp","href":"https:\/\/api.w.org\/{rel}","templated":true}]}}