{"id":21,"date":"2016-01-04T07:58:31","date_gmt":"2016-01-04T07:58:31","guid":{"rendered":"http:\/\/grupoimesapi.es\/?page_id=21"},"modified":"2026-01-22T13:42:27","modified_gmt":"2026-01-22T13:42:27","slug":"instalaciones-y-servicios","status":"publish","type":"page","link":"https:\/\/www.grupoimesapi.es\/es\/areas-de-negocio\/instalaciones-y-servicios\/","title":{"rendered":"Instalaciones y Servicios"},"content":{"rendered":"<div class=\"wpb-content-wrapper\"><p><\/p>\n<p>[vc_row margin_bottom=\u00bb32px\u00bb][vc_column][vc_custom_heading text=\u00bbInstalaciones y Servicios\u00bb font_container=\u00bbtag:h1|text_align:left|color:%2300247c\u00bb use_theme_fonts=\u00bbyes\u00bb]<div class=\"hr-thin style-line\" style=\"width: 100%;border-color: #00247c;border-top-width: 1px;\"><\/div>[vc_empty_space][vc_column_text]<\/p>\n<p style=\"text-align: justify;\">imesAPI, a trav\u00e9s de la <strong>Divisi\u00f3n de Instalaciones y Servicios,<\/strong> lleva asociada al desarrollo y mantenimiento de infraestructuras e instalaciones m\u00e1s de 80 a\u00f1os. Esencialmente su actividad se ha centrado en el \u00e1mbito urbano y sus edificios.<\/p>\n<p style=\"text-align: justify;\">Durante este tiempo, Instalaciones y Servicios, ha participado en el desarrollo de las ciudades, a trav\u00e9s de la instalaci\u00f3n, conservaci\u00f3n y gesti\u00f3n de activos urbanos dispersos, como el alumbrado p\u00fablico, redes semaf\u00f3ricas y de comunicaciones, fuentes y redes de riego entre otras.<\/p>\n<p style=\"text-align: justify;\">Este bagaje nos ha conducido a dar un paso m\u00e1s, la integraci\u00f3n de todos los datos inherentes a estos activos y sistemas, en una plataforma de ingenier\u00eda propia que nos permite participar en los m\u00e1s complejos e innovadores esquemas de gesti\u00f3n eficiente de Edificios (Smart Buildings), y de Ciudades (Smart Cities), que se desarrollan en la actualidad.<\/p>\n<p>[\/vc_column_text][\/vc_column][\/vc_row][vc_row margin_bottom=\u00bb32&#8243; anchor=\u00bbactividades\u00bb][vc_column][vc_custom_heading text=\u00bb\u00c1reas de Servicio\u00bb font_container=\u00bbtag:h2|text_align:left|color:%2300247c\u00bb use_theme_fonts=\u00bbyes\u00bb]<div class=\"hr-thin style-line\" style=\"width: 100%;border-top-width: 1px;\"><\/div>[vc_empty_space][vc_row_inner css=\u00bb.vc_custom_1558605187679{margin-bottom: 32px !important;}\u00bb el_class=\u00bbcircle-icon-link\u00bb][vc_column_inner width=\u00bb1\/3&#8243;][vc_single_image image=\u00bb6909&#8243; img_size=\u00bbmedium\u00bb alignment=\u00bbcenter\u00bb onclick=\u00bbcustom_link\u00bb img_link_target=\u00bb_blank\u00bb image_hovers=\u00bbfalse\u00bb link=\u00bbhttp:\/\/grupoimesapi.es\/instalaciones-servicios\/gestion-y-mantenimiento-del-alumbrado-publico\/\u00bb][vc_custom_heading text=\u00bbGesti\u00f3n y Mantenimiento del Alumbrado P\u00fablico\u00bb font_container=\u00bbtag:h3|font_size:22px|text_align:center|color:%2300237d|line_height:30px\u00bb use_theme_fonts=\u00bbyes\u00bb link=\u00bburl:http%3A%2F%2Fimesapi.es%2Finstalaciones-servicios%2Fgestion-y-mantenimiento-del-alumbrado-publico%2F||target:%20_blank|\u00bb][\/vc_column_inner][vc_column_inner width=\u00bb1\/3&#8243;][vc_single_image image=\u00bb6910&#8243; img_size=\u00bbmedium\u00bb alignment=\u00bbcenter\u00bb onclick=\u00bbcustom_link\u00bb img_link_target=\u00bb_blank\u00bb image_hovers=\u00bbfalse\u00bb link=\u00bbhttp:\/\/grupoimesapi.es\/instalaciones-servicios\/gestion-y-mantenimiento-de-instalaciones-semaforicas\/\u00bb el_class=\u00bbimg-no-deform gmis\u00bb][vc_custom_heading text=\u00bbGesti\u00f3n y Mantenimiento de Instalaciones Semaf\u00f3ricas\u00bb font_container=\u00bbtag:h3|font_size:22px|text_align:center|color:%2300237d|line_height:30px\u00bb use_theme_fonts=\u00bbyes\u00bb link=\u00bburl:http%3A%2F%2Fimesapi.es%2Finstalaciones-servicios%2Fgestion-y-mantenimiento-de-instalaciones-semaforicas%2F||target:%20_blank|\u00bb][\/vc_column_inner][vc_column_inner width=\u00bb1\/3&#8243;][vc_single_image image=\u00bb6906&#8243; img_size=\u00bbmedium\u00bb alignment=\u00bbcenter\u00bb onclick=\u00bbcustom_link\u00bb img_link_target=\u00bb_blank\u00bb image_hovers=\u00bbfalse\u00bb link=\u00bbhttp:\/\/grupoimesapi.es\/instalaciones-servicios\/mantenimiento-integral-de-edificios\/\u00bb el_class=\u00bbmie\u00bb][vc_custom_heading text=\u00bbMantenimiento Integral de Edificios\u00bb font_container=\u00bbtag:h3|font_size:22px|text_align:center|color:%2300237d|line_height:30px\u00bb use_theme_fonts=\u00bbyes\u00bb link=\u00bburl:http%3A%2F%2Fimesapi.es%2Finstalaciones-servicios%2Fmantenimiento-integral-de-edificios%2F||target:%20_blank|\u00bb][\/vc_column_inner][\/vc_row_inner][vc_row_inner el_class=\u00bbcircle-icon-link row-two\u00bb css=\u00bb.vc_custom_1562325444497{margin-bottom: 32px !important;}\u00bb][vc_column_inner width=\u00bb1\/3&#8243;][vc_single_image image=\u00bb6905&#8243; img_size=\u00bbmedium\u00bb alignment=\u00bbcenter\u00bb onclick=\u00bbcustom_link\u00bb img_link_target=\u00bb_blank\u00bb image_hovers=\u00bbfalse\u00bb link=\u00bbhttp:\/\/grupoimesapi.es\/instalaciones-servicios\/instalaciones-hidraulicas-y-fuentes-ornamentales\/\u00bb el_class=\u00bbimg-no-deform ihfo\u00bb][vc_custom_heading text=\u00bbInstalaciones Hidr\u00e1ulicas y Fuentes Ornamentales\u00bb font_container=\u00bbtag:h3|font_size:22px|text_align:center|color:%2300237d|line_height:30px\u00bb use_theme_fonts=\u00bbyes\u00bb link=\u00bburl:http%3A%2F%2Fimesapi.es%2Finstalaciones-servicios%2Finstalaciones-hidraulicas-y-fuentes-ornamentales%2F||target:%20_blank|\u00bb el_class=\u00bbtittle-ihfo\u00bb][\/vc_column_inner][vc_column_inner width=\u00bb1\/3&#8243;][vc_single_image image=\u00bb6911&#8243; img_size=\u00bbmedium\u00bb alignment=\u00bbcenter\u00bb onclick=\u00bbcustom_link\u00bb img_link_target=\u00bb_blank\u00bb image_hovers=\u00bbfalse\u00bb link=\u00bbhttp:\/\/grupoimesapi.es\/instalaciones-servicios\/instalaciones-y-montajes\/\u00bb][vc_custom_heading text=\u00bbInstalaciones y Montajes\u00bb font_container=\u00bbtag:h3|font_size:22px|text_align:center|color:%2300237d|line_height:30px\u00bb use_theme_fonts=\u00bbyes\u00bb link=\u00bburl:http%3A%2F%2Fimesapi.es%2Finstalaciones-servicios%2Finstalaciones-y-montajes%2F||target:%20_blank|\u00bb][\/vc_column_inner][vc_column_inner width=\u00bb1\/3&#8243;][vc_single_image image=\u00bb6908&#8243; img_size=\u00bbmedium\u00bb alignment=\u00bbcenter\u00bb onclick=\u00bbcustom_link\u00bb img_link_target=\u00bb_blank\u00bb image_hovers=\u00bbfalse\u00bb link=\u00bbhttp:\/\/grupoimesapi.es\/instalaciones-servicios\/sistemas-de-control\/\u00bb][vc_custom_heading text=\u00bbSistemas de Control\u00bb font_container=\u00bbtag:h3|font_size:22px|text_align:center|color:%2300237d|line_height:30px\u00bb use_theme_fonts=\u00bbyes\u00bb link=\u00bburl:http%3A%2F%2Fimesapi.es%2Finstalaciones-servicios%2Fsistemas-de-control%2F||target:%20_blank|\u00bb][\/vc_column_inner][\/vc_row_inner][vc_row_inner el_class=\u00bbcircle-icon-link row-two\u00bb css=\u00bb.vc_custom_1562325451750{margin-bottom: 32px !important;}\u00bb][vc_column_inner width=\u00bb1\/3&#8243;][vc_single_image image=\u00bb6907&#8243; img_size=\u00bbmedium\u00bb alignment=\u00bbcenter\u00bb onclick=\u00bbcustom_link\u00bb img_link_target=\u00bb_blank\u00bb image_hovers=\u00bbfalse\u00bb link=\u00bbhttp:\/\/grupoimesapi.es\/instalaciones-servicios\/sistemas-energeticos\/\u00bb][vc_custom_heading text=\u00bbSistemas Energ\u00e9ticos\u00bb font_container=\u00bbtag:h3|font_size:22px|text_align:center|color:%2300237d|line_height:30px\u00bb use_theme_fonts=\u00bbyes\u00bb link=\u00bburl:http%3A%2F%2Fimesapi.es%2Finstalaciones-servicios%2Fsistemas-energeticos%2F||target:%20_blank|\u00bb][\/vc_column_inner][vc_column_inner width=\u00bb1\/3&#8243;][\/vc_column_inner][vc_column_inner width=\u00bb1\/3&#8243;][\/vc_column_inner][\/vc_row_inner][vc_row_inner disable_element=\u00bbyes\u00bb][vc_column_inner]<div class=\"ult-ih-container ult-adjust-bottom-margin  \" >\t<ul class=\"ult-ih-list \"  data-shape=\"circle\"  data-width=\"185\"  data-height=\"185\"  style=\"text-align:center; \"><li id=\"ult-ih-list-item-3667\" class=\"ult-ih-list-item\" style=\"height: 185px; width: 185px;  margin: 5px\"><a class=\"ult-ih-link\" href=\"http:\/\/imesapi.es\/instalaciones-servicios\/gestion-y-mantenimiento-del-alumbrado-publico\/\" title=\"Gesti\u00f3n y Mantenimiento del Alumbrado P\u00fablico\" target=\"_blank\" rel=\"noopener\"  ><div style=\"height: 185px; width: 185px; \" class=\"ult-ih-item ult-ih-effect6   ult-ih-scale_up \"><div class=\"ult-ih-image-block\" style=\"height: 185px; width: 185px; \">\t<div class=\"ult-ih-wrapper\" style=\"border-style: solid; border-color: rgba(255,255,255,0.2); border-width: 20px;\"><\/div>\t<img decoding=\"async\" class=\"ult-ih-image\" src=\"https:\/\/www.grupoimesapi.es\/wp-content\/uploads\/2019\/05\/AlumbradoPublico.png\" alt=\"null\"><\/div><div class=\"ult-ih-info\" style=\"background-color: #03227c; \">\t<div class=\"ult-ih-info-back\">\t<div class=\"ult-ih-content\">\t\t\t<div class=\"ult-ih-heading-block\" style=\"\">\t\t\t\t<h3 class=\"ult-ih-heading ult-responsive\" style=\"font-family:&#039;Open Sans&#039;;font-weight:300;color:#ffffff;\"  data-ultimate-target='#ult-ih-list-item-3667 .ult-ih-heading'  data-responsive-json-new='{\"font-size\":\"desktop:21px;\",\"line-height\":\"desktop:23px;\"}' >Gesti\u00f3n y Mantenimiento del Alumbrado P\u00fablico<\/h3>\t\t\t<\/div>\t\t\t<div class=\"ult-ih-divider-block\" style=\"height:1px;\">\t\t\t\t<span class=\"ult-ih-line\" style=\"border-style:none;border-color:rgba(255,255,255,0.75);width:100px;border-width:1px;\"><\/span>\t\t\t<\/div>\t\t\t<div class=\"ult-ih-description-block\" style=\"\">\t\t\t\t<div class=\"ult-ih-description ult-responsive\" style=\"font-family:&#039;Open Sans&#039;;font-weight:700;color:#ffffff;\"  data-ultimate-target='#ult-ih-list-item-3667 .ult-ih-description, #ult-ih-list-item-3667 .ult-ih-description p'  data-responsive-json-new='{\"font-size\":\"desktop:10px;\",\"line-height\":\"desktop:12px;\"}' >\t\t\t\t<\/div>\t\t\t<\/div>\t<\/div>\t<\/div><\/div><\/div><\/a><\/li><li id=\"ult-ih-list-item-3021\" class=\"ult-ih-list-item\" style=\"height: 185px; width: 185px;  margin: 5px\"><a class=\"ult-ih-link\" href=\"http:\/\/imesapi.es\/instalaciones-servicios\/gestion-y-mantenimiento-de-instalaciones-semaforicas\/\" title=\"Gesti\u00f3n y Mantenimiento de Instalaciones Semaf\u00f3ricas\" target=\"_blank\" rel=\"noopener\"  ><div style=\"height: 185px; width: 185px; \" class=\"ult-ih-item ult-ih-effect6   ult-ih-scale_up \"><div class=\"ult-ih-image-block\" style=\"height: 185px; width: 185px; \">\t<div class=\"ult-ih-wrapper\" style=\"border-style: solid; border-color: rgba(255,255,255,0.2); border-width: 20px;\"><\/div>\t<img decoding=\"async\" class=\"ult-ih-image\" src=\"https:\/\/www.grupoimesapi.es\/wp-content\/uploads\/2019\/05\/Gestion_Instalaciones_Semaforicas.png\" alt=\"null\"><\/div><div class=\"ult-ih-info\" style=\"background-color: #03227c; \">\t<div class=\"ult-ih-info-back\">\t<div class=\"ult-ih-content\">\t\t\t<div class=\"ult-ih-heading-block\" style=\"\">\t\t\t\t<h3 class=\"ult-ih-heading ult-responsive\" style=\"font-family:&#039;Open Sans&#039;;font-weight:300;color:#ffffff;\"  data-ultimate-target='#ult-ih-list-item-3021 .ult-ih-heading'  data-responsive-json-new='{\"font-size\":\"desktop:21px;\",\"line-height\":\"desktop:23px;\"}' >Gesti\u00f3n y Mantenimiento de Instalaciones Semaf\u00f3ricas<\/h3>\t\t\t<\/div>\t\t\t<div class=\"ult-ih-divider-block\" style=\"height:1px;\">\t\t\t\t<span class=\"ult-ih-line\" style=\"border-style:none;border-color:rgba(255,255,255,0.75);width:100px;border-width:1px;\"><\/span>\t\t\t<\/div>\t\t\t<div class=\"ult-ih-description-block\" style=\"\">\t\t\t\t<div class=\"ult-ih-description ult-responsive\" style=\"font-family:&#039;Open Sans&#039;;font-weight:700;color:#ffffff;\"  data-ultimate-target='#ult-ih-list-item-3021 .ult-ih-description, #ult-ih-list-item-3021 .ult-ih-description p'  data-responsive-json-new='{\"font-size\":\"desktop:10px;\",\"line-height\":\"desktop:12px;\"}' >\t\t\t\t<\/div>\t\t\t<\/div>\t<\/div>\t<\/div><\/div><\/div><\/a><\/li><li id=\"ult-ih-list-item-1590\" class=\"ult-ih-list-item\" style=\"height: 185px; width: 185px;  margin: 5px\"><a class=\"ult-ih-link\" href=\"http:\/\/imesapi.es\/instalaciones-servicios\/mantenimiento-integral-de-edificios\/\" title=\"Mantenimiento Integral de Edificios\" target=\"_blank\" rel=\"noopener\"  ><div style=\"height: 185px; width: 185px; \" class=\"ult-ih-item ult-ih-effect6   ult-ih-scale_up \"><div class=\"ult-ih-image-block\" style=\"height: 185px; width: 185px; \">\t<div class=\"ult-ih-wrapper\" style=\"border-style: solid; border-color: rgba(255,255,255,0.2); border-width: 20px;\"><\/div>\t<img decoding=\"async\" class=\"ult-ih-image\" src=\"https:\/\/www.grupoimesapi.es\/wp-content\/uploads\/2019\/05\/MantenimientoIntegralEdificios.png\" alt=\"null\"><\/div><div class=\"ult-ih-info\" style=\"background-color: #03227c; \">\t<div class=\"ult-ih-info-back\">\t<div class=\"ult-ih-content\">\t\t\t<div class=\"ult-ih-heading-block\" style=\"\">\t\t\t\t<h3 class=\"ult-ih-heading ult-responsive\" style=\"font-family:&#039;Open Sans&#039;;font-weight:300;color:#ffffff;\"  data-ultimate-target='#ult-ih-list-item-1590 .ult-ih-heading'  data-responsive-json-new='{\"font-size\":\"desktop:21px;\",\"line-height\":\"desktop:23px;\"}' >Mantenimiento Integral de Edificios<\/h3>\t\t\t<\/div>\t\t\t<div class=\"ult-ih-divider-block\" style=\"height:1px;\">\t\t\t\t<span class=\"ult-ih-line\" style=\"border-style:none;border-color:rgba(255,255,255,0.75);width:100px;border-width:1px;\"><\/span>\t\t\t<\/div>\t\t\t<div class=\"ult-ih-description-block\" style=\"\">\t\t\t\t<div class=\"ult-ih-description ult-responsive\" style=\"font-family:&#039;Open Sans&#039;;font-weight:700;color:#ffffff;\"  data-ultimate-target='#ult-ih-list-item-1590 .ult-ih-description, #ult-ih-list-item-1590 .ult-ih-description p'  data-responsive-json-new='{\"font-size\":\"desktop:10px;\",\"line-height\":\"desktop:12px;\"}' >\t\t\t\t<\/div>\t\t\t<\/div>\t<\/div>\t<\/div><\/div><\/div><\/a><\/li><li id=\"ult-ih-list-item-6945\" class=\"ult-ih-list-item\" style=\"height: 185px; width: 185px;  margin: 5px\"><a class=\"ult-ih-link\" href=\"http:\/\/imesapi.es\/instalaciones-servicios\/instalaciones-hidraulicas-y-fuentes-ornamentales\/\" title=\"Instalaciones Hidr\u00e1ulicas y Fuentes Ornamentales\" target=\"_blank\" rel=\"noopener\"  ><div style=\"height: 185px; width: 185px; \" class=\"ult-ih-item ult-ih-effect6   ult-ih-scale_up \"><div class=\"ult-ih-image-block\" style=\"height: 185px; width: 185px; \">\t<div class=\"ult-ih-wrapper\" style=\"border-style: solid; border-color: rgba(255,255,255,0.2); border-width: 20px;\"><\/div>\t<img decoding=\"async\" class=\"ult-ih-image\" src=\"https:\/\/www.grupoimesapi.es\/wp-content\/uploads\/2019\/05\/InstalacionesHidraulicas.png\" alt=\"null\"><\/div><div class=\"ult-ih-info\" style=\"background-color: #03227c; \">\t<div class=\"ult-ih-info-back\">\t<div class=\"ult-ih-content\">\t\t\t<div class=\"ult-ih-heading-block\" style=\"\">\t\t\t\t<h3 class=\"ult-ih-heading ult-responsive\" style=\"font-family:&#039;Open Sans&#039;;font-weight:300;color:#ffffff;\"  data-ultimate-target='#ult-ih-list-item-6945 .ult-ih-heading'  data-responsive-json-new='{\"font-size\":\"desktop:21px;\",\"line-height\":\"desktop:23px;\"}' >Instalaciones Hidr\u00e1ulicas y Fuentes Ornamentales<\/h3>\t\t\t<\/div>\t\t\t<div class=\"ult-ih-divider-block\" style=\"height:1px;\">\t\t\t\t<span class=\"ult-ih-line\" style=\"border-style:none;border-color:rgba(255,255,255,0.75);width:100px;border-width:1px;\"><\/span>\t\t\t<\/div>\t\t\t<div class=\"ult-ih-description-block\" style=\"\">\t\t\t\t<div class=\"ult-ih-description ult-responsive\" style=\"font-family:&#039;Open Sans&#039;;font-weight:700;color:#ffffff;\"  data-ultimate-target='#ult-ih-list-item-6945 .ult-ih-description, #ult-ih-list-item-6945 .ult-ih-description p'  data-responsive-json-new='{\"font-size\":\"desktop:10px;\",\"line-height\":\"desktop:12px;\"}' >\t\t\t\t<\/div>\t\t\t<\/div>\t<\/div>\t<\/div><\/div><\/div><\/a><\/li><li id=\"ult-ih-list-item-9243\" class=\"ult-ih-list-item\" style=\"height: 185px; width: 185px;  margin: 5px\"><a class=\"ult-ih-link\" href=\"http:\/\/imesapi.es\/instalaciones-servicios\/instalaciones-y-montajes\/\" title=\"Instalaciones &amp; Montajes\" target=\"_blank\" rel=\"noopener\"  ><div style=\"height: 185px; width: 185px; \" class=\"ult-ih-item ult-ih-effect6   ult-ih-scale_up \"><div class=\"ult-ih-image-block\" style=\"height: 185px; width: 185px; \">\t<div class=\"ult-ih-wrapper\" style=\"border-style: solid; border-color: rgba(255,255,255,0.2); border-width: 20px;\"><\/div>\t<img decoding=\"async\" class=\"ult-ih-image\" src=\"https:\/\/www.grupoimesapi.es\/wp-content\/uploads\/2019\/05\/Instalaciones.png\" alt=\"null\"><\/div><div class=\"ult-ih-info\" style=\"background-color: #03227c; \">\t<div class=\"ult-ih-info-back\">\t<div class=\"ult-ih-content\">\t\t\t<div class=\"ult-ih-heading-block\" style=\"\">\t\t\t\t<h3 class=\"ult-ih-heading ult-responsive\" style=\"font-family:&#039;Open Sans&#039;;font-weight:300;color:#ffffff;\"  data-ultimate-target='#ult-ih-list-item-9243 .ult-ih-heading'  data-responsive-json-new='{\"font-size\":\"desktop:21px;\",\"line-height\":\"desktop:23px;\"}' >Instalaciones y Montajes<\/h3>\t\t\t<\/div>\t\t\t<div class=\"ult-ih-divider-block\" style=\"height:1px;\">\t\t\t\t<span class=\"ult-ih-line\" style=\"border-style:none;border-color:rgba(255,255,255,0.75);width:100px;border-width:1px;\"><\/span>\t\t\t<\/div>\t\t\t<div class=\"ult-ih-description-block\" style=\"\">\t\t\t\t<div class=\"ult-ih-description ult-responsive\" style=\"font-family:&#039;Open Sans&#039;;font-weight:700;color:#ffffff;\"  data-ultimate-target='#ult-ih-list-item-9243 .ult-ih-description, #ult-ih-list-item-9243 .ult-ih-description p'  data-responsive-json-new='{\"font-size\":\"desktop:10px;\",\"line-height\":\"desktop:12px;\"}' >\t\t\t\t<\/div>\t\t\t<\/div>\t<\/div>\t<\/div><\/div><\/div><\/a><\/li><li id=\"ult-ih-list-item-9606\" class=\"ult-ih-list-item\" style=\"height: 185px; width: 185px;  margin: 5px\"><a class=\"ult-ih-link\" href=\"http:\/\/imesapi.es\/instalaciones-servicios\/sistemas-de-control\/\" title=\"Sistemas de Control\" target=\"_blank\" rel=\"noopener\"  ><div style=\"height: 185px; width: 185px; \" class=\"ult-ih-item ult-ih-effect6   ult-ih-scale_up \"><div class=\"ult-ih-image-block\" style=\"height: 185px; width: 185px; \">\t<div class=\"ult-ih-wrapper\" style=\"border-style: solid; border-color: rgba(255,255,255,0.2); border-width: 20px;\"><\/div>\t<img decoding=\"async\" class=\"ult-ih-image\" src=\"https:\/\/www.grupoimesapi.es\/wp-content\/uploads\/2019\/05\/Sistemas-de-control.png\" alt=\"null\"><\/div><div class=\"ult-ih-info\" style=\"background-color: #03227c; \">\t<div class=\"ult-ih-info-back\">\t<div class=\"ult-ih-content\">\t\t\t<div class=\"ult-ih-heading-block\" style=\"\">\t\t\t\t<h3 class=\"ult-ih-heading ult-responsive\" style=\"font-family:&#039;Open Sans&#039;;font-weight:300;color:#ffffff;\"  data-ultimate-target='#ult-ih-list-item-9606 .ult-ih-heading'  data-responsive-json-new='{\"font-size\":\"desktop:21px;\",\"line-height\":\"desktop:23px;\"}' >Sistemas de Control<\/h3>\t\t\t<\/div>\t\t\t<div class=\"ult-ih-divider-block\" style=\"height:1px;\">\t\t\t\t<span class=\"ult-ih-line\" style=\"border-style:none;border-color:rgba(255,255,255,0.75);width:100px;border-width:1px;\"><\/span>\t\t\t<\/div>\t\t\t<div class=\"ult-ih-description-block\" style=\"\">\t\t\t\t<div class=\"ult-ih-description ult-responsive\" style=\"font-family:&#039;Open Sans&#039;;font-weight:700;color:#ffffff;\"  data-ultimate-target='#ult-ih-list-item-9606 .ult-ih-description, #ult-ih-list-item-9606 .ult-ih-description p'  data-responsive-json-new='{\"font-size\":\"desktop:10px;\",\"line-height\":\"desktop:12px;\"}' >\t\t\t\t<\/div>\t\t\t<\/div>\t<\/div>\t<\/div><\/div><\/div><\/a><\/li><li id=\"ult-ih-list-item-2831\" class=\"ult-ih-list-item\" style=\"height: 185px; width: 185px;  margin: 5px\"><a class=\"ult-ih-link\" href=\"http:\/\/imesapi.es\/instalaciones-servicios\/sistemas-energeticos\/\" title=\"Servicios Energ\u00e9ticos\" target=\"_blank\" rel=\"noopener\"  ><div style=\"height: 185px; width: 185px; \" class=\"ult-ih-item ult-ih-effect6   ult-ih-scale_up \"><div class=\"ult-ih-image-block\" style=\"height: 185px; width: 185px; \">\t<div class=\"ult-ih-wrapper\" style=\"border-style: solid; border-color: rgba(255,255,255,0.2); border-width: 20px;\"><\/div>\t<img decoding=\"async\" class=\"ult-ih-image\" src=\"https:\/\/www.grupoimesapi.es\/wp-content\/uploads\/2019\/05\/ServiciosEnergeticos.png\" alt=\"null\"><\/div><div class=\"ult-ih-info\" style=\"background-color: #03227c; \">\t<div class=\"ult-ih-info-back\">\t<div class=\"ult-ih-content\">\t\t\t<div class=\"ult-ih-heading-block\" style=\"\">\t\t\t\t<h3 class=\"ult-ih-heading ult-responsive\" style=\"font-family:&#039;Open Sans&#039;;font-weight:300;color:#ffffff;\"  data-ultimate-target='#ult-ih-list-item-2831 .ult-ih-heading'  data-responsive-json-new='{\"font-size\":\"desktop:21px;\",\"line-height\":\"desktop:23px;\"}' >Servicios Energ\u00e9ticos<\/h3>\t\t\t<\/div>\t\t\t<div class=\"ult-ih-divider-block\" style=\"height:1px;\">\t\t\t\t<span class=\"ult-ih-line\" style=\"border-style:none;border-color:rgba(255,255,255,0.75);width:100px;border-width:1px;\"><\/span>\t\t\t<\/div>\t\t\t<div class=\"ult-ih-description-block\" style=\"\">\t\t\t\t<div class=\"ult-ih-description ult-responsive\" style=\"font-family:&#039;Open Sans&#039;;font-weight:700;color:#ffffff;\"  data-ultimate-target='#ult-ih-list-item-2831 .ult-ih-description, #ult-ih-list-item-2831 .ult-ih-description p'  data-responsive-json-new='{\"font-size\":\"desktop:10px;\",\"line-height\":\"desktop:12px;\"}' >\t\t\t\t<\/div>\t\t\t<\/div>\t<\/div>\t<\/div><\/div><\/div><\/a><\/li><li id=\"ult-ih-list-item-1479\" class=\"ult-ih-list-item\" style=\"height: 185px; width: 185px;  margin: 5px\"><a class=\"ult-ih-link\" href=\"http:\/\/imesapi.es\/instalaciones-servicios\/servicios-sociosanitarios\/\" title=\"Servicios Sociosanitarios\" target=\"_blank\" rel=\"noopener\"  ><div style=\"height: 185px; width: 185px; \" class=\"ult-ih-item ult-ih-effect6   ult-ih-scale_up \"><div class=\"ult-ih-image-block\" style=\"height: 185px; width: 185px; \">\t<div class=\"ult-ih-wrapper\" style=\"border-style: solid; border-color: rgba(255,255,255,0.2); border-width: 20px;\"><\/div>\t<img decoding=\"async\" class=\"ult-ih-image\" src=\"https:\/\/www.grupoimesapi.es\/wp-content\/uploads\/2016\/01\/sociosanitaria_253.jpg\" alt=\"null\"><\/div><div class=\"ult-ih-info\" style=\"background-color: #03227c; \">\t<div class=\"ult-ih-info-back\">\t<div class=\"ult-ih-content\">\t\t\t<div class=\"ult-ih-heading-block\" style=\"\">\t\t\t\t<h3 class=\"ult-ih-heading ult-responsive\" style=\"font-family:&#039;Open Sans&#039;;font-weight:300;color:#ffffff;\"  data-ultimate-target='#ult-ih-list-item-1479 .ult-ih-heading'  data-responsive-json-new='{\"font-size\":\"desktop:21px;\",\"line-height\":\"desktop:23px;\"}' >Servicios Sociosanitarios<\/h3>\t\t\t<\/div>\t\t\t<div class=\"ult-ih-divider-block\" style=\"height:1px;\">\t\t\t\t<span class=\"ult-ih-line\" style=\"border-style:none;border-color:rgba(255,255,255,0.75);width:100px;border-width:1px;\"><\/span>\t\t\t<\/div>\t\t\t<div class=\"ult-ih-description-block\" style=\"\">\t\t\t\t<div class=\"ult-ih-description ult-responsive\" style=\"font-family:&#039;Open Sans&#039;;font-weight:700;color:#ffffff;\"  data-ultimate-target='#ult-ih-list-item-1479 .ult-ih-description, #ult-ih-list-item-1479 .ult-ih-description p'  data-responsive-json-new='{\"font-size\":\"desktop:10px;\",\"line-height\":\"desktop:12px;\"}' >\t\t\t\t<\/div>\t\t\t<\/div>\t<\/div>\t<\/div><\/div><\/div><\/a><\/li>\t<\/ul><\/div>[\/vc_column_inner][\/vc_row_inner][\/vc_column][\/vc_row][vc_row margin_bottom=\u00bb32&#8243; anchor=\u00bbactividades\u00bb][vc_column][vc_custom_heading text=\u00bbProyectos Destacados\u00bb font_container=\u00bbtag:h2|text_align:left|color:%2300247c\u00bb use_theme_fonts=\u00bbyes\u00bb]<div class=\"hr-thin style-line\" style=\"width: 100%;border-top-width: 1px;\"><\/div>[vc_empty_space][vc_basic_grid post_type=\u00bbpost\u00bb max_items=\u00bb-1&#8243; style=\u00bbpagination\u00bb items_per_page=\u00bb3&#8243; gap=\u00bb10&#8243; arrows_design=\u00bbvc_arrow-icon-arrow_04_left\u00bb arrows_position=\u00bboutside\u00bb paging_design=\u00bbpoint_dots\u00bb paging_color=\u00bbblue\u00bb loop=\u00bbyes\u00bb autoplay=\u00bb5000&#8243; item=\u00bb1652&#8243; grid_id=\u00bbvc_gid:1769089190044-149946b4-8b57-0&#8243; taxonomies=\u00bb55&#8243; paging_animation_in=\u00bbslideInRight\u00bb paging_animation_out=\u00bbslideOutLeft\u00bb el_id=\u00bbmake-link-blank\u00bb][\/vc_column][\/vc_row]<\/p>\n<p><\/p>\n<\/div>","protected":false},"excerpt":{"rendered":"<p>[vc_row margin_bottom=\u00bb32px\u00bb][vc_column][vc_custom_heading text=\u00bbInstalaciones y Servicios\u00bb font_container=\u00bbtag:h1|text_align:left|color:%2300247c\u00bb use_theme_fonts=\u00bbyes\u00bb][vc_empty_space][vc_column_text] imesAPI, a trav\u00e9s de la Divisi\u00f3n de Instalaciones y Servicios, lleva asociada al desarrollo y mantenimiento de infraestructuras e instalaciones m\u00e1s de 80 a\u00f1os. Esencialmente su actividad se ha centrado en el \u00e1mbito urbano y sus edificios. Durante este tiempo, Instalaciones y Servicios, ha participado en el desarrollo&hellip;<\/p>\n","protected":false},"author":1,"featured_media":0,"parent":11,"menu_order":0,"comment_status":"closed","ping_status":"closed","template":"","meta":[],"class_list":["post-21","page","type-page","status-publish","hentry","description-off"],"_links":{"self":[{"href":"https:\/\/www.grupoimesapi.es\/es\/wp-json\/wp\/v2\/pages\/21","targetHints":{"allow":["GET"]}}],"collection":[{"href":"https:\/\/www.grupoimesapi.es\/es\/wp-json\/wp\/v2\/pages"}],"about":[{"href":"https:\/\/www.grupoimesapi.es\/es\/wp-json\/wp\/v2\/types\/page"}],"author":[{"embeddable":true,"href":"https:\/\/www.grupoimesapi.es\/es\/wp-json\/wp\/v2\/users\/1"}],"replies":[{"embeddable":true,"href":"https:\/\/www.grupoimesapi.es\/es\/wp-json\/wp\/v2\/comments?post=21"}],"version-history":[{"count":0,"href":"https:\/\/www.grupoimesapi.es\/es\/wp-json\/wp\/v2\/pages\/21\/revisions"}],"up":[{"embeddable":true,"href":"https:\/\/www.grupoimesapi.es\/es\/wp-json\/wp\/v2\/pages\/11"}],"wp:attachment":[{"href":"https:\/\/www.grupoimesapi.es\/es\/wp-json\/wp\/v2\/media?parent=21"}],"curies":[{"name":"wp","href":"https:\/\/api.w.org\/{rel}","templated":true}]}}