{"id":1775,"date":"2016-05-03T06:44:13","date_gmt":"2016-05-03T06:44:13","guid":{"rendered":"http:\/\/grupoimesapi.es\/?page_id=1775"},"modified":"2024-11-15T12:56:18","modified_gmt":"2024-11-15T12:56:18","slug":"imesapi-instalaciones-y-servicios","status":"publish","type":"page","link":"https:\/\/www.grupoimesapi.es\/es\/empresas\/imesapi-instalaciones-y-servicios\/","title":{"rendered":"ImesAPI &#8211; Instalaciones y Servicios"},"content":{"rendered":"<div class=\"wpb-content-wrapper\"><p>[vc_row margin_bottom=\u00bb32&#8243;][vc_column][vc_custom_heading text=\u00bbImesAPI<br \/>\nInstalaciones y Servicios\u00bb font_container=\u00bbtag:h1|text_align:left|color:%2300247c\u00bb use_theme_fonts=\u00bbyes\u00bb]<div class=\"hr-thin style-line\" style=\"width: 100%;border-top-width: 1px;\"><\/div>[vc_row_inner][vc_column_inner width=\u00bb1\/4&#8243;][vc_custom_heading text=\u00bbLa Empresa\u00bb font_container=\u00bbtag:h4|text_align:left|color:%2300247c\u00bb use_theme_fonts=\u00bbyes\u00bb link=\u00bb||\u00bb][\/vc_column_inner][vc_column_inner width=\u00bb1\/4&#8243;][vc_custom_heading text=\u00bbServicios\u00bb font_container=\u00bbtag:h4|text_align:left|color:%2300247c\u00bb use_theme_fonts=\u00bbyes\u00bb link=\u00bburl:%23actividades||\u00bb][\/vc_column_inner][vc_column_inner width=\u00bb1\/4&#8243;][vc_custom_heading text=\u00bbContacto\u00bb font_container=\u00bbtag:h4|text_align:left|color:%2300247c\u00bb use_theme_fonts=\u00bbyes\u00bb link=\u00bburl:%23contacto||\u00bb][\/vc_column_inner][\/vc_row_inner][\/vc_column][\/vc_row][vc_row margin_bottom=\u00bb32&#8243;][vc_column][vc_custom_heading text=\u00bbLa Empresa\u00bb font_container=\u00bbtag:h2|text_align:left|color:%2300247c\u00bb use_theme_fonts=\u00bbyes\u00bb]<div class=\"hr-thin style-line\" style=\"width: 100%;border-top-width: 1px;\"><\/div>[vc_column_text]<\/p>\n<div class=\"vc_row wpb_row wf-container\">\n<div class=\"wpb_column vc_column_container vc_col-sm-12\">\n<div class=\"vc_column-inner \">\n<div class=\"wpb_wrapper\">\n<div class=\"wpb_text_column wpb_content_element \">\n<div class=\"wpb_wrapper\">\n<p style=\"text-align: justify;\">ImesAPI, a trav\u00e9s de la Divisi\u00f3n de Instalaciones y Servicios, lleva asociada al desarrollo y mantenimiento de infraestructuras e instalaciones m\u00e1s de 80 a\u00f1os. Esencialmente su actividad se ha centrado en el \u00e1mbito urbano y sus edificios.<\/p>\n<p style=\"text-align: justify;\">Durante este tiempo, Instalaciones y Servicios ha participado en el desarrollo de las ciudades, a trav\u00e9s de la instalaci\u00f3n, conservaci\u00f3n y gesti\u00f3n de activos urbanos dispersos, como el alumbrado p\u00fablico, redes semaf\u00f3ricas y de comunicaciones, fuentes y redes de riego entre otras.<\/p>\n<p style=\"text-align: justify;\">Las instalaciones y el mantenimiento de edificios, en las diferentes modalidades y tipolog\u00eda de equipamiento, es una actividad esencial en la Divisi\u00f3n.\u00a0 Acumulamos m\u00e1s de 40 a\u00f1os de experiencia en ejecuci\u00f3n y mantenimiento de instalaciones el\u00e9ctricas (BT y AT), calefacci\u00f3n y climatizaci\u00f3n, en protecci\u00f3n contra incendios, redes hidr\u00e1ulicas y de gas. Desarrollamos estas \u00e1reas de actividad en el Sector Industrial y en el Terciario, tanto en Centros Comerciales, edificios educativos, sanitarios e institucionales, como en complejos de edificios del Estado, Puertos, Aeropuertos entre otros.<\/p>\n<p style=\"text-align: justify;\">Este bagaje nos ha conducido a dar un paso m\u00e1s; la integraci\u00f3n de todos los datos inherentes a estos activos y sistemas en una plataforma que permite realizar un an\u00e1lisis de su estado, funcionamiento y gesti\u00f3n. El objetivo final es conseguir eficiencia en la operaci\u00f3n y en el consumo de energ\u00eda, agua o cualquier aprovisionamiento. Esta plataforma, de ingenier\u00eda propia, nos permite participar en los m\u00e1s complejos e innovadores esquemas de gesti\u00f3n de Edificios -Smart Buildings- y de Ciudades -Smart Cities- que se desarrollan en la actualidad.<\/p>\n<p style=\"text-align: justify;\">Adicionalmente, ImesAPI, a trav\u00e9s de la Divisi\u00f3n de Instalaciones y Servicios, se implica en el resultado y puesta en valor de ese objetivo de eficiencia, actuando como Empresa de Servicios Energ\u00e9ticos.<\/p>\n<\/div>\n<\/div>\n<\/div>\n<\/div>\n<\/div>\n<\/div>\n<p>[\/vc_column_text][\/vc_column][\/vc_row][vc_row margin_bottom=\u00bb32&#8243; anchor=\u00bbactividades\u00bb][vc_column][vc_custom_heading text=\u00bbServicios\u00bb font_container=\u00bbtag:h2|text_align:left|color:%2300247c\u00bb use_theme_fonts=\u00bbyes\u00bb]<div class=\"hr-thin style-line\" style=\"width: 100%;border-top-width: 1px;\"><\/div>[vc_empty_space][vc_row_inner][vc_column_inner el_class=\u00bbcinco_columnas\u00bb width=\u00bb1\/2&#8243;][vc_single_image image=\u00bb1209&#8243; img_size=\u00bbfull\u00bb alignment=\u00bbcenter\u00bb style=\u00bbvc_box_rounded\u00bb][vc_empty_space height=\u00bb16px\u00bb][vc_custom_heading text=\u00bbServicios Socio Sanitarios\u00bb font_container=\u00bbtag:h4|text_align:left|color:%2300247c\u00bb use_theme_fonts=\u00bbyes\u00bb][vc_column_text]<\/p>\n<ul>\n<li class=\"menu-item menu-item-type-post_type menu-item-object-page menu-item-946 first\">Gesti\u00f3n de Residencias<\/li>\n<li class=\"menu-item menu-item-type-post_type menu-item-object-page menu-item-945\">Servicios de Asistencia a Domicilio<\/li>\n<li class=\"menu-item menu-item-type-post_type menu-item-object-page menu-item-944\">Servicios de Atenci\u00f3n al P\u00fablico y Celadur\u00edas<\/li>\n<\/ul>\n<p>[\/vc_column_text][vc_empty_space height=\u00bb20px\u00bb][\/vc_column_inner][vc_column_inner width=\u00bb1\/2&#8243;][vc_single_image image=\u00bb1210&#8243; img_size=\u00bbfull\u00bb alignment=\u00bbcenter\u00bb style=\u00bbvc_box_rounded\u00bb][vc_empty_space height=\u00bb16px\u00bb][vc_custom_heading text=\u00bbSistemas de Control\u00bb font_container=\u00bbtag:h4|text_align:left|color:%2300247c\u00bb use_theme_fonts=\u00bbyes\u00bb][vc_column_text]<\/p>\n<ul>\n<li class=\"menu-item menu-item-type-post_type menu-item-object-page menu-item-986 first\">Sistemas de Control y Automatizaci\u00f3n<\/li>\n<li class=\"menu-item menu-item-type-post_type menu-item-object-page menu-item-985\">Sistemas de Supervisi\u00f3n (SCADA)<\/li>\n<li class=\"menu-item menu-item-type-post_type menu-item-object-page menu-item-984\">Integraci\u00f3n de Sistema<\/li>\n<li class=\"menu-item menu-item-type-post_type menu-item-object-page menu-item-983\">Redes de Comunicaciones y Buses de Datos<\/li>\n<li class=\"menu-item menu-item-type-post_type menu-item-object-page menu-item-982\">Dise\u00f1o e Instalaci\u00f3n de Centros de Control<\/li>\n<li class=\"menu-item menu-item-type-post_type menu-item-object-page menu-item-981\">Mantenimiento de Sistemas<\/li>\n<li class=\"menu-item menu-item-type-post_type menu-item-object-page menu-item-980\">Edificios Inteligentes<\/li>\n<li class=\"menu-item menu-item-type-post_type menu-item-object-page menu-item-979\">I+D+i<\/li>\n<\/ul>\n<p>[\/vc_column_text][vc_empty_space height=\u00bb20px\u00bb][\/vc_column_inner][\/vc_row_inner][vc_row_inner][vc_column_inner el_class=\u00bbcinco_columnas\u00bb width=\u00bb1\/2&#8243;][vc_single_image image=\u00bb1211&#8243; img_size=\u00bbfull\u00bb alignment=\u00bbcenter\u00bb style=\u00bbvc_box_rounded\u00bb][vc_empty_space height=\u00bb16px\u00bb][vc_custom_heading text=\u00bbEnerg\u00eda\u00bb font_container=\u00bbtag:h4|text_align:left|color:%2300247c\u00bb use_theme_fonts=\u00bbyes\u00bb][vc_column_text]<\/p>\n<ul>\n<li class=\"menu-item menu-item-type-post_type menu-item-object-page menu-item-1010 first\">Auditor\u00edas Energ\u00e9ticas<\/li>\n<li class=\"menu-item menu-item-type-post_type menu-item-object-page menu-item-1009\">Rehabilitaci\u00f3n Energ\u00e9tica<\/li>\n<li class=\"menu-item menu-item-type-post_type menu-item-object-page menu-item-1008\">Gesti\u00f3n de Suministros y Consumos Energ\u00e9ticos<\/li>\n<li class=\"menu-item menu-item-type-post_type menu-item-object-page menu-item-1007\">Dise\u00f1o e Instalaci\u00f3n de Renovables<\/li>\n<li class=\"menu-item menu-item-type-post_type menu-item-object-page menu-item-1005\">Gesti\u00f3n Energ\u00e9tica con Ahorros Compartidos o Garantizados<\/li>\n<li class=\"menu-item menu-item-type-post_type menu-item-object-page menu-item-1004\">Gesti\u00f3n de Servicios Energ\u00e9ticos (5P\u2019s)<\/li>\n<\/ul>\n<p>[\/vc_column_text][vc_empty_space height=\u00bb20px\u00bb][\/vc_column_inner][vc_column_inner width=\u00bb1\/2&#8243;][vc_single_image image=\u00bb1212&#8243; img_size=\u00bbfull\u00bb alignment=\u00bbcenter\u00bb style=\u00bbvc_box_rounded\u00bb][vc_empty_space height=\u00bb16px\u00bb][vc_custom_heading text=\u00bbInstalaciones y Montajes\u00bb font_container=\u00bbtag:h4|text_align:left|color:%2300247c\u00bb use_theme_fonts=\u00bbyes\u00bb][vc_column_text]<\/p>\n<ul>\n<li class=\"menu-item menu-item-type-post_type menu-item-object-page menu-item-1046 first\">Instalaciones El\u00e9ctricas<\/li>\n<li class=\"menu-item menu-item-type-post_type menu-item-object-page menu-item-1045\">Instalaciones de Climatizaci\u00f3n<\/li>\n<li class=\"menu-item menu-item-type-post_type menu-item-object-page menu-item-1044\">Instalaciones Especiales (Seguridad, Gesti\u00f3n y Control, Contraincendios)<\/li>\n<li class=\"menu-item menu-item-type-post_type menu-item-object-page menu-item-1043\">Montajes Mec\u00e1nicos<\/li>\n<li class=\"menu-item menu-item-type-post_type menu-item-object-page menu-item-1042\">Instalaciones Hidr\u00e1ulicas<\/li>\n<li class=\"menu-item menu-item-type-post_type menu-item-object-page menu-item-1041\">Instalaciones Generadoras de Energ\u00eda<\/li>\n<\/ul>\n<p>[\/vc_column_text][vc_empty_space height=\u00bb20px\u00bb][\/vc_column_inner][\/vc_row_inner][\/vc_column][\/vc_row][vc_row margin_bottom=\u00bb32&#8243; anchor=\u00bbcontacto\u00bb][vc_column][vc_custom_heading text=\u00bbContacto\u00bb font_container=\u00bbtag:h3|text_align:left|color:%2300247c\u00bb use_theme_fonts=\u00bbyes\u00bb]<div class=\"hr-thin style-line\" style=\"width: 100%;border-top-width: 1px;\"><\/div>[vc_row_inner][vc_column_inner width=\u00bb1\/4&#8243;][vc_single_image image=\u00bb7224&#8243; img_size=\u00bbfull\u00bb alignment=\u00bbright\u00bb][vc_empty_space][vc_custom_heading text=\u00bbImesAPI<br \/>\nInstalaciones y Servicios\u00bb font_container=\u00bbtag:h3|text_align:right|color:%2300247c\u00bb use_theme_fonts=\u00bbyes\u00bb][vc_column_text]<\/p>\n<p style=\"text-align: right;\">Avenida Ram\u00f3n y Cajal 107<br \/>\n28043 Madrid<\/p>\n<p style=\"text-align: right;\">Telf: 91 744 39 00<br \/>\n91 598 90 60<br \/>\nFax: 91 744 39 01<br \/>\n91 598 90 65<\/p>\n<p style=\"text-align: right;\"><style type=\"text\/css\">#dt-btn-1:hover {color: #ffffff;}#dt-btn-1:hover > .text-wrap * {color: #ffffff;}<\/style><a href=\"http:\/\/www.imesapi.es\" class=\"btn-shortcode dt-btn-m dt-btn light-bg-btn title-btn-color custom-btn-hover-color default-btn-bg-color accent-btn-bg-hover-color fadeIn animate-element animation-builder\" target=\"_blank\" id=\"dt-btn-1\"><i class=\"fa fa-chevron-circle-right\"><\/i><span>P\u00e1gina Web<\/span><\/a><\/p>\n<p>[\/vc_column_text][\/vc_column_inner][vc_column_inner width=\u00bb3\/4&#8243;][vc_gmaps link=\u00bb#E-8_JTNDaWZyYW1lJTIwc3JjJTNEJTIyaHR0cHMlM0ElMkYlMkZ3d3cuZ29vZ2xlLmNvbSUyRm1hcHMlMkZlbWJlZCUzRnBiJTNEJTIxMW0xOCUyMTFtMTIlMjExbTMlMjExZDI4MzU4Ni40NjQyMzkxMDYzNCUyMTJkLTMuOTQyODk2NzE3Nzc4MzglMjEzZDQwLjI2ODYwMTE1Mjk5MzMxJTIxMm0zJTIxMWYwJTIxMmYwJTIxM2YwJTIxM20yJTIxMWkxMDI0JTIxMmk3NjglMjE0ZjEzLjElMjEzbTMlMjExbTIlMjExczB4ZDQyMmYyYWI5MTQwMDViJTI1M0EweDM1ZDFlYzQyMzQ0ODllNGMlMjEyc0F2LiUyNTIwZGUlMjUyMFJhbSUyNUMzJTI1QjNuJTI1MjB5JTI1MjBDYWphbCUyNTJDJTI1MjAxMDclMjUyQyUyNTIwQ2RhZC4lMjUyMExpbmVhbCUyNTJDJTI1MjAyODA0MyUyNTIwTWFkcmlkJTIxNWUxJTIxM20yJTIxMXNlcyUyMTJzZXMlMjE0djE3MzE2NzUzNDM3OTAlMjE1bTIlMjExc2VzJTIxMnNlcyUyMiUyMHdpZHRoJTNEJTIyNjAwJTIyJTIwaGVpZ2h0JTNEJTIyNDUwJTIyJTIwc3R5bGUlM0QlMjJib3JkZXIlM0EwJTNCJTIyJTIwYWxsb3dmdWxsc2NyZWVuJTNEJTIyJTIyJTIwbG9hZGluZyUzRCUyMmxhenklMjIlMjByZWZlcnJlcnBvbGljeSUzRCUyMm5vLXJlZmVycmVyLXdoZW4tZG93bmdyYWRlJTIyJTNFJTNDJTJGaWZyYW1lJTNF\u00bb][\/vc_column_inner][\/vc_row_inner][\/vc_column][\/vc_row]<\/p>\n<\/div>","protected":false},"excerpt":{"rendered":"<p>[vc_row margin_bottom=\u00bb32&#8243;][vc_column][vc_custom_heading text=\u00bbImesAPI Instalaciones y Servicios\u00bb font_container=\u00bbtag:h1|text_align:left|color:%2300247c\u00bb use_theme_fonts=\u00bbyes\u00bb][vc_row_inner][vc_column_inner width=\u00bb1\/4&#8243;][vc_custom_heading text=\u00bbLa Empresa\u00bb font_container=\u00bbtag:h4|text_align:left|color:%2300247c\u00bb use_theme_fonts=\u00bbyes\u00bb link=\u00bb||\u00bb][\/vc_column_inner][vc_column_inner width=\u00bb1\/4&#8243;][vc_custom_heading text=\u00bbServicios\u00bb font_container=\u00bbtag:h4|text_align:left|color:%2300247c\u00bb use_theme_fonts=\u00bbyes\u00bb link=\u00bburl:%23actividades||\u00bb][\/vc_column_inner][vc_column_inner width=\u00bb1\/4&#8243;][vc_custom_heading text=\u00bbContacto\u00bb font_container=\u00bbtag:h4|text_align:left|color:%2300247c\u00bb use_theme_fonts=\u00bbyes\u00bb link=\u00bburl:%23contacto||\u00bb][\/vc_column_inner][\/vc_row_inner][\/vc_column][\/vc_row][vc_row margin_bottom=\u00bb32&#8243;][vc_column][vc_custom_heading text=\u00bbLa Empresa\u00bb font_container=\u00bbtag:h2|text_align:left|color:%2300247c\u00bb use_theme_fonts=\u00bbyes\u00bb][vc_column_text] ImesAPI, a trav\u00e9s de la Divisi\u00f3n de Instalaciones y Servicios, lleva asociada al desarrollo y mantenimiento de infraestructuras e instalaciones m\u00e1s de 80 a\u00f1os. Esencialmente su&hellip;<\/p>\n","protected":false},"author":1,"featured_media":0,"parent":576,"menu_order":-1,"comment_status":"closed","ping_status":"closed","template":"","meta":[],"class_list":["post-1775","page","type-page","status-publish","hentry","description-off"],"_links":{"self":[{"href":"https:\/\/www.grupoimesapi.es\/es\/wp-json\/wp\/v2\/pages\/1775","targetHints":{"allow":["GET"]}}],"collection":[{"href":"https:\/\/www.grupoimesapi.es\/es\/wp-json\/wp\/v2\/pages"}],"about":[{"href":"https:\/\/www.grupoimesapi.es\/es\/wp-json\/wp\/v2\/types\/page"}],"author":[{"embeddable":true,"href":"https:\/\/www.grupoimesapi.es\/es\/wp-json\/wp\/v2\/users\/1"}],"replies":[{"embeddable":true,"href":"https:\/\/www.grupoimesapi.es\/es\/wp-json\/wp\/v2\/comments?post=1775"}],"version-history":[{"count":0,"href":"https:\/\/www.grupoimesapi.es\/es\/wp-json\/wp\/v2\/pages\/1775\/revisions"}],"up":[{"embeddable":true,"href":"https:\/\/www.grupoimesapi.es\/es\/wp-json\/wp\/v2\/pages\/576"}],"wp:attachment":[{"href":"https:\/\/www.grupoimesapi.es\/es\/wp-json\/wp\/v2\/media?parent=1775"}],"curies":[{"name":"wp","href":"https:\/\/api.w.org\/{rel}","templated":true}]}}